{"id":846,"date":"2024-05-17T14:38:59","date_gmt":"2024-05-17T14:38:59","guid":{"rendered":"https:\/\/dirtbagbrands.com\/?post_type=product&#038;p=846"},"modified":"2026-04-27T13:35:40","modified_gmt":"2026-04-27T13:35:40","slug":"suporte-de-chicote-pro-fit-em-aluminio-6061-com-rotacao-completa-de-360","status":"publish","type":"product","link":"https:\/\/dirtbagbrands.com\/pt\/product\/pro-fit-whip-mount-6061-billet-full-360-rotation\/","title":{"rendered":"Suporte de antena Ultimate Profiled Cage para UTV"},"content":{"rendered":"<h2>Elenco vs. Bilhete<\/h2>\n<p><b>Por que nosso suporte custa mais (e por que vale a pena)<\/b> <b>Sejamos realistas:<\/b> Voc\u00ea pode comprar um suporte para antena barato pela metade do pre\u00e7o. Mas esses s\u00e3o feitos de <b>Alum\u00ednio fundido<\/b> (Despejado em um molde). Quando uma antena LED de 1,8 metro atinge um galho baixo a 48 km\/h, a alavanca quebra o alum\u00ednio fundido como um graveto. <b>A Diferen\u00e7a do Vagabundo:<\/b> Usinamos nosso suporte a partir de um bloco s\u00f3lido. <b>Alum\u00ednio usinado 6061<\/b>. \u00c9 estrutural. \u00c9 \u00e0 prova de \u00e1rvores.\u201c <b>Projetamos este produto para resistir \u00e0s trilhas, n\u00e3o apenas para ficar bonito no estacionamento.<\/b> <i>(Observa\u00e7\u00e3o: Vendido individualmente)<\/i>.<\/p>\n<h3>Norma de Engenharia para Cabines de HVAC:<\/h3>\n<ul>\n<li>\n<p data-path-to-node=\"11,0,0\">\u2705 <b>Cabine HVAC compat\u00edvel:<\/b> Projetado especificamente para n\u00e3o obstruir a abertura do vidro traseiro. <b>Polaris Xpedition ADV<\/b> e <b>Ranger XP 1000 Northstar<\/b>.<\/p>\n<\/li>\n<li>\n<p data-path-to-node=\"11,1,0\">\u2705 <b>Rota\u00e7\u00e3o infinita de 360\u00b0:<\/b> Sem dentes &quot;estriados&quot; ou posi\u00e7\u00f5es fixas. Incline a antena para tr\u00e1s para que ela n\u00e3o interfira com o rack de teto ou a barra de luzes.<\/p>\n<\/li>\n<li>\n<p data-path-to-node=\"11,2,0\">\u2705 <b>Tarugo estrutural 6061:<\/b> Usinado em CNC nos EUA. Projetado para suportar a alta for\u00e7a de alavancagem das modernas antenas de LED.<\/p>\n<\/li>\n<li>\n<p data-path-to-node=\"11,3,0\">\u2705 <b>Fechadura perfilada direta:<\/b> Encaixa mecanicamente no canal da gaiola de prote\u00e7\u00e3o. N\u00e3o gira nem desliza para baixo como as bra\u00e7adeiras de fixa\u00e7\u00e3o.<\/p>\n<\/li>\n<\/ul>\n<h2>Resolvido: O problema de &quot;folga do vidro&quot; e flexibilidade do chassi<\/h2>\n<p data-path-to-node=\"5\">A maioria dos suportes para chicote fica rente \u00e0 gaiola, o que representa um grande risco: <b>Quebra de janela.<\/b> Ao pilotar em alta velocidade, o chassi do seu UTV flexiona. Se o suporte estiver em contato com a estrutura de vidro, essa press\u00e3o de flex\u00e3o pode trincar o para-brisa traseiro. <b>Criamos uma solu\u00e7\u00e3o.<\/b><\/p>\n<p data-path-to-node=\"6\">Nosso suporte possui um deslocamento usinado com precis\u00e3o que mant\u00e9m um &quot;espa\u00e7o de ar&quot; seguro entre o suporte de alum\u00ednio e a moldura da janela. Isso garante:<\/p>\n<ul data-path-to-node=\"7\">\n<li>\n<p data-path-to-node=\"7,0,0\"><b>Flexibilidade do chassi:<\/b> Garante que o suporte nunca entre em contato com o vidro durante a tor\u00e7\u00e3o da moldura.<\/p>\n<\/li>\n<li>\n<p data-path-to-node=\"7,1,0\"><b>Desobstru\u00e7\u00e3o do mecanismo:<\/b> Permite a abertura das janelas traseiras sem interferir com as molas e dobradi\u00e7as (como no Xpedition ADV).<\/p>\n<\/li>\n<li>\n<p data-path-to-node=\"7,2,0\"><b>Aviso da Can-Am Defender Limited:<\/b> O Defender Limited possui a menor toler\u00e2ncia entre a estrutura e o vidro do setor. <b>Para este modelo espec\u00edfico, recomendamos a montagem em apenas UM lado.<\/b> A instala\u00e7\u00e3o simult\u00e2nea de suportes em ambos os lados pode criar uma press\u00e3o excessiva na estrutura do vidro traseiro, podendo levar a rachaduras. <i>Os modelos Polaris Ranger Northstar e Xpedition podem utilizar suportes duplos com seguran\u00e7a.<\/i><\/p>\n<\/li>\n<\/ul>\n<h2>Aplica\u00e7\u00f5es<\/h2>\n<p data-path-to-node=\"16\"><b>Mais do que apenas um suporte para chicote<\/b> Devido \u00e0 resist\u00eancia estrutural do alum\u00ednio 6061, seu uso n\u00e3o se limita apenas a bandeiras.<\/p>\n<ul data-path-to-node=\"17\">\n<li>\n<p data-path-to-node=\"17,0,0\"><b>Luzes de persegui\u00e7\u00e3o:<\/b> Instale far\u00f3is auxiliares \u00e2mbar\/estrobosc\u00f3picos voltados para tr\u00e1s.<\/p>\n<\/li>\n<li>\n<p data-path-to-node=\"17,1,0\"><b>Luzes de acampamento:<\/b> Gire-a 90\u00b0 para iluminar sua cama ou acampamento.<\/p>\n<\/li>\n<li>\n<p data-path-to-node=\"17,2,0\"><b>Antenas:<\/b> Suficientemente r\u00edgido para antenas pesadas de r\u00e1dio GMRS\/de corrida.<\/p>\n<\/li>\n<\/ul>\n<h2>Projetado para todas as gaiolas de prote\u00e7\u00e3o perfiladas.<\/h2>\n<p data-path-to-node=\"8\"><b>Encaixe universal perfilado<\/b> Isso n\u00e3o serve apenas para a Polaris. Usinamos a geometria da bra\u00e7adeira para que ela se encaixe com seguran\u00e7a nos canais perfilados das m\u00e1quinas utilit\u00e1rias mais populares do setor.<\/p>\n<ul data-path-to-node=\"9\">\n<li>\n<p data-path-to-node=\"9,0,0\"><b>Polaris:<\/b> Ranger (Pro-Fit), General, Xpedition (XP e ADV).<\/p>\n<\/li>\n<li>\n<p data-path-to-node=\"9,1,0\"><b>Can-Am:<\/b> Defender, Commander, Maverick Trail, Maverick Sport.<\/p>\n<\/li>\n<li>\n<p data-path-to-node=\"9,2,0\"><b>Kawasaki:<\/b> Ridge &amp; Ridge XR.<\/p>\n<\/li>\n<li>\n<p data-path-to-node=\"9,3,0\"><b>CF Moto:<\/b> U-Force e Z-Force (2023+).<\/p>\n<\/li>\n<li>\n<p data-path-to-node=\"9,4,0\"><b>Segway:<\/b> UT10 e UT6.<\/p>\n<\/li>\n<\/ul>\n<h2>Excel\u00eancia em Usinagem CNC \u2013 Feito para Durar<\/h2>\n<ul>\n<li>Feito de <strong>Alum\u00ednio 6061 billet<\/strong>, O suporte para antena Pro Fit destaca-se pela sua durabilidade excepcional e engenharia de precis\u00e3o. O processo de usinagem CNC garante:\n<ul>\n<li><strong>Resist\u00eancia superior<\/strong>O alum\u00ednio 6061 usinado em bloco oferece durabilidade incompar\u00e1vel, mantendo-se leve para facilitar a instala\u00e7\u00e3o.<\/li>\n<li><strong>Ajuste perfeito<\/strong>Usinagem de precis\u00e3o garante um encaixe seguro em uma ampla gama de gaiolas para UTVs, incluindo: <strong>Gaiolas Pro Fit<\/strong> nos modelos Polaris e Can-Am.<\/li>\n<li><strong>Longevidade Aumentada<\/strong>: O <strong>acabamento em pintura eletrost\u00e1tica preta fosca<\/strong> Protege contra ferrugem, arranh\u00f5es e exposi\u00e7\u00e3o aos raios UV, garantindo que seu suporte tenha uma \u00f3tima apar\u00eancia e funcione de forma confi\u00e1vel por muitos anos.<\/li>\n<\/ul>\n<\/li>\n<\/ul>\n<h2>Como instalar o suporte de antena Profiled Cage<\/h2>\n<p>Instalando o <strong>Suporte de chicote Pro Fit<\/strong> \u00c9 r\u00e1pido e f\u00e1cil:<\/p>\n<ol>\n<li>Fixe o suporte ao seu UTV. <strong>Gaiola Pro Fit<\/strong> ou no local de montagem designado, utilizando os acess\u00f3rios inclu\u00eddos.<\/li>\n<li>Ajuste o <strong>Recurso de rota\u00e7\u00e3o de 360\u00b0<\/strong> para posicionamento preciso do chicote ou da bandeira.<\/li>\n<li>Aperte bem para garantir estabilidade durante passeios em alta velocidade ou em trilhas acidentadas.<\/li>\n<\/ol>\n<p>Este suporte de f\u00e1cil instala\u00e7\u00e3o garante que voc\u00ea esteja pronto para sua pr\u00f3xima aventura em minutos.<\/p>\n<p><b>Nota t\u00e9cnica (Verifique suas toler\u00e2ncias):<\/b> Devido a varia\u00e7\u00f5es de fabrica\u00e7\u00e3o em rela\u00e7\u00e3o ao alinhamento da gaiola de prote\u00e7\u00e3o e \u00e0 instala\u00e7\u00e3o do vidro, <b>\u00c9 responsabilidade do instalador verificar se h\u00e1 uma folga m\u00ednima de 3 mm.<\/b> entre o suporte e qualquer superf\u00edcie de vidro antes da opera\u00e7\u00e3o. A Dirtbag Brands n\u00e3o se responsabiliza por danos ao vidro causados por folga insuficiente ou flex\u00e3o do chassi em m\u00e1quinas com toler\u00e2ncias de f\u00e1brica mais rigorosas do que as especificadas.<\/p>\n<h2><strong> Melhore sua experi\u00eancia off-road com o suporte para antena Pro Fit e nossos outros acess\u00f3rios.<\/strong><\/h2>\n<p>Melhore o desempenho do seu UTV com o suporte para antena Pro Fit, feito em alum\u00ednio 6061 com rota\u00e7\u00e3o completa de 360\u00b0. Desfrute da flexibilidade, precis\u00e3o e durabilidade incompar\u00e1veis que ele oferece. Perfeito para qualquer entusiasta do off-road, este suporte para antena \u00e9 um item essencial para o seu UTV. Tamb\u00e9m temos um produto correspondente. <a href=\"https:\/\/dirtbagbrands.com\/pt\/product\/suporte-rotopax-utv-pro-fit-usinado-em-aluminio-6061-com-rotacao-completa-de-360\/\">Suporte Rotopax <\/a>\u00a0e <a href=\"https:\/\/dirtbagbrands.com\/pt\/product\/suporte-de-extintor-de-incendio-utv-de-liberacao-rapida-pro-fit\/\">suporte para extintor de inc\u00eandio<\/a> Al\u00e9m disso, para garantir que voc\u00ea nunca fique sem combust\u00edvel ou \u00e1gua em sua jornada e priorizar a seguran\u00e7a em qualquer aventura off-road que voc\u00ea pratique, n\u00e3o importa para onde a trilha o leve.<\/p>\n<figure class=\"product-demo-video\" style=\"max-width: 600px; margin: 20px auto; text-align: center;\"><video style=\"width: 100%; height: auto; border-radius: 8px; box-shadow: 0 0 8px rgba(0,0,0,0.2);\" preload=\"metadata\" muted=\"\" controls=\"controls\" width=\"300\" height=\"150\"><source src=\"https:\/\/dirtbagbrands.com\/wp-content\/uploads\/2025\/10\/polaris-xpedition-ranger-general-defender-commander-whip-mount.mp4\" type=\"video\/mp4\" \/>Seu navegador n\u00e3o suporta a tag de v\u00eddeo.<\/video><figcaption style=\"font-size: 14px; color: #555; margin-top: 8px;\">Polaris Xpedition ADV\/ Abrir\/Fechar\/ Traseira\/ Janela \u2013 Demonstra\u00e7\u00e3o<\/figcaption><\/figure>\n<h2>Link para o v\u00eddeo de instala\u00e7\u00e3o<\/h2>\n<div class=\"lyte-wrapper fourthree\" style=\"width:420px;max-width:100%;margin:5px;\"><div class=\"lyMe qsa_\\&amp;start\\=66\" id=\"WYL_bUIGwLfZNjU\"><div id=\"lyte_bUIGwLfZNjU\" data-src=\"\/\/i.ytimg.com\/vi\/bUIGwLfZNjU\/hqdefault.jpg\" class=\"pL\"><div class=\"tC\"><div class=\"tT\"><\/div><\/div><div class=\"play\"><\/div><div class=\"ctrl\"><div class=\"Lctrl\"><\/div><div class=\"Rctrl\"><\/div><\/div><\/div><noscript><a href=\"https:\/\/youtu.be\/bUIGwLfZNjU\" rel=\"nofollow\"><img loading=\"lazy\" decoding=\"async\" data-src= \"alt=\"youtube\" video thumbnail\" width=\"420\" height=\"295\" \/><br \/>Assista a este v\u00eddeo no YouTube<\/a><\/noscript><\/div><\/div><div class=\"lL\" style=\"max-width:100%;width:420px;margin:5px;\"><\/div>","protected":false},"excerpt":{"rendered":"<p>\u2705 <b>Compat\u00edvel com todas as gaiolas perfiladas:<\/b> Instala\u00e7\u00e3o direta, sem necessidade de adapta\u00e7\u00f5es, para Polaris Xpedition (XP\/ADV), Ranger Northstar, General, Can-Am Defender Limited, Kawasaki Ridge e muito mais.<\/p>\n<p>\u2705 <b>Compat\u00edvel com vidro:<\/b> Projetado para n\u00e3o obstruir a abertura das janelas traseiras e o vidro basculante em modelos com sistema de climatiza\u00e7\u00e3o.<\/p>\n<p><span class=\"citation-21\">\u2705 <\/span><b><span class=\"citation-21\">Bilhete \u00e0 prova de \u00e1rvores:<\/span><\/b><span class=\"citation-21 citation-end-21\"> Usinado em CNC a partir de alum\u00ednio 6061, projetado para resistir a golpes de chicote e galhos de \u00e1rvores sem quebrar.<\/span><\/p>\n<p>\u2705 <b>Rota\u00e7\u00e3o infinita de 360\u00b0:<\/b> Ajuste o \u00e2ngulo da sua suspens\u00e3o perfeitamente para evitar colis\u00f5es com racks de teto ou melhorar a aerodin\u00e2mica.<\/p>\n<p>\u2705 <b>Vendido individualmente:<\/b> Suporte usinado com precis\u00e3o (Encomende 2 unidades para configura\u00e7\u00f5es com duas antenas).<\/p>","protected":false},"featured_media":2834,"comment_status":"open","ping_status":"closed","template":"","meta":{"saved_in_kubio":false,"_coblocks_attr":"","_coblocks_dimensions":"","_coblocks_responsive_height":"","_coblocks_accordion_ie_support":""},"product_brand":[],"product_cat":[353,358,348,377,340,367,364],"product_tag":[],"class_list":{"0":"post-846","1":"product","2":"type-product","3":"status-publish","4":"has-post-thumbnail","6":"product_cat-can-am-defender-accessories","7":"product_cat-cf-moto-uforce-zforce-accessories","8":"product_cat-polaris-ranger-accessories","9":"product_cat-polaris-xpedition-accessories","10":"product_cat-roll-bar-mounted-accessories","11":"product_cat-segway-ut-accessories","12":"product_cat-utv-whip-mounts","13":"product_shipping_class-international-allowed","15":"first","16":"instock","17":"taxable","18":"shipping-taxable","19":"purchasable","20":"product-type-simple"},"yoast_head":"<!-- This site is optimized with the Yoast SEO Premium plugin v27.5 (Yoast SEO v27.5) - https:\/\/yoast.com\/product\/yoast-seo-premium-wordpress\/ -->\n<title>Profiled Cage Whip Mount 6061 - Xpedition, Ranger, Defender<\/title>\n<meta name=\"description\" content=\"The only billet whip mount that clears Xpedition ADV and Ranger Northstar rear glass. Structural 6061 aluminum, 360\u00b0 rotation. Fits Profiled Cages.\" \/>\n<meta name=\"robots\" content=\"index, follow, max-snippet:-1, max-image-preview:large, max-video-preview:-1\" \/>\n<link rel=\"canonical\" href=\"https:\/\/dirtbagbrands.com\/pt\/product\/suporte-de-chicote-pro-fit-em-aluminio-6061-com-rotacao-completa-de-360\/\" \/>\n<meta property=\"og:locale\" content=\"pt_BR\" \/>\n<meta property=\"og:type\" content=\"article\" \/>\n<meta property=\"og:title\" content=\"Ultimate Profiled Cage Whip Mount for UTV | Dirtbag Brands\" \/>\n<meta property=\"og:description\" content=\"Ultimate Profiled Cage Whip Mount for UTV \u2013 Built for off-road durability. Perfect for and . Free shipping over $100!\" \/>\n<meta property=\"og:url\" content=\"https:\/\/dirtbagbrands.com\/pt\/product\/suporte-de-chicote-pro-fit-em-aluminio-6061-com-rotacao-completa-de-360\/\" \/>\n<meta property=\"og:site_name\" content=\"Dirtbag Brands\" \/>\n<meta property=\"article:publisher\" content=\"https:\/\/www.facebook.com\/dirtbagbrands\/\" \/>\n<meta property=\"article:modified_time\" content=\"2026-04-27T13:35:40+00:00\" \/>\n<meta property=\"og:image\" content=\"https:\/\/dirtbagbrands.com\/wp-content\/uploads\/2024\/05\/pro-fit-whip-mount.webp\" \/>\n\t<meta property=\"og:image:width\" content=\"1893\" \/>\n\t<meta property=\"og:image:height\" content=\"1893\" \/>\n\t<meta property=\"og:image:type\" content=\"image\/png\" \/>\n<meta name=\"twitter:card\" content=\"summary_large_image\" \/>\n<meta name=\"twitter:label1\" content=\"Est. tempo de leitura\" \/>\n\t<meta name=\"twitter:data1\" content=\"4 minutos\" \/>\n<script type=\"application\/ld+json\" class=\"yoast-schema-graph\">{\"@context\":\"https:\\\/\\\/schema.org\",\"@graph\":[{\"@type\":\"WebPage\",\"@id\":\"https:\\\/\\\/dirtbagbrands.com\\\/product\\\/pro-fit-whip-mount-6061-billet-full-360-rotation\\\/\",\"url\":\"https:\\\/\\\/dirtbagbrands.com\\\/product\\\/pro-fit-whip-mount-6061-billet-full-360-rotation\\\/\",\"name\":\"Profiled Cage Whip Mount 6061 - Xpedition, Ranger, Defender\",\"isPartOf\":{\"@id\":\"https:\\\/\\\/dirtbagbrands.com\\\/#website\"},\"primaryImageOfPage\":{\"@id\":\"https:\\\/\\\/dirtbagbrands.com\\\/product\\\/pro-fit-whip-mount-6061-billet-full-360-rotation\\\/#primaryimage\"},\"image\":{\"@id\":\"https:\\\/\\\/dirtbagbrands.com\\\/product\\\/pro-fit-whip-mount-6061-billet-full-360-rotation\\\/#primaryimage\"},\"thumbnailUrl\":\"https:\\\/\\\/dirtbagbrands.com\\\/wp-content\\\/uploads\\\/2024\\\/05\\\/pro-fit-whip-mount.webp\",\"datePublished\":\"2024-05-17T14:38:59+00:00\",\"dateModified\":\"2026-04-27T13:35:40+00:00\",\"description\":\"The only billet whip mount that clears Xpedition ADV and Ranger Northstar rear glass. Structural 6061 aluminum, 360\u00b0 rotation. Fits Profiled Cages.\",\"breadcrumb\":{\"@id\":\"https:\\\/\\\/dirtbagbrands.com\\\/product\\\/pro-fit-whip-mount-6061-billet-full-360-rotation\\\/#breadcrumb\"},\"inLanguage\":\"pt-BR\",\"potentialAction\":[{\"@type\":\"ReadAction\",\"target\":[\"https:\\\/\\\/dirtbagbrands.com\\\/product\\\/pro-fit-whip-mount-6061-billet-full-360-rotation\\\/\"]}]},{\"@type\":\"ImageObject\",\"inLanguage\":\"pt-BR\",\"@id\":\"https:\\\/\\\/dirtbagbrands.com\\\/product\\\/pro-fit-whip-mount-6061-billet-full-360-rotation\\\/#primaryimage\",\"url\":\"https:\\\/\\\/dirtbagbrands.com\\\/wp-content\\\/uploads\\\/2024\\\/05\\\/pro-fit-whip-mount.webp\",\"contentUrl\":\"https:\\\/\\\/dirtbagbrands.com\\\/wp-content\\\/uploads\\\/2024\\\/05\\\/pro-fit-whip-mount.webp\",\"width\":1893,\"height\":1893,\"caption\":\"Dirtbag Brands profiled whip mount for UTVs with Pro-Fit and profiled roll cages, compatible with Polaris Ranger, Polaris General, Polaris Xpedition, Can-Am Defender, Can-Am Commander, and CF Moto UForce and ZForce (2023+)\"},{\"@type\":\"BreadcrumbList\",\"@id\":\"https:\\\/\\\/dirtbagbrands.com\\\/product\\\/pro-fit-whip-mount-6061-billet-full-360-rotation\\\/#breadcrumb\",\"itemListElement\":[{\"@type\":\"ListItem\",\"position\":1,\"name\":\"Home\",\"item\":\"https:\\\/\\\/dirtbagbrands.com\\\/\"},{\"@type\":\"ListItem\",\"position\":2,\"name\":\"Shop\",\"item\":\"https:\\\/\\\/dirtbagbrands.com\\\/shop\\\/\"},{\"@type\":\"ListItem\",\"position\":3,\"name\":\"Shop UTV Accessories by Machine\",\"item\":\"https:\\\/\\\/dirtbagbrands.com\\\/product-category\\\/vehicle-specific-utv-accessories\\\/\"},{\"@type\":\"ListItem\",\"position\":4,\"name\":\"Polaris Xpedition Side Mirrors &amp; Accessories for XP &amp; ADV Models\",\"item\":\"https:\\\/\\\/dirtbagbrands.com\\\/product-category\\\/vehicle-specific-utv-accessories\\\/polaris-xpedition-accessories\\\/\"},{\"@type\":\"ListItem\",\"position\":5,\"name\":\"Ultimate Profiled Cage Whip Mount for UTV\"}]},{\"@type\":\"WebSite\",\"@id\":\"https:\\\/\\\/dirtbagbrands.com\\\/#website\",\"url\":\"https:\\\/\\\/dirtbagbrands.com\\\/\",\"name\":\"Dirtbag Brands\",\"description\":\"Premium UTV and Dirtbike Accessories\",\"publisher\":{\"@id\":\"https:\\\/\\\/dirtbagbrands.com\\\/#organization\"},\"potentialAction\":[{\"@type\":\"SearchAction\",\"target\":{\"@type\":\"EntryPoint\",\"urlTemplate\":\"https:\\\/\\\/dirtbagbrands.com\\\/?s={search_term_string}\"},\"query-input\":{\"@type\":\"PropertyValueSpecification\",\"valueRequired\":true,\"valueName\":\"search_term_string\"}}],\"inLanguage\":\"pt-BR\"},{\"@type\":\"Organization\",\"@id\":\"https:\\\/\\\/dirtbagbrands.com\\\/#organization\",\"name\":\"Dirtbag Brands\",\"alternateName\":\"Dirtbag Brands UTV Accessories\",\"url\":\"https:\\\/\\\/dirtbagbrands.com\\\/\",\"logo\":{\"@type\":\"ImageObject\",\"inLanguage\":\"pt-BR\",\"@id\":\"https:\\\/\\\/dirtbagbrands.com\\\/#\\\/schema\\\/logo\\\/image\\\/\",\"url\":\"https:\\\/\\\/dirtbagbrands.com\\\/wp-content\\\/uploads\\\/2024\\\/07\\\/Word-Logo.webp\",\"contentUrl\":\"https:\\\/\\\/dirtbagbrands.com\\\/wp-content\\\/uploads\\\/2024\\\/07\\\/Word-Logo.webp\",\"width\":750,\"height\":750,\"caption\":\"Dirtbag Brands\"},\"image\":{\"@id\":\"https:\\\/\\\/dirtbagbrands.com\\\/#\\\/schema\\\/logo\\\/image\\\/\"},\"sameAs\":[\"https:\\\/\\\/www.facebook.com\\\/dirtbagbrands\\\/\",\"https:\\\/\\\/www.instagram.com\\\/dirtbagbrands\",\"https:\\\/\\\/www.youtube.com\\\/@dirtbagbrands\",\"https:\\\/\\\/www.pinterest.com\\\/dirtbagbrands\",\"https:\\\/\\\/www.linkedin.com\\\/company\\\/dirtbag-brands\\\/\",\"https:\\\/\\\/www.tiktok.com\\\/@dirtbagbrands\"],\"description\":\"Dirtbag Brands designs and manufactures premium billet aluminum UTV accessories engineered for performance, durability, and off-road visibility. Our IronSight mirror systems and mounting solutions are built for Polaris, Can-Am, Kawasaki, Honda, and other utility and sport side-by-side vehicles.\",\"email\":\"inquiries@dirtbagbrands.com\",\"telephone\":\"9706445566\",\"foundingDate\":\"2020-03-10\"}]}<\/script>\n<!-- \/ Yoast SEO Premium plugin. -->","yoast_head_json":{"title":"Suporte de Chicote Perfilado 6061 - Xpedition, Ranger, Defender","description":"O \u00fanico suporte de antena usinado em alum\u00ednio que n\u00e3o interfere com o vidro traseiro da Xpedition ADV e da Ranger Northstar. Fabricado em alum\u00ednio 6061 estrutural, com rota\u00e7\u00e3o de 360\u00b0. Compat\u00edvel com gaiolas perfiladas.","robots":{"index":"index","follow":"follow","max-snippet":"max-snippet:-1","max-image-preview":"max-image-preview:large","max-video-preview":"max-video-preview:-1"},"canonical":"https:\/\/dirtbagbrands.com\/pt\/product\/suporte-de-chicote-pro-fit-em-aluminio-6061-com-rotacao-completa-de-360\/","og_locale":"pt_BR","og_type":"article","og_title":"Ultimate Profiled Cage Whip Mount for UTV | Dirtbag Brands","og_description":"Ultimate Profiled Cage Whip Mount for UTV \u2013 Built for off-road durability. Perfect for and . Free shipping over $100!","og_url":"https:\/\/dirtbagbrands.com\/pt\/product\/suporte-de-chicote-pro-fit-em-aluminio-6061-com-rotacao-completa-de-360\/","og_site_name":"Dirtbag Brands","article_publisher":"https:\/\/www.facebook.com\/dirtbagbrands\/","article_modified_time":"2026-04-27T13:35:40+00:00","og_image":[{"width":1893,"height":1893,"url":"https:\/\/dirtbagbrands.com\/wp-content\/uploads\/2024\/05\/pro-fit-whip-mount.webp","type":"image\/png"}],"twitter_card":"summary_large_image","twitter_misc":{"Est. tempo de leitura":"4 minutos"},"schema":{"@context":"https:\/\/schema.org","@graph":[{"@type":"WebPage","@id":"https:\/\/dirtbagbrands.com\/product\/pro-fit-whip-mount-6061-billet-full-360-rotation\/","url":"https:\/\/dirtbagbrands.com\/product\/pro-fit-whip-mount-6061-billet-full-360-rotation\/","name":"Suporte de Chicote Perfilado 6061 - Xpedition, Ranger, Defender","isPartOf":{"@id":"https:\/\/dirtbagbrands.com\/#website"},"primaryImageOfPage":{"@id":"https:\/\/dirtbagbrands.com\/product\/pro-fit-whip-mount-6061-billet-full-360-rotation\/#primaryimage"},"image":{"@id":"https:\/\/dirtbagbrands.com\/product\/pro-fit-whip-mount-6061-billet-full-360-rotation\/#primaryimage"},"thumbnailUrl":"https:\/\/dirtbagbrands.com\/wp-content\/uploads\/2024\/05\/pro-fit-whip-mount.webp","datePublished":"2024-05-17T14:38:59+00:00","dateModified":"2026-04-27T13:35:40+00:00","description":"O \u00fanico suporte de antena usinado em alum\u00ednio que n\u00e3o interfere com o vidro traseiro da Xpedition ADV e da Ranger Northstar. Fabricado em alum\u00ednio 6061 estrutural, com rota\u00e7\u00e3o de 360\u00b0. Compat\u00edvel com gaiolas perfiladas.","breadcrumb":{"@id":"https:\/\/dirtbagbrands.com\/product\/pro-fit-whip-mount-6061-billet-full-360-rotation\/#breadcrumb"},"inLanguage":"pt-BR","potentialAction":[{"@type":"ReadAction","target":["https:\/\/dirtbagbrands.com\/product\/pro-fit-whip-mount-6061-billet-full-360-rotation\/"]}]},{"@type":"ImageObject","inLanguage":"pt-BR","@id":"https:\/\/dirtbagbrands.com\/product\/pro-fit-whip-mount-6061-billet-full-360-rotation\/#primaryimage","url":"https:\/\/dirtbagbrands.com\/wp-content\/uploads\/2024\/05\/pro-fit-whip-mount.webp","contentUrl":"https:\/\/dirtbagbrands.com\/wp-content\/uploads\/2024\/05\/pro-fit-whip-mount.webp","width":1893,"height":1893,"caption":"Dirtbag Brands profiled whip mount for UTVs with Pro-Fit and profiled roll cages, compatible with Polaris Ranger, Polaris General, Polaris Xpedition, Can-Am Defender, Can-Am Commander, and CF Moto UForce and ZForce (2023+)"},{"@type":"BreadcrumbList","@id":"https:\/\/dirtbagbrands.com\/product\/pro-fit-whip-mount-6061-billet-full-360-rotation\/#breadcrumb","itemListElement":[{"@type":"ListItem","position":1,"name":"Home","item":"https:\/\/dirtbagbrands.com\/"},{"@type":"ListItem","position":2,"name":"Shop","item":"https:\/\/dirtbagbrands.com\/shop\/"},{"@type":"ListItem","position":3,"name":"Shop UTV Accessories by Machine","item":"https:\/\/dirtbagbrands.com\/product-category\/vehicle-specific-utv-accessories\/"},{"@type":"ListItem","position":4,"name":"Polaris Xpedition Side Mirrors &amp; Accessories for XP &amp; ADV Models","item":"https:\/\/dirtbagbrands.com\/product-category\/vehicle-specific-utv-accessories\/polaris-xpedition-accessories\/"},{"@type":"ListItem","position":5,"name":"Ultimate Profiled Cage Whip Mount for UTV"}]},{"@type":"WebSite","@id":"https:\/\/dirtbagbrands.com\/#website","url":"https:\/\/dirtbagbrands.com\/","name":"Dirtbag Brands","description":"Acess\u00f3rios Premium para UTV e Dirtbike","publisher":{"@id":"https:\/\/dirtbagbrands.com\/#organization"},"potentialAction":[{"@type":"SearchAction","target":{"@type":"EntryPoint","urlTemplate":"https:\/\/dirtbagbrands.com\/?s={search_term_string}"},"query-input":{"@type":"PropertyValueSpecification","valueRequired":true,"valueName":"search_term_string"}}],"inLanguage":"pt-BR"},{"@type":"Organization","@id":"https:\/\/dirtbagbrands.com\/#organization","name":"Dirtbag Brands","alternateName":"Dirtbag Brands UTV Accessories","url":"https:\/\/dirtbagbrands.com\/","logo":{"@type":"ImageObject","inLanguage":"pt-BR","@id":"https:\/\/dirtbagbrands.com\/#\/schema\/logo\/image\/","url":"https:\/\/dirtbagbrands.com\/wp-content\/uploads\/2024\/07\/Word-Logo.webp","contentUrl":"https:\/\/dirtbagbrands.com\/wp-content\/uploads\/2024\/07\/Word-Logo.webp","width":750,"height":750,"caption":"Dirtbag Brands"},"image":{"@id":"https:\/\/dirtbagbrands.com\/#\/schema\/logo\/image\/"},"sameAs":["https:\/\/www.facebook.com\/dirtbagbrands\/","https:\/\/www.instagram.com\/dirtbagbrands","https:\/\/www.youtube.com\/@dirtbagbrands","https:\/\/www.pinterest.com\/dirtbagbrands","https:\/\/www.linkedin.com\/company\/dirtbag-brands\/","https:\/\/www.tiktok.com\/@dirtbagbrands"],"description":"A Dirtbag Brands projeta e fabrica acess\u00f3rios premium em alum\u00ednio billet para UTVs, desenvolvidos para desempenho, durabilidade e visibilidade off-road. Nossos sistemas de espelhos e solu\u00e7\u00f5es de montagem IronSight s\u00e3o compat\u00edveis com ve\u00edculos utilit\u00e1rios e esportivos side-by-side das marcas Polaris, Can-Am, Kawasaki, Honda e outras.","email":"inquiries@dirtbagbrands.com","telephone":"9706445566","foundingDate":"2020-03-10"}]}},"_links":{"self":[{"href":"https:\/\/dirtbagbrands.com\/pt\/wp-json\/wp\/v2\/product\/846","targetHints":{"allow":["GET"]}}],"collection":[{"href":"https:\/\/dirtbagbrands.com\/pt\/wp-json\/wp\/v2\/product"}],"about":[{"href":"https:\/\/dirtbagbrands.com\/pt\/wp-json\/wp\/v2\/types\/product"}],"replies":[{"embeddable":true,"href":"https:\/\/dirtbagbrands.com\/pt\/wp-json\/wp\/v2\/comments?post=846"}],"wp:featuredmedia":[{"embeddable":true,"href":"https:\/\/dirtbagbrands.com\/pt\/wp-json\/wp\/v2\/media\/2834"}],"wp:attachment":[{"href":"https:\/\/dirtbagbrands.com\/pt\/wp-json\/wp\/v2\/media?parent=846"}],"wp:term":[{"taxonomy":"product_brand","embeddable":true,"href":"https:\/\/dirtbagbrands.com\/pt\/wp-json\/wp\/v2\/product_brand?post=846"},{"taxonomy":"product_cat","embeddable":true,"href":"https:\/\/dirtbagbrands.com\/pt\/wp-json\/wp\/v2\/product_cat?post=846"},{"taxonomy":"product_tag","embeddable":true,"href":"https:\/\/dirtbagbrands.com\/pt\/wp-json\/wp\/v2\/product_tag?post=846"}],"curies":[{"name":"wp","href":"https:\/\/api.w.org\/{rel}","templated":true}]}}