{"id":5560,"date":"2026-04-30T17:29:04","date_gmt":"2026-04-30T17:29:04","guid":{"rendered":"https:\/\/dirtbagbrands.com\/?post_type=product&#038;p=5560"},"modified":"2026-05-01T15:28:16","modified_gmt":"2026-05-01T15:28:16","slug":"cames-de-aceleracao-torc1","status":"publish","type":"product","link":"https:\/\/dirtbagbrands.com\/pt\/product\/torc1-throttle-cams\/","title":{"rendered":"Cames de Acelerador Torc1 (Compatibilidade com Aceleradores de Mini Motos)"},"content":{"rendered":"<p data-start=\"1151\" data-end=\"1369\">As cames de acelerador Torc1 s\u00e3o projetadas para garantir a resposta e o encaixe perfeitos do acelerador ao instalar manoplas com trava em mini motos. Cada came \u00e9 compat\u00edvel com modelos espec\u00edficos para proporcionar opera\u00e7\u00e3o suave e acionamento correto do acelerador.<\/p>\n<hr data-start=\"1371\" data-end=\"1374\" \/>\n<h2 data-section-id=\"5ixuvj\" data-start=\"1376\" data-end=\"1392\">Principais caracter\u00edsticas:<\/h2>\n<ul data-start=\"1394\" data-end=\"1639\">\n<li data-section-id=\"1pna407\" data-start=\"1394\" data-end=\"1446\">Projetado para uso com sistemas de fixa\u00e7\u00e3o Torc1<\/li>\n<li data-section-id=\"yj7bws\" data-start=\"1447\" data-end=\"1495\">Garante a resposta e o controle adequados do acelerador.<\/li>\n<li data-section-id=\"12vu93m\" data-start=\"1496\" data-end=\"1548\">Encaixe espec\u00edfico para cada modelo, garantindo uma instala\u00e7\u00e3o precisa.<\/li>\n<li data-section-id=\"xh6ril\" data-start=\"1549\" data-end=\"1591\">Constru\u00e7\u00e3o dur\u00e1vel para uso prolongado.<\/li>\n<li data-section-id=\"9k3jkw\" data-start=\"1592\" data-end=\"1639\">F\u00e1cil de instalar com configura\u00e7\u00f5es de empunhadura compat\u00edveis.<\/li>\n<\/ul>\n<hr data-start=\"1641\" data-end=\"1644\" \/>\n<h2 data-section-id=\"mxsom\" data-start=\"1646\" data-end=\"1657\">Compatibilidade:<\/h2>\n<ul data-start=\"1659\" data-end=\"1804\">\n<li data-section-id=\"bg56aw\" data-start=\"1659\" data-end=\"1698\"><strong data-start=\"1661\" data-end=\"1678\">5001-0200 (E)<\/strong> \u2014 KTM 50SX \/ 65SX<\/li>\n<li data-section-id=\"k94dn3\" data-start=\"1699\" data-end=\"1741\"><strong data-start=\"1701\" data-end=\"1718\">5002-0200 (F)<\/strong> \u2014 Yamaha YZ65 \/ YZ85<\/li>\n<li data-section-id=\"jwqptt\" data-start=\"1742\" data-end=\"1804\"><strong data-start=\"1744\" data-end=\"1761\">5003-0200 (L)<\/strong> - Kawasaki KX65\/85\/100, KLX110\/140<\/li>\n<\/ul>\n<hr data-start=\"1806\" data-end=\"1809\" \/>\n<h2 data-section-id=\"z945pq\" data-start=\"1811\" data-end=\"1836\">\u26a0\ufe0f Nota de compatibilidade:<\/h2>\n<p data-start=\"1838\" data-end=\"1944\">Cames de acelera\u00e7\u00e3o s\u00e3o necess\u00e1rias para determinadas aplica\u00e7\u00f5es de fixa\u00e7\u00e3o de embreagem.<br data-start=\"1903\" data-end=\"1906\" \/>Verifique sempre a compatibilidade antes de encomendar.<\/p>","protected":false},"excerpt":{"rendered":"<p>Torc1 Throttle Cams are designed to ensure proper throttle response and fitment when installing lock-on grips on mini bikes. Each cam is matched to specific models to provide smooth operation and correct throttle pull. Key Features: Designed for use with Torc1 lock-on grip systems Ensures proper throttle response and control Model-specific fitment for accurate installation [&hellip;]<\/p>\n","protected":false},"featured_media":5564,"comment_status":"closed","ping_status":"closed","template":"","meta":{"saved_in_kubio":false,"_coblocks_attr":"","_coblocks_dimensions":"","_coblocks_responsive_height":"","_coblocks_accordion_ie_support":""},"product_brand":[],"product_cat":[387,386],"product_tag":[],"class_list":{"0":"post-5560","1":"product","2":"type-product","3":"status-publish","4":"has-post-thumbnail","6":"product_cat-grip-accessories","7":"product_cat-torc1-accessories","9":"first","10":"outofstock","11":"taxable","12":"shipping-taxable","13":"purchasable","14":"product-type-variable","15":"has-default-attributes"},"yoast_head":"<!-- This site is optimized with the Yoast SEO Premium plugin v27.5 (Yoast SEO v27.5) - https:\/\/yoast.com\/product\/yoast-seo-premium-wordpress\/ -->\n<title>Dirt Bike Throttle Cams | Torc1<\/title>\n<meta name=\"description\" content=\"Improve throttle response with Torc1 throttle cams. Designed for mini bikes and compatible with select KTM, Yamaha, and Kawasaki models.\" \/>\n<meta name=\"robots\" content=\"index, follow, max-snippet:-1, max-image-preview:large, max-video-preview:-1\" \/>\n<link rel=\"canonical\" href=\"https:\/\/dirtbagbrands.com\/pt\/product\/cames-de-aceleracao-torc1\/\" \/>\n<meta property=\"og:locale\" content=\"pt_BR\" \/>\n<meta property=\"og:type\" content=\"article\" \/>\n<meta property=\"og:title\" content=\"Torc1 Throttle Cams (Mini Bike Throttle Fitment) | Dirtbag Brands\" \/>\n<meta property=\"og:description\" content=\"Torc1 Throttle Cams (Mini Bike Throttle Fitment) \u2013 Built for off-road durability. Perfect for and . Free shipping over $100!\" \/>\n<meta property=\"og:url\" content=\"https:\/\/dirtbagbrands.com\/pt\/product\/cames-de-aceleracao-torc1\/\" \/>\n<meta property=\"og:site_name\" content=\"Dirtbag Brands\" \/>\n<meta property=\"article:publisher\" content=\"https:\/\/www.facebook.com\/dirtbagbrands\/\" \/>\n<meta property=\"article:modified_time\" content=\"2026-05-01T15:28:16+00:00\" \/>\n<meta property=\"og:image\" content=\"https:\/\/dirtbagbrands.com\/wp-content\/uploads\/2026\/04\/torc1-racing-throttle-cams.webp\" \/>\n\t<meta property=\"og:image:width\" content=\"1200\" \/>\n\t<meta property=\"og:image:height\" content=\"1200\" \/>\n\t<meta property=\"og:image:type\" content=\"image\/png\" \/>\n<meta name=\"twitter:card\" content=\"summary_large_image\" \/>\n<meta name=\"twitter:label1\" content=\"Est. tempo de leitura\" \/>\n\t<meta name=\"twitter:data1\" content=\"1 minuto\" \/>\n<script type=\"application\/ld+json\" class=\"yoast-schema-graph\">{\"@context\":\"https:\\\/\\\/schema.org\",\"@graph\":[{\"@type\":\"WebPage\",\"@id\":\"https:\\\/\\\/dirtbagbrands.com\\\/product\\\/torc1-throttle-cams\\\/\",\"url\":\"https:\\\/\\\/dirtbagbrands.com\\\/product\\\/torc1-throttle-cams\\\/\",\"name\":\"Dirt Bike Throttle Cams | Torc1\",\"isPartOf\":{\"@id\":\"https:\\\/\\\/dirtbagbrands.com\\\/#website\"},\"primaryImageOfPage\":{\"@id\":\"https:\\\/\\\/dirtbagbrands.com\\\/product\\\/torc1-throttle-cams\\\/#primaryimage\"},\"image\":{\"@id\":\"https:\\\/\\\/dirtbagbrands.com\\\/product\\\/torc1-throttle-cams\\\/#primaryimage\"},\"thumbnailUrl\":\"https:\\\/\\\/dirtbagbrands.com\\\/wp-content\\\/uploads\\\/2026\\\/04\\\/torc1-racing-throttle-cams.webp\",\"datePublished\":\"2026-04-30T17:29:04+00:00\",\"dateModified\":\"2026-05-01T15:28:16+00:00\",\"description\":\"Improve throttle response with Torc1 throttle cams. Designed for mini bikes and compatible with select KTM, Yamaha, and Kawasaki models.\",\"breadcrumb\":{\"@id\":\"https:\\\/\\\/dirtbagbrands.com\\\/product\\\/torc1-throttle-cams\\\/#breadcrumb\"},\"inLanguage\":\"pt-BR\",\"potentialAction\":[{\"@type\":\"ReadAction\",\"target\":[\"https:\\\/\\\/dirtbagbrands.com\\\/product\\\/torc1-throttle-cams\\\/\"]}]},{\"@type\":\"ImageObject\",\"inLanguage\":\"pt-BR\",\"@id\":\"https:\\\/\\\/dirtbagbrands.com\\\/product\\\/torc1-throttle-cams\\\/#primaryimage\",\"url\":\"https:\\\/\\\/dirtbagbrands.com\\\/wp-content\\\/uploads\\\/2026\\\/04\\\/torc1-racing-throttle-cams.webp\",\"contentUrl\":\"https:\\\/\\\/dirtbagbrands.com\\\/wp-content\\\/uploads\\\/2026\\\/04\\\/torc1-racing-throttle-cams.webp\",\"width\":1200,\"height\":1200,\"caption\":\"torc1 racing lock on grip throttle cams\"},{\"@type\":\"BreadcrumbList\",\"@id\":\"https:\\\/\\\/dirtbagbrands.com\\\/product\\\/torc1-throttle-cams\\\/#breadcrumb\",\"itemListElement\":[{\"@type\":\"ListItem\",\"position\":1,\"name\":\"Home\",\"item\":\"https:\\\/\\\/dirtbagbrands.com\\\/\"},{\"@type\":\"ListItem\",\"position\":2,\"name\":\"Shop\",\"item\":\"https:\\\/\\\/dirtbagbrands.com\\\/shop\\\/\"},{\"@type\":\"ListItem\",\"position\":3,\"name\":\"Torc1 Accessories\",\"item\":\"https:\\\/\\\/dirtbagbrands.com\\\/product-category\\\/torc1-accessories\\\/\"},{\"@type\":\"ListItem\",\"position\":4,\"name\":\"Torc1 Throttle Cams (Mini Bike Throttle Fitment)\"}]},{\"@type\":\"WebSite\",\"@id\":\"https:\\\/\\\/dirtbagbrands.com\\\/#website\",\"url\":\"https:\\\/\\\/dirtbagbrands.com\\\/\",\"name\":\"Dirtbag Brands\",\"description\":\"Premium UTV and Dirtbike Accessories\",\"publisher\":{\"@id\":\"https:\\\/\\\/dirtbagbrands.com\\\/#organization\"},\"potentialAction\":[{\"@type\":\"SearchAction\",\"target\":{\"@type\":\"EntryPoint\",\"urlTemplate\":\"https:\\\/\\\/dirtbagbrands.com\\\/?s={search_term_string}\"},\"query-input\":{\"@type\":\"PropertyValueSpecification\",\"valueRequired\":true,\"valueName\":\"search_term_string\"}}],\"inLanguage\":\"pt-BR\"},{\"@type\":\"Organization\",\"@id\":\"https:\\\/\\\/dirtbagbrands.com\\\/#organization\",\"name\":\"Dirtbag Brands\",\"alternateName\":\"Dirtbag Brands UTV Accessories\",\"url\":\"https:\\\/\\\/dirtbagbrands.com\\\/\",\"logo\":{\"@type\":\"ImageObject\",\"inLanguage\":\"pt-BR\",\"@id\":\"https:\\\/\\\/dirtbagbrands.com\\\/#\\\/schema\\\/logo\\\/image\\\/\",\"url\":\"https:\\\/\\\/dirtbagbrands.com\\\/wp-content\\\/uploads\\\/2024\\\/07\\\/Word-Logo.webp\",\"contentUrl\":\"https:\\\/\\\/dirtbagbrands.com\\\/wp-content\\\/uploads\\\/2024\\\/07\\\/Word-Logo.webp\",\"width\":750,\"height\":750,\"caption\":\"Dirtbag Brands\"},\"image\":{\"@id\":\"https:\\\/\\\/dirtbagbrands.com\\\/#\\\/schema\\\/logo\\\/image\\\/\"},\"sameAs\":[\"https:\\\/\\\/www.facebook.com\\\/dirtbagbrands\\\/\",\"https:\\\/\\\/www.instagram.com\\\/dirtbagbrands\",\"https:\\\/\\\/www.youtube.com\\\/@dirtbagbrands\",\"https:\\\/\\\/www.pinterest.com\\\/dirtbagbrands\",\"https:\\\/\\\/www.linkedin.com\\\/company\\\/dirtbag-brands\\\/\",\"https:\\\/\\\/www.tiktok.com\\\/@dirtbagbrands\"],\"description\":\"Dirtbag Brands designs and manufactures premium billet aluminum UTV accessories engineered for performance, durability, and off-road visibility. Our IronSight mirror systems and mounting solutions are built for Polaris, Can-Am, Kawasaki, Honda, and other utility and sport side-by-side vehicles.\",\"email\":\"inquiries@dirtbagbrands.com\",\"telephone\":\"9706445566\",\"foundingDate\":\"2020-03-10\"}]}<\/script>\n<!-- \/ Yoast SEO Premium plugin. -->","yoast_head_json":{"title":"Cames do acelerador para motocross | Torc1","description":"Melhore a resposta do acelerador com as cames de acelerador Torc1. Projetadas para mini motos e compat\u00edveis com modelos selecionados da KTM, Yamaha e Kawasaki.","robots":{"index":"index","follow":"follow","max-snippet":"max-snippet:-1","max-image-preview":"max-image-preview:large","max-video-preview":"max-video-preview:-1"},"canonical":"https:\/\/dirtbagbrands.com\/pt\/product\/cames-de-aceleracao-torc1\/","og_locale":"pt_BR","og_type":"article","og_title":"Torc1 Throttle Cams (Mini Bike Throttle Fitment) | Dirtbag Brands","og_description":"Torc1 Throttle Cams (Mini Bike Throttle Fitment) \u2013 Built for off-road durability. Perfect for and . Free shipping over $100!","og_url":"https:\/\/dirtbagbrands.com\/pt\/product\/cames-de-aceleracao-torc1\/","og_site_name":"Dirtbag Brands","article_publisher":"https:\/\/www.facebook.com\/dirtbagbrands\/","article_modified_time":"2026-05-01T15:28:16+00:00","og_image":[{"width":1200,"height":1200,"url":"https:\/\/dirtbagbrands.com\/wp-content\/uploads\/2026\/04\/torc1-racing-throttle-cams.webp","type":"image\/png"}],"twitter_card":"summary_large_image","twitter_misc":{"Est. tempo de leitura":"1 minuto"},"schema":{"@context":"https:\/\/schema.org","@graph":[{"@type":"WebPage","@id":"https:\/\/dirtbagbrands.com\/product\/torc1-throttle-cams\/","url":"https:\/\/dirtbagbrands.com\/product\/torc1-throttle-cams\/","name":"Cames do acelerador para motocross | Torc1","isPartOf":{"@id":"https:\/\/dirtbagbrands.com\/#website"},"primaryImageOfPage":{"@id":"https:\/\/dirtbagbrands.com\/product\/torc1-throttle-cams\/#primaryimage"},"image":{"@id":"https:\/\/dirtbagbrands.com\/product\/torc1-throttle-cams\/#primaryimage"},"thumbnailUrl":"https:\/\/dirtbagbrands.com\/wp-content\/uploads\/2026\/04\/torc1-racing-throttle-cams.webp","datePublished":"2026-04-30T17:29:04+00:00","dateModified":"2026-05-01T15:28:16+00:00","description":"Melhore a resposta do acelerador com as cames de acelerador Torc1. Projetadas para mini motos e compat\u00edveis com modelos selecionados da KTM, Yamaha e Kawasaki.","breadcrumb":{"@id":"https:\/\/dirtbagbrands.com\/product\/torc1-throttle-cams\/#breadcrumb"},"inLanguage":"pt-BR","potentialAction":[{"@type":"ReadAction","target":["https:\/\/dirtbagbrands.com\/product\/torc1-throttle-cams\/"]}]},{"@type":"ImageObject","inLanguage":"pt-BR","@id":"https:\/\/dirtbagbrands.com\/product\/torc1-throttle-cams\/#primaryimage","url":"https:\/\/dirtbagbrands.com\/wp-content\/uploads\/2026\/04\/torc1-racing-throttle-cams.webp","contentUrl":"https:\/\/dirtbagbrands.com\/wp-content\/uploads\/2026\/04\/torc1-racing-throttle-cams.webp","width":1200,"height":1200,"caption":"torc1 racing lock on grip throttle cams"},{"@type":"BreadcrumbList","@id":"https:\/\/dirtbagbrands.com\/product\/torc1-throttle-cams\/#breadcrumb","itemListElement":[{"@type":"ListItem","position":1,"name":"Home","item":"https:\/\/dirtbagbrands.com\/"},{"@type":"ListItem","position":2,"name":"Shop","item":"https:\/\/dirtbagbrands.com\/shop\/"},{"@type":"ListItem","position":3,"name":"Torc1 Accessories","item":"https:\/\/dirtbagbrands.com\/product-category\/torc1-accessories\/"},{"@type":"ListItem","position":4,"name":"Torc1 Throttle Cams (Mini Bike Throttle Fitment)"}]},{"@type":"WebSite","@id":"https:\/\/dirtbagbrands.com\/#website","url":"https:\/\/dirtbagbrands.com\/","name":"Dirtbag Brands","description":"Acess\u00f3rios Premium para UTV e Dirtbike","publisher":{"@id":"https:\/\/dirtbagbrands.com\/#organization"},"potentialAction":[{"@type":"SearchAction","target":{"@type":"EntryPoint","urlTemplate":"https:\/\/dirtbagbrands.com\/?s={search_term_string}"},"query-input":{"@type":"PropertyValueSpecification","valueRequired":true,"valueName":"search_term_string"}}],"inLanguage":"pt-BR"},{"@type":"Organization","@id":"https:\/\/dirtbagbrands.com\/#organization","name":"Dirtbag Brands","alternateName":"Dirtbag Brands UTV Accessories","url":"https:\/\/dirtbagbrands.com\/","logo":{"@type":"ImageObject","inLanguage":"pt-BR","@id":"https:\/\/dirtbagbrands.com\/#\/schema\/logo\/image\/","url":"https:\/\/dirtbagbrands.com\/wp-content\/uploads\/2024\/07\/Word-Logo.webp","contentUrl":"https:\/\/dirtbagbrands.com\/wp-content\/uploads\/2024\/07\/Word-Logo.webp","width":750,"height":750,"caption":"Dirtbag Brands"},"image":{"@id":"https:\/\/dirtbagbrands.com\/#\/schema\/logo\/image\/"},"sameAs":["https:\/\/www.facebook.com\/dirtbagbrands\/","https:\/\/www.instagram.com\/dirtbagbrands","https:\/\/www.youtube.com\/@dirtbagbrands","https:\/\/www.pinterest.com\/dirtbagbrands","https:\/\/www.linkedin.com\/company\/dirtbag-brands\/","https:\/\/www.tiktok.com\/@dirtbagbrands"],"description":"A Dirtbag Brands projeta e fabrica acess\u00f3rios premium em alum\u00ednio billet para UTVs, desenvolvidos para desempenho, durabilidade e visibilidade off-road. Nossos sistemas de espelhos e solu\u00e7\u00f5es de montagem IronSight s\u00e3o compat\u00edveis com ve\u00edculos utilit\u00e1rios e esportivos side-by-side das marcas Polaris, Can-Am, Kawasaki, Honda e outras.","email":"inquiries@dirtbagbrands.com","telephone":"9706445566","foundingDate":"2020-03-10"}]}},"_links":{"self":[{"href":"https:\/\/dirtbagbrands.com\/pt\/wp-json\/wp\/v2\/product\/5560","targetHints":{"allow":["GET"]}}],"collection":[{"href":"https:\/\/dirtbagbrands.com\/pt\/wp-json\/wp\/v2\/product"}],"about":[{"href":"https:\/\/dirtbagbrands.com\/pt\/wp-json\/wp\/v2\/types\/product"}],"replies":[{"embeddable":true,"href":"https:\/\/dirtbagbrands.com\/pt\/wp-json\/wp\/v2\/comments?post=5560"}],"wp:featuredmedia":[{"embeddable":true,"href":"https:\/\/dirtbagbrands.com\/pt\/wp-json\/wp\/v2\/media\/5564"}],"wp:attachment":[{"href":"https:\/\/dirtbagbrands.com\/pt\/wp-json\/wp\/v2\/media?parent=5560"}],"wp:term":[{"taxonomy":"product_brand","embeddable":true,"href":"https:\/\/dirtbagbrands.com\/pt\/wp-json\/wp\/v2\/product_brand?post=5560"},{"taxonomy":"product_cat","embeddable":true,"href":"https:\/\/dirtbagbrands.com\/pt\/wp-json\/wp\/v2\/product_cat?post=5560"},{"taxonomy":"product_tag","embeddable":true,"href":"https:\/\/dirtbagbrands.com\/pt\/wp-json\/wp\/v2\/product_tag?post=5560"}],"curies":[{"name":"wp","href":"https:\/\/api.w.org\/{rel}","templated":true}]}}