{"id":5464,"date":"2026-04-29T14:32:18","date_gmt":"2026-04-29T14:32:18","guid":{"rendered":"https:\/\/dirtbagbrands.com\/?post_type=product&#038;p=5464"},"modified":"2026-04-29T18:05:06","modified_gmt":"2026-04-29T18:05:06","slug":"torc1-husqvarna-2009-2016-alavanca-de-embreagem","status":"publish","type":"product","link":"https:\/\/dirtbagbrands.com\/pt\/product\/torc1-husqvarna-2009-2016-clutch-lever\/","title":{"rendered":"Alavanca de embreagem Torc1 Husqvarna TC FC TE FE GasGas SE-R SE-F Brembo Azul"},"content":{"rendered":"<p>As manetes de embreagem Torc1 Vengeance Flex s\u00e3o projetadas para motos off-road modernas. Fabricadas em alum\u00ednio 6061 anodizado r\u00edgido com um design flex\u00edvel que se rompe, essas manetes proporcionam um engate suave e ajudam a reduzir danos em caso de impacto.<\/p>\n<h2>Principais caracter\u00edsticas<\/h2>\n<ul>\n<li data-section-id=\"1vrkkxo\" data-start=\"996\" data-end=\"1061\">O design flex\u00edvel Breakaway ajuda a reduzir os danos \u00e0 alavanca durante o impacto.<\/li>\n<li data-section-id=\"1okrm2k\" data-start=\"1062\" data-end=\"1125\">Fabrica\u00e7\u00e3o em alum\u00ednio 6061 usinado com acabamento anodizado duro.<\/li>\n<li data-section-id=\"ues47y\" data-start=\"1126\" data-end=\"1169\">Inclui l\u00e2mina de substitui\u00e7\u00e3o preta.<\/li>\n<li data-section-id=\"3e4nvo\" data-start=\"1170\" data-end=\"1224\">Acionamento suave da alavanca para engate consistente da embreagem<\/li>\n<li data-section-id=\"17lx8de\" data-start=\"1225\" data-end=\"1276\">Design espec\u00edfico para cada modelo, proporcionando uma sensa\u00e7\u00e3o de controle adequada.<\/li>\n<li data-section-id=\"czz66r\" data-start=\"1277\" data-end=\"1321\">Projetado exclusivamente para uso em motos de motocross.<\/li>\n<\/ul>\n<h2>Compatibilidade<\/h2>\n<h3>Compatibilidade com Husqvarna:<\/h3>\n<ul>\n<li data-section-id=\"1hupoi6\" data-start=\"1361\" data-end=\"1384\">TC\/FC\/TE\/FE (2009\u20132016)<\/li>\n<\/ul>\n<h3 data-section-id=\"7rkgwl\" data-start=\"1363\" data-end=\"1382\">Instala\u00e7\u00e3o GasGas:<\/h3>\n<ul data-start=\"1383\" data-end=\"1438\">\n<li data-section-id=\"2cppvv\" data-start=\"1383\" data-end=\"1438\">SE-R \/ SE-F \/ SEF-R 250\/300\/450\/510 (2011\u20132026)<\/li>\n<\/ul>\n<h2>Nota de compatibilidade<\/h2>\n<p data-start=\"1770\" data-end=\"1852\">Este produto \u00e9 um conjunto completo da alavanca de embreagem Torc1 Vengeance Flex.<\/p>\n<p data-start=\"1950\" data-end=\"2010\">N\u00e3o \u00e9 uma pe\u00e7a de reposi\u00e7\u00e3o original e n\u00e3o \u00e9 compat\u00edvel com os controles de quadriciclos.<\/p>\n<p data-section-id=\"1smn8re\" data-start=\"1925\" data-end=\"1937\">Projetado especificamente para <strong data-start=\"1515\" data-end=\"1550\">Sistemas de embreagem hidr\u00e1ulica Brembo<\/strong>.<br data-start=\"1551\" data-end=\"1554\" \/>N\u00e3o \u00e9 compat\u00edvel com os sistemas Magura ou BrakeTec.<\/p>","protected":false},"excerpt":{"rendered":"<p>A manete de embreagem Torc1 Vengeance Flex para Husqvarna TC, FC, TE e FE (2009-2016) e modelos GasGas com sistemas de embreagem Brembo oferece engate suave e durabilidade com constru\u00e7\u00e3o em alum\u00ednio anodizado e design destac\u00e1vel.<\/p>","protected":false},"featured_media":5465,"comment_status":"closed","ping_status":"closed","template":"","meta":{"saved_in_kubio":false,"_coblocks_attr":"","_coblocks_dimensions":"","_coblocks_responsive_height":"","_coblocks_accordion_ie_support":""},"product_brand":[],"product_cat":[384,382],"product_tag":[],"class_list":{"0":"post-5464","1":"product","2":"type-product","3":"status-publish","4":"has-post-thumbnail","6":"product_cat-clutch-levers","7":"product_cat-levers","9":"first","10":"outofstock","11":"taxable","12":"shipping-taxable","13":"purchasable","14":"product-type-simple"},"yoast_head":"<!-- This site is optimized with the Yoast SEO Premium plugin v27.5 (Yoast SEO v27.5) - https:\/\/yoast.com\/product\/yoast-seo-premium-wordpress\/ -->\n<title>Husqvarna &amp; GasGas Clutch Lever | Torc1<\/title>\n<meta name=\"description\" content=\"Upgrade your Husqvarna and GasGas models with a Torc1 Brembo clutch lever. Hard anodized billet with backup blade included.\" \/>\n<meta name=\"robots\" content=\"index, follow, max-snippet:-1, max-image-preview:large, max-video-preview:-1\" \/>\n<link rel=\"canonical\" href=\"https:\/\/dirtbagbrands.com\/pt\/product\/torc1-husqvarna-2009-2016-alavanca-de-embreagem\/\" \/>\n<meta property=\"og:locale\" content=\"pt_BR\" \/>\n<meta property=\"og:type\" content=\"article\" \/>\n<meta property=\"og:title\" content=\"Torc1 Clutch Lever Husqvarna TC FC TE FE GasGas SE-R SE-F Brembo Blue | Dirtbag Brands\" \/>\n<meta property=\"og:description\" content=\"Torc1 Clutch Lever Husqvarna TC FC TE FE GasGas SE-R SE-F Brembo Blue \u2013 Built for off-road durability. Perfect for and . Free shipping over $100!\" \/>\n<meta property=\"og:url\" content=\"https:\/\/dirtbagbrands.com\/pt\/product\/torc1-husqvarna-2009-2016-alavanca-de-embreagem\/\" \/>\n<meta property=\"og:site_name\" content=\"Dirtbag Brands\" \/>\n<meta property=\"article:publisher\" content=\"https:\/\/www.facebook.com\/dirtbagbrands\/\" \/>\n<meta property=\"article:modified_time\" content=\"2026-04-29T18:05:06+00:00\" \/>\n<meta property=\"og:image\" content=\"https:\/\/dirtbagbrands.com\/wp-content\/uploads\/2026\/04\/husqvarna-tc-fc-te-fe-2009-2016-clutch-lever-blue.webp\" \/>\n\t<meta property=\"og:image:width\" content=\"1200\" \/>\n\t<meta property=\"og:image:height\" content=\"1200\" \/>\n\t<meta property=\"og:image:type\" content=\"image\/png\" \/>\n<meta name=\"twitter:card\" content=\"summary_large_image\" \/>\n<meta name=\"twitter:label1\" content=\"Est. tempo de leitura\" \/>\n\t<meta name=\"twitter:data1\" content=\"1 minuto\" \/>\n<script type=\"application\/ld+json\" class=\"yoast-schema-graph\">{\"@context\":\"https:\\\/\\\/schema.org\",\"@graph\":[{\"@type\":\"WebPage\",\"@id\":\"https:\\\/\\\/dirtbagbrands.com\\\/product\\\/torc1-husqvarna-2009-2016-clutch-lever\\\/\",\"url\":\"https:\\\/\\\/dirtbagbrands.com\\\/product\\\/torc1-husqvarna-2009-2016-clutch-lever\\\/\",\"name\":\"Husqvarna & GasGas Clutch Lever | Torc1\",\"isPartOf\":{\"@id\":\"https:\\\/\\\/dirtbagbrands.com\\\/#website\"},\"primaryImageOfPage\":{\"@id\":\"https:\\\/\\\/dirtbagbrands.com\\\/product\\\/torc1-husqvarna-2009-2016-clutch-lever\\\/#primaryimage\"},\"image\":{\"@id\":\"https:\\\/\\\/dirtbagbrands.com\\\/product\\\/torc1-husqvarna-2009-2016-clutch-lever\\\/#primaryimage\"},\"thumbnailUrl\":\"https:\\\/\\\/dirtbagbrands.com\\\/wp-content\\\/uploads\\\/2026\\\/04\\\/husqvarna-tc-fc-te-fe-2009-2016-clutch-lever-blue.webp\",\"datePublished\":\"2026-04-29T14:32:18+00:00\",\"dateModified\":\"2026-04-29T18:05:06+00:00\",\"description\":\"Upgrade your Husqvarna and GasGas models with a Torc1 Brembo clutch lever. Hard anodized billet with backup blade included.\",\"breadcrumb\":{\"@id\":\"https:\\\/\\\/dirtbagbrands.com\\\/product\\\/torc1-husqvarna-2009-2016-clutch-lever\\\/#breadcrumb\"},\"inLanguage\":\"pt-BR\",\"potentialAction\":[{\"@type\":\"ReadAction\",\"target\":[\"https:\\\/\\\/dirtbagbrands.com\\\/product\\\/torc1-husqvarna-2009-2016-clutch-lever\\\/\"]}]},{\"@type\":\"ImageObject\",\"inLanguage\":\"pt-BR\",\"@id\":\"https:\\\/\\\/dirtbagbrands.com\\\/product\\\/torc1-husqvarna-2009-2016-clutch-lever\\\/#primaryimage\",\"url\":\"https:\\\/\\\/dirtbagbrands.com\\\/wp-content\\\/uploads\\\/2026\\\/04\\\/husqvarna-tc-fc-te-fe-2009-2016-clutch-lever-blue.webp\",\"contentUrl\":\"https:\\\/\\\/dirtbagbrands.com\\\/wp-content\\\/uploads\\\/2026\\\/04\\\/husqvarna-tc-fc-te-fe-2009-2016-clutch-lever-blue.webp\",\"width\":1200,\"height\":1200,\"caption\":\"Torc1 Vengeance Flex clutch lever for Husqvarna dirt bikes green billet with backup black lever and hardware\"},{\"@type\":\"BreadcrumbList\",\"@id\":\"https:\\\/\\\/dirtbagbrands.com\\\/product\\\/torc1-husqvarna-2009-2016-clutch-lever\\\/#breadcrumb\",\"itemListElement\":[{\"@type\":\"ListItem\",\"position\":1,\"name\":\"Home\",\"item\":\"https:\\\/\\\/dirtbagbrands.com\\\/\"},{\"@type\":\"ListItem\",\"position\":2,\"name\":\"Shop\",\"item\":\"https:\\\/\\\/dirtbagbrands.com\\\/shop\\\/\"},{\"@type\":\"ListItem\",\"position\":3,\"name\":\"Torc1 Levers\",\"item\":\"https:\\\/\\\/dirtbagbrands.com\\\/product-category\\\/levers\\\/\"},{\"@type\":\"ListItem\",\"position\":4,\"name\":\"Torc1 Clutch Lever Husqvarna TC FC TE FE GasGas SE-R SE-F Brembo Blue\"}]},{\"@type\":\"WebSite\",\"@id\":\"https:\\\/\\\/dirtbagbrands.com\\\/#website\",\"url\":\"https:\\\/\\\/dirtbagbrands.com\\\/\",\"name\":\"Dirtbag Brands\",\"description\":\"Premium UTV and Dirtbike Accessories\",\"publisher\":{\"@id\":\"https:\\\/\\\/dirtbagbrands.com\\\/#organization\"},\"potentialAction\":[{\"@type\":\"SearchAction\",\"target\":{\"@type\":\"EntryPoint\",\"urlTemplate\":\"https:\\\/\\\/dirtbagbrands.com\\\/?s={search_term_string}\"},\"query-input\":{\"@type\":\"PropertyValueSpecification\",\"valueRequired\":true,\"valueName\":\"search_term_string\"}}],\"inLanguage\":\"pt-BR\"},{\"@type\":\"Organization\",\"@id\":\"https:\\\/\\\/dirtbagbrands.com\\\/#organization\",\"name\":\"Dirtbag Brands\",\"alternateName\":\"Dirtbag Brands UTV Accessories\",\"url\":\"https:\\\/\\\/dirtbagbrands.com\\\/\",\"logo\":{\"@type\":\"ImageObject\",\"inLanguage\":\"pt-BR\",\"@id\":\"https:\\\/\\\/dirtbagbrands.com\\\/#\\\/schema\\\/logo\\\/image\\\/\",\"url\":\"https:\\\/\\\/dirtbagbrands.com\\\/wp-content\\\/uploads\\\/2024\\\/07\\\/Word-Logo.webp\",\"contentUrl\":\"https:\\\/\\\/dirtbagbrands.com\\\/wp-content\\\/uploads\\\/2024\\\/07\\\/Word-Logo.webp\",\"width\":750,\"height\":750,\"caption\":\"Dirtbag Brands\"},\"image\":{\"@id\":\"https:\\\/\\\/dirtbagbrands.com\\\/#\\\/schema\\\/logo\\\/image\\\/\"},\"sameAs\":[\"https:\\\/\\\/www.facebook.com\\\/dirtbagbrands\\\/\",\"https:\\\/\\\/www.instagram.com\\\/dirtbagbrands\",\"https:\\\/\\\/www.youtube.com\\\/@dirtbagbrands\",\"https:\\\/\\\/www.pinterest.com\\\/dirtbagbrands\",\"https:\\\/\\\/www.linkedin.com\\\/company\\\/dirtbag-brands\\\/\",\"https:\\\/\\\/www.tiktok.com\\\/@dirtbagbrands\"],\"description\":\"Dirtbag Brands designs and manufactures premium billet aluminum UTV accessories engineered for performance, durability, and off-road visibility. Our IronSight mirror systems and mounting solutions are built for Polaris, Can-Am, Kawasaki, Honda, and other utility and sport side-by-side vehicles.\",\"email\":\"inquiries@dirtbagbrands.com\",\"telephone\":\"9706445566\",\"foundingDate\":\"2020-03-10\"}]}<\/script>\n<!-- \/ Yoast SEO Premium plugin. -->","yoast_head_json":{"title":"Alavanca de embreagem Husqvarna &amp; GasGas | Torc1","description":"Melhore seus modelos Husqvarna e GasGas com uma manete de embreagem Torc1 Brembo. Fabricada em alum\u00ednio anodizado r\u00edgido, com l\u00e2mina reserva inclusa.","robots":{"index":"index","follow":"follow","max-snippet":"max-snippet:-1","max-image-preview":"max-image-preview:large","max-video-preview":"max-video-preview:-1"},"canonical":"https:\/\/dirtbagbrands.com\/pt\/product\/torc1-husqvarna-2009-2016-alavanca-de-embreagem\/","og_locale":"pt_BR","og_type":"article","og_title":"Torc1 Clutch Lever Husqvarna TC FC TE FE GasGas SE-R SE-F Brembo Blue | Dirtbag Brands","og_description":"Torc1 Clutch Lever Husqvarna TC FC TE FE GasGas SE-R SE-F Brembo Blue \u2013 Built for off-road durability. Perfect for and . Free shipping over $100!","og_url":"https:\/\/dirtbagbrands.com\/pt\/product\/torc1-husqvarna-2009-2016-alavanca-de-embreagem\/","og_site_name":"Dirtbag Brands","article_publisher":"https:\/\/www.facebook.com\/dirtbagbrands\/","article_modified_time":"2026-04-29T18:05:06+00:00","og_image":[{"width":1200,"height":1200,"url":"https:\/\/dirtbagbrands.com\/wp-content\/uploads\/2026\/04\/husqvarna-tc-fc-te-fe-2009-2016-clutch-lever-blue.webp","type":"image\/png"}],"twitter_card":"summary_large_image","twitter_misc":{"Est. tempo de leitura":"1 minuto"},"schema":{"@context":"https:\/\/schema.org","@graph":[{"@type":"WebPage","@id":"https:\/\/dirtbagbrands.com\/product\/torc1-husqvarna-2009-2016-clutch-lever\/","url":"https:\/\/dirtbagbrands.com\/product\/torc1-husqvarna-2009-2016-clutch-lever\/","name":"Alavanca de embreagem Husqvarna &amp; GasGas | Torc1","isPartOf":{"@id":"https:\/\/dirtbagbrands.com\/#website"},"primaryImageOfPage":{"@id":"https:\/\/dirtbagbrands.com\/product\/torc1-husqvarna-2009-2016-clutch-lever\/#primaryimage"},"image":{"@id":"https:\/\/dirtbagbrands.com\/product\/torc1-husqvarna-2009-2016-clutch-lever\/#primaryimage"},"thumbnailUrl":"https:\/\/dirtbagbrands.com\/wp-content\/uploads\/2026\/04\/husqvarna-tc-fc-te-fe-2009-2016-clutch-lever-blue.webp","datePublished":"2026-04-29T14:32:18+00:00","dateModified":"2026-04-29T18:05:06+00:00","description":"Melhore seus modelos Husqvarna e GasGas com uma manete de embreagem Torc1 Brembo. Fabricada em alum\u00ednio anodizado r\u00edgido, com l\u00e2mina reserva inclusa.","breadcrumb":{"@id":"https:\/\/dirtbagbrands.com\/product\/torc1-husqvarna-2009-2016-clutch-lever\/#breadcrumb"},"inLanguage":"pt-BR","potentialAction":[{"@type":"ReadAction","target":["https:\/\/dirtbagbrands.com\/product\/torc1-husqvarna-2009-2016-clutch-lever\/"]}]},{"@type":"ImageObject","inLanguage":"pt-BR","@id":"https:\/\/dirtbagbrands.com\/product\/torc1-husqvarna-2009-2016-clutch-lever\/#primaryimage","url":"https:\/\/dirtbagbrands.com\/wp-content\/uploads\/2026\/04\/husqvarna-tc-fc-te-fe-2009-2016-clutch-lever-blue.webp","contentUrl":"https:\/\/dirtbagbrands.com\/wp-content\/uploads\/2026\/04\/husqvarna-tc-fc-te-fe-2009-2016-clutch-lever-blue.webp","width":1200,"height":1200,"caption":"Torc1 Vengeance Flex clutch lever for Husqvarna dirt bikes green billet with backup black lever and hardware"},{"@type":"BreadcrumbList","@id":"https:\/\/dirtbagbrands.com\/product\/torc1-husqvarna-2009-2016-clutch-lever\/#breadcrumb","itemListElement":[{"@type":"ListItem","position":1,"name":"Home","item":"https:\/\/dirtbagbrands.com\/"},{"@type":"ListItem","position":2,"name":"Shop","item":"https:\/\/dirtbagbrands.com\/shop\/"},{"@type":"ListItem","position":3,"name":"Torc1 Levers","item":"https:\/\/dirtbagbrands.com\/product-category\/levers\/"},{"@type":"ListItem","position":4,"name":"Torc1 Clutch Lever Husqvarna TC FC TE FE GasGas SE-R SE-F Brembo Blue"}]},{"@type":"WebSite","@id":"https:\/\/dirtbagbrands.com\/#website","url":"https:\/\/dirtbagbrands.com\/","name":"Dirtbag Brands","description":"Acess\u00f3rios Premium para UTV e Dirtbike","publisher":{"@id":"https:\/\/dirtbagbrands.com\/#organization"},"potentialAction":[{"@type":"SearchAction","target":{"@type":"EntryPoint","urlTemplate":"https:\/\/dirtbagbrands.com\/?s={search_term_string}"},"query-input":{"@type":"PropertyValueSpecification","valueRequired":true,"valueName":"search_term_string"}}],"inLanguage":"pt-BR"},{"@type":"Organization","@id":"https:\/\/dirtbagbrands.com\/#organization","name":"Dirtbag Brands","alternateName":"Dirtbag Brands UTV Accessories","url":"https:\/\/dirtbagbrands.com\/","logo":{"@type":"ImageObject","inLanguage":"pt-BR","@id":"https:\/\/dirtbagbrands.com\/#\/schema\/logo\/image\/","url":"https:\/\/dirtbagbrands.com\/wp-content\/uploads\/2024\/07\/Word-Logo.webp","contentUrl":"https:\/\/dirtbagbrands.com\/wp-content\/uploads\/2024\/07\/Word-Logo.webp","width":750,"height":750,"caption":"Dirtbag Brands"},"image":{"@id":"https:\/\/dirtbagbrands.com\/#\/schema\/logo\/image\/"},"sameAs":["https:\/\/www.facebook.com\/dirtbagbrands\/","https:\/\/www.instagram.com\/dirtbagbrands","https:\/\/www.youtube.com\/@dirtbagbrands","https:\/\/www.pinterest.com\/dirtbagbrands","https:\/\/www.linkedin.com\/company\/dirtbag-brands\/","https:\/\/www.tiktok.com\/@dirtbagbrands"],"description":"A Dirtbag Brands projeta e fabrica acess\u00f3rios premium em alum\u00ednio billet para UTVs, desenvolvidos para desempenho, durabilidade e visibilidade off-road. Nossos sistemas de espelhos e solu\u00e7\u00f5es de montagem IronSight s\u00e3o compat\u00edveis com ve\u00edculos utilit\u00e1rios e esportivos side-by-side das marcas Polaris, Can-Am, Kawasaki, Honda e outras.","email":"inquiries@dirtbagbrands.com","telephone":"9706445566","foundingDate":"2020-03-10"}]}},"_links":{"self":[{"href":"https:\/\/dirtbagbrands.com\/pt\/wp-json\/wp\/v2\/product\/5464","targetHints":{"allow":["GET"]}}],"collection":[{"href":"https:\/\/dirtbagbrands.com\/pt\/wp-json\/wp\/v2\/product"}],"about":[{"href":"https:\/\/dirtbagbrands.com\/pt\/wp-json\/wp\/v2\/types\/product"}],"replies":[{"embeddable":true,"href":"https:\/\/dirtbagbrands.com\/pt\/wp-json\/wp\/v2\/comments?post=5464"}],"wp:featuredmedia":[{"embeddable":true,"href":"https:\/\/dirtbagbrands.com\/pt\/wp-json\/wp\/v2\/media\/5465"}],"wp:attachment":[{"href":"https:\/\/dirtbagbrands.com\/pt\/wp-json\/wp\/v2\/media?parent=5464"}],"wp:term":[{"taxonomy":"product_brand","embeddable":true,"href":"https:\/\/dirtbagbrands.com\/pt\/wp-json\/wp\/v2\/product_brand?post=5464"},{"taxonomy":"product_cat","embeddable":true,"href":"https:\/\/dirtbagbrands.com\/pt\/wp-json\/wp\/v2\/product_cat?post=5464"},{"taxonomy":"product_tag","embeddable":true,"href":"https:\/\/dirtbagbrands.com\/pt\/wp-json\/wp\/v2\/product_tag?post=5464"}],"curies":[{"name":"wp","href":"https:\/\/api.w.org\/{rel}","templated":true}]}}