{"id":5420,"date":"2026-04-28T16:11:26","date_gmt":"2026-04-28T16:11:26","guid":{"rendered":"https:\/\/dirtbagbrands.com\/?post_type=product&#038;p=5420"},"modified":"2026-04-28T20:56:59","modified_gmt":"2026-04-28T20:56:59","slug":"manete-de-freio-dianteiro-torc1-husqvarna-tc-fc-te-fe-brembo","status":"publish","type":"product","link":"https:\/\/dirtbagbrands.com\/pt\/product\/torc1-husqvarna-tc-fc-te-fe-front-brake-lever-brembo\/","title":{"rendered":"Alavanca de freio dianteiro Torc1 Husqvarna TC FC TE FE Sherco SE-R SEF-R 2014\u20132026 Brembo Azul"},"content":{"rendered":"<p data-start=\"1169\" data-end=\"1445\">As manetes de freio dianteiro Torc1 Vengeance Flex foram projetadas para pilotos de motocross Husqvarna que desejam maior controle e um conjunto de manetes mais dur\u00e1vel. Com um sistema flex\u00edvel e de desengate r\u00e1pido, essas manetes ajudam a reduzir danos em impactos, mantendo uma sensa\u00e7\u00e3o consistente no guid\u00e3o.<\/p>\n<p data-start=\"1169\" data-end=\"1445\"><strong>Dispon\u00edvel para sistemas de freio Brembo e BrakeTec, dependendo do modelo do ve\u00edculo.<\/strong><\/p>\n<h2 data-section-id=\"1iz91iu\" data-start=\"1447\" data-end=\"1463\">Principais caracter\u00edsticas<\/h2>\n<ul data-start=\"1464\" data-end=\"2010\">\n<li data-section-id=\"aybff1\" data-start=\"1464\" data-end=\"1524\">O design flex\u00edvel Breakaway reduz os danos \u00e0 alavanca durante o impacto.<\/li>\n<li data-section-id=\"1i17cia\" data-start=\"1525\" data-end=\"1592\">Fabrica\u00e7\u00e3o em alum\u00ednio 6061 usinado em CNC com acabamento anodizado duro.<\/li>\n<li data-section-id=\"zx2nwe\" data-start=\"1593\" data-end=\"1636\">Inclui l\u00e2mina de reposi\u00e7\u00e3o preta<\/li>\n<li data-section-id=\"16gw4b0\" data-start=\"1637\" data-end=\"1695\">Alavanca arredondada e suave para melhor controle e sensa\u00e7\u00e3o.<\/li>\n<li data-section-id=\"84krgp\" data-start=\"1696\" data-end=\"1741\">Ajuste de alcance para diferentes tamanhos de m\u00e3o.<\/li>\n<li data-section-id=\"1ww8x6\" data-start=\"1742\" data-end=\"1806\">Projetado para girar para a frente durante o impacto para evitar quebras.<\/li>\n<li data-section-id=\"1wajb6u\" data-start=\"1807\" data-end=\"1876\">Mecanismo de piv\u00f4 em a\u00e7o inoxid\u00e1vel para maior resist\u00eancia e funcionamento suave.<\/li>\n<li data-section-id=\"ot8vlr\" data-start=\"1877\" data-end=\"1923\">Encaixe preciso para conjuntos de suporte OEM<\/li>\n<li data-section-id=\"ue8sd6\" data-start=\"1924\" data-end=\"1975\">O design leve melhora o desempenho geral.<\/li>\n<li data-section-id=\"qp1cnu\" data-start=\"1976\" data-end=\"2010\">Logotipo Torc1 Racing gravado a laser<\/li>\n<\/ul>\n<hr data-start=\"2012\" data-end=\"2015\" \/>\n<h2 data-section-id=\"1wwzv67\" data-start=\"2017\" data-end=\"2028\">Compatibilidade<\/h2>\n<h3 data-start=\"2030\" data-end=\"2051\">Equipamento Husqvarna (Brembo):<\/h3>\n<ul data-start=\"2053\" data-end=\"2206\">\n<li data-section-id=\"8r188g\" data-start=\"1646\" data-end=\"1671\">Modelos TC (2014\u20132026)<\/li>\n<li data-section-id=\"756cf6\" data-start=\"1672\" data-end=\"1697\">Modelos FC (2014\u20132026)<\/li>\n<li data-section-id=\"1q9p646\" data-start=\"1698\" data-end=\"1723\">Modelos TE (2014\u20132026)<\/li>\n<li data-section-id=\"1bp5yqs\" data-start=\"1724\" data-end=\"1749\">Modelos de elementos finitos (2014\u20132026)<\/li>\n<\/ul>\n<h3>Equipamento Sherco (Brembo):<\/h3>\n<ul>\n<li data-section-id=\"dxg95n\" data-start=\"1491\" data-end=\"1521\">SE-R 250 \/ 300 (2016\u20132026)<\/li>\n<li data-section-id=\"1k5fx94\" data-start=\"1522\" data-end=\"1565\">SEF-R 250\/300\/450\/510 (2016\u20132026)<\/li>\n<\/ul>\n<p>&nbsp;<\/p>\n<hr data-start=\"2208\" data-end=\"2211\" \/>\n<h2 data-section-id=\"8cl41k\" data-start=\"2213\" data-end=\"2235\">Nota de compatibilidade<\/h2>\n<p data-start=\"2237\" data-end=\"2312\">Este produto \u00e9 um conjunto completo da alavanca de freio dianteiro Torc1 Vengeance Flex.<\/p>\n<p data-start=\"2314\" data-end=\"2388\">Se voc\u00ea precisar apenas de uma l\u00e2mina de reposi\u00e7\u00e3o, consulte a p\u00e1gina da alavanca de reposi\u00e7\u00e3o.<\/p>\n<p data-start=\"2390\" data-end=\"2469\">Essas alavancas n\u00e3o s\u00e3o pe\u00e7as de reposi\u00e7\u00e3o originais e n\u00e3o s\u00e3o compat\u00edveis com os controles de quadriciclos.<\/p>\n<p data-start=\"2390\" data-end=\"2469\">Serve <strong data-start=\"1038\" data-end=\"1067\">Somente sistemas de freio Brembo<\/strong>.<br data-start=\"1068\" data-end=\"1071\" \/>Verifique se sua moto est\u00e1 equipada com componentes Brembo antes da compra.<\/p>","protected":false},"excerpt":{"rendered":"<p>As manetes de freio dianteiro Torc1 Vengeance Flex s\u00e3o feitas para pilotos da Husqvarna que exigem durabilidade e controle. Projetadas com um sistema de flex\u00e3o destac\u00e1vel e constru\u00e7\u00e3o em alum\u00ednio 6061 anodizado, essas manetes reduzem os danos em impactos, mantendo uma sensa\u00e7\u00e3o consistente. Cada kit inclui uma manete de freio reserva na cor preta.<\/p>","protected":false},"featured_media":5419,"comment_status":"closed","ping_status":"closed","template":"","meta":{"saved_in_kubio":false,"_coblocks_attr":"","_coblocks_dimensions":"","_coblocks_responsive_height":"","_coblocks_accordion_ie_support":""},"product_brand":[],"product_cat":[383,382],"product_tag":[],"class_list":{"0":"post-5420","1":"product","2":"type-product","3":"status-publish","4":"has-post-thumbnail","6":"product_cat-front-brake-levers","7":"product_cat-levers","9":"first","10":"instock","11":"taxable","12":"shipping-taxable","13":"purchasable","14":"product-type-simple"},"yoast_head":"<!-- This site is optimized with the Yoast SEO Premium plugin v27.5 (Yoast SEO v27.5) - https:\/\/yoast.com\/product\/yoast-seo-premium-wordpress\/ -->\n<title>Husqvarna TC85 Brake Lever 2014\u20132026 Brembo | Torc1<\/title>\n<meta name=\"description\" content=\"Upgrade your Husqvarna TC, FC, TE, and FE models (2014\u20132026) with a Torc1 Vengeance Flex front brake lever for Brembo systems.\" \/>\n<meta name=\"robots\" content=\"index, follow, max-snippet:-1, max-image-preview:large, max-video-preview:-1\" \/>\n<link rel=\"canonical\" href=\"https:\/\/dirtbagbrands.com\/pt\/product\/manete-de-freio-dianteiro-torc1-husqvarna-tc-fc-te-fe-brembo\/\" \/>\n<meta property=\"og:locale\" content=\"pt_BR\" \/>\n<meta property=\"og:type\" content=\"article\" \/>\n<meta property=\"og:title\" content=\"Torc1 Front Brake Lever Husqvarna TC FC TE FE Sherco SE-R SEF-R 2014\u20132026 Brembo Blue | Dirtbag Brands\" \/>\n<meta property=\"og:description\" content=\"Torc1 Front Brake Lever Husqvarna TC FC TE FE Sherco SE-R SEF-R 2014\u20132026 Brembo Blue \u2013 Built for off-road durability. Perfect for and . Free shipping over $100!\" \/>\n<meta property=\"og:url\" content=\"https:\/\/dirtbagbrands.com\/pt\/product\/manete-de-freio-dianteiro-torc1-husqvarna-tc-fc-te-fe-brembo\/\" \/>\n<meta property=\"og:site_name\" content=\"Dirtbag Brands\" \/>\n<meta property=\"article:publisher\" content=\"https:\/\/www.facebook.com\/dirtbagbrands\/\" \/>\n<meta property=\"article:modified_time\" content=\"2026-04-28T20:56:59+00:00\" \/>\n<meta property=\"og:image\" content=\"https:\/\/dirtbagbrands.com\/wp-content\/uploads\/2026\/04\/husqvarna-front-brake-lever-blue.webp\" \/>\n\t<meta property=\"og:image:width\" content=\"1200\" \/>\n\t<meta property=\"og:image:height\" content=\"1200\" \/>\n\t<meta property=\"og:image:type\" content=\"image\/png\" \/>\n<meta name=\"twitter:card\" content=\"summary_large_image\" \/>\n<meta name=\"twitter:label1\" content=\"Est. tempo de leitura\" \/>\n\t<meta name=\"twitter:data1\" content=\"2 minutos\" \/>\n<script type=\"application\/ld+json\" class=\"yoast-schema-graph\">{\"@context\":\"https:\\\/\\\/schema.org\",\"@graph\":[{\"@type\":\"WebPage\",\"@id\":\"https:\\\/\\\/dirtbagbrands.com\\\/product\\\/torc1-husqvarna-tc-fc-te-fe-front-brake-lever-brembo\\\/\",\"url\":\"https:\\\/\\\/dirtbagbrands.com\\\/product\\\/torc1-husqvarna-tc-fc-te-fe-front-brake-lever-brembo\\\/\",\"name\":\"Husqvarna TC85 Brake Lever 2014\u20132026 Brembo | Torc1\",\"isPartOf\":{\"@id\":\"https:\\\/\\\/dirtbagbrands.com\\\/#website\"},\"primaryImageOfPage\":{\"@id\":\"https:\\\/\\\/dirtbagbrands.com\\\/product\\\/torc1-husqvarna-tc-fc-te-fe-front-brake-lever-brembo\\\/#primaryimage\"},\"image\":{\"@id\":\"https:\\\/\\\/dirtbagbrands.com\\\/product\\\/torc1-husqvarna-tc-fc-te-fe-front-brake-lever-brembo\\\/#primaryimage\"},\"thumbnailUrl\":\"https:\\\/\\\/dirtbagbrands.com\\\/wp-content\\\/uploads\\\/2026\\\/04\\\/husqvarna-front-brake-lever-blue.webp\",\"datePublished\":\"2026-04-28T16:11:26+00:00\",\"dateModified\":\"2026-04-28T20:56:59+00:00\",\"description\":\"Upgrade your Husqvarna TC, FC, TE, and FE models (2014\u20132026) with a Torc1 Vengeance Flex front brake lever for Brembo systems.\",\"breadcrumb\":{\"@id\":\"https:\\\/\\\/dirtbagbrands.com\\\/product\\\/torc1-husqvarna-tc-fc-te-fe-front-brake-lever-brembo\\\/#breadcrumb\"},\"inLanguage\":\"pt-BR\",\"potentialAction\":[{\"@type\":\"ReadAction\",\"target\":[\"https:\\\/\\\/dirtbagbrands.com\\\/product\\\/torc1-husqvarna-tc-fc-te-fe-front-brake-lever-brembo\\\/\"]}]},{\"@type\":\"ImageObject\",\"inLanguage\":\"pt-BR\",\"@id\":\"https:\\\/\\\/dirtbagbrands.com\\\/product\\\/torc1-husqvarna-tc-fc-te-fe-front-brake-lever-brembo\\\/#primaryimage\",\"url\":\"https:\\\/\\\/dirtbagbrands.com\\\/wp-content\\\/uploads\\\/2026\\\/04\\\/husqvarna-front-brake-lever-blue.webp\",\"contentUrl\":\"https:\\\/\\\/dirtbagbrands.com\\\/wp-content\\\/uploads\\\/2026\\\/04\\\/husqvarna-front-brake-lever-blue.webp\",\"width\":1200,\"height\":1200,\"caption\":\"Husqvarana front brake lever blue Torc1 Vengeance Flex with backup blade\"},{\"@type\":\"BreadcrumbList\",\"@id\":\"https:\\\/\\\/dirtbagbrands.com\\\/product\\\/torc1-husqvarna-tc-fc-te-fe-front-brake-lever-brembo\\\/#breadcrumb\",\"itemListElement\":[{\"@type\":\"ListItem\",\"position\":1,\"name\":\"Home\",\"item\":\"https:\\\/\\\/dirtbagbrands.com\\\/\"},{\"@type\":\"ListItem\",\"position\":2,\"name\":\"Shop\",\"item\":\"https:\\\/\\\/dirtbagbrands.com\\\/shop\\\/\"},{\"@type\":\"ListItem\",\"position\":3,\"name\":\"Torc1 Levers\",\"item\":\"https:\\\/\\\/dirtbagbrands.com\\\/product-category\\\/levers\\\/\"},{\"@type\":\"ListItem\",\"position\":4,\"name\":\"Torc1 Front Brake Lever Husqvarna TC FC TE FE Sherco SE-R SEF-R 2014\u20132026 Brembo Blue\"}]},{\"@type\":\"WebSite\",\"@id\":\"https:\\\/\\\/dirtbagbrands.com\\\/#website\",\"url\":\"https:\\\/\\\/dirtbagbrands.com\\\/\",\"name\":\"Dirtbag Brands\",\"description\":\"Premium UTV and Dirtbike Accessories\",\"publisher\":{\"@id\":\"https:\\\/\\\/dirtbagbrands.com\\\/#organization\"},\"potentialAction\":[{\"@type\":\"SearchAction\",\"target\":{\"@type\":\"EntryPoint\",\"urlTemplate\":\"https:\\\/\\\/dirtbagbrands.com\\\/?s={search_term_string}\"},\"query-input\":{\"@type\":\"PropertyValueSpecification\",\"valueRequired\":true,\"valueName\":\"search_term_string\"}}],\"inLanguage\":\"pt-BR\"},{\"@type\":\"Organization\",\"@id\":\"https:\\\/\\\/dirtbagbrands.com\\\/#organization\",\"name\":\"Dirtbag Brands\",\"alternateName\":\"Dirtbag Brands UTV Accessories\",\"url\":\"https:\\\/\\\/dirtbagbrands.com\\\/\",\"logo\":{\"@type\":\"ImageObject\",\"inLanguage\":\"pt-BR\",\"@id\":\"https:\\\/\\\/dirtbagbrands.com\\\/#\\\/schema\\\/logo\\\/image\\\/\",\"url\":\"https:\\\/\\\/dirtbagbrands.com\\\/wp-content\\\/uploads\\\/2024\\\/07\\\/Word-Logo.webp\",\"contentUrl\":\"https:\\\/\\\/dirtbagbrands.com\\\/wp-content\\\/uploads\\\/2024\\\/07\\\/Word-Logo.webp\",\"width\":750,\"height\":750,\"caption\":\"Dirtbag Brands\"},\"image\":{\"@id\":\"https:\\\/\\\/dirtbagbrands.com\\\/#\\\/schema\\\/logo\\\/image\\\/\"},\"sameAs\":[\"https:\\\/\\\/www.facebook.com\\\/dirtbagbrands\\\/\",\"https:\\\/\\\/www.instagram.com\\\/dirtbagbrands\",\"https:\\\/\\\/www.youtube.com\\\/@dirtbagbrands\",\"https:\\\/\\\/www.pinterest.com\\\/dirtbagbrands\",\"https:\\\/\\\/www.linkedin.com\\\/company\\\/dirtbag-brands\\\/\",\"https:\\\/\\\/www.tiktok.com\\\/@dirtbagbrands\"],\"description\":\"Dirtbag Brands designs and manufactures premium billet aluminum UTV accessories engineered for performance, durability, and off-road visibility. Our IronSight mirror systems and mounting solutions are built for Polaris, Can-Am, Kawasaki, Honda, and other utility and sport side-by-side vehicles.\",\"email\":\"inquiries@dirtbagbrands.com\",\"telephone\":\"9706445566\",\"foundingDate\":\"2020-03-10\"}]}<\/script>\n<!-- \/ Yoast SEO Premium plugin. -->","yoast_head_json":{"title":"Manete de freio Husqvarna TC85 2014\u20132026 Brembo | Torc1","description":"Atualize seus modelos Husqvarna TC, FC, TE e FE (2014\u20132026) com uma manete de freio dianteiro Torc1 Vengeance Flex para sistemas Brembo.","robots":{"index":"index","follow":"follow","max-snippet":"max-snippet:-1","max-image-preview":"max-image-preview:large","max-video-preview":"max-video-preview:-1"},"canonical":"https:\/\/dirtbagbrands.com\/pt\/product\/manete-de-freio-dianteiro-torc1-husqvarna-tc-fc-te-fe-brembo\/","og_locale":"pt_BR","og_type":"article","og_title":"Torc1 Front Brake Lever Husqvarna TC FC TE FE Sherco SE-R SEF-R 2014\u20132026 Brembo Blue | Dirtbag Brands","og_description":"Torc1 Front Brake Lever Husqvarna TC FC TE FE Sherco SE-R SEF-R 2014\u20132026 Brembo Blue \u2013 Built for off-road durability. Perfect for and . Free shipping over $100!","og_url":"https:\/\/dirtbagbrands.com\/pt\/product\/manete-de-freio-dianteiro-torc1-husqvarna-tc-fc-te-fe-brembo\/","og_site_name":"Dirtbag Brands","article_publisher":"https:\/\/www.facebook.com\/dirtbagbrands\/","article_modified_time":"2026-04-28T20:56:59+00:00","og_image":[{"width":1200,"height":1200,"url":"https:\/\/dirtbagbrands.com\/wp-content\/uploads\/2026\/04\/husqvarna-front-brake-lever-blue.webp","type":"image\/png"}],"twitter_card":"summary_large_image","twitter_misc":{"Est. tempo de leitura":"2 minutos"},"schema":{"@context":"https:\/\/schema.org","@graph":[{"@type":"WebPage","@id":"https:\/\/dirtbagbrands.com\/product\/torc1-husqvarna-tc-fc-te-fe-front-brake-lever-brembo\/","url":"https:\/\/dirtbagbrands.com\/product\/torc1-husqvarna-tc-fc-te-fe-front-brake-lever-brembo\/","name":"Manete de freio Husqvarna TC85 2014\u20132026 Brembo | Torc1","isPartOf":{"@id":"https:\/\/dirtbagbrands.com\/#website"},"primaryImageOfPage":{"@id":"https:\/\/dirtbagbrands.com\/product\/torc1-husqvarna-tc-fc-te-fe-front-brake-lever-brembo\/#primaryimage"},"image":{"@id":"https:\/\/dirtbagbrands.com\/product\/torc1-husqvarna-tc-fc-te-fe-front-brake-lever-brembo\/#primaryimage"},"thumbnailUrl":"https:\/\/dirtbagbrands.com\/wp-content\/uploads\/2026\/04\/husqvarna-front-brake-lever-blue.webp","datePublished":"2026-04-28T16:11:26+00:00","dateModified":"2026-04-28T20:56:59+00:00","description":"Atualize seus modelos Husqvarna TC, FC, TE e FE (2014\u20132026) com uma manete de freio dianteiro Torc1 Vengeance Flex para sistemas Brembo.","breadcrumb":{"@id":"https:\/\/dirtbagbrands.com\/product\/torc1-husqvarna-tc-fc-te-fe-front-brake-lever-brembo\/#breadcrumb"},"inLanguage":"pt-BR","potentialAction":[{"@type":"ReadAction","target":["https:\/\/dirtbagbrands.com\/product\/torc1-husqvarna-tc-fc-te-fe-front-brake-lever-brembo\/"]}]},{"@type":"ImageObject","inLanguage":"pt-BR","@id":"https:\/\/dirtbagbrands.com\/product\/torc1-husqvarna-tc-fc-te-fe-front-brake-lever-brembo\/#primaryimage","url":"https:\/\/dirtbagbrands.com\/wp-content\/uploads\/2026\/04\/husqvarna-front-brake-lever-blue.webp","contentUrl":"https:\/\/dirtbagbrands.com\/wp-content\/uploads\/2026\/04\/husqvarna-front-brake-lever-blue.webp","width":1200,"height":1200,"caption":"Husqvarana front brake lever blue Torc1 Vengeance Flex with backup blade"},{"@type":"BreadcrumbList","@id":"https:\/\/dirtbagbrands.com\/product\/torc1-husqvarna-tc-fc-te-fe-front-brake-lever-brembo\/#breadcrumb","itemListElement":[{"@type":"ListItem","position":1,"name":"Home","item":"https:\/\/dirtbagbrands.com\/"},{"@type":"ListItem","position":2,"name":"Shop","item":"https:\/\/dirtbagbrands.com\/shop\/"},{"@type":"ListItem","position":3,"name":"Torc1 Levers","item":"https:\/\/dirtbagbrands.com\/product-category\/levers\/"},{"@type":"ListItem","position":4,"name":"Torc1 Front Brake Lever Husqvarna TC FC TE FE Sherco SE-R SEF-R 2014\u20132026 Brembo Blue"}]},{"@type":"WebSite","@id":"https:\/\/dirtbagbrands.com\/#website","url":"https:\/\/dirtbagbrands.com\/","name":"Dirtbag Brands","description":"Acess\u00f3rios Premium para UTV e Dirtbike","publisher":{"@id":"https:\/\/dirtbagbrands.com\/#organization"},"potentialAction":[{"@type":"SearchAction","target":{"@type":"EntryPoint","urlTemplate":"https:\/\/dirtbagbrands.com\/?s={search_term_string}"},"query-input":{"@type":"PropertyValueSpecification","valueRequired":true,"valueName":"search_term_string"}}],"inLanguage":"pt-BR"},{"@type":"Organization","@id":"https:\/\/dirtbagbrands.com\/#organization","name":"Dirtbag Brands","alternateName":"Dirtbag Brands UTV Accessories","url":"https:\/\/dirtbagbrands.com\/","logo":{"@type":"ImageObject","inLanguage":"pt-BR","@id":"https:\/\/dirtbagbrands.com\/#\/schema\/logo\/image\/","url":"https:\/\/dirtbagbrands.com\/wp-content\/uploads\/2024\/07\/Word-Logo.webp","contentUrl":"https:\/\/dirtbagbrands.com\/wp-content\/uploads\/2024\/07\/Word-Logo.webp","width":750,"height":750,"caption":"Dirtbag Brands"},"image":{"@id":"https:\/\/dirtbagbrands.com\/#\/schema\/logo\/image\/"},"sameAs":["https:\/\/www.facebook.com\/dirtbagbrands\/","https:\/\/www.instagram.com\/dirtbagbrands","https:\/\/www.youtube.com\/@dirtbagbrands","https:\/\/www.pinterest.com\/dirtbagbrands","https:\/\/www.linkedin.com\/company\/dirtbag-brands\/","https:\/\/www.tiktok.com\/@dirtbagbrands"],"description":"A Dirtbag Brands projeta e fabrica acess\u00f3rios premium em alum\u00ednio billet para UTVs, desenvolvidos para desempenho, durabilidade e visibilidade off-road. Nossos sistemas de espelhos e solu\u00e7\u00f5es de montagem IronSight s\u00e3o compat\u00edveis com ve\u00edculos utilit\u00e1rios e esportivos side-by-side das marcas Polaris, Can-Am, Kawasaki, Honda e outras.","email":"inquiries@dirtbagbrands.com","telephone":"9706445566","foundingDate":"2020-03-10"}]}},"_links":{"self":[{"href":"https:\/\/dirtbagbrands.com\/pt\/wp-json\/wp\/v2\/product\/5420","targetHints":{"allow":["GET"]}}],"collection":[{"href":"https:\/\/dirtbagbrands.com\/pt\/wp-json\/wp\/v2\/product"}],"about":[{"href":"https:\/\/dirtbagbrands.com\/pt\/wp-json\/wp\/v2\/types\/product"}],"replies":[{"embeddable":true,"href":"https:\/\/dirtbagbrands.com\/pt\/wp-json\/wp\/v2\/comments?post=5420"}],"wp:featuredmedia":[{"embeddable":true,"href":"https:\/\/dirtbagbrands.com\/pt\/wp-json\/wp\/v2\/media\/5419"}],"wp:attachment":[{"href":"https:\/\/dirtbagbrands.com\/pt\/wp-json\/wp\/v2\/media?parent=5420"}],"wp:term":[{"taxonomy":"product_brand","embeddable":true,"href":"https:\/\/dirtbagbrands.com\/pt\/wp-json\/wp\/v2\/product_brand?post=5420"},{"taxonomy":"product_cat","embeddable":true,"href":"https:\/\/dirtbagbrands.com\/pt\/wp-json\/wp\/v2\/product_cat?post=5420"},{"taxonomy":"product_tag","embeddable":true,"href":"https:\/\/dirtbagbrands.com\/pt\/wp-json\/wp\/v2\/product_tag?post=5420"}],"curies":[{"name":"wp","href":"https:\/\/api.w.org\/{rel}","templated":true}]}}