{"id":5040,"date":"2026-04-14T20:20:46","date_gmt":"2026-04-14T20:20:46","guid":{"rendered":"https:\/\/dirtbagbrands.com\/?post_type=product&#038;p=5040"},"modified":"2026-04-20T21:03:35","modified_gmt":"2026-04-20T21:03:35","slug":"manopla-torc1-enduro-pillow-top-mx-com-cola","status":"publish","type":"product","link":"https:\/\/dirtbagbrands.com\/pt\/product\/torc1-enduro-pillow-top-grip-mx-glue-on\/","title":{"rendered":"Torc1 Enduro Pillow Top Grip (MX \u2013 Colado)"},"content":{"rendered":"<h2>Conforto e controle para pilotos de motocross<\/h2>\n<p>A manopla Torc1 Enduro Pillow Top foi projetada para pilotos de motocross que buscam conforto, controle e redu\u00e7\u00e3o de vibra\u00e7\u00e3o em longos percursos. O padr\u00e3o pillow top ajuda a minimizar a fadiga das m\u00e3os, mantendo uma pegada firme e segura no guid\u00e3o.<\/p>\n<h2>Ajuste espec\u00edfico para motocross<\/h2>\n<p>Projetadas especificamente para motocross. Estas manoplas n\u00e3o s\u00e3o compat\u00edveis com quadriciclos devido \u00e0s diferen\u00e7as no guid\u00e3o e no acelerador. Projetadas para guid\u00f5es de 7\/8 polegadas.<\/p>","protected":false},"excerpt":{"rendered":"<p>Manopla MX com superf\u00edcie acolchoada, projetada para conforto e redu\u00e7\u00e3o de vibra\u00e7\u00e3o. Inclui cola para manoplas. Uso exclusivo em motos de motocross.<\/p>","protected":false},"featured_media":5053,"comment_status":"closed","ping_status":"closed","template":"","meta":{"saved_in_kubio":false,"_coblocks_attr":"","_coblocks_dimensions":"","_coblocks_responsive_height":"","_coblocks_accordion_ie_support":""},"product_brand":[],"product_cat":[378],"product_tag":[],"class_list":{"0":"post-5040","1":"product","2":"type-product","3":"status-publish","4":"has-post-thumbnail","6":"product_cat-pillow-top-grips","8":"first","9":"instock","10":"taxable","11":"shipping-taxable","12":"purchasable","13":"product-type-variable","14":"has-default-attributes"},"yoast_head":"<!-- This site is optimized with the Yoast SEO Premium plugin v27.4 (Yoast SEO v27.4) - https:\/\/yoast.com\/product\/yoast-seo-premium-wordpress\/ -->\n<title>Pillow Top Dirt Bike Grips (MX) | Torc1 Enduro at Dirtbag Brands<\/title>\n<meta name=\"description\" content=\"Shop pillow top dirt bike grips for comfort and reduced vibration. Torc1 Enduro MX grips include glue for easy installation.\" \/>\n<meta name=\"robots\" content=\"index, follow, max-snippet:-1, max-image-preview:large, max-video-preview:-1\" \/>\n<link rel=\"canonical\" href=\"https:\/\/dirtbagbrands.com\/pt\/product\/manopla-torc1-enduro-pillow-top-mx-com-cola\/\" \/>\n<meta property=\"og:locale\" content=\"pt_BR\" \/>\n<meta property=\"og:type\" content=\"article\" \/>\n<meta property=\"og:title\" content=\"Torc1 Enduro Pillow Top Grip (MX \u2013 Glue-On) | Dirtbag Brands\" \/>\n<meta property=\"og:description\" content=\"Torc1 Enduro Pillow Top Grip (MX \u2013 Glue-On) \u2013 Built for off-road durability. Perfect for and . Free shipping over $100!\" \/>\n<meta property=\"og:url\" content=\"https:\/\/dirtbagbrands.com\/pt\/product\/manopla-torc1-enduro-pillow-top-mx-com-cola\/\" \/>\n<meta property=\"og:site_name\" content=\"Dirtbag Brands\" \/>\n<meta property=\"article:publisher\" content=\"https:\/\/www.facebook.com\/dirtbagbrands\/\" \/>\n<meta property=\"article:modified_time\" content=\"2026-04-20T21:03:35+00:00\" \/>\n<meta property=\"og:image\" content=\"https:\/\/dirtbagbrands.com\/wp-content\/uploads\/2026\/04\/2000-0203.webp\" \/>\n\t<meta property=\"og:image:width\" content=\"1200\" \/>\n\t<meta property=\"og:image:height\" content=\"1200\" \/>\n\t<meta property=\"og:image:type\" content=\"image\/png\" \/>\n<meta name=\"twitter:card\" content=\"summary_large_image\" \/>\n<meta name=\"twitter:label1\" content=\"Est. tempo de leitura\" \/>\n\t<meta name=\"twitter:data1\" content=\"1 minuto\" \/>\n<script type=\"application\/ld+json\" class=\"yoast-schema-graph\">{\"@context\":\"https:\\\/\\\/schema.org\",\"@graph\":[{\"@type\":\"WebPage\",\"@id\":\"https:\\\/\\\/dirtbagbrands.com\\\/product\\\/torc1-enduro-pillow-top-grip-mx-glue-on\\\/\",\"url\":\"https:\\\/\\\/dirtbagbrands.com\\\/product\\\/torc1-enduro-pillow-top-grip-mx-glue-on\\\/\",\"name\":\"Pillow Top Dirt Bike Grips (MX) | Torc1 Enduro at Dirtbag Brands\",\"isPartOf\":{\"@id\":\"https:\\\/\\\/dirtbagbrands.com\\\/#website\"},\"primaryImageOfPage\":{\"@id\":\"https:\\\/\\\/dirtbagbrands.com\\\/product\\\/torc1-enduro-pillow-top-grip-mx-glue-on\\\/#primaryimage\"},\"image\":{\"@id\":\"https:\\\/\\\/dirtbagbrands.com\\\/product\\\/torc1-enduro-pillow-top-grip-mx-glue-on\\\/#primaryimage\"},\"thumbnailUrl\":\"https:\\\/\\\/dirtbagbrands.com\\\/wp-content\\\/uploads\\\/2026\\\/04\\\/2000-0203.webp\",\"datePublished\":\"2026-04-14T20:20:46+00:00\",\"dateModified\":\"2026-04-20T21:03:35+00:00\",\"description\":\"Shop pillow top dirt bike grips for comfort and reduced vibration. Torc1 Enduro MX grips include glue for easy installation.\",\"breadcrumb\":{\"@id\":\"https:\\\/\\\/dirtbagbrands.com\\\/product\\\/torc1-enduro-pillow-top-grip-mx-glue-on\\\/#breadcrumb\"},\"inLanguage\":\"pt-BR\",\"potentialAction\":[{\"@type\":\"ReadAction\",\"target\":[\"https:\\\/\\\/dirtbagbrands.com\\\/product\\\/torc1-enduro-pillow-top-grip-mx-glue-on\\\/\"]}]},{\"@type\":\"ImageObject\",\"inLanguage\":\"pt-BR\",\"@id\":\"https:\\\/\\\/dirtbagbrands.com\\\/product\\\/torc1-enduro-pillow-top-grip-mx-glue-on\\\/#primaryimage\",\"url\":\"https:\\\/\\\/dirtbagbrands.com\\\/wp-content\\\/uploads\\\/2026\\\/04\\\/2000-0203.webp\",\"contentUrl\":\"https:\\\/\\\/dirtbagbrands.com\\\/wp-content\\\/uploads\\\/2026\\\/04\\\/2000-0203.webp\",\"width\":1200,\"height\":1200,\"caption\":\"Torc1 Enduro pillow top dirt bike grips MX glue-on black and blue\"},{\"@type\":\"BreadcrumbList\",\"@id\":\"https:\\\/\\\/dirtbagbrands.com\\\/product\\\/torc1-enduro-pillow-top-grip-mx-glue-on\\\/#breadcrumb\",\"itemListElement\":[{\"@type\":\"ListItem\",\"position\":1,\"name\":\"Home\",\"item\":\"https:\\\/\\\/dirtbagbrands.com\\\/\"},{\"@type\":\"ListItem\",\"position\":2,\"name\":\"Shop\",\"item\":\"https:\\\/\\\/dirtbagbrands.com\\\/shop\\\/\"},{\"@type\":\"ListItem\",\"position\":3,\"name\":\"Grips\",\"item\":\"https:\\\/\\\/dirtbagbrands.com\\\/product-category\\\/grips\\\/\"},{\"@type\":\"ListItem\",\"position\":4,\"name\":\"Pillow Top Grips\",\"item\":\"https:\\\/\\\/dirtbagbrands.com\\\/product-category\\\/grips\\\/pillow-top-grips\\\/\"},{\"@type\":\"ListItem\",\"position\":5,\"name\":\"Torc1 Enduro Pillow Top Grip (MX \u2013 Glue-On)\"}]},{\"@type\":\"WebSite\",\"@id\":\"https:\\\/\\\/dirtbagbrands.com\\\/#website\",\"url\":\"https:\\\/\\\/dirtbagbrands.com\\\/\",\"name\":\"Dirtbag Brands\",\"description\":\"Premium UTV and Dirtbike Accessories\",\"publisher\":{\"@id\":\"https:\\\/\\\/dirtbagbrands.com\\\/#organization\"},\"potentialAction\":[{\"@type\":\"SearchAction\",\"target\":{\"@type\":\"EntryPoint\",\"urlTemplate\":\"https:\\\/\\\/dirtbagbrands.com\\\/?s={search_term_string}\"},\"query-input\":{\"@type\":\"PropertyValueSpecification\",\"valueRequired\":true,\"valueName\":\"search_term_string\"}}],\"inLanguage\":\"pt-BR\"},{\"@type\":\"Organization\",\"@id\":\"https:\\\/\\\/dirtbagbrands.com\\\/#organization\",\"name\":\"Dirtbag Brands\",\"alternateName\":\"Dirtbag Brands UTV Accessories\",\"url\":\"https:\\\/\\\/dirtbagbrands.com\\\/\",\"logo\":{\"@type\":\"ImageObject\",\"inLanguage\":\"pt-BR\",\"@id\":\"https:\\\/\\\/dirtbagbrands.com\\\/#\\\/schema\\\/logo\\\/image\\\/\",\"url\":\"https:\\\/\\\/dirtbagbrands.com\\\/wp-content\\\/uploads\\\/2024\\\/07\\\/Word-Logo.webp\",\"contentUrl\":\"https:\\\/\\\/dirtbagbrands.com\\\/wp-content\\\/uploads\\\/2024\\\/07\\\/Word-Logo.webp\",\"width\":750,\"height\":750,\"caption\":\"Dirtbag Brands\"},\"image\":{\"@id\":\"https:\\\/\\\/dirtbagbrands.com\\\/#\\\/schema\\\/logo\\\/image\\\/\"},\"sameAs\":[\"https:\\\/\\\/www.facebook.com\\\/dirtbagbrands\\\/\",\"https:\\\/\\\/www.instagram.com\\\/dirtbagbrands\",\"https:\\\/\\\/www.youtube.com\\\/@dirtbagbrands\",\"https:\\\/\\\/www.pinterest.com\\\/dirtbagbrands\",\"https:\\\/\\\/www.linkedin.com\\\/company\\\/dirtbag-brands\\\/\",\"https:\\\/\\\/www.tiktok.com\\\/@dirtbagbrands\"],\"description\":\"Dirtbag Brands designs and manufactures premium billet aluminum UTV accessories engineered for performance, durability, and off-road visibility. Our IronSight mirror systems and mounting solutions are built for Polaris, Can-Am, Kawasaki, Honda, and other utility and sport side-by-side vehicles.\",\"email\":\"inquiries@dirtbagbrands.com\",\"telephone\":\"9706445566\",\"foundingDate\":\"2020-03-10\"}]}<\/script>\n<!-- \/ Yoast SEO Premium plugin. -->","yoast_head_json":{"title":"Manoplas Pillow Top para Motocross (MX) | Torc1 Enduro na Dirtbag Brands","description":"Compre manoplas Torc1 Enduro MX com superf\u00edcie acolchoada para maior conforto e redu\u00e7\u00e3o de vibra\u00e7\u00e3o. As manoplas Torc1 Enduro MX incluem cola para facilitar a instala\u00e7\u00e3o.","robots":{"index":"index","follow":"follow","max-snippet":"max-snippet:-1","max-image-preview":"max-image-preview:large","max-video-preview":"max-video-preview:-1"},"canonical":"https:\/\/dirtbagbrands.com\/pt\/product\/manopla-torc1-enduro-pillow-top-mx-com-cola\/","og_locale":"pt_BR","og_type":"article","og_title":"Torc1 Enduro Pillow Top Grip (MX \u2013 Glue-On) | Dirtbag Brands","og_description":"Torc1 Enduro Pillow Top Grip (MX \u2013 Glue-On) \u2013 Built for off-road durability. Perfect for and . Free shipping over $100!","og_url":"https:\/\/dirtbagbrands.com\/pt\/product\/manopla-torc1-enduro-pillow-top-mx-com-cola\/","og_site_name":"Dirtbag Brands","article_publisher":"https:\/\/www.facebook.com\/dirtbagbrands\/","article_modified_time":"2026-04-20T21:03:35+00:00","og_image":[{"width":1200,"height":1200,"url":"https:\/\/dirtbagbrands.com\/wp-content\/uploads\/2026\/04\/2000-0203.webp","type":"image\/png"}],"twitter_card":"summary_large_image","twitter_misc":{"Est. tempo de leitura":"1 minuto"},"schema":{"@context":"https:\/\/schema.org","@graph":[{"@type":"WebPage","@id":"https:\/\/dirtbagbrands.com\/product\/torc1-enduro-pillow-top-grip-mx-glue-on\/","url":"https:\/\/dirtbagbrands.com\/product\/torc1-enduro-pillow-top-grip-mx-glue-on\/","name":"Manoplas Pillow Top para Motocross (MX) | Torc1 Enduro na Dirtbag Brands","isPartOf":{"@id":"https:\/\/dirtbagbrands.com\/#website"},"primaryImageOfPage":{"@id":"https:\/\/dirtbagbrands.com\/product\/torc1-enduro-pillow-top-grip-mx-glue-on\/#primaryimage"},"image":{"@id":"https:\/\/dirtbagbrands.com\/product\/torc1-enduro-pillow-top-grip-mx-glue-on\/#primaryimage"},"thumbnailUrl":"https:\/\/dirtbagbrands.com\/wp-content\/uploads\/2026\/04\/2000-0203.webp","datePublished":"2026-04-14T20:20:46+00:00","dateModified":"2026-04-20T21:03:35+00:00","description":"Compre manoplas Torc1 Enduro MX com superf\u00edcie acolchoada para maior conforto e redu\u00e7\u00e3o de vibra\u00e7\u00e3o. As manoplas Torc1 Enduro MX incluem cola para facilitar a instala\u00e7\u00e3o.","breadcrumb":{"@id":"https:\/\/dirtbagbrands.com\/product\/torc1-enduro-pillow-top-grip-mx-glue-on\/#breadcrumb"},"inLanguage":"pt-BR","potentialAction":[{"@type":"ReadAction","target":["https:\/\/dirtbagbrands.com\/product\/torc1-enduro-pillow-top-grip-mx-glue-on\/"]}]},{"@type":"ImageObject","inLanguage":"pt-BR","@id":"https:\/\/dirtbagbrands.com\/product\/torc1-enduro-pillow-top-grip-mx-glue-on\/#primaryimage","url":"https:\/\/dirtbagbrands.com\/wp-content\/uploads\/2026\/04\/2000-0203.webp","contentUrl":"https:\/\/dirtbagbrands.com\/wp-content\/uploads\/2026\/04\/2000-0203.webp","width":1200,"height":1200,"caption":"Torc1 Enduro pillow top dirt bike grips MX glue-on black and blue"},{"@type":"BreadcrumbList","@id":"https:\/\/dirtbagbrands.com\/product\/torc1-enduro-pillow-top-grip-mx-glue-on\/#breadcrumb","itemListElement":[{"@type":"ListItem","position":1,"name":"Home","item":"https:\/\/dirtbagbrands.com\/"},{"@type":"ListItem","position":2,"name":"Shop","item":"https:\/\/dirtbagbrands.com\/shop\/"},{"@type":"ListItem","position":3,"name":"Grips","item":"https:\/\/dirtbagbrands.com\/product-category\/grips\/"},{"@type":"ListItem","position":4,"name":"Pillow Top Grips","item":"https:\/\/dirtbagbrands.com\/product-category\/grips\/pillow-top-grips\/"},{"@type":"ListItem","position":5,"name":"Torc1 Enduro Pillow Top Grip (MX \u2013 Glue-On)"}]},{"@type":"WebSite","@id":"https:\/\/dirtbagbrands.com\/#website","url":"https:\/\/dirtbagbrands.com\/","name":"Dirtbag Brands","description":"Acess\u00f3rios Premium para UTV e Dirtbike","publisher":{"@id":"https:\/\/dirtbagbrands.com\/#organization"},"potentialAction":[{"@type":"SearchAction","target":{"@type":"EntryPoint","urlTemplate":"https:\/\/dirtbagbrands.com\/?s={search_term_string}"},"query-input":{"@type":"PropertyValueSpecification","valueRequired":true,"valueName":"search_term_string"}}],"inLanguage":"pt-BR"},{"@type":"Organization","@id":"https:\/\/dirtbagbrands.com\/#organization","name":"Dirtbag Brands","alternateName":"Dirtbag Brands UTV Accessories","url":"https:\/\/dirtbagbrands.com\/","logo":{"@type":"ImageObject","inLanguage":"pt-BR","@id":"https:\/\/dirtbagbrands.com\/#\/schema\/logo\/image\/","url":"https:\/\/dirtbagbrands.com\/wp-content\/uploads\/2024\/07\/Word-Logo.webp","contentUrl":"https:\/\/dirtbagbrands.com\/wp-content\/uploads\/2024\/07\/Word-Logo.webp","width":750,"height":750,"caption":"Dirtbag Brands"},"image":{"@id":"https:\/\/dirtbagbrands.com\/#\/schema\/logo\/image\/"},"sameAs":["https:\/\/www.facebook.com\/dirtbagbrands\/","https:\/\/www.instagram.com\/dirtbagbrands","https:\/\/www.youtube.com\/@dirtbagbrands","https:\/\/www.pinterest.com\/dirtbagbrands","https:\/\/www.linkedin.com\/company\/dirtbag-brands\/","https:\/\/www.tiktok.com\/@dirtbagbrands"],"description":"A Dirtbag Brands projeta e fabrica acess\u00f3rios premium em alum\u00ednio billet para UTVs, desenvolvidos para desempenho, durabilidade e visibilidade off-road. Nossos sistemas de espelhos e solu\u00e7\u00f5es de montagem IronSight s\u00e3o compat\u00edveis com ve\u00edculos utilit\u00e1rios e esportivos side-by-side das marcas Polaris, Can-Am, Kawasaki, Honda e outras.","email":"inquiries@dirtbagbrands.com","telephone":"9706445566","foundingDate":"2020-03-10"}]}},"_links":{"self":[{"href":"https:\/\/dirtbagbrands.com\/pt\/wp-json\/wp\/v2\/product\/5040","targetHints":{"allow":["GET"]}}],"collection":[{"href":"https:\/\/dirtbagbrands.com\/pt\/wp-json\/wp\/v2\/product"}],"about":[{"href":"https:\/\/dirtbagbrands.com\/pt\/wp-json\/wp\/v2\/types\/product"}],"replies":[{"embeddable":true,"href":"https:\/\/dirtbagbrands.com\/pt\/wp-json\/wp\/v2\/comments?post=5040"}],"wp:featuredmedia":[{"embeddable":true,"href":"https:\/\/dirtbagbrands.com\/pt\/wp-json\/wp\/v2\/media\/5053"}],"wp:attachment":[{"href":"https:\/\/dirtbagbrands.com\/pt\/wp-json\/wp\/v2\/media?parent=5040"}],"wp:term":[{"taxonomy":"product_brand","embeddable":true,"href":"https:\/\/dirtbagbrands.com\/pt\/wp-json\/wp\/v2\/product_brand?post=5040"},{"taxonomy":"product_cat","embeddable":true,"href":"https:\/\/dirtbagbrands.com\/pt\/wp-json\/wp\/v2\/product_cat?post=5040"},{"taxonomy":"product_tag","embeddable":true,"href":"https:\/\/dirtbagbrands.com\/pt\/wp-json\/wp\/v2\/product_tag?post=5040"}],"curies":[{"name":"wp","href":"https:\/\/api.w.org\/{rel}","templated":true}]}}