{"id":151,"date":"2024-03-13T21:02:07","date_gmt":"2024-03-13T21:02:07","guid":{"rendered":"https:\/\/dirtbagbrands.com\/?post_type=product&#038;p=151"},"modified":"2026-04-29T21:12:47","modified_gmt":"2026-04-29T21:12:47","slug":"suporte-rotopax-para-utv-em-aluminio-6061-da-dirtbag-brands","status":"publish","type":"product","link":"https:\/\/dirtbagbrands.com\/pt\/product\/dirtbag-brands-6061-billet-utv-rotopax-mount\/","title":{"rendered":"Suporte para UTV Rotopax da Dirtbag Brands"},"content":{"rendered":"<div id=\"9542726c-17ba-45f2-ac4b-daa24740240e\" class=\"x-el x-el-div x-el c1-1 c1-2 c1-18 c1-5i c1-4 c1-8q c1-8r c1-42 c1-8s c1-8n c1-b c1-c c1-8t c1-8u c1-d c1-e c1-f c1-g c1-1 c1-2 c1-b c1-c c1-d c1-e c1-f c1-g\" data-ux=\"ContentBasic\">\n<p data-start=\"95\" data-end=\"156\">Melhore o desempenho do seu UTV com o \u00fanico suporte Rotopax totalmente usinado em alum\u00ednio do mercado. Projetado para se encaixar em ve\u00edculos com barra de prote\u00e7\u00e3o redonda, como Polaris RZR Pro R, RZR Pro XP, Can-Am Maverick X3, Maverick R, Honda Talon e Kawasaki KRX, este suporte facilita e torna mais seguro o transporte de combust\u00edvel ou \u00e1gua. Inclui tamb\u00e9m rota\u00e7\u00e3o completa de 360\u00b0 para posicionamento ideal no seu ve\u00edculo.<\/p>\n<hr data-start=\"889\" data-end=\"892\" \/>\n<h2 data-start=\"894\" data-end=\"936\">Por que escolher nosso suporte Rotopax?<\/h2>\n<ul>\n<li data-start=\"716\" data-end=\"857\">\n<p data-start=\"718\" data-end=\"857\"><strong data-start=\"718\" data-end=\"734\">Kit completo<\/strong> \u2013 Ao contr\u00e1rio dos concorrentes, voc\u00ea n\u00e3o precisa juntar pe\u00e7as extras. Tudo o que voc\u00ea precisa para montar e sair pedalando est\u00e1 inclu\u00eddo.<\/p>\n<\/li>\n<li data-start=\"858\" data-end=\"979\">\n<p data-start=\"860\" data-end=\"979\"><strong data-start=\"860\" data-end=\"897\">Constru\u00e7\u00e3o em alum\u00ednio usinado 6061<\/strong> \u2013 Constru\u00eddo para resistir aos terrenos mais dif\u00edceis, desde dunas no deserto at\u00e9 trilhas remotas.<\/p>\n<\/li>\n<li data-start=\"980\" data-end=\"1096\">\n<p data-start=\"982\" data-end=\"1096\"><strong data-start=\"982\" data-end=\"1008\">Encaixe de barra de prote\u00e7\u00e3o redonda<\/strong> \u2013 Encaixe perfeito para m\u00e1quinas com gaiolas redondas, garantindo que n\u00e3o haja ru\u00eddos nem d\u00favidas.<\/p>\n<\/li>\n<li data-start=\"1097\" data-end=\"1178\">\n<p data-start=\"1099\" data-end=\"1178\"><strong data-start=\"1099\" data-end=\"1115\">Testado em trilhas<\/strong> \u2013 Durabilidade comprovada em configura\u00e7\u00f5es RZR, Maverick, Talon e KRX.<\/p>\n<\/li>\n<\/ul>\n<hr data-start=\"1561\" data-end=\"1564\" \/>\n<h2 data-start=\"1566\" data-end=\"1606\">Encaixe preciso para os melhores modelos<\/h2>\n<ul>\n<li data-start=\"1219\" data-end=\"1318\">\n<p data-start=\"1221\" data-end=\"1318\"><strong data-start=\"1221\" data-end=\"1255\">Polaris RZR Pro R e RZR Pro XP<\/strong> \u2013 Projetado para gaiolas de alto desempenho e terrenos extremos.<\/p>\n<\/li>\n<li data-start=\"1319\" data-end=\"1412\">\n<p data-start=\"1321\" data-end=\"1412\"><strong data-start=\"1321\" data-end=\"1356\">Can-Am Maverick X3 e Maverick R<\/strong> \u2013 Fixa\u00e7\u00e3o limpa e segura que n\u00e3o se desloca nem vibra.<\/p>\n<\/li>\n<li data-start=\"1413\" data-end=\"1489\">\n<p data-start=\"1415\" data-end=\"1489\"><strong data-start=\"1415\" data-end=\"1430\">Honda Talon<\/strong> \u2013 Compatibilidade direta para constru\u00e7\u00f5es em deserto e trilhas.<\/p>\n<\/li>\n<li data-start=\"1490\" data-end=\"1583\">\n<p data-start=\"1492\" data-end=\"1583\"><strong data-start=\"1492\" data-end=\"1508\">Kawasaki KRX<\/strong> \u2013 Instala\u00e7\u00e3o extremamente robusta para motoristas exigentes que buscam confiabilidade.<\/p>\n<\/li>\n<\/ul>\n<hr data-start=\"2204\" data-end=\"2207\" \/>\n<h2 data-start=\"2209\" data-end=\"2248\"><strong data-start=\"2212\" data-end=\"2246\">Instala\u00e7\u00e3o f\u00e1cil e sem complica\u00e7\u00f5es<\/strong><\/h2>\n<h3 data-start=\"2250\" data-end=\"2282\"><strong data-start=\"2254\" data-end=\"2280\">\u00a0N\u00e3o \u00e9 necess\u00e1rio furar.<\/strong><\/h3>\n<ul data-start=\"2283\" data-end=\"2404\">\n<li data-start=\"2283\" data-end=\"2350\"><strong data-start=\"2285\" data-end=\"2309\">Instala\u00e7\u00e3o aparafusada<\/strong> significa que voc\u00ea pode <strong data-start=\"2324\" data-end=\"2347\">Monte-o em minutos<\/strong>.<\/li>\n<li data-start=\"2351\" data-end=\"2404\">N\u00e3o h\u00e1 necessidade de modifica\u00e7\u00f5es\u2014apenas <strong data-start=\"2384\" data-end=\"2401\">seguro e pronto<\/strong>.<\/li>\n<\/ul>\n<h3 data-start=\"2406\" data-end=\"2460\"><strong data-start=\"2410\" data-end=\"2458\">\u00a0Compat\u00edvel com recipientes de combust\u00edvel e \u00e1gua Rotopax.<\/strong><\/h3>\n<ul data-start=\"2461\" data-end=\"2593\">\n<li data-start=\"2461\" data-end=\"2527\"><strong data-start=\"2463\" data-end=\"2524\">Comporta recipientes Rotopax de 1, 2 e 3 gal\u00f5es.<\/strong>.<\/li>\n<li data-start=\"2528\" data-end=\"2593\"><strong data-start=\"2530\" data-end=\"2576\">Projetado para armazenamento seguro de combust\u00edvel e \u00e1gua.<\/strong> em viagens longas.<\/li>\n<\/ul>\n<h3 data-start=\"2595\" data-end=\"2649\"><strong data-start=\"2599\" data-end=\"2647\">\u00a0Sistema de travamento com 4 parafusos para m\u00e1xima seguran\u00e7a.<\/strong><\/h3>\n<ul data-start=\"2650\" data-end=\"2762\">\n<li data-start=\"2650\" data-end=\"2700\"><strong data-start=\"2652\" data-end=\"2697\">Parafusos refor\u00e7ados mant\u00eam tudo no lugar.<\/strong>.<\/li>\n<li data-start=\"2701\" data-end=\"2762\">Impede que se desloque ou fa\u00e7a barulho, mesmo em <strong data-start=\"2742\" data-end=\"2759\">terreno acidentado<\/strong>.<\/li>\n<\/ul>\n<hr data-start=\"2764\" data-end=\"2767\" \/>\n<h2 data-start=\"2769\" data-end=\"2812\"><strong data-start=\"2772\" data-end=\"2810\">Por que escolher este suporte Rotopax para UTV?<\/strong><\/h2>\n<p data-start=\"2814\" data-end=\"3373\">\u2714 <strong data-start=\"2816\" data-end=\"2864\">Melhor suporte para Rotopax para RZR e Can-Am Maverick<\/strong> \u2013 Projetado para <strong data-start=\"2880\" data-end=\"2909\">Propriet\u00e1rios de Polaris e Can-Am<\/strong> que precisam de um <strong data-start=\"2921\" data-end=\"2956\">Suporte confi\u00e1vel e f\u00e1cil de instalar<\/strong>.<br data-start=\"2957\" data-end=\"2960\" \/>\u2714 <b>Perfeito para todos os UTVs esportivos com barra de prote\u00e7\u00e3o.\u00a0<\/b>Compat\u00edvel com todas as barras de prote\u00e7\u00e3o dispon\u00edveis no mercado com di\u00e2metro de 1,5 a 2 polegadas.\u00a0<br data-start=\"3077\" data-end=\"3080\" \/>\u2714 <strong data-start=\"3082\" data-end=\"3112\">Constru\u00eddo para condi\u00e7\u00f5es extremas<\/strong> \u2013 Al\u00e7as <strong data-start=\"3123\" data-end=\"3159\">Calor do deserto, chuva, lama e neve.<\/strong> Sem danos.<br data-start=\"3175\" data-end=\"3178\" \/>\u2714 <strong data-start=\"3180\" data-end=\"3205\">Leve, por\u00e9m resistente<\/strong> \u2013 Design em alum\u00ednio 6061 <strong data-start=\"3224\" data-end=\"3244\">mant\u00e9m o peso baixo<\/strong> enquanto fornecia <strong data-start=\"3261\" data-end=\"3283\">durabilidade m\u00e1xima<\/strong>.<br data-start=\"3284\" data-end=\"3287\" \/>\u2714 <strong data-start=\"3289\" data-end=\"3322\">Instala\u00e7\u00e3o r\u00e1pida e sem complica\u00e7\u00f5es<\/strong> \u2013 <strong data-start=\"3325\" data-end=\"3370\">N\u00e3o requer perfura\u00e7\u00e3o nem configura\u00e7\u00e3o complicada.<\/strong>.<\/p>\n<hr data-start=\"3375\" data-end=\"3378\" \/>\n<h2 data-start=\"3380\" data-end=\"3426\"><strong data-start=\"3383\" data-end=\"3424\">Como instalar o suporte Rotopax para UTV<\/strong><\/h2>\n<p data-start=\"3428\" data-end=\"3678\">1\ufe0f\u20e3 <strong data-start=\"3432\" data-end=\"3452\">Fixe o suporte<\/strong> para o seu <strong data-start=\"3461\" data-end=\"3478\">Gaiola de prote\u00e7\u00e3o para UTV<\/strong> usando o inclu\u00eddo <strong data-start=\"3498\" data-end=\"3524\">bloco de montagem multifuncional<\/strong>.<br data-start=\"3525\" data-end=\"3528\" \/>2\ufe0f\u20e3 <strong data-start=\"3532\" data-end=\"3563\">Tranque seu cont\u00eainer Rotomax<\/strong> no lugar e aperte por um <strong data-start=\"3591\" data-end=\"3606\">reten\u00e7\u00e3o segura<\/strong>.<br data-start=\"3607\" data-end=\"3610\" \/>3\ufe0f\u20e3 <strong data-start=\"3614\" data-end=\"3637\">Verificar estabilidade<\/strong> e partir para a trilha com <strong data-start=\"3661\" data-end=\"3676\">confian\u00e7a!<\/strong><\/p>\n<p data-start=\"3680\" data-end=\"3733\"><strong data-start=\"3680\" data-end=\"3731\">\ud83d\udd27 Instala\u00e7\u00e3o em minutos \u2014 somente com chaves Allen!<\/strong><\/p>\n<hr data-start=\"3735\" data-end=\"3738\" \/>\n<h2 data-start=\"3740\" data-end=\"3789\"><strong data-start=\"3743\" data-end=\"3787\">Melhore seu UTV para aventuras off-road<\/strong><\/h2>\n<p data-start=\"3791\" data-end=\"3937\">Esse <strong data-start=\"3796\" data-end=\"3817\">Suporte Rotopax UTV<\/strong> \u00c9 apenas o come\u00e7o. Para equipar totalmente o seu ve\u00edculo, considere combin\u00e1-lo com o nosso... <strong data-start=\"3896\" data-end=\"3934\">outros acess\u00f3rios de alto desempenho<\/strong>:<\/p>\n<p data-start=\"3939\" data-end=\"4115\">\u2705 <a href=\"https:\/\/dirtbagbrands.com\/pt\/product\/suporte-de-luz-de-antena-utv-usinado\/\"><strong data-start=\"3941\" data-end=\"3955\">Suporte para chicote<\/strong> <\/a>\u2013 Mant\u00e9m seu <strong data-start=\"3969\" data-end=\"3994\">Luz de chicote UTV segura<\/strong>, mesmo em altas velocidades.<br data-start=\"4016\" data-end=\"4019\" \/>\u2705 <a href=\"https:\/\/dirtbagbrands.com\/pt\/product\/suporte-para-extintor-de-incendio-legacy-360-com-engate-rapido\/\"><strong data-start=\"4021\" data-end=\"4048\">Suporte para extintor de inc\u00eandio<\/strong><\/a> \u2013 A <strong data-start=\"4053\" data-end=\"4095\">suporte de extintor de inc\u00eandio de libera\u00e7\u00e3o r\u00e1pida<\/strong> Para maior seguran\u00e7a.<\/p>\n<p data-start=\"4117\" data-end=\"4185\">Com o equipamento certo, seu UTV estar\u00e1 <strong data-start=\"4155\" data-end=\"4182\">Pronto para qualquer aventura<\/strong>.<\/p>\n<hr data-start=\"4187\" data-end=\"4190\" \/>\n<h2 data-start=\"4192\" data-end=\"4240\"><strong data-start=\"4195\" data-end=\"4238\">Encomende hoje mesmo o melhor suporte Rotopax para UTV!<\/strong><\/h2>\n<p data-start=\"4242\" data-end=\"4487\">Leve o seu <strong data-start=\"4252\" data-end=\"4315\">O armazenamento de combust\u00edvel e a capacidade off-road dos UTVs foram elevados a um novo patamar.<\/strong> com isso <strong data-start=\"4326\" data-end=\"4360\">Suporte Rotopax robusto e confi\u00e1vel<\/strong>. Constru\u00eddo para <strong data-start=\"4372\" data-end=\"4414\">Polaris RZR, Can-Am Maverick e muito mais<\/strong>, \u00e9 o <strong data-start=\"4425\" data-end=\"4484\">Suporte Rotopax mais resistente e f\u00e1cil de instalar dispon\u00edvel.<\/strong>.<\/p>\n<p data-start=\"4489\" data-end=\"4555\">\ud83d\udce6 <strong data-start=\"4492\" data-end=\"4553\">Fa\u00e7a seu pedido agora e prepare-se para sua pr\u00f3xima aventura off-road!<\/strong><\/p>\n<p>&nbsp;<\/p>\n<\/div>","protected":false},"excerpt":{"rendered":"<p>&nbsp;<\/p>\n<p>Nosso suporte universal para UTV, compat\u00edvel com Rotopax, \u00e9 forjado para ser um recurso indispens\u00e1vel nas trilhas e se encaixa em todas as barras de prote\u00e7\u00e3o com di\u00e2metro de 1,5 a 2 polegadas. Seja para transportar combust\u00edvel extra para aventuras em locais desconhecidos ou levar \u00e1gua extra, temos a solu\u00e7\u00e3o ideal. O \u00fanico conjunto completo no mercado com encaixe universal. Usinado com precis\u00e3o em alum\u00ednio 6061.<\/p>","protected":false},"featured_media":2949,"comment_status":"closed","ping_status":"closed","template":"","meta":{"saved_in_kubio":false,"_coblocks_attr":"","_coblocks_dimensions":"","_coblocks_responsive_height":"","_coblocks_accordion_ie_support":""},"product_brand":[],"product_cat":[354,375,376,355,356,372,349,340,366,365,357],"product_tag":[],"class_list":{"0":"post-151","1":"product","2":"type-product","3":"status-publish","4":"has-post-thumbnail","6":"product_cat-can-am-maverick-accessories","7":"product_cat-can-am-maverick-r-accessories","8":"product_cat-can-am-maverick-x3-accessories","9":"product_cat-honda-talon-pioneer-accessories","10":"product_cat-kawasaki-round-roll-bar-accessories","11":"product_cat-polaris-ranger-500-accessories","12":"product_cat-polaris-rzr-accessories","13":"product_cat-roll-bar-mounted-accessories","14":"product_cat-segway-villain-accessories","15":"product_cat-utv-rotopax-mounts","16":"product_cat-yamaha-wolverine-rmax-accessories","17":"product_shipping_class-international-allowed","19":"first","20":"instock","21":"taxable","22":"shipping-taxable","23":"purchasable","24":"product-type-simple"},"yoast_head":"<!-- This site is optimized with the Yoast SEO Premium plugin v27.5 (Yoast SEO v27.5) - https:\/\/yoast.com\/product\/yoast-seo-premium-wordpress\/ -->\n<title>UTV Rotopax Mount for Polaris, Can-Am, Honda, Kawasaki &amp; More<\/title>\n<meta name=\"description\" content=\"Shop the only complete Rotopax UTV mount on the market, designed for 1.5-2in roll bars. Fits Polaris, Can-Am, Honda, Kawasaki, and more.\" \/>\n<meta name=\"robots\" content=\"index, follow, max-snippet:-1, max-image-preview:large, max-video-preview:-1\" \/>\n<link rel=\"canonical\" href=\"https:\/\/dirtbagbrands.com\/pt\/product\/suporte-rotopax-para-utv-em-aluminio-6061-da-dirtbag-brands\/\" \/>\n<meta property=\"og:locale\" content=\"pt_BR\" \/>\n<meta property=\"og:type\" content=\"article\" \/>\n<meta property=\"og:title\" content=\"Dirtbag Brands Rotopax UTV Mount | Dirtbag Brands\" \/>\n<meta property=\"og:description\" content=\"Dirtbag Brands Rotopax UTV Mount \u2013 Built for off-road durability. Perfect for and . Free shipping over $100!\" \/>\n<meta property=\"og:url\" content=\"https:\/\/dirtbagbrands.com\/pt\/product\/suporte-rotopax-para-utv-em-aluminio-6061-da-dirtbag-brands\/\" \/>\n<meta property=\"og:site_name\" content=\"Dirtbag Brands\" \/>\n<meta property=\"article:publisher\" content=\"https:\/\/www.facebook.com\/dirtbagbrands\/\" \/>\n<meta property=\"article:modified_time\" content=\"2026-04-29T21:12:47+00:00\" \/>\n<meta property=\"og:image\" content=\"https:\/\/dirtbagbrands.com\/wp-content\/uploads\/2024\/03\/utv-rotopax-mount.webp\" \/>\n\t<meta property=\"og:image:width\" content=\"1728\" \/>\n\t<meta property=\"og:image:height\" content=\"1728\" \/>\n\t<meta property=\"og:image:type\" content=\"image\/png\" \/>\n<meta name=\"twitter:card\" content=\"summary_large_image\" \/>\n<meta name=\"twitter:label1\" content=\"Est. tempo de leitura\" \/>\n\t<meta name=\"twitter:data1\" content=\"3 minutos\" \/>\n<script type=\"application\/ld+json\" class=\"yoast-schema-graph\">{\"@context\":\"https:\\\/\\\/schema.org\",\"@graph\":[{\"@type\":\"WebPage\",\"@id\":\"https:\\\/\\\/dirtbagbrands.com\\\/product\\\/dirtbag-brands-6061-billet-utv-rotopax-mount\\\/\",\"url\":\"https:\\\/\\\/dirtbagbrands.com\\\/product\\\/dirtbag-brands-6061-billet-utv-rotopax-mount\\\/\",\"name\":\"UTV Rotopax Mount for Polaris, Can-Am, Honda, Kawasaki & More\",\"isPartOf\":{\"@id\":\"https:\\\/\\\/dirtbagbrands.com\\\/#website\"},\"primaryImageOfPage\":{\"@id\":\"https:\\\/\\\/dirtbagbrands.com\\\/product\\\/dirtbag-brands-6061-billet-utv-rotopax-mount\\\/#primaryimage\"},\"image\":{\"@id\":\"https:\\\/\\\/dirtbagbrands.com\\\/product\\\/dirtbag-brands-6061-billet-utv-rotopax-mount\\\/#primaryimage\"},\"thumbnailUrl\":\"https:\\\/\\\/dirtbagbrands.com\\\/wp-content\\\/uploads\\\/2024\\\/03\\\/utv-rotopax-mount.webp\",\"datePublished\":\"2024-03-13T21:02:07+00:00\",\"dateModified\":\"2026-04-29T21:12:47+00:00\",\"description\":\"Shop the only complete Rotopax UTV mount on the market, designed for 1.5-2in roll bars. Fits Polaris, Can-Am, Honda, Kawasaki, and more.\",\"breadcrumb\":{\"@id\":\"https:\\\/\\\/dirtbagbrands.com\\\/product\\\/dirtbag-brands-6061-billet-utv-rotopax-mount\\\/#breadcrumb\"},\"inLanguage\":\"pt-BR\",\"potentialAction\":[{\"@type\":\"ReadAction\",\"target\":[\"https:\\\/\\\/dirtbagbrands.com\\\/product\\\/dirtbag-brands-6061-billet-utv-rotopax-mount\\\/\"]}]},{\"@type\":\"ImageObject\",\"inLanguage\":\"pt-BR\",\"@id\":\"https:\\\/\\\/dirtbagbrands.com\\\/product\\\/dirtbag-brands-6061-billet-utv-rotopax-mount\\\/#primaryimage\",\"url\":\"https:\\\/\\\/dirtbagbrands.com\\\/wp-content\\\/uploads\\\/2024\\\/03\\\/utv-rotopax-mount.webp\",\"contentUrl\":\"https:\\\/\\\/dirtbagbrands.com\\\/wp-content\\\/uploads\\\/2024\\\/03\\\/utv-rotopax-mount.webp\",\"width\":1728,\"height\":1728,\"caption\":\"rotopax utv mount for polaris rzr can am maverick kawasaki krx and honda talon and more\"},{\"@type\":\"BreadcrumbList\",\"@id\":\"https:\\\/\\\/dirtbagbrands.com\\\/product\\\/dirtbag-brands-6061-billet-utv-rotopax-mount\\\/#breadcrumb\",\"itemListElement\":[{\"@type\":\"ListItem\",\"position\":1,\"name\":\"Home\",\"item\":\"https:\\\/\\\/dirtbagbrands.com\\\/\"},{\"@type\":\"ListItem\",\"position\":2,\"name\":\"Shop\",\"item\":\"https:\\\/\\\/dirtbagbrands.com\\\/shop\\\/\"},{\"@type\":\"ListItem\",\"position\":3,\"name\":\"Shop UTV Accessories by Machine\",\"item\":\"https:\\\/\\\/dirtbagbrands.com\\\/product-category\\\/vehicle-specific-utv-accessories\\\/\"},{\"@type\":\"ListItem\",\"position\":4,\"name\":\"Can-Am Maverick Accessories\",\"item\":\"https:\\\/\\\/dirtbagbrands.com\\\/product-category\\\/vehicle-specific-utv-accessories\\\/can-am-maverick-accessories\\\/\"},{\"@type\":\"ListItem\",\"position\":5,\"name\":\"Dirtbag Brands Rotopax UTV Mount\"}]},{\"@type\":\"WebSite\",\"@id\":\"https:\\\/\\\/dirtbagbrands.com\\\/#website\",\"url\":\"https:\\\/\\\/dirtbagbrands.com\\\/\",\"name\":\"Dirtbag Brands\",\"description\":\"Premium UTV and Dirtbike Accessories\",\"publisher\":{\"@id\":\"https:\\\/\\\/dirtbagbrands.com\\\/#organization\"},\"potentialAction\":[{\"@type\":\"SearchAction\",\"target\":{\"@type\":\"EntryPoint\",\"urlTemplate\":\"https:\\\/\\\/dirtbagbrands.com\\\/?s={search_term_string}\"},\"query-input\":{\"@type\":\"PropertyValueSpecification\",\"valueRequired\":true,\"valueName\":\"search_term_string\"}}],\"inLanguage\":\"pt-BR\"},{\"@type\":\"Organization\",\"@id\":\"https:\\\/\\\/dirtbagbrands.com\\\/#organization\",\"name\":\"Dirtbag Brands\",\"alternateName\":\"Dirtbag Brands UTV Accessories\",\"url\":\"https:\\\/\\\/dirtbagbrands.com\\\/\",\"logo\":{\"@type\":\"ImageObject\",\"inLanguage\":\"pt-BR\",\"@id\":\"https:\\\/\\\/dirtbagbrands.com\\\/#\\\/schema\\\/logo\\\/image\\\/\",\"url\":\"https:\\\/\\\/dirtbagbrands.com\\\/wp-content\\\/uploads\\\/2024\\\/07\\\/Word-Logo.webp\",\"contentUrl\":\"https:\\\/\\\/dirtbagbrands.com\\\/wp-content\\\/uploads\\\/2024\\\/07\\\/Word-Logo.webp\",\"width\":750,\"height\":750,\"caption\":\"Dirtbag Brands\"},\"image\":{\"@id\":\"https:\\\/\\\/dirtbagbrands.com\\\/#\\\/schema\\\/logo\\\/image\\\/\"},\"sameAs\":[\"https:\\\/\\\/www.facebook.com\\\/dirtbagbrands\\\/\",\"https:\\\/\\\/www.instagram.com\\\/dirtbagbrands\",\"https:\\\/\\\/www.youtube.com\\\/@dirtbagbrands\",\"https:\\\/\\\/www.pinterest.com\\\/dirtbagbrands\",\"https:\\\/\\\/www.linkedin.com\\\/company\\\/dirtbag-brands\\\/\",\"https:\\\/\\\/www.tiktok.com\\\/@dirtbagbrands\"],\"description\":\"Dirtbag Brands designs and manufactures premium billet aluminum UTV accessories engineered for performance, durability, and off-road visibility. Our IronSight mirror systems and mounting solutions are built for Polaris, Can-Am, Kawasaki, Honda, and other utility and sport side-by-side vehicles.\",\"email\":\"inquiries@dirtbagbrands.com\",\"telephone\":\"9706445566\",\"foundingDate\":\"2020-03-10\"}]}<\/script>\n<!-- \/ Yoast SEO Premium plugin. -->","yoast_head_json":{"title":"Suporte Rotopax para UTV compat\u00edvel com Polaris, Can-Am, Honda, Kawasaki e outras marcas.","description":"Adquira o \u00fanico suporte completo Rotopax para UTV do mercado, projetado para barras de prote\u00e7\u00e3o de 1,5 a 2 polegadas. Compat\u00edvel com Polaris, Can-Am, Honda, Kawasaki e muito mais.","robots":{"index":"index","follow":"follow","max-snippet":"max-snippet:-1","max-image-preview":"max-image-preview:large","max-video-preview":"max-video-preview:-1"},"canonical":"https:\/\/dirtbagbrands.com\/pt\/product\/suporte-rotopax-para-utv-em-aluminio-6061-da-dirtbag-brands\/","og_locale":"pt_BR","og_type":"article","og_title":"Dirtbag Brands Rotopax UTV Mount | Dirtbag Brands","og_description":"Dirtbag Brands Rotopax UTV Mount \u2013 Built for off-road durability. Perfect for and . Free shipping over $100!","og_url":"https:\/\/dirtbagbrands.com\/pt\/product\/suporte-rotopax-para-utv-em-aluminio-6061-da-dirtbag-brands\/","og_site_name":"Dirtbag Brands","article_publisher":"https:\/\/www.facebook.com\/dirtbagbrands\/","article_modified_time":"2026-04-29T21:12:47+00:00","og_image":[{"width":1728,"height":1728,"url":"https:\/\/dirtbagbrands.com\/wp-content\/uploads\/2024\/03\/utv-rotopax-mount.webp","type":"image\/png"}],"twitter_card":"summary_large_image","twitter_misc":{"Est. tempo de leitura":"3 minutos"},"schema":{"@context":"https:\/\/schema.org","@graph":[{"@type":"WebPage","@id":"https:\/\/dirtbagbrands.com\/product\/dirtbag-brands-6061-billet-utv-rotopax-mount\/","url":"https:\/\/dirtbagbrands.com\/product\/dirtbag-brands-6061-billet-utv-rotopax-mount\/","name":"Suporte Rotopax para UTV compat\u00edvel com Polaris, Can-Am, Honda, Kawasaki e outras marcas.","isPartOf":{"@id":"https:\/\/dirtbagbrands.com\/#website"},"primaryImageOfPage":{"@id":"https:\/\/dirtbagbrands.com\/product\/dirtbag-brands-6061-billet-utv-rotopax-mount\/#primaryimage"},"image":{"@id":"https:\/\/dirtbagbrands.com\/product\/dirtbag-brands-6061-billet-utv-rotopax-mount\/#primaryimage"},"thumbnailUrl":"https:\/\/dirtbagbrands.com\/wp-content\/uploads\/2024\/03\/utv-rotopax-mount.webp","datePublished":"2024-03-13T21:02:07+00:00","dateModified":"2026-04-29T21:12:47+00:00","description":"Adquira o \u00fanico suporte completo Rotopax para UTV do mercado, projetado para barras de prote\u00e7\u00e3o de 1,5 a 2 polegadas. Compat\u00edvel com Polaris, Can-Am, Honda, Kawasaki e muito mais.","breadcrumb":{"@id":"https:\/\/dirtbagbrands.com\/product\/dirtbag-brands-6061-billet-utv-rotopax-mount\/#breadcrumb"},"inLanguage":"pt-BR","potentialAction":[{"@type":"ReadAction","target":["https:\/\/dirtbagbrands.com\/product\/dirtbag-brands-6061-billet-utv-rotopax-mount\/"]}]},{"@type":"ImageObject","inLanguage":"pt-BR","@id":"https:\/\/dirtbagbrands.com\/product\/dirtbag-brands-6061-billet-utv-rotopax-mount\/#primaryimage","url":"https:\/\/dirtbagbrands.com\/wp-content\/uploads\/2024\/03\/utv-rotopax-mount.webp","contentUrl":"https:\/\/dirtbagbrands.com\/wp-content\/uploads\/2024\/03\/utv-rotopax-mount.webp","width":1728,"height":1728,"caption":"rotopax utv mount for polaris rzr can am maverick kawasaki krx and honda talon and more"},{"@type":"BreadcrumbList","@id":"https:\/\/dirtbagbrands.com\/product\/dirtbag-brands-6061-billet-utv-rotopax-mount\/#breadcrumb","itemListElement":[{"@type":"ListItem","position":1,"name":"Home","item":"https:\/\/dirtbagbrands.com\/"},{"@type":"ListItem","position":2,"name":"Shop","item":"https:\/\/dirtbagbrands.com\/shop\/"},{"@type":"ListItem","position":3,"name":"Shop UTV Accessories by Machine","item":"https:\/\/dirtbagbrands.com\/product-category\/vehicle-specific-utv-accessories\/"},{"@type":"ListItem","position":4,"name":"Can-Am Maverick Accessories","item":"https:\/\/dirtbagbrands.com\/product-category\/vehicle-specific-utv-accessories\/can-am-maverick-accessories\/"},{"@type":"ListItem","position":5,"name":"Dirtbag Brands Rotopax UTV Mount"}]},{"@type":"WebSite","@id":"https:\/\/dirtbagbrands.com\/#website","url":"https:\/\/dirtbagbrands.com\/","name":"Dirtbag Brands","description":"Acess\u00f3rios Premium para UTV e Dirtbike","publisher":{"@id":"https:\/\/dirtbagbrands.com\/#organization"},"potentialAction":[{"@type":"SearchAction","target":{"@type":"EntryPoint","urlTemplate":"https:\/\/dirtbagbrands.com\/?s={search_term_string}"},"query-input":{"@type":"PropertyValueSpecification","valueRequired":true,"valueName":"search_term_string"}}],"inLanguage":"pt-BR"},{"@type":"Organization","@id":"https:\/\/dirtbagbrands.com\/#organization","name":"Dirtbag Brands","alternateName":"Dirtbag Brands UTV Accessories","url":"https:\/\/dirtbagbrands.com\/","logo":{"@type":"ImageObject","inLanguage":"pt-BR","@id":"https:\/\/dirtbagbrands.com\/#\/schema\/logo\/image\/","url":"https:\/\/dirtbagbrands.com\/wp-content\/uploads\/2024\/07\/Word-Logo.webp","contentUrl":"https:\/\/dirtbagbrands.com\/wp-content\/uploads\/2024\/07\/Word-Logo.webp","width":750,"height":750,"caption":"Dirtbag Brands"},"image":{"@id":"https:\/\/dirtbagbrands.com\/#\/schema\/logo\/image\/"},"sameAs":["https:\/\/www.facebook.com\/dirtbagbrands\/","https:\/\/www.instagram.com\/dirtbagbrands","https:\/\/www.youtube.com\/@dirtbagbrands","https:\/\/www.pinterest.com\/dirtbagbrands","https:\/\/www.linkedin.com\/company\/dirtbag-brands\/","https:\/\/www.tiktok.com\/@dirtbagbrands"],"description":"A Dirtbag Brands projeta e fabrica acess\u00f3rios premium em alum\u00ednio billet para UTVs, desenvolvidos para desempenho, durabilidade e visibilidade off-road. Nossos sistemas de espelhos e solu\u00e7\u00f5es de montagem IronSight s\u00e3o compat\u00edveis com ve\u00edculos utilit\u00e1rios e esportivos side-by-side das marcas Polaris, Can-Am, Kawasaki, Honda e outras.","email":"inquiries@dirtbagbrands.com","telephone":"9706445566","foundingDate":"2020-03-10"}]}},"_links":{"self":[{"href":"https:\/\/dirtbagbrands.com\/pt\/wp-json\/wp\/v2\/product\/151","targetHints":{"allow":["GET"]}}],"collection":[{"href":"https:\/\/dirtbagbrands.com\/pt\/wp-json\/wp\/v2\/product"}],"about":[{"href":"https:\/\/dirtbagbrands.com\/pt\/wp-json\/wp\/v2\/types\/product"}],"replies":[{"embeddable":true,"href":"https:\/\/dirtbagbrands.com\/pt\/wp-json\/wp\/v2\/comments?post=151"}],"wp:featuredmedia":[{"embeddable":true,"href":"https:\/\/dirtbagbrands.com\/pt\/wp-json\/wp\/v2\/media\/2949"}],"wp:attachment":[{"href":"https:\/\/dirtbagbrands.com\/pt\/wp-json\/wp\/v2\/media?parent=151"}],"wp:term":[{"taxonomy":"product_brand","embeddable":true,"href":"https:\/\/dirtbagbrands.com\/pt\/wp-json\/wp\/v2\/product_brand?post=151"},{"taxonomy":"product_cat","embeddable":true,"href":"https:\/\/dirtbagbrands.com\/pt\/wp-json\/wp\/v2\/product_cat?post=151"},{"taxonomy":"product_tag","embeddable":true,"href":"https:\/\/dirtbagbrands.com\/pt\/wp-json\/wp\/v2\/product_tag?post=151"}],"curies":[{"name":"wp","href":"https:\/\/api.w.org\/{rel}","templated":true}]}}