{"id":146,"date":"2024-03-13T20:49:48","date_gmt":"2024-03-13T20:49:48","guid":{"rendered":"https:\/\/dirtbagbrands.com\/?post_type=product&#038;p=146"},"modified":"2026-04-17T18:45:28","modified_gmt":"2026-04-17T18:45:28","slug":"suporte-de-luz-de-antena-utv-usinado","status":"publish","type":"product","link":"https:\/\/dirtbagbrands.com\/pt\/product\/billet-utv-whip-light-mount\/","title":{"rendered":"Suporte para antena UTV em alum\u00ednio billet \u2013 Bra\u00e7adeira refor\u00e7ada em alum\u00ednio 6061"},"content":{"rendered":"<div id=\"9542726c-17ba-45f2-ac4b-daa24740240e\" class=\"x-el x-el-div x-el c1-1 c1-2 c1-18 c1-5i c1-4 c1-8m c1-8n c1-42 c1-8o c1-8j c1-b c1-c c1-8p c1-8q c1-d c1-e c1-f c1-g c1-1 c1-2 c1-b c1-c c1-d c1-e c1-f c1-g\" data-ux=\"ContentBasic\">\n<p>Leve seu equipamento para o pr\u00f3ximo n\u00edvel com nossos <strong>Suporte de antena UTV refor\u00e7ado<\/strong>, Usinado com precis\u00e3o a partir de um bloco de alum\u00ednio 6061, este suporte para antena foi projetado para pilotos exigentes, oferecendo o m\u00e1ximo em durabilidade, resist\u00eancia e estilo. Seja para exibir bandeiras, usar luzes de antena ou simplesmente iluminar as dunas \u00e0 noite, este \u00e9 o upgrade que sua moto merece.<\/p>\n<h2>Feito para durar \u2014 Feito para resistir<\/h2>\n<ul data-spread=\"false\">\n<li><strong>Suporte para antena de UTV mais resistente do mercado<\/strong> \u2013 Fabricado em alum\u00ednio 6061 de alta qualidade para m\u00e1xima resist\u00eancia e durabilidade.<\/li>\n<li><strong>Sistema de fixa\u00e7\u00e3o seguro com 4 parafusos<\/strong> \u2013 Encaixa firmemente na gaiola de prote\u00e7\u00e3o e permanece no lugar em todos os saltos, solavancos e for\u00e7as G.<\/li>\n<li><strong>Acabamento com revestimento em p\u00f3<\/strong> \u2013 O revestimento resistente aos raios UV protege contra o desbotamento, ao mesmo tempo que confere um visual elegante a qualquer projeto.<\/li>\n<\/ul>\n<h2>Projetado para passeios noturnos<\/h2>\n<ul data-spread=\"false\">\n<li><strong>Perfeito para luzes de chicote<\/strong> \u2013 Seja para iluminar Glamis ou para se locomover \u00e0 noite, este suporte de alum\u00ednio para antena oferece estabilidade incompar\u00e1vel aos postes de luz.<\/li>\n<li><strong>Visibilidade aprimorada<\/strong> \u2013 Mantenha sua bandeira ou luz hasteada de forma alta e est\u00e1vel, mesmo em alta velocidade ou em terrenos acidentados.<\/li>\n<\/ul>\n<h2>Design inteligente. Visual elegante.<\/h2>\n<ul data-spread=\"false\">\n<li><strong>Perfil totalmente preto com recortes<\/strong> \u2013 Adiciona um toque de estilo sutil que permite que a cor da sua gaiola transpare\u00e7a.<\/li>\n<li><strong>Forma e fun\u00e7\u00e3o se encontram.<\/strong> \u2013 Um estilo minimalista aliado a um design pr\u00e1tico aprimoram tanto a apar\u00eancia quanto o desempenho do seu equipamento.<\/li>\n<\/ul>\n<h2>Compatibilidade<\/h2>\n<p>Compat\u00edvel com a maioria dos modelos de UTV que possuem barras de prote\u00e7\u00e3o redondas padr\u00e3o:<\/p>\n<ul data-spread=\"false\">\n<li><strong>Polaris<\/strong> \u2013 RZR, RZR Pro R<\/li>\n<li><strong>Can-Am<\/strong> \u2013 Maverick, Maverick R<\/li>\n<li><strong>Honda<\/strong> \u2013 Talon<\/li>\n<li><strong>Kawasaki<\/strong> \u2013 KRX<\/li>\n<li><strong>Segway<\/strong> \u2013 Vil\u00e3o, Supervil\u00e3o (modelos futuros)<\/li>\n<\/ul>\n<h2>Por que este \u00e9 o melhor suporte para antena para UTV:<\/h2>\n<ul data-spread=\"false\">\n<li><strong>Projetado para luzes de chicote e bandeiras<\/strong><\/li>\n<li><strong>O suporte mais robusto da sua classe.<\/strong><\/li>\n<li><strong>Compat\u00edvel com modelos populares de UTV<\/strong><\/li>\n<\/ul>\n<p>Fa\u00e7a um upgrade para o suporte de antena em que os aventureiros off-road confiam. Seja para passeios noturnos nas dunas ou para representar sua equipe com uma bandeira na trilha, nosso suporte \u00e9 a escolha ideal. <strong>suporte de antena UTV usinado<\/strong> Foi projetado para mant\u00ea-lo fechado e com uma apar\u00eancia limpa.<\/p>\n<p>N\u00e3o se esque\u00e7a de conferir nosso <a href=\"https:\/\/dirtbagbrands.com\/pt\/product\/suporte-rotopax-para-utv-em-aluminio-6061-da-dirtbag-brands\/\"><strong>Suporte Rotopax<\/strong><\/a> Para combust\u00edvel e \u00e1gua adicionais em suas aventuras.<\/p>\n<\/div>","protected":false},"excerpt":{"rendered":"<p>Nosso suporte para antena UTV em alum\u00ednio 6061 \u00e9 fabricado com precis\u00e3o a partir desse material. Possui um design universal que se adapta a TODAS as barras de prote\u00e7\u00e3o de 1,5 a 2 polegadas e \u00e9 um dos mais resistentes dispon\u00edveis no mercado atualmente. Com acabamento em pintura eletrost\u00e1tica a p\u00f3 em vez de anodiza\u00e7\u00e3o, para maior durabilidade, ele foi projetado para suportar antenas maiores e mais pesadas dispon\u00edveis no mercado.<\/p>","protected":false},"featured_media":2831,"comment_status":"closed","ping_status":"closed","template":"","meta":{"saved_in_kubio":false,"_coblocks_attr":"","_coblocks_dimensions":"","_coblocks_responsive_height":"","_coblocks_accordion_ie_support":""},"product_brand":[],"product_cat":[354,375,376,355,356,372,349,366,340,364,357],"product_tag":[],"class_list":{"0":"post-146","1":"product","2":"type-product","3":"status-publish","4":"has-post-thumbnail","6":"product_cat-can-am-maverick-accessories","7":"product_cat-can-am-maverick-r-accessories","8":"product_cat-can-am-maverick-x3-accessories","9":"product_cat-honda-talon-pioneer-accessories","10":"product_cat-kawasaki-round-roll-bar-accessories","11":"product_cat-polaris-ranger-500-accessories","12":"product_cat-polaris-rzr-accessories","13":"product_cat-segway-villain-accessories","14":"product_cat-roll-bar-mounted-accessories","15":"product_cat-utv-whip-mounts","16":"product_cat-yamaha-wolverine-rmax-accessories","17":"product_shipping_class-international-allowed","19":"first","20":"instock","21":"taxable","22":"shipping-taxable","23":"purchasable","24":"product-type-simple"},"yoast_head":"<!-- This site is optimized with the Yoast SEO Premium plugin v27.5 (Yoast SEO v27.5) - https:\/\/yoast.com\/product\/yoast-seo-premium-wordpress\/ -->\n<title>Heavy Duty 6061 Billet UTV Whip Mount | Strong &amp; Secure<\/title>\n<meta name=\"description\" content=\"Upgrade your ride with our 6061 Billet UTV Whip Mount. Durable, secure 4-bolt clamp for max stability. Fits Polaris RZR, Can-Am, Kawasaki, Honda &amp; more.\" \/>\n<meta name=\"robots\" content=\"index, follow, max-snippet:-1, max-image-preview:large, max-video-preview:-1\" \/>\n<link rel=\"canonical\" href=\"https:\/\/dirtbagbrands.com\/pt\/product\/suporte-de-luz-de-antena-utv-usinado\/\" \/>\n<meta property=\"og:locale\" content=\"pt_BR\" \/>\n<meta property=\"og:type\" content=\"article\" \/>\n<meta property=\"og:title\" content=\"Billet UTV Whip Mount \u2013 Heavy Duty 6061 Aluminum Clamp | Dirtbag Brands\" \/>\n<meta property=\"og:description\" content=\"Billet UTV Whip Mount \u2013 Heavy Duty 6061 Aluminum Clamp \u2013 Built for off-road durability. Perfect for and . Free shipping over $100!\" \/>\n<meta property=\"og:url\" content=\"https:\/\/dirtbagbrands.com\/pt\/product\/suporte-de-luz-de-antena-utv-usinado\/\" \/>\n<meta property=\"og:site_name\" content=\"Dirtbag Brands\" \/>\n<meta property=\"article:publisher\" content=\"https:\/\/www.facebook.com\/dirtbagbrands\/\" \/>\n<meta property=\"article:modified_time\" content=\"2026-04-17T18:45:28+00:00\" \/>\n<meta property=\"og:image\" content=\"https:\/\/dirtbagbrands.com\/wp-content\/uploads\/2024\/03\/legacy-whip-mount-edited.webp\" \/>\n\t<meta property=\"og:image:width\" content=\"1327\" \/>\n\t<meta property=\"og:image:height\" content=\"1327\" \/>\n\t<meta property=\"og:image:type\" content=\"image\/png\" \/>\n<meta name=\"twitter:card\" content=\"summary_large_image\" \/>\n<meta name=\"twitter:label1\" content=\"Est. tempo de leitura\" \/>\n\t<meta name=\"twitter:data1\" content=\"2 minutos\" \/>\n<script type=\"application\/ld+json\" class=\"yoast-schema-graph\">{\"@context\":\"https:\\\/\\\/schema.org\",\"@graph\":[{\"@type\":\"WebPage\",\"@id\":\"https:\\\/\\\/dirtbagbrands.com\\\/product\\\/billet-utv-whip-light-mount\\\/\",\"url\":\"https:\\\/\\\/dirtbagbrands.com\\\/product\\\/billet-utv-whip-light-mount\\\/\",\"name\":\"Heavy Duty 6061 Billet UTV Whip Mount | Strong & Secure\",\"isPartOf\":{\"@id\":\"https:\\\/\\\/dirtbagbrands.com\\\/#website\"},\"primaryImageOfPage\":{\"@id\":\"https:\\\/\\\/dirtbagbrands.com\\\/product\\\/billet-utv-whip-light-mount\\\/#primaryimage\"},\"image\":{\"@id\":\"https:\\\/\\\/dirtbagbrands.com\\\/product\\\/billet-utv-whip-light-mount\\\/#primaryimage\"},\"thumbnailUrl\":\"https:\\\/\\\/dirtbagbrands.com\\\/wp-content\\\/uploads\\\/2024\\\/03\\\/legacy-whip-mount-edited.webp\",\"datePublished\":\"2024-03-13T20:49:48+00:00\",\"dateModified\":\"2026-04-17T18:45:28+00:00\",\"description\":\"Upgrade your ride with our 6061 Billet UTV Whip Mount. Durable, secure 4-bolt clamp for max stability. Fits Polaris RZR, Can-Am, Kawasaki, Honda & more.\",\"breadcrumb\":{\"@id\":\"https:\\\/\\\/dirtbagbrands.com\\\/product\\\/billet-utv-whip-light-mount\\\/#breadcrumb\"},\"inLanguage\":\"pt-BR\",\"potentialAction\":[{\"@type\":\"ReadAction\",\"target\":[\"https:\\\/\\\/dirtbagbrands.com\\\/product\\\/billet-utv-whip-light-mount\\\/\"]}]},{\"@type\":\"ImageObject\",\"inLanguage\":\"pt-BR\",\"@id\":\"https:\\\/\\\/dirtbagbrands.com\\\/product\\\/billet-utv-whip-light-mount\\\/#primaryimage\",\"url\":\"https:\\\/\\\/dirtbagbrands.com\\\/wp-content\\\/uploads\\\/2024\\\/03\\\/legacy-whip-mount-edited.webp\",\"contentUrl\":\"https:\\\/\\\/dirtbagbrands.com\\\/wp-content\\\/uploads\\\/2024\\\/03\\\/legacy-whip-mount-edited.webp\",\"width\":1327,\"height\":1327,\"caption\":\"Legacy whip mount with adjustable base and billet aluminum clamp for 1.5\\\"-2\\\" round roll bars\"},{\"@type\":\"BreadcrumbList\",\"@id\":\"https:\\\/\\\/dirtbagbrands.com\\\/product\\\/billet-utv-whip-light-mount\\\/#breadcrumb\",\"itemListElement\":[{\"@type\":\"ListItem\",\"position\":1,\"name\":\"Home\",\"item\":\"https:\\\/\\\/dirtbagbrands.com\\\/\"},{\"@type\":\"ListItem\",\"position\":2,\"name\":\"Shop\",\"item\":\"https:\\\/\\\/dirtbagbrands.com\\\/shop\\\/\"},{\"@type\":\"ListItem\",\"position\":3,\"name\":\"UTV Accessories by Machine\",\"item\":\"https:\\\/\\\/dirtbagbrands.com\\\/product-category\\\/vehicle-specific-utv-accessories\\\/\"},{\"@type\":\"ListItem\",\"position\":4,\"name\":\"Can-Am Maverick Accessories\",\"item\":\"https:\\\/\\\/dirtbagbrands.com\\\/product-category\\\/vehicle-specific-utv-accessories\\\/can-am-maverick-accessories\\\/\"},{\"@type\":\"ListItem\",\"position\":5,\"name\":\"Billet UTV Whip Mount \u2013 Heavy Duty 6061 Aluminum Clamp\"}]},{\"@type\":\"WebSite\",\"@id\":\"https:\\\/\\\/dirtbagbrands.com\\\/#website\",\"url\":\"https:\\\/\\\/dirtbagbrands.com\\\/\",\"name\":\"Dirtbag Brands\",\"description\":\"Premium UTV and Dirtbike Accessories\",\"publisher\":{\"@id\":\"https:\\\/\\\/dirtbagbrands.com\\\/#organization\"},\"potentialAction\":[{\"@type\":\"SearchAction\",\"target\":{\"@type\":\"EntryPoint\",\"urlTemplate\":\"https:\\\/\\\/dirtbagbrands.com\\\/?s={search_term_string}\"},\"query-input\":{\"@type\":\"PropertyValueSpecification\",\"valueRequired\":true,\"valueName\":\"search_term_string\"}}],\"inLanguage\":\"pt-BR\"},{\"@type\":\"Organization\",\"@id\":\"https:\\\/\\\/dirtbagbrands.com\\\/#organization\",\"name\":\"Dirtbag Brands\",\"alternateName\":\"Dirtbag Brands UTV Accessories\",\"url\":\"https:\\\/\\\/dirtbagbrands.com\\\/\",\"logo\":{\"@type\":\"ImageObject\",\"inLanguage\":\"pt-BR\",\"@id\":\"https:\\\/\\\/dirtbagbrands.com\\\/#\\\/schema\\\/logo\\\/image\\\/\",\"url\":\"https:\\\/\\\/dirtbagbrands.com\\\/wp-content\\\/uploads\\\/2024\\\/07\\\/Word-Logo.webp\",\"contentUrl\":\"https:\\\/\\\/dirtbagbrands.com\\\/wp-content\\\/uploads\\\/2024\\\/07\\\/Word-Logo.webp\",\"width\":750,\"height\":750,\"caption\":\"Dirtbag Brands\"},\"image\":{\"@id\":\"https:\\\/\\\/dirtbagbrands.com\\\/#\\\/schema\\\/logo\\\/image\\\/\"},\"sameAs\":[\"https:\\\/\\\/www.facebook.com\\\/dirtbagbrands\\\/\",\"https:\\\/\\\/www.instagram.com\\\/dirtbagbrands\",\"https:\\\/\\\/www.youtube.com\\\/@dirtbagbrands\",\"https:\\\/\\\/www.pinterest.com\\\/dirtbagbrands\",\"https:\\\/\\\/www.linkedin.com\\\/company\\\/dirtbag-brands\\\/\",\"https:\\\/\\\/www.tiktok.com\\\/@dirtbagbrands\"],\"description\":\"Dirtbag Brands designs and manufactures premium billet aluminum UTV accessories engineered for performance, durability, and off-road visibility. Our IronSight mirror systems and mounting solutions are built for Polaris, Can-Am, Kawasaki, Honda, and other utility and sport side-by-side vehicles.\",\"email\":\"inquiries@dirtbagbrands.com\",\"telephone\":\"9706445566\",\"foundingDate\":\"2020-03-10\"}]}<\/script>\n<!-- \/ Yoast SEO Premium plugin. -->","yoast_head_json":{"title":"Suporte para antena UTV refor\u00e7ado em alum\u00ednio 6061 | Forte e seguro","description":"Melhore o desempenho do seu ve\u00edculo com nosso suporte para antena UTV em alum\u00ednio 6061. Bra\u00e7adeira resistente e segura com 4 parafusos para m\u00e1xima estabilidade. Compat\u00edvel com Polaris RZR, Can-Am, Kawasaki, Honda e muito mais.","robots":{"index":"index","follow":"follow","max-snippet":"max-snippet:-1","max-image-preview":"max-image-preview:large","max-video-preview":"max-video-preview:-1"},"canonical":"https:\/\/dirtbagbrands.com\/pt\/product\/suporte-de-luz-de-antena-utv-usinado\/","og_locale":"pt_BR","og_type":"article","og_title":"Billet UTV Whip Mount \u2013 Heavy Duty 6061 Aluminum Clamp | Dirtbag Brands","og_description":"Billet UTV Whip Mount \u2013 Heavy Duty 6061 Aluminum Clamp \u2013 Built for off-road durability. Perfect for and . Free shipping over $100!","og_url":"https:\/\/dirtbagbrands.com\/pt\/product\/suporte-de-luz-de-antena-utv-usinado\/","og_site_name":"Dirtbag Brands","article_publisher":"https:\/\/www.facebook.com\/dirtbagbrands\/","article_modified_time":"2026-04-17T18:45:28+00:00","og_image":[{"width":1327,"height":1327,"url":"https:\/\/dirtbagbrands.com\/wp-content\/uploads\/2024\/03\/legacy-whip-mount-edited.webp","type":"image\/png"}],"twitter_card":"summary_large_image","twitter_misc":{"Est. tempo de leitura":"2 minutos"},"schema":{"@context":"https:\/\/schema.org","@graph":[{"@type":"WebPage","@id":"https:\/\/dirtbagbrands.com\/product\/billet-utv-whip-light-mount\/","url":"https:\/\/dirtbagbrands.com\/product\/billet-utv-whip-light-mount\/","name":"Suporte para antena UTV refor\u00e7ado em alum\u00ednio 6061 | Forte e seguro","isPartOf":{"@id":"https:\/\/dirtbagbrands.com\/#website"},"primaryImageOfPage":{"@id":"https:\/\/dirtbagbrands.com\/product\/billet-utv-whip-light-mount\/#primaryimage"},"image":{"@id":"https:\/\/dirtbagbrands.com\/product\/billet-utv-whip-light-mount\/#primaryimage"},"thumbnailUrl":"https:\/\/dirtbagbrands.com\/wp-content\/uploads\/2024\/03\/legacy-whip-mount-edited.webp","datePublished":"2024-03-13T20:49:48+00:00","dateModified":"2026-04-17T18:45:28+00:00","description":"Melhore o desempenho do seu ve\u00edculo com nosso suporte para antena UTV em alum\u00ednio 6061. Bra\u00e7adeira resistente e segura com 4 parafusos para m\u00e1xima estabilidade. Compat\u00edvel com Polaris RZR, Can-Am, Kawasaki, Honda e muito mais.","breadcrumb":{"@id":"https:\/\/dirtbagbrands.com\/product\/billet-utv-whip-light-mount\/#breadcrumb"},"inLanguage":"pt-BR","potentialAction":[{"@type":"ReadAction","target":["https:\/\/dirtbagbrands.com\/product\/billet-utv-whip-light-mount\/"]}]},{"@type":"ImageObject","inLanguage":"pt-BR","@id":"https:\/\/dirtbagbrands.com\/product\/billet-utv-whip-light-mount\/#primaryimage","url":"https:\/\/dirtbagbrands.com\/wp-content\/uploads\/2024\/03\/legacy-whip-mount-edited.webp","contentUrl":"https:\/\/dirtbagbrands.com\/wp-content\/uploads\/2024\/03\/legacy-whip-mount-edited.webp","width":1327,"height":1327,"caption":"Legacy whip mount with adjustable base and billet aluminum clamp for 1.5\"-2\" round roll bars"},{"@type":"BreadcrumbList","@id":"https:\/\/dirtbagbrands.com\/product\/billet-utv-whip-light-mount\/#breadcrumb","itemListElement":[{"@type":"ListItem","position":1,"name":"Home","item":"https:\/\/dirtbagbrands.com\/"},{"@type":"ListItem","position":2,"name":"Shop","item":"https:\/\/dirtbagbrands.com\/shop\/"},{"@type":"ListItem","position":3,"name":"UTV Accessories by Machine","item":"https:\/\/dirtbagbrands.com\/product-category\/vehicle-specific-utv-accessories\/"},{"@type":"ListItem","position":4,"name":"Can-Am Maverick Accessories","item":"https:\/\/dirtbagbrands.com\/product-category\/vehicle-specific-utv-accessories\/can-am-maverick-accessories\/"},{"@type":"ListItem","position":5,"name":"Billet UTV Whip Mount \u2013 Heavy Duty 6061 Aluminum Clamp"}]},{"@type":"WebSite","@id":"https:\/\/dirtbagbrands.com\/#website","url":"https:\/\/dirtbagbrands.com\/","name":"Dirtbag Brands","description":"Acess\u00f3rios Premium para UTV e Dirtbike","publisher":{"@id":"https:\/\/dirtbagbrands.com\/#organization"},"potentialAction":[{"@type":"SearchAction","target":{"@type":"EntryPoint","urlTemplate":"https:\/\/dirtbagbrands.com\/?s={search_term_string}"},"query-input":{"@type":"PropertyValueSpecification","valueRequired":true,"valueName":"search_term_string"}}],"inLanguage":"pt-BR"},{"@type":"Organization","@id":"https:\/\/dirtbagbrands.com\/#organization","name":"Dirtbag Brands","alternateName":"Dirtbag Brands UTV Accessories","url":"https:\/\/dirtbagbrands.com\/","logo":{"@type":"ImageObject","inLanguage":"pt-BR","@id":"https:\/\/dirtbagbrands.com\/#\/schema\/logo\/image\/","url":"https:\/\/dirtbagbrands.com\/wp-content\/uploads\/2024\/07\/Word-Logo.webp","contentUrl":"https:\/\/dirtbagbrands.com\/wp-content\/uploads\/2024\/07\/Word-Logo.webp","width":750,"height":750,"caption":"Dirtbag Brands"},"image":{"@id":"https:\/\/dirtbagbrands.com\/#\/schema\/logo\/image\/"},"sameAs":["https:\/\/www.facebook.com\/dirtbagbrands\/","https:\/\/www.instagram.com\/dirtbagbrands","https:\/\/www.youtube.com\/@dirtbagbrands","https:\/\/www.pinterest.com\/dirtbagbrands","https:\/\/www.linkedin.com\/company\/dirtbag-brands\/","https:\/\/www.tiktok.com\/@dirtbagbrands"],"description":"A Dirtbag Brands projeta e fabrica acess\u00f3rios premium em alum\u00ednio billet para UTVs, desenvolvidos para desempenho, durabilidade e visibilidade off-road. Nossos sistemas de espelhos e solu\u00e7\u00f5es de montagem IronSight s\u00e3o compat\u00edveis com ve\u00edculos utilit\u00e1rios e esportivos side-by-side das marcas Polaris, Can-Am, Kawasaki, Honda e outras.","email":"inquiries@dirtbagbrands.com","telephone":"9706445566","foundingDate":"2020-03-10"}]}},"_links":{"self":[{"href":"https:\/\/dirtbagbrands.com\/pt\/wp-json\/wp\/v2\/product\/146","targetHints":{"allow":["GET"]}}],"collection":[{"href":"https:\/\/dirtbagbrands.com\/pt\/wp-json\/wp\/v2\/product"}],"about":[{"href":"https:\/\/dirtbagbrands.com\/pt\/wp-json\/wp\/v2\/types\/product"}],"replies":[{"embeddable":true,"href":"https:\/\/dirtbagbrands.com\/pt\/wp-json\/wp\/v2\/comments?post=146"}],"wp:featuredmedia":[{"embeddable":true,"href":"https:\/\/dirtbagbrands.com\/pt\/wp-json\/wp\/v2\/media\/2831"}],"wp:attachment":[{"href":"https:\/\/dirtbagbrands.com\/pt\/wp-json\/wp\/v2\/media?parent=146"}],"wp:term":[{"taxonomy":"product_brand","embeddable":true,"href":"https:\/\/dirtbagbrands.com\/pt\/wp-json\/wp\/v2\/product_brand?post=146"},{"taxonomy":"product_cat","embeddable":true,"href":"https:\/\/dirtbagbrands.com\/pt\/wp-json\/wp\/v2\/product_cat?post=146"},{"taxonomy":"product_tag","embeddable":true,"href":"https:\/\/dirtbagbrands.com\/pt\/wp-json\/wp\/v2\/product_tag?post=146"}],"curies":[{"name":"wp","href":"https:\/\/api.w.org\/{rel}","templated":true}]}}