{"id":5610,"date":"2026-04-30T22:01:17","date_gmt":"2026-04-30T22:01:17","guid":{"rendered":"https:\/\/dirtbagbrands.com\/?post_type=product&#038;p=5610"},"modified":"2026-04-30T22:10:47","modified_gmt":"2026-04-30T22:10:47","slug":"torc1-kev-tec-diamond-mx-grips-black-glue-on-copy","status":"publish","type":"product","link":"https:\/\/dirtbagbrands.com\/fr\/product\/torc1-kev-tec-diamond-mx-grips-black-glue-on-copy\/","title":{"rendered":"Poign\u00e9es Torc1 KEV-TEC Half Diamond MX (noires) \u00e0 coller"},"content":{"rendered":"<h2>Confort et contr\u00f4le pour les pilotes de motocross<\/h2>\n<p>Le grip Torc1 Hot Lap Diamond est con\u00e7u pour les pilotes de motocross recherchant une adh\u00e9rence et un contr\u00f4le optimaux. Son motif en losanges offre une adh\u00e9rence ferme et constante, id\u00e9ale pour les conditions de conduite les plus extr\u00eames.<\/p>\n<h2>Compatibilit\u00e9 sp\u00e9cifique avec les motos tout-terrain<\/h2>\n<p>Con\u00e7ues sp\u00e9cifiquement pour les motos tout-terrain, ces poign\u00e9es ne sont pas compatibles avec les quads en raison des diff\u00e9rences de configuration du guidon et de la poign\u00e9e d&#039;acc\u00e9l\u00e9rateur. Elles sont con\u00e7ues pour les guidons de 7\/8 po.<\/p>\n<h2>Kev-Tec Difference<\/h2>\n<ul>\n<li data-section-id=\"slt07k\" data-start=\"2344\" data-end=\"2399\">Kevlar-reinforced compound for increased durability<\/li>\n<li data-section-id=\"t0msnc\" data-start=\"2400\" data-end=\"2460\">Designed for longer wear in aggressive riding conditions<\/li>\n<li data-section-id=\"1ue911g\" data-start=\"2461\" data-end=\"2502\">Maintains consistent feel and control<\/li>\n<li data-section-id=\"6s62f6\" data-start=\"2503\" data-end=\"2532\">Available in black finish<\/li>\n<li data-section-id=\"13mv889\" data-start=\"2533\" data-end=\"2591\">Includes grip glue or throttle cams depending on model<\/li>\n<\/ul>\n<h2 data-start=\"1189\" data-end=\"1219\">Compatibilit\u00e9 sp\u00e9cifique avec les motos tout-terrain<\/h2>\n<p data-start=\"1221\" data-end=\"1302\">Con\u00e7ues sp\u00e9cifiquement pour les motos tout-terrain, ces poign\u00e9es \u00e0 verrouillage ne sont pas compatibles avec les quads. Elles sont con\u00e7ues pour les guidons de 7\/8 po.<\/p>","protected":false},"excerpt":{"rendered":"<p>Kev-tec technology, ballistic technology fibers infused into an MX Diamond Grip is designed for dirt bike riders who want a firm, consistent grip feel for aggressive riding conditions. Includes grip glue. Dirt bike use only.<\/p>","protected":false},"featured_media":5611,"comment_status":"closed","ping_status":"closed","template":"","meta":{"saved_in_kubio":false,"_coblocks_attr":"","_coblocks_dimensions":"","_coblocks_responsive_height":"","_coblocks_accordion_ie_support":""},"product_brand":[],"product_cat":[380,381],"product_tag":[],"class_list":{"0":"post-5610","1":"product","2":"type-product","3":"status-publish","4":"has-post-thumbnail","6":"product_cat-diamond-grips","7":"product_cat-grips","9":"first","10":"instock","11":"taxable","12":"shipping-taxable","13":"purchasable","14":"product-type-simple"},"yoast_head":"<!-- This site is optimized with the Yoast SEO Premium plugin v27.5 (Yoast SEO v27.5) - https:\/\/yoast.com\/product\/yoast-seo-premium-wordpress\/ -->\n<title>Kev-Tec Half Diamond Dirt Bike Grips | Torc1 Racing<\/title>\n<meta name=\"description\" content=\"Kev-Tec ballistic technology reinforced Diamond dirt bike grips with glue-on design. Built for comfort, durability, and long rides.\" \/>\n<meta name=\"robots\" content=\"index, follow, max-snippet:-1, max-image-preview:large, max-video-preview:-1\" \/>\n<link rel=\"canonical\" href=\"https:\/\/dirtbagbrands.com\/fr\/product\/torc1-kev-tec-diamond-mx-grips-black-glue-on-copy\/\" \/>\n<meta property=\"og:locale\" content=\"fr_CA\" \/>\n<meta property=\"og:type\" content=\"article\" \/>\n<meta property=\"og:title\" content=\"Torc1 KEV-TEC Half Diamond MX Grips (Black) Glue-On | Dirtbag Brands\" \/>\n<meta property=\"og:description\" content=\"Torc1 KEV-TEC Half Diamond MX Grips (Black) Glue-On \u2013 Built for off-road durability. Perfect for and . Free shipping over $100!\" \/>\n<meta property=\"og:url\" content=\"https:\/\/dirtbagbrands.com\/fr\/product\/torc1-kev-tec-diamond-mx-grips-black-glue-on-copy\/\" \/>\n<meta property=\"og:site_name\" content=\"Dirtbag Brands\" \/>\n<meta property=\"article:publisher\" content=\"https:\/\/www.facebook.com\/dirtbagbrands\/\" \/>\n<meta property=\"article:modified_time\" content=\"2026-04-30T22:10:47+00:00\" \/>\n<meta property=\"og:image\" content=\"https:\/\/dirtbagbrands.com\/wp-content\/uploads\/2026\/04\/KevTek-HotLap.webp\" \/>\n\t<meta property=\"og:image:width\" content=\"1200\" \/>\n\t<meta property=\"og:image:height\" content=\"799\" \/>\n\t<meta property=\"og:image:type\" content=\"image\/jpeg\" \/>\n<meta name=\"twitter:card\" content=\"summary_large_image\" \/>\n<meta name=\"twitter:label1\" content=\"Estimation du temps de lecture\" \/>\n\t<meta name=\"twitter:data1\" content=\"1 minute\" \/>\n<script type=\"application\/ld+json\" class=\"yoast-schema-graph\">{\"@context\":\"https:\\\/\\\/schema.org\",\"@graph\":[{\"@type\":\"WebPage\",\"@id\":\"https:\\\/\\\/dirtbagbrands.com\\\/product\\\/torc1-kev-tec-diamond-mx-grips-black-glue-on-copy\\\/\",\"url\":\"https:\\\/\\\/dirtbagbrands.com\\\/product\\\/torc1-kev-tec-diamond-mx-grips-black-glue-on-copy\\\/\",\"name\":\"Kev-Tec Half Diamond Dirt Bike Grips | Torc1 Racing\",\"isPartOf\":{\"@id\":\"https:\\\/\\\/dirtbagbrands.com\\\/#website\"},\"primaryImageOfPage\":{\"@id\":\"https:\\\/\\\/dirtbagbrands.com\\\/product\\\/torc1-kev-tec-diamond-mx-grips-black-glue-on-copy\\\/#primaryimage\"},\"image\":{\"@id\":\"https:\\\/\\\/dirtbagbrands.com\\\/product\\\/torc1-kev-tec-diamond-mx-grips-black-glue-on-copy\\\/#primaryimage\"},\"thumbnailUrl\":\"https:\\\/\\\/dirtbagbrands.com\\\/wp-content\\\/uploads\\\/2026\\\/04\\\/KevTek-HotLap.webp\",\"datePublished\":\"2026-04-30T22:01:17+00:00\",\"dateModified\":\"2026-04-30T22:10:47+00:00\",\"description\":\"Kev-Tec ballistic technology reinforced Diamond dirt bike grips with glue-on design. Built for comfort, durability, and long rides.\",\"breadcrumb\":{\"@id\":\"https:\\\/\\\/dirtbagbrands.com\\\/product\\\/torc1-kev-tec-diamond-mx-grips-black-glue-on-copy\\\/#breadcrumb\"},\"inLanguage\":\"fr-CA\",\"potentialAction\":[{\"@type\":\"ReadAction\",\"target\":[\"https:\\\/\\\/dirtbagbrands.com\\\/product\\\/torc1-kev-tec-diamond-mx-grips-black-glue-on-copy\\\/\"]}]},{\"@type\":\"ImageObject\",\"inLanguage\":\"fr-CA\",\"@id\":\"https:\\\/\\\/dirtbagbrands.com\\\/product\\\/torc1-kev-tec-diamond-mx-grips-black-glue-on-copy\\\/#primaryimage\",\"url\":\"https:\\\/\\\/dirtbagbrands.com\\\/wp-content\\\/uploads\\\/2026\\\/04\\\/KevTek-HotLap.webp\",\"contentUrl\":\"https:\\\/\\\/dirtbagbrands.com\\\/wp-content\\\/uploads\\\/2026\\\/04\\\/KevTek-HotLap.webp\",\"width\":1200,\"height\":799,\"caption\":\"Torc1 Racing Kev-Tec diamond glue-on MX grip with ballistic technology\"},{\"@type\":\"BreadcrumbList\",\"@id\":\"https:\\\/\\\/dirtbagbrands.com\\\/product\\\/torc1-kev-tec-diamond-mx-grips-black-glue-on-copy\\\/#breadcrumb\",\"itemListElement\":[{\"@type\":\"ListItem\",\"position\":1,\"name\":\"Home\",\"item\":\"https:\\\/\\\/dirtbagbrands.com\\\/\"},{\"@type\":\"ListItem\",\"position\":2,\"name\":\"Shop\",\"item\":\"https:\\\/\\\/dirtbagbrands.com\\\/shop\\\/\"},{\"@type\":\"ListItem\",\"position\":3,\"name\":\"Torc1 Grips\",\"item\":\"https:\\\/\\\/dirtbagbrands.com\\\/product-category\\\/grips\\\/\"},{\"@type\":\"ListItem\",\"position\":4,\"name\":\"Torc1 KEV-TEC Half Diamond MX Grips (Black) Glue-On\"}]},{\"@type\":\"WebSite\",\"@id\":\"https:\\\/\\\/dirtbagbrands.com\\\/#website\",\"url\":\"https:\\\/\\\/dirtbagbrands.com\\\/\",\"name\":\"Dirtbag Brands\",\"description\":\"Premium UTV and Dirtbike Accessories\",\"publisher\":{\"@id\":\"https:\\\/\\\/dirtbagbrands.com\\\/#organization\"},\"potentialAction\":[{\"@type\":\"SearchAction\",\"target\":{\"@type\":\"EntryPoint\",\"urlTemplate\":\"https:\\\/\\\/dirtbagbrands.com\\\/?s={search_term_string}\"},\"query-input\":{\"@type\":\"PropertyValueSpecification\",\"valueRequired\":true,\"valueName\":\"search_term_string\"}}],\"inLanguage\":\"fr-CA\"},{\"@type\":\"Organization\",\"@id\":\"https:\\\/\\\/dirtbagbrands.com\\\/#organization\",\"name\":\"Dirtbag Brands\",\"alternateName\":\"Dirtbag Brands UTV Accessories\",\"url\":\"https:\\\/\\\/dirtbagbrands.com\\\/\",\"logo\":{\"@type\":\"ImageObject\",\"inLanguage\":\"fr-CA\",\"@id\":\"https:\\\/\\\/dirtbagbrands.com\\\/#\\\/schema\\\/logo\\\/image\\\/\",\"url\":\"https:\\\/\\\/dirtbagbrands.com\\\/wp-content\\\/uploads\\\/2024\\\/07\\\/Word-Logo.webp\",\"contentUrl\":\"https:\\\/\\\/dirtbagbrands.com\\\/wp-content\\\/uploads\\\/2024\\\/07\\\/Word-Logo.webp\",\"width\":750,\"height\":750,\"caption\":\"Dirtbag Brands\"},\"image\":{\"@id\":\"https:\\\/\\\/dirtbagbrands.com\\\/#\\\/schema\\\/logo\\\/image\\\/\"},\"sameAs\":[\"https:\\\/\\\/www.facebook.com\\\/dirtbagbrands\\\/\",\"https:\\\/\\\/www.instagram.com\\\/dirtbagbrands\",\"https:\\\/\\\/www.youtube.com\\\/@dirtbagbrands\",\"https:\\\/\\\/www.pinterest.com\\\/dirtbagbrands\",\"https:\\\/\\\/www.linkedin.com\\\/company\\\/dirtbag-brands\\\/\",\"https:\\\/\\\/www.tiktok.com\\\/@dirtbagbrands\"],\"description\":\"Dirtbag Brands designs and manufactures premium billet aluminum UTV accessories engineered for performance, durability, and off-road visibility. Our IronSight mirror systems and mounting solutions are built for Polaris, Can-Am, Kawasaki, Honda, and other utility and sport side-by-side vehicles.\",\"email\":\"inquiries@dirtbagbrands.com\",\"telephone\":\"9706445566\",\"foundingDate\":\"2020-03-10\"}]}<\/script>\n<!-- \/ Yoast SEO Premium plugin. -->","yoast_head_json":{"title":"Kev-Tec Half Diamond Dirt Bike Grips | Torc1 Racing","description":"Kev-Tec ballistic technology reinforced Diamond dirt bike grips with glue-on design. Built for comfort, durability, and long rides.","robots":{"index":"index","follow":"follow","max-snippet":"max-snippet:-1","max-image-preview":"max-image-preview:large","max-video-preview":"max-video-preview:-1"},"canonical":"https:\/\/dirtbagbrands.com\/fr\/product\/torc1-kev-tec-diamond-mx-grips-black-glue-on-copy\/","og_locale":"fr_CA","og_type":"article","og_title":"Torc1 KEV-TEC Half Diamond MX Grips (Black) Glue-On | Dirtbag Brands","og_description":"Torc1 KEV-TEC Half Diamond MX Grips (Black) Glue-On \u2013 Built for off-road durability. Perfect for and . Free shipping over $100!","og_url":"https:\/\/dirtbagbrands.com\/fr\/product\/torc1-kev-tec-diamond-mx-grips-black-glue-on-copy\/","og_site_name":"Dirtbag Brands","article_publisher":"https:\/\/www.facebook.com\/dirtbagbrands\/","article_modified_time":"2026-04-30T22:10:47+00:00","og_image":[{"width":1200,"height":799,"url":"https:\/\/dirtbagbrands.com\/wp-content\/uploads\/2026\/04\/KevTek-HotLap.webp","type":"image\/jpeg"}],"twitter_card":"summary_large_image","twitter_misc":{"Estimation du temps de lecture":"1 minute"},"schema":{"@context":"https:\/\/schema.org","@graph":[{"@type":"WebPage","@id":"https:\/\/dirtbagbrands.com\/product\/torc1-kev-tec-diamond-mx-grips-black-glue-on-copy\/","url":"https:\/\/dirtbagbrands.com\/product\/torc1-kev-tec-diamond-mx-grips-black-glue-on-copy\/","name":"Kev-Tec Half Diamond Dirt Bike Grips | Torc1 Racing","isPartOf":{"@id":"https:\/\/dirtbagbrands.com\/#website"},"primaryImageOfPage":{"@id":"https:\/\/dirtbagbrands.com\/product\/torc1-kev-tec-diamond-mx-grips-black-glue-on-copy\/#primaryimage"},"image":{"@id":"https:\/\/dirtbagbrands.com\/product\/torc1-kev-tec-diamond-mx-grips-black-glue-on-copy\/#primaryimage"},"thumbnailUrl":"https:\/\/dirtbagbrands.com\/wp-content\/uploads\/2026\/04\/KevTek-HotLap.webp","datePublished":"2026-04-30T22:01:17+00:00","dateModified":"2026-04-30T22:10:47+00:00","description":"Kev-Tec ballistic technology reinforced Diamond dirt bike grips with glue-on design. Built for comfort, durability, and long rides.","breadcrumb":{"@id":"https:\/\/dirtbagbrands.com\/product\/torc1-kev-tec-diamond-mx-grips-black-glue-on-copy\/#breadcrumb"},"inLanguage":"fr-CA","potentialAction":[{"@type":"ReadAction","target":["https:\/\/dirtbagbrands.com\/product\/torc1-kev-tec-diamond-mx-grips-black-glue-on-copy\/"]}]},{"@type":"ImageObject","inLanguage":"fr-CA","@id":"https:\/\/dirtbagbrands.com\/product\/torc1-kev-tec-diamond-mx-grips-black-glue-on-copy\/#primaryimage","url":"https:\/\/dirtbagbrands.com\/wp-content\/uploads\/2026\/04\/KevTek-HotLap.webp","contentUrl":"https:\/\/dirtbagbrands.com\/wp-content\/uploads\/2026\/04\/KevTek-HotLap.webp","width":1200,"height":799,"caption":"Torc1 Racing Kev-Tec diamond glue-on MX grip with ballistic technology"},{"@type":"BreadcrumbList","@id":"https:\/\/dirtbagbrands.com\/product\/torc1-kev-tec-diamond-mx-grips-black-glue-on-copy\/#breadcrumb","itemListElement":[{"@type":"ListItem","position":1,"name":"Home","item":"https:\/\/dirtbagbrands.com\/"},{"@type":"ListItem","position":2,"name":"Shop","item":"https:\/\/dirtbagbrands.com\/shop\/"},{"@type":"ListItem","position":3,"name":"Torc1 Grips","item":"https:\/\/dirtbagbrands.com\/product-category\/grips\/"},{"@type":"ListItem","position":4,"name":"Torc1 KEV-TEC Half Diamond MX Grips (Black) Glue-On"}]},{"@type":"WebSite","@id":"https:\/\/dirtbagbrands.com\/#website","url":"https:\/\/dirtbagbrands.com\/","name":"Marques Dirtbag","description":"Accessoires UTV et Dirtbike haut de gamme","publisher":{"@id":"https:\/\/dirtbagbrands.com\/#organization"},"potentialAction":[{"@type":"SearchAction","target":{"@type":"EntryPoint","urlTemplate":"https:\/\/dirtbagbrands.com\/?s={search_term_string}"},"query-input":{"@type":"PropertyValueSpecification","valueRequired":true,"valueName":"search_term_string"}}],"inLanguage":"fr-CA"},{"@type":"Organization","@id":"https:\/\/dirtbagbrands.com\/#organization","name":"Marques Dirtbag","alternateName":"Dirtbag Brands UTV Accessories","url":"https:\/\/dirtbagbrands.com\/","logo":{"@type":"ImageObject","inLanguage":"fr-CA","@id":"https:\/\/dirtbagbrands.com\/#\/schema\/logo\/image\/","url":"https:\/\/dirtbagbrands.com\/wp-content\/uploads\/2024\/07\/Word-Logo.webp","contentUrl":"https:\/\/dirtbagbrands.com\/wp-content\/uploads\/2024\/07\/Word-Logo.webp","width":750,"height":750,"caption":"Dirtbag Brands"},"image":{"@id":"https:\/\/dirtbagbrands.com\/#\/schema\/logo\/image\/"},"sameAs":["https:\/\/www.facebook.com\/dirtbagbrands\/","https:\/\/www.instagram.com\/dirtbagbrands","https:\/\/www.youtube.com\/@dirtbagbrands","https:\/\/www.pinterest.com\/dirtbagbrands","https:\/\/www.linkedin.com\/company\/dirtbag-brands\/","https:\/\/www.tiktok.com\/@dirtbagbrands"],"description":"Dirtbag Brands con\u00e7oit et fabrique des accessoires haut de gamme en aluminium usin\u00e9 pour v\u00e9hicules tout-terrain (UTV), alliant performance, durabilit\u00e9 et visibilit\u00e9 optimale en tout-terrain. Nos syst\u00e8mes de r\u00e9troviseurs et solutions de montage IronSight sont compatibles avec les v\u00e9hicules utilitaires et sportifs c\u00f4te \u00e0 c\u00f4te Polaris, Can-Am, Kawasaki, Honda et autres.","email":"inquiries@dirtbagbrands.com","telephone":"9706445566","foundingDate":"2020-03-10"}]}},"_links":{"self":[{"href":"https:\/\/dirtbagbrands.com\/fr\/wp-json\/wp\/v2\/product\/5610","targetHints":{"allow":["GET"]}}],"collection":[{"href":"https:\/\/dirtbagbrands.com\/fr\/wp-json\/wp\/v2\/product"}],"about":[{"href":"https:\/\/dirtbagbrands.com\/fr\/wp-json\/wp\/v2\/types\/product"}],"replies":[{"embeddable":true,"href":"https:\/\/dirtbagbrands.com\/fr\/wp-json\/wp\/v2\/comments?post=5610"}],"wp:featuredmedia":[{"embeddable":true,"href":"https:\/\/dirtbagbrands.com\/fr\/wp-json\/wp\/v2\/media\/5611"}],"wp:attachment":[{"href":"https:\/\/dirtbagbrands.com\/fr\/wp-json\/wp\/v2\/media?parent=5610"}],"wp:term":[{"taxonomy":"product_brand","embeddable":true,"href":"https:\/\/dirtbagbrands.com\/fr\/wp-json\/wp\/v2\/product_brand?post=5610"},{"taxonomy":"product_cat","embeddable":true,"href":"https:\/\/dirtbagbrands.com\/fr\/wp-json\/wp\/v2\/product_cat?post=5610"},{"taxonomy":"product_tag","embeddable":true,"href":"https:\/\/dirtbagbrands.com\/fr\/wp-json\/wp\/v2\/product_tag?post=5610"}],"curies":[{"name":"wp","href":"https:\/\/api.w.org\/{rel}","templated":true}]}}