{"id":5560,"date":"2026-04-30T17:29:04","date_gmt":"2026-04-30T17:29:04","guid":{"rendered":"https:\/\/dirtbagbrands.com\/?post_type=product&#038;p=5560"},"modified":"2026-05-01T15:28:16","modified_gmt":"2026-05-01T15:28:16","slug":"cames-daccelerateur-torc1","status":"publish","type":"product","link":"https:\/\/dirtbagbrands.com\/fr\/product\/torc1-throttle-cams\/","title":{"rendered":"Cames d&#039;acc\u00e9l\u00e9rateur Torc1 (Compatibilit\u00e9 avec les mini-motos)"},"content":{"rendered":"<p data-start=\"1151\" data-end=\"1369\">Les cames d&#039;acc\u00e9l\u00e9rateur Torc1 sont con\u00e7ues pour garantir une r\u00e9ponse optimale de l&#039;acc\u00e9l\u00e9rateur et un montage pr\u00e9cis lors de l&#039;installation de poign\u00e9es verrouillables sur les mini-motos. Chaque came est adapt\u00e9e \u00e0 des mod\u00e8les sp\u00e9cifiques pour assurer un fonctionnement fluide et une course d&#039;acc\u00e9l\u00e9rateur correcte.<\/p>\n<hr data-start=\"1371\" data-end=\"1374\" \/>\n<h2 data-section-id=\"5ixuvj\" data-start=\"1376\" data-end=\"1392\">Caract\u00e9ristiques principales :<\/h2>\n<ul data-start=\"1394\" data-end=\"1639\">\n<li data-section-id=\"1pna407\" data-start=\"1394\" data-end=\"1446\">Con\u00e7u pour \u00eatre utilis\u00e9 avec les syst\u00e8mes de verrouillage Torc1<\/li>\n<li data-section-id=\"yj7bws\" data-start=\"1447\" data-end=\"1495\">Assure une r\u00e9ponse et un contr\u00f4le appropri\u00e9s de l&#039;acc\u00e9l\u00e9rateur<\/li>\n<li data-section-id=\"12vu93m\" data-start=\"1496\" data-end=\"1548\">Ajustement sp\u00e9cifique au mod\u00e8le pour une installation pr\u00e9cise<\/li>\n<li data-section-id=\"xh6ril\" data-start=\"1549\" data-end=\"1591\">Construction durable pour une utilisation \u00e0 long terme<\/li>\n<li data-section-id=\"9k3jkw\" data-start=\"1592\" data-end=\"1639\">Facile \u00e0 installer avec des configurations de poign\u00e9es compatibles<\/li>\n<\/ul>\n<hr data-start=\"1641\" data-end=\"1644\" \/>\n<h2 data-section-id=\"mxsom\" data-start=\"1646\" data-end=\"1657\">Compatibilit\u00e9 :<\/h2>\n<ul data-start=\"1659\" data-end=\"1804\">\n<li data-section-id=\"bg56aw\" data-start=\"1659\" data-end=\"1698\"><strong data-start=\"1661\" data-end=\"1678\">5001-0200 (E)<\/strong> \u2014 KTM 50SX \/ 65SX<\/li>\n<li data-section-id=\"k94dn3\" data-start=\"1699\" data-end=\"1741\"><strong data-start=\"1701\" data-end=\"1718\">5002-0200 (F)<\/strong> \u2014 Yamaha YZ65 \/ YZ85<\/li>\n<li data-section-id=\"jwqptt\" data-start=\"1742\" data-end=\"1804\"><strong data-start=\"1744\" data-end=\"1761\">5003-0200 (L)<\/strong> \u2014Kawasaki KX65\/85\/100, KLX110\/140<\/li>\n<\/ul>\n<hr data-start=\"1806\" data-end=\"1809\" \/>\n<h2 data-section-id=\"z945pq\" data-start=\"1811\" data-end=\"1836\">\u26a0\ufe0f Remarque concernant la compatibilit\u00e9\u00a0:<\/h2>\n<p data-start=\"1838\" data-end=\"1944\">Des cames d&#039;acc\u00e9l\u00e9rateur sont n\u00e9cessaires pour certaines applications de poign\u00e9es de verrouillage.<br data-start=\"1903\" data-end=\"1906\" \/>V\u00e9rifiez toujours la compatibilit\u00e9 avant de commander.<\/p>","protected":false},"excerpt":{"rendered":"<p>Torc1 Throttle Cams are designed to ensure proper throttle response and fitment when installing lock-on grips on mini bikes. Each cam is matched to specific models to provide smooth operation and correct throttle pull. Key Features: Designed for use with Torc1 lock-on grip systems Ensures proper throttle response and control Model-specific fitment for accurate installation [&hellip;]<\/p>\n","protected":false},"featured_media":5564,"comment_status":"closed","ping_status":"closed","template":"","meta":{"saved_in_kubio":false,"_coblocks_attr":"","_coblocks_dimensions":"","_coblocks_responsive_height":"","_coblocks_accordion_ie_support":""},"product_brand":[],"product_cat":[387,386],"product_tag":[],"class_list":{"0":"post-5560","1":"product","2":"type-product","3":"status-publish","4":"has-post-thumbnail","6":"product_cat-grip-accessories","7":"product_cat-torc1-accessories","9":"first","10":"outofstock","11":"taxable","12":"shipping-taxable","13":"purchasable","14":"product-type-variable","15":"has-default-attributes"},"yoast_head":"<!-- This site is optimized with the Yoast SEO Premium plugin v27.5 (Yoast SEO v27.5) - https:\/\/yoast.com\/product\/yoast-seo-premium-wordpress\/ -->\n<title>Dirt Bike Throttle Cams | Torc1<\/title>\n<meta name=\"description\" content=\"Improve throttle response with Torc1 throttle cams. Designed for mini bikes and compatible with select KTM, Yamaha, and Kawasaki models.\" \/>\n<meta name=\"robots\" content=\"index, follow, max-snippet:-1, max-image-preview:large, max-video-preview:-1\" \/>\n<link rel=\"canonical\" href=\"https:\/\/dirtbagbrands.com\/fr\/product\/cames-daccelerateur-torc1\/\" \/>\n<meta property=\"og:locale\" content=\"fr_CA\" \/>\n<meta property=\"og:type\" content=\"article\" \/>\n<meta property=\"og:title\" content=\"Torc1 Throttle Cams (Mini Bike Throttle Fitment) | Dirtbag Brands\" \/>\n<meta property=\"og:description\" content=\"Torc1 Throttle Cams (Mini Bike Throttle Fitment) \u2013 Built for off-road durability. Perfect for and . Free shipping over $100!\" \/>\n<meta property=\"og:url\" content=\"https:\/\/dirtbagbrands.com\/fr\/product\/cames-daccelerateur-torc1\/\" \/>\n<meta property=\"og:site_name\" content=\"Dirtbag Brands\" \/>\n<meta property=\"article:publisher\" content=\"https:\/\/www.facebook.com\/dirtbagbrands\/\" \/>\n<meta property=\"article:modified_time\" content=\"2026-05-01T15:28:16+00:00\" \/>\n<meta property=\"og:image\" content=\"https:\/\/dirtbagbrands.com\/wp-content\/uploads\/2026\/04\/torc1-racing-throttle-cams.webp\" \/>\n\t<meta property=\"og:image:width\" content=\"1200\" \/>\n\t<meta property=\"og:image:height\" content=\"1200\" \/>\n\t<meta property=\"og:image:type\" content=\"image\/png\" \/>\n<meta name=\"twitter:card\" content=\"summary_large_image\" \/>\n<meta name=\"twitter:label1\" content=\"Estimation du temps de lecture\" \/>\n\t<meta name=\"twitter:data1\" content=\"1 minute\" \/>\n<script type=\"application\/ld+json\" class=\"yoast-schema-graph\">{\"@context\":\"https:\\\/\\\/schema.org\",\"@graph\":[{\"@type\":\"WebPage\",\"@id\":\"https:\\\/\\\/dirtbagbrands.com\\\/product\\\/torc1-throttle-cams\\\/\",\"url\":\"https:\\\/\\\/dirtbagbrands.com\\\/product\\\/torc1-throttle-cams\\\/\",\"name\":\"Dirt Bike Throttle Cams | Torc1\",\"isPartOf\":{\"@id\":\"https:\\\/\\\/dirtbagbrands.com\\\/#website\"},\"primaryImageOfPage\":{\"@id\":\"https:\\\/\\\/dirtbagbrands.com\\\/product\\\/torc1-throttle-cams\\\/#primaryimage\"},\"image\":{\"@id\":\"https:\\\/\\\/dirtbagbrands.com\\\/product\\\/torc1-throttle-cams\\\/#primaryimage\"},\"thumbnailUrl\":\"https:\\\/\\\/dirtbagbrands.com\\\/wp-content\\\/uploads\\\/2026\\\/04\\\/torc1-racing-throttle-cams.webp\",\"datePublished\":\"2026-04-30T17:29:04+00:00\",\"dateModified\":\"2026-05-01T15:28:16+00:00\",\"description\":\"Improve throttle response with Torc1 throttle cams. Designed for mini bikes and compatible with select KTM, Yamaha, and Kawasaki models.\",\"breadcrumb\":{\"@id\":\"https:\\\/\\\/dirtbagbrands.com\\\/product\\\/torc1-throttle-cams\\\/#breadcrumb\"},\"inLanguage\":\"fr-CA\",\"potentialAction\":[{\"@type\":\"ReadAction\",\"target\":[\"https:\\\/\\\/dirtbagbrands.com\\\/product\\\/torc1-throttle-cams\\\/\"]}]},{\"@type\":\"ImageObject\",\"inLanguage\":\"fr-CA\",\"@id\":\"https:\\\/\\\/dirtbagbrands.com\\\/product\\\/torc1-throttle-cams\\\/#primaryimage\",\"url\":\"https:\\\/\\\/dirtbagbrands.com\\\/wp-content\\\/uploads\\\/2026\\\/04\\\/torc1-racing-throttle-cams.webp\",\"contentUrl\":\"https:\\\/\\\/dirtbagbrands.com\\\/wp-content\\\/uploads\\\/2026\\\/04\\\/torc1-racing-throttle-cams.webp\",\"width\":1200,\"height\":1200,\"caption\":\"torc1 racing lock on grip throttle cams\"},{\"@type\":\"BreadcrumbList\",\"@id\":\"https:\\\/\\\/dirtbagbrands.com\\\/product\\\/torc1-throttle-cams\\\/#breadcrumb\",\"itemListElement\":[{\"@type\":\"ListItem\",\"position\":1,\"name\":\"Home\",\"item\":\"https:\\\/\\\/dirtbagbrands.com\\\/\"},{\"@type\":\"ListItem\",\"position\":2,\"name\":\"Shop\",\"item\":\"https:\\\/\\\/dirtbagbrands.com\\\/shop\\\/\"},{\"@type\":\"ListItem\",\"position\":3,\"name\":\"Torc1 Accessories\",\"item\":\"https:\\\/\\\/dirtbagbrands.com\\\/product-category\\\/torc1-accessories\\\/\"},{\"@type\":\"ListItem\",\"position\":4,\"name\":\"Torc1 Throttle Cams (Mini Bike Throttle Fitment)\"}]},{\"@type\":\"WebSite\",\"@id\":\"https:\\\/\\\/dirtbagbrands.com\\\/#website\",\"url\":\"https:\\\/\\\/dirtbagbrands.com\\\/\",\"name\":\"Dirtbag Brands\",\"description\":\"Premium UTV and Dirtbike Accessories\",\"publisher\":{\"@id\":\"https:\\\/\\\/dirtbagbrands.com\\\/#organization\"},\"potentialAction\":[{\"@type\":\"SearchAction\",\"target\":{\"@type\":\"EntryPoint\",\"urlTemplate\":\"https:\\\/\\\/dirtbagbrands.com\\\/?s={search_term_string}\"},\"query-input\":{\"@type\":\"PropertyValueSpecification\",\"valueRequired\":true,\"valueName\":\"search_term_string\"}}],\"inLanguage\":\"fr-CA\"},{\"@type\":\"Organization\",\"@id\":\"https:\\\/\\\/dirtbagbrands.com\\\/#organization\",\"name\":\"Dirtbag Brands\",\"alternateName\":\"Dirtbag Brands UTV Accessories\",\"url\":\"https:\\\/\\\/dirtbagbrands.com\\\/\",\"logo\":{\"@type\":\"ImageObject\",\"inLanguage\":\"fr-CA\",\"@id\":\"https:\\\/\\\/dirtbagbrands.com\\\/#\\\/schema\\\/logo\\\/image\\\/\",\"url\":\"https:\\\/\\\/dirtbagbrands.com\\\/wp-content\\\/uploads\\\/2024\\\/07\\\/Word-Logo.webp\",\"contentUrl\":\"https:\\\/\\\/dirtbagbrands.com\\\/wp-content\\\/uploads\\\/2024\\\/07\\\/Word-Logo.webp\",\"width\":750,\"height\":750,\"caption\":\"Dirtbag Brands\"},\"image\":{\"@id\":\"https:\\\/\\\/dirtbagbrands.com\\\/#\\\/schema\\\/logo\\\/image\\\/\"},\"sameAs\":[\"https:\\\/\\\/www.facebook.com\\\/dirtbagbrands\\\/\",\"https:\\\/\\\/www.instagram.com\\\/dirtbagbrands\",\"https:\\\/\\\/www.youtube.com\\\/@dirtbagbrands\",\"https:\\\/\\\/www.pinterest.com\\\/dirtbagbrands\",\"https:\\\/\\\/www.linkedin.com\\\/company\\\/dirtbag-brands\\\/\",\"https:\\\/\\\/www.tiktok.com\\\/@dirtbagbrands\"],\"description\":\"Dirtbag Brands designs and manufactures premium billet aluminum UTV accessories engineered for performance, durability, and off-road visibility. Our IronSight mirror systems and mounting solutions are built for Polaris, Can-Am, Kawasaki, Honda, and other utility and sport side-by-side vehicles.\",\"email\":\"inquiries@dirtbagbrands.com\",\"telephone\":\"9706445566\",\"foundingDate\":\"2020-03-10\"}]}<\/script>\n<!-- \/ Yoast SEO Premium plugin. -->","yoast_head_json":{"title":"Cames d&#039;acc\u00e9l\u00e9rateur pour motos tout-terrain | Torc1","description":"Am\u00e9liorez la r\u00e9activit\u00e9 de votre acc\u00e9l\u00e9rateur gr\u00e2ce aux cames d&#039;acc\u00e9l\u00e9rateur Torc1. Con\u00e7ues pour les mini-motos, elles sont compatibles avec certains mod\u00e8les KTM, Yamaha et Kawasaki.","robots":{"index":"index","follow":"follow","max-snippet":"max-snippet:-1","max-image-preview":"max-image-preview:large","max-video-preview":"max-video-preview:-1"},"canonical":"https:\/\/dirtbagbrands.com\/fr\/product\/cames-daccelerateur-torc1\/","og_locale":"fr_CA","og_type":"article","og_title":"Torc1 Throttle Cams (Mini Bike Throttle Fitment) | Dirtbag Brands","og_description":"Torc1 Throttle Cams (Mini Bike Throttle Fitment) \u2013 Built for off-road durability. Perfect for and . Free shipping over $100!","og_url":"https:\/\/dirtbagbrands.com\/fr\/product\/cames-daccelerateur-torc1\/","og_site_name":"Dirtbag Brands","article_publisher":"https:\/\/www.facebook.com\/dirtbagbrands\/","article_modified_time":"2026-05-01T15:28:16+00:00","og_image":[{"width":1200,"height":1200,"url":"https:\/\/dirtbagbrands.com\/wp-content\/uploads\/2026\/04\/torc1-racing-throttle-cams.webp","type":"image\/png"}],"twitter_card":"summary_large_image","twitter_misc":{"Estimation du temps de lecture":"1 minute"},"schema":{"@context":"https:\/\/schema.org","@graph":[{"@type":"WebPage","@id":"https:\/\/dirtbagbrands.com\/product\/torc1-throttle-cams\/","url":"https:\/\/dirtbagbrands.com\/product\/torc1-throttle-cams\/","name":"Cames d&#039;acc\u00e9l\u00e9rateur pour motos tout-terrain | Torc1","isPartOf":{"@id":"https:\/\/dirtbagbrands.com\/#website"},"primaryImageOfPage":{"@id":"https:\/\/dirtbagbrands.com\/product\/torc1-throttle-cams\/#primaryimage"},"image":{"@id":"https:\/\/dirtbagbrands.com\/product\/torc1-throttle-cams\/#primaryimage"},"thumbnailUrl":"https:\/\/dirtbagbrands.com\/wp-content\/uploads\/2026\/04\/torc1-racing-throttle-cams.webp","datePublished":"2026-04-30T17:29:04+00:00","dateModified":"2026-05-01T15:28:16+00:00","description":"Am\u00e9liorez la r\u00e9activit\u00e9 de votre acc\u00e9l\u00e9rateur gr\u00e2ce aux cames d&#039;acc\u00e9l\u00e9rateur Torc1. Con\u00e7ues pour les mini-motos, elles sont compatibles avec certains mod\u00e8les KTM, Yamaha et Kawasaki.","breadcrumb":{"@id":"https:\/\/dirtbagbrands.com\/product\/torc1-throttle-cams\/#breadcrumb"},"inLanguage":"fr-CA","potentialAction":[{"@type":"ReadAction","target":["https:\/\/dirtbagbrands.com\/product\/torc1-throttle-cams\/"]}]},{"@type":"ImageObject","inLanguage":"fr-CA","@id":"https:\/\/dirtbagbrands.com\/product\/torc1-throttle-cams\/#primaryimage","url":"https:\/\/dirtbagbrands.com\/wp-content\/uploads\/2026\/04\/torc1-racing-throttle-cams.webp","contentUrl":"https:\/\/dirtbagbrands.com\/wp-content\/uploads\/2026\/04\/torc1-racing-throttle-cams.webp","width":1200,"height":1200,"caption":"torc1 racing lock on grip throttle cams"},{"@type":"BreadcrumbList","@id":"https:\/\/dirtbagbrands.com\/product\/torc1-throttle-cams\/#breadcrumb","itemListElement":[{"@type":"ListItem","position":1,"name":"Home","item":"https:\/\/dirtbagbrands.com\/"},{"@type":"ListItem","position":2,"name":"Shop","item":"https:\/\/dirtbagbrands.com\/shop\/"},{"@type":"ListItem","position":3,"name":"Torc1 Accessories","item":"https:\/\/dirtbagbrands.com\/product-category\/torc1-accessories\/"},{"@type":"ListItem","position":4,"name":"Torc1 Throttle Cams (Mini Bike Throttle Fitment)"}]},{"@type":"WebSite","@id":"https:\/\/dirtbagbrands.com\/#website","url":"https:\/\/dirtbagbrands.com\/","name":"Marques Dirtbag","description":"Accessoires UTV et Dirtbike haut de gamme","publisher":{"@id":"https:\/\/dirtbagbrands.com\/#organization"},"potentialAction":[{"@type":"SearchAction","target":{"@type":"EntryPoint","urlTemplate":"https:\/\/dirtbagbrands.com\/?s={search_term_string}"},"query-input":{"@type":"PropertyValueSpecification","valueRequired":true,"valueName":"search_term_string"}}],"inLanguage":"fr-CA"},{"@type":"Organization","@id":"https:\/\/dirtbagbrands.com\/#organization","name":"Marques Dirtbag","alternateName":"Dirtbag Brands UTV Accessories","url":"https:\/\/dirtbagbrands.com\/","logo":{"@type":"ImageObject","inLanguage":"fr-CA","@id":"https:\/\/dirtbagbrands.com\/#\/schema\/logo\/image\/","url":"https:\/\/dirtbagbrands.com\/wp-content\/uploads\/2024\/07\/Word-Logo.webp","contentUrl":"https:\/\/dirtbagbrands.com\/wp-content\/uploads\/2024\/07\/Word-Logo.webp","width":750,"height":750,"caption":"Dirtbag Brands"},"image":{"@id":"https:\/\/dirtbagbrands.com\/#\/schema\/logo\/image\/"},"sameAs":["https:\/\/www.facebook.com\/dirtbagbrands\/","https:\/\/www.instagram.com\/dirtbagbrands","https:\/\/www.youtube.com\/@dirtbagbrands","https:\/\/www.pinterest.com\/dirtbagbrands","https:\/\/www.linkedin.com\/company\/dirtbag-brands\/","https:\/\/www.tiktok.com\/@dirtbagbrands"],"description":"Dirtbag Brands con\u00e7oit et fabrique des accessoires haut de gamme en aluminium usin\u00e9 pour v\u00e9hicules tout-terrain (UTV), alliant performance, durabilit\u00e9 et visibilit\u00e9 optimale en tout-terrain. Nos syst\u00e8mes de r\u00e9troviseurs et solutions de montage IronSight sont compatibles avec les v\u00e9hicules utilitaires et sportifs c\u00f4te \u00e0 c\u00f4te Polaris, Can-Am, Kawasaki, Honda et autres.","email":"inquiries@dirtbagbrands.com","telephone":"9706445566","foundingDate":"2020-03-10"}]}},"_links":{"self":[{"href":"https:\/\/dirtbagbrands.com\/fr\/wp-json\/wp\/v2\/product\/5560","targetHints":{"allow":["GET"]}}],"collection":[{"href":"https:\/\/dirtbagbrands.com\/fr\/wp-json\/wp\/v2\/product"}],"about":[{"href":"https:\/\/dirtbagbrands.com\/fr\/wp-json\/wp\/v2\/types\/product"}],"replies":[{"embeddable":true,"href":"https:\/\/dirtbagbrands.com\/fr\/wp-json\/wp\/v2\/comments?post=5560"}],"wp:featuredmedia":[{"embeddable":true,"href":"https:\/\/dirtbagbrands.com\/fr\/wp-json\/wp\/v2\/media\/5564"}],"wp:attachment":[{"href":"https:\/\/dirtbagbrands.com\/fr\/wp-json\/wp\/v2\/media?parent=5560"}],"wp:term":[{"taxonomy":"product_brand","embeddable":true,"href":"https:\/\/dirtbagbrands.com\/fr\/wp-json\/wp\/v2\/product_brand?post=5560"},{"taxonomy":"product_cat","embeddable":true,"href":"https:\/\/dirtbagbrands.com\/fr\/wp-json\/wp\/v2\/product_cat?post=5560"},{"taxonomy":"product_tag","embeddable":true,"href":"https:\/\/dirtbagbrands.com\/fr\/wp-json\/wp\/v2\/product_tag?post=5560"}],"curies":[{"name":"wp","href":"https:\/\/api.w.org\/{rel}","templated":true}]}}