{"id":5514,"date":"2026-04-30T14:48:38","date_gmt":"2026-04-30T14:48:38","guid":{"rendered":"https:\/\/dirtbagbrands.com\/?post_type=product&#038;p=5514"},"modified":"2026-04-30T15:41:22","modified_gmt":"2026-04-30T15:41:22","slug":"torc1-replacement-brake-lever-blade","status":"publish","type":"product","link":"https:\/\/dirtbagbrands.com\/fr\/product\/torc1-replacement-brake-lever-blade\/","title":{"rendered":"Torc1 Vengeance Replacement Front Brake Lever Blade"},"content":{"rendered":"<p data-start=\"593\" data-end=\"913\">Torc1 Vengeance Replacement Flex Front Brake Levers allow you to replace a damaged or worn lever blade without purchasing a full assembly. Designed specifically for Torc1 Vengeance lever systems, these replacement blades restore function quickly while giving you the option to customize your setup with different colors.<\/p>\n<hr data-start=\"915\" data-end=\"918\" \/>\n<h2 data-section-id=\"5ixuvj\" data-start=\"920\" data-end=\"936\">Caract\u00e9ristiques principales :<\/h2>\n<ul data-start=\"938\" data-end=\"1241\">\n<li data-section-id=\"1g5zlzg\" data-start=\"938\" data-end=\"1000\">Direct replacement for Torc1 Vengeance brake lever systems<\/li>\n<li data-section-id=\"1of02g\" data-start=\"1001\" data-end=\"1050\">Breakaway flex design for improved durability<\/li>\n<li data-section-id=\"1qcyf1p\" data-start=\"1051\" data-end=\"1102\">Hard anodized 6061 billet aluminum construction<\/li>\n<li data-section-id=\"y5z6a6\" data-start=\"1103\" data-end=\"1155\">Smooth lever feel for consistent braking control<\/li>\n<li data-section-id=\"qicurv\" data-start=\"1156\" data-end=\"1195\">Available in multiple color options<\/li>\n<li data-section-id=\"yzq3td\" data-start=\"1196\" data-end=\"1241\">Easy installation using existing hardware<\/li>\n<\/ul>\n<hr data-start=\"1243\" data-end=\"1246\" \/>\n<h2 data-section-id=\"mxsom\" data-start=\"1248\" data-end=\"1259\">Compatibilit\u00e9 :<\/h2>\n<p data-start=\"1261\" data-end=\"1330\">Compatible with <strong data-start=\"1277\" data-end=\"1330\">Torc1 Vengeance Front Brake Lever assemblies only<\/strong><\/p>\n<hr data-start=\"1332\" data-end=\"1335\" \/>\n<h2 data-section-id=\"19dg5xn\" data-start=\"1337\" data-end=\"1378\">\u26a0\ufe0f Compatibility Note (VERY IMPORTANT)<\/h2>\n<p data-start=\"1380\" data-end=\"1506\">These are <strong data-start=\"1390\" data-end=\"1423\">replacement lever blades only<\/strong><br data-start=\"1423\" data-end=\"1426\" \/>NOT compatible with OEM lever assemblies<br data-start=\"1466\" data-end=\"1469\" \/>NOT a complete brake lever assembly<\/p>","protected":false},"excerpt":{"rendered":"<p>Replace your Torc1 brake lever blade without buying a full assembly. Durable billet construction with multiple color options.<\/p>","protected":false},"featured_media":5528,"comment_status":"closed","ping_status":"closed","template":"","meta":{"saved_in_kubio":false,"_coblocks_attr":"","_coblocks_dimensions":"","_coblocks_responsive_height":"","_coblocks_accordion_ie_support":""},"product_brand":[],"product_cat":[390,388,386],"product_tag":[],"class_list":{"0":"post-5514","1":"product","2":"type-product","3":"status-publish","4":"has-post-thumbnail","6":"product_cat-replacement-brake-levers","7":"product_cat-replacement-levers","8":"product_cat-torc1-accessories","10":"first","11":"instock","12":"taxable","13":"shipping-taxable","14":"purchasable","15":"product-type-variable","16":"has-default-attributes"},"yoast_head":"<!-- This site is optimized with the Yoast SEO Premium plugin v27.5 (Yoast SEO v27.5) - https:\/\/yoast.com\/product\/yoast-seo-premium-wordpress\/ -->\n<title>Replacement Dirt Bike Brake Lever | Torc1<\/title>\n<meta name=\"description\" content=\"Replace your brake lever blade without buying a full assembly. Torc1 replacement brake levers fit Vengeance systems and come in multiple colors.\" \/>\n<meta name=\"robots\" content=\"index, follow, max-snippet:-1, max-image-preview:large, max-video-preview:-1\" \/>\n<link rel=\"canonical\" href=\"https:\/\/dirtbagbrands.com\/fr\/product\/torc1-replacement-brake-lever-blade\/\" \/>\n<meta property=\"og:locale\" content=\"fr_CA\" \/>\n<meta property=\"og:type\" content=\"article\" \/>\n<meta property=\"og:title\" content=\"Torc1 Vengeance Replacement Front Brake Lever Blade | Dirtbag Brands\" \/>\n<meta property=\"og:description\" content=\"Torc1 Vengeance Replacement Front Brake Lever Blade \u2013 Built for off-road durability. Perfect for and . Free shipping over $100!\" \/>\n<meta property=\"og:url\" content=\"https:\/\/dirtbagbrands.com\/fr\/product\/torc1-replacement-brake-lever-blade\/\" \/>\n<meta property=\"og:site_name\" content=\"Dirtbag Brands\" \/>\n<meta property=\"article:publisher\" content=\"https:\/\/www.facebook.com\/dirtbagbrands\/\" \/>\n<meta property=\"article:modified_time\" content=\"2026-04-30T15:41:22+00:00\" \/>\n<meta property=\"og:image\" content=\"https:\/\/dirtbagbrands.com\/wp-content\/uploads\/2026\/04\/torc1-vengenace-replacement-front-brake-lever.webp\" \/>\n\t<meta property=\"og:image:width\" content=\"1200\" \/>\n\t<meta property=\"og:image:height\" content=\"1200\" \/>\n\t<meta property=\"og:image:type\" content=\"image\/png\" \/>\n<meta name=\"twitter:card\" content=\"summary_large_image\" \/>\n<meta name=\"twitter:label1\" content=\"Estimation du temps de lecture\" \/>\n\t<meta name=\"twitter:data1\" content=\"1 minute\" \/>\n<script type=\"application\/ld+json\" class=\"yoast-schema-graph\">{\"@context\":\"https:\\\/\\\/schema.org\",\"@graph\":[{\"@type\":\"WebPage\",\"@id\":\"https:\\\/\\\/dirtbagbrands.com\\\/product\\\/torc1-replacement-brake-lever-blade\\\/\",\"url\":\"https:\\\/\\\/dirtbagbrands.com\\\/product\\\/torc1-replacement-brake-lever-blade\\\/\",\"name\":\"Replacement Dirt Bike Brake Lever | Torc1\",\"isPartOf\":{\"@id\":\"https:\\\/\\\/dirtbagbrands.com\\\/#website\"},\"primaryImageOfPage\":{\"@id\":\"https:\\\/\\\/dirtbagbrands.com\\\/product\\\/torc1-replacement-brake-lever-blade\\\/#primaryimage\"},\"image\":{\"@id\":\"https:\\\/\\\/dirtbagbrands.com\\\/product\\\/torc1-replacement-brake-lever-blade\\\/#primaryimage\"},\"thumbnailUrl\":\"https:\\\/\\\/dirtbagbrands.com\\\/wp-content\\\/uploads\\\/2026\\\/04\\\/torc1-vengenace-replacement-front-brake-lever.webp\",\"datePublished\":\"2026-04-30T14:48:38+00:00\",\"dateModified\":\"2026-04-30T15:41:22+00:00\",\"description\":\"Replace your brake lever blade without buying a full assembly. Torc1 replacement brake levers fit Vengeance systems and come in multiple colors.\",\"breadcrumb\":{\"@id\":\"https:\\\/\\\/dirtbagbrands.com\\\/product\\\/torc1-replacement-brake-lever-blade\\\/#breadcrumb\"},\"inLanguage\":\"fr-CA\",\"potentialAction\":[{\"@type\":\"ReadAction\",\"target\":[\"https:\\\/\\\/dirtbagbrands.com\\\/product\\\/torc1-replacement-brake-lever-blade\\\/\"]}]},{\"@type\":\"ImageObject\",\"inLanguage\":\"fr-CA\",\"@id\":\"https:\\\/\\\/dirtbagbrands.com\\\/product\\\/torc1-replacement-brake-lever-blade\\\/#primaryimage\",\"url\":\"https:\\\/\\\/dirtbagbrands.com\\\/wp-content\\\/uploads\\\/2026\\\/04\\\/torc1-vengenace-replacement-front-brake-lever.webp\",\"contentUrl\":\"https:\\\/\\\/dirtbagbrands.com\\\/wp-content\\\/uploads\\\/2026\\\/04\\\/torc1-vengenace-replacement-front-brake-lever.webp\",\"width\":1200,\"height\":1200,\"caption\":\"Torc1 Vengeance replacement front brake levers billet\"},{\"@type\":\"BreadcrumbList\",\"@id\":\"https:\\\/\\\/dirtbagbrands.com\\\/product\\\/torc1-replacement-brake-lever-blade\\\/#breadcrumb\",\"itemListElement\":[{\"@type\":\"ListItem\",\"position\":1,\"name\":\"Home\",\"item\":\"https:\\\/\\\/dirtbagbrands.com\\\/\"},{\"@type\":\"ListItem\",\"position\":2,\"name\":\"Shop\",\"item\":\"https:\\\/\\\/dirtbagbrands.com\\\/shop\\\/\"},{\"@type\":\"ListItem\",\"position\":3,\"name\":\"Torc1 Accessories\",\"item\":\"https:\\\/\\\/dirtbagbrands.com\\\/product-category\\\/torc1-accessories\\\/\"},{\"@type\":\"ListItem\",\"position\":4,\"name\":\"Torc1 Vengeance Replacement Front Brake Lever Blade\"}]},{\"@type\":\"WebSite\",\"@id\":\"https:\\\/\\\/dirtbagbrands.com\\\/#website\",\"url\":\"https:\\\/\\\/dirtbagbrands.com\\\/\",\"name\":\"Dirtbag Brands\",\"description\":\"Premium UTV and Dirtbike Accessories\",\"publisher\":{\"@id\":\"https:\\\/\\\/dirtbagbrands.com\\\/#organization\"},\"potentialAction\":[{\"@type\":\"SearchAction\",\"target\":{\"@type\":\"EntryPoint\",\"urlTemplate\":\"https:\\\/\\\/dirtbagbrands.com\\\/?s={search_term_string}\"},\"query-input\":{\"@type\":\"PropertyValueSpecification\",\"valueRequired\":true,\"valueName\":\"search_term_string\"}}],\"inLanguage\":\"fr-CA\"},{\"@type\":\"Organization\",\"@id\":\"https:\\\/\\\/dirtbagbrands.com\\\/#organization\",\"name\":\"Dirtbag Brands\",\"alternateName\":\"Dirtbag Brands UTV Accessories\",\"url\":\"https:\\\/\\\/dirtbagbrands.com\\\/\",\"logo\":{\"@type\":\"ImageObject\",\"inLanguage\":\"fr-CA\",\"@id\":\"https:\\\/\\\/dirtbagbrands.com\\\/#\\\/schema\\\/logo\\\/image\\\/\",\"url\":\"https:\\\/\\\/dirtbagbrands.com\\\/wp-content\\\/uploads\\\/2024\\\/07\\\/Word-Logo.webp\",\"contentUrl\":\"https:\\\/\\\/dirtbagbrands.com\\\/wp-content\\\/uploads\\\/2024\\\/07\\\/Word-Logo.webp\",\"width\":750,\"height\":750,\"caption\":\"Dirtbag Brands\"},\"image\":{\"@id\":\"https:\\\/\\\/dirtbagbrands.com\\\/#\\\/schema\\\/logo\\\/image\\\/\"},\"sameAs\":[\"https:\\\/\\\/www.facebook.com\\\/dirtbagbrands\\\/\",\"https:\\\/\\\/www.instagram.com\\\/dirtbagbrands\",\"https:\\\/\\\/www.youtube.com\\\/@dirtbagbrands\",\"https:\\\/\\\/www.pinterest.com\\\/dirtbagbrands\",\"https:\\\/\\\/www.linkedin.com\\\/company\\\/dirtbag-brands\\\/\",\"https:\\\/\\\/www.tiktok.com\\\/@dirtbagbrands\"],\"description\":\"Dirtbag Brands designs and manufactures premium billet aluminum UTV accessories engineered for performance, durability, and off-road visibility. Our IronSight mirror systems and mounting solutions are built for Polaris, Can-Am, Kawasaki, Honda, and other utility and sport side-by-side vehicles.\",\"email\":\"inquiries@dirtbagbrands.com\",\"telephone\":\"9706445566\",\"foundingDate\":\"2020-03-10\"}]}<\/script>\n<!-- \/ Yoast SEO Premium plugin. -->","yoast_head_json":{"title":"Replacement Dirt Bike Brake Lever | Torc1","description":"Replace your brake lever blade without buying a full assembly. Torc1 replacement brake levers fit Vengeance systems and come in multiple colors.","robots":{"index":"index","follow":"follow","max-snippet":"max-snippet:-1","max-image-preview":"max-image-preview:large","max-video-preview":"max-video-preview:-1"},"canonical":"https:\/\/dirtbagbrands.com\/fr\/product\/torc1-replacement-brake-lever-blade\/","og_locale":"fr_CA","og_type":"article","og_title":"Torc1 Vengeance Replacement Front Brake Lever Blade | Dirtbag Brands","og_description":"Torc1 Vengeance Replacement Front Brake Lever Blade \u2013 Built for off-road durability. Perfect for and . Free shipping over $100!","og_url":"https:\/\/dirtbagbrands.com\/fr\/product\/torc1-replacement-brake-lever-blade\/","og_site_name":"Dirtbag Brands","article_publisher":"https:\/\/www.facebook.com\/dirtbagbrands\/","article_modified_time":"2026-04-30T15:41:22+00:00","og_image":[{"width":1200,"height":1200,"url":"https:\/\/dirtbagbrands.com\/wp-content\/uploads\/2026\/04\/torc1-vengenace-replacement-front-brake-lever.webp","type":"image\/png"}],"twitter_card":"summary_large_image","twitter_misc":{"Estimation du temps de lecture":"1 minute"},"schema":{"@context":"https:\/\/schema.org","@graph":[{"@type":"WebPage","@id":"https:\/\/dirtbagbrands.com\/product\/torc1-replacement-brake-lever-blade\/","url":"https:\/\/dirtbagbrands.com\/product\/torc1-replacement-brake-lever-blade\/","name":"Replacement Dirt Bike Brake Lever | Torc1","isPartOf":{"@id":"https:\/\/dirtbagbrands.com\/#website"},"primaryImageOfPage":{"@id":"https:\/\/dirtbagbrands.com\/product\/torc1-replacement-brake-lever-blade\/#primaryimage"},"image":{"@id":"https:\/\/dirtbagbrands.com\/product\/torc1-replacement-brake-lever-blade\/#primaryimage"},"thumbnailUrl":"https:\/\/dirtbagbrands.com\/wp-content\/uploads\/2026\/04\/torc1-vengenace-replacement-front-brake-lever.webp","datePublished":"2026-04-30T14:48:38+00:00","dateModified":"2026-04-30T15:41:22+00:00","description":"Replace your brake lever blade without buying a full assembly. Torc1 replacement brake levers fit Vengeance systems and come in multiple colors.","breadcrumb":{"@id":"https:\/\/dirtbagbrands.com\/product\/torc1-replacement-brake-lever-blade\/#breadcrumb"},"inLanguage":"fr-CA","potentialAction":[{"@type":"ReadAction","target":["https:\/\/dirtbagbrands.com\/product\/torc1-replacement-brake-lever-blade\/"]}]},{"@type":"ImageObject","inLanguage":"fr-CA","@id":"https:\/\/dirtbagbrands.com\/product\/torc1-replacement-brake-lever-blade\/#primaryimage","url":"https:\/\/dirtbagbrands.com\/wp-content\/uploads\/2026\/04\/torc1-vengenace-replacement-front-brake-lever.webp","contentUrl":"https:\/\/dirtbagbrands.com\/wp-content\/uploads\/2026\/04\/torc1-vengenace-replacement-front-brake-lever.webp","width":1200,"height":1200,"caption":"Torc1 Vengeance replacement front brake levers billet"},{"@type":"BreadcrumbList","@id":"https:\/\/dirtbagbrands.com\/product\/torc1-replacement-brake-lever-blade\/#breadcrumb","itemListElement":[{"@type":"ListItem","position":1,"name":"Home","item":"https:\/\/dirtbagbrands.com\/"},{"@type":"ListItem","position":2,"name":"Shop","item":"https:\/\/dirtbagbrands.com\/shop\/"},{"@type":"ListItem","position":3,"name":"Torc1 Accessories","item":"https:\/\/dirtbagbrands.com\/product-category\/torc1-accessories\/"},{"@type":"ListItem","position":4,"name":"Torc1 Vengeance Replacement Front Brake Lever Blade"}]},{"@type":"WebSite","@id":"https:\/\/dirtbagbrands.com\/#website","url":"https:\/\/dirtbagbrands.com\/","name":"Marques Dirtbag","description":"Accessoires UTV et Dirtbike haut de gamme","publisher":{"@id":"https:\/\/dirtbagbrands.com\/#organization"},"potentialAction":[{"@type":"SearchAction","target":{"@type":"EntryPoint","urlTemplate":"https:\/\/dirtbagbrands.com\/?s={search_term_string}"},"query-input":{"@type":"PropertyValueSpecification","valueRequired":true,"valueName":"search_term_string"}}],"inLanguage":"fr-CA"},{"@type":"Organization","@id":"https:\/\/dirtbagbrands.com\/#organization","name":"Marques Dirtbag","alternateName":"Dirtbag Brands UTV Accessories","url":"https:\/\/dirtbagbrands.com\/","logo":{"@type":"ImageObject","inLanguage":"fr-CA","@id":"https:\/\/dirtbagbrands.com\/#\/schema\/logo\/image\/","url":"https:\/\/dirtbagbrands.com\/wp-content\/uploads\/2024\/07\/Word-Logo.webp","contentUrl":"https:\/\/dirtbagbrands.com\/wp-content\/uploads\/2024\/07\/Word-Logo.webp","width":750,"height":750,"caption":"Dirtbag Brands"},"image":{"@id":"https:\/\/dirtbagbrands.com\/#\/schema\/logo\/image\/"},"sameAs":["https:\/\/www.facebook.com\/dirtbagbrands\/","https:\/\/www.instagram.com\/dirtbagbrands","https:\/\/www.youtube.com\/@dirtbagbrands","https:\/\/www.pinterest.com\/dirtbagbrands","https:\/\/www.linkedin.com\/company\/dirtbag-brands\/","https:\/\/www.tiktok.com\/@dirtbagbrands"],"description":"Dirtbag Brands con\u00e7oit et fabrique des accessoires haut de gamme en aluminium usin\u00e9 pour v\u00e9hicules tout-terrain (UTV), alliant performance, durabilit\u00e9 et visibilit\u00e9 optimale en tout-terrain. Nos syst\u00e8mes de r\u00e9troviseurs et solutions de montage IronSight sont compatibles avec les v\u00e9hicules utilitaires et sportifs c\u00f4te \u00e0 c\u00f4te Polaris, Can-Am, Kawasaki, Honda et autres.","email":"inquiries@dirtbagbrands.com","telephone":"9706445566","foundingDate":"2020-03-10"}]}},"_links":{"self":[{"href":"https:\/\/dirtbagbrands.com\/fr\/wp-json\/wp\/v2\/product\/5514","targetHints":{"allow":["GET"]}}],"collection":[{"href":"https:\/\/dirtbagbrands.com\/fr\/wp-json\/wp\/v2\/product"}],"about":[{"href":"https:\/\/dirtbagbrands.com\/fr\/wp-json\/wp\/v2\/types\/product"}],"replies":[{"embeddable":true,"href":"https:\/\/dirtbagbrands.com\/fr\/wp-json\/wp\/v2\/comments?post=5514"}],"wp:featuredmedia":[{"embeddable":true,"href":"https:\/\/dirtbagbrands.com\/fr\/wp-json\/wp\/v2\/media\/5528"}],"wp:attachment":[{"href":"https:\/\/dirtbagbrands.com\/fr\/wp-json\/wp\/v2\/media?parent=5514"}],"wp:term":[{"taxonomy":"product_brand","embeddable":true,"href":"https:\/\/dirtbagbrands.com\/fr\/wp-json\/wp\/v2\/product_brand?post=5514"},{"taxonomy":"product_cat","embeddable":true,"href":"https:\/\/dirtbagbrands.com\/fr\/wp-json\/wp\/v2\/product_cat?post=5514"},{"taxonomy":"product_tag","embeddable":true,"href":"https:\/\/dirtbagbrands.com\/fr\/wp-json\/wp\/v2\/product_tag?post=5514"}],"curies":[{"name":"wp","href":"https:\/\/api.w.org\/{rel}","templated":true}]}}