{"id":5444,"date":"2026-04-28T19:50:54","date_gmt":"2026-04-28T19:50:54","guid":{"rendered":"https:\/\/dirtbagbrands.com\/?post_type=product&#038;p=5444"},"modified":"2026-04-28T20:49:17","modified_gmt":"2026-04-28T20:49:17","slug":"levier-dembrayage-torc1-honda-crf450r-hydraulique-rouge","status":"publish","type":"product","link":"https:\/\/dirtbagbrands.com\/fr\/product\/torc1-clutch-lever-honda-crf450r-hydraulic-red\/","title":{"rendered":"Levier d&#039;embrayage Torc1 hydraulique rouge pour Honda CRF450R 2021\u20132026"},"content":{"rendered":"<p>Les leviers d&#039;embrayage hydrauliques Torc1 Vengeance Flex sont con\u00e7us pour les motos tout-terrain modernes \u00e9quip\u00e9es d&#039;un syst\u00e8me d&#039;embrayage hydraulique. Fabriqu\u00e9s en aluminium 6061 usin\u00e9 et anodis\u00e9 dur, avec un syst\u00e8me de flexion \u00e0 rupture contr\u00f4l\u00e9e, ces leviers offrent un engagement en douceur tout en contribuant \u00e0 r\u00e9duire les dommages en cas de choc.<\/p>\n<h2>Caract\u00e9ristiques principales<\/h2>\n<ul>\n<li data-section-id=\"1vrkkxo\" data-start=\"996\" data-end=\"1061\">La conception flexible \u00e0 rupture contribue \u00e0 r\u00e9duire les dommages au levier lors d&#039;un impact.<\/li>\n<li data-section-id=\"1okrm2k\" data-start=\"1062\" data-end=\"1125\">Construction en aluminium 6061 usin\u00e9 avec finition anodis\u00e9e dure<\/li>\n<li data-section-id=\"ues47y\" data-start=\"1126\" data-end=\"1169\">Comprend une lame de rechange noire.<\/li>\n<li data-section-id=\"3e4nvo\" data-start=\"1170\" data-end=\"1224\">Tirage du levier en douceur pour un engagement d&#039;embrayage constant<\/li>\n<li data-section-id=\"17lx8de\" data-start=\"1225\" data-end=\"1276\">Conception adapt\u00e9e \u00e0 la morphologie pour une sensation de contr\u00f4le optimale<\/li>\n<li data-section-id=\"czz66r\" data-start=\"1277\" data-end=\"1321\">Con\u00e7u exclusivement pour les motos tout-terrain<\/li>\n<\/ul>\n<h2>Ajustement<\/h2>\n<h3>Compatibilit\u00e9 Honda :<\/h3>\n<ul>\n<li data-section-id=\"1hupoi6\" data-start=\"1361\" data-end=\"1384\">CRF450R (2021\u20132026) \u2013 Mod\u00e8les \u00e0 embrayage hydraulique<\/li>\n<\/ul>\n<h2>Note de compatibilit\u00e9<\/h2>\n<p data-start=\"1770\" data-end=\"1852\">Ce produit est un ensemble complet de levier d&#039;embrayage hydraulique Torc1 Vengeance Flex.<\/p>\n<p data-start=\"1854\" data-end=\"1948\">Con\u00e7u sp\u00e9cifiquement pour les syst\u00e8mes d&#039;embrayage hydrauliques. Non compatible avec les syst\u00e8mes d&#039;embrayage \u00e0 c\u00e2ble.<\/p>\n<p data-start=\"1950\" data-end=\"2010\">Ce n&#039;est pas une pi\u00e8ce de rechange d&#039;origine et elle n&#039;est pas compatible avec les commandes des VTT.<\/p>","protected":false},"excerpt":{"rendered":"<p>Le levier d&#039;embrayage hydraulique Torc1 Vengeance Flex pour Honda CRF450R (2021\u20132026) offre un engagement en douceur et une durabilit\u00e9 accrue gr\u00e2ce \u00e0 sa construction en aluminium usin\u00e9 anodis\u00e9 dur et \u00e0 sa conception \u00e0 rupture. Une lame de rechange est incluse.<\/p>","protected":false},"featured_media":5440,"comment_status":"closed","ping_status":"closed","template":"","meta":{"saved_in_kubio":false,"_coblocks_attr":"","_coblocks_dimensions":"","_coblocks_responsive_height":"","_coblocks_accordion_ie_support":""},"product_brand":[],"product_cat":[384,382],"product_tag":[],"class_list":{"0":"post-5444","1":"product","2":"type-product","3":"status-publish","4":"has-post-thumbnail","6":"product_cat-clutch-levers","7":"product_cat-levers","9":"first","10":"outofstock","11":"taxable","12":"shipping-taxable","13":"purchasable","14":"product-type-simple"},"yoast_head":"<!-- This site is optimized with the Yoast SEO Premium plugin v27.5 (Yoast SEO v27.5) - https:\/\/yoast.com\/product\/yoast-seo-premium-wordpress\/ -->\n<title>Honda CRF450R Hydraulic Clutch Lever 2021\u20132026 | Torc1<\/title>\n<meta name=\"description\" content=\"Upgrade your Honda CRF450R (2021\u20132026) with a Torc1 hydraulic clutch lever. Hard anodized billet construction with backup blade included.\" \/>\n<meta name=\"robots\" content=\"index, follow, max-snippet:-1, max-image-preview:large, max-video-preview:-1\" \/>\n<link rel=\"canonical\" href=\"https:\/\/dirtbagbrands.com\/fr\/product\/levier-dembrayage-torc1-honda-crf450r-hydraulique-rouge\/\" \/>\n<meta property=\"og:locale\" content=\"fr_CA\" \/>\n<meta property=\"og:type\" content=\"article\" \/>\n<meta property=\"og:title\" content=\"Torc1 Clutch Lever Honda CRF450R 2021\u20132026 Hydraulic Red | Dirtbag Brands\" \/>\n<meta property=\"og:description\" content=\"Torc1 Clutch Lever Honda CRF450R 2021\u20132026 Hydraulic Red \u2013 Built for off-road durability. Perfect for and . Free shipping over $100!\" \/>\n<meta property=\"og:url\" content=\"https:\/\/dirtbagbrands.com\/fr\/product\/levier-dembrayage-torc1-honda-crf450r-hydraulique-rouge\/\" \/>\n<meta property=\"og:site_name\" content=\"Dirtbag Brands\" \/>\n<meta property=\"article:publisher\" content=\"https:\/\/www.facebook.com\/dirtbagbrands\/\" \/>\n<meta property=\"article:modified_time\" content=\"2026-04-28T20:49:17+00:00\" \/>\n<meta property=\"og:image\" content=\"https:\/\/dirtbagbrands.com\/wp-content\/uploads\/2026\/04\/honda-crf-450-clutch-lever.webp\" \/>\n\t<meta property=\"og:image:width\" content=\"1200\" \/>\n\t<meta property=\"og:image:height\" content=\"1200\" \/>\n\t<meta property=\"og:image:type\" content=\"image\/png\" \/>\n<meta name=\"twitter:card\" content=\"summary_large_image\" \/>\n<meta name=\"twitter:label1\" content=\"Estimation du temps de lecture\" \/>\n\t<meta name=\"twitter:data1\" content=\"1 minute\" \/>\n<script type=\"application\/ld+json\" class=\"yoast-schema-graph\">{\"@context\":\"https:\\\/\\\/schema.org\",\"@graph\":[{\"@type\":\"WebPage\",\"@id\":\"https:\\\/\\\/dirtbagbrands.com\\\/product\\\/torc1-clutch-lever-honda-crf450r-hydraulic-red\\\/\",\"url\":\"https:\\\/\\\/dirtbagbrands.com\\\/product\\\/torc1-clutch-lever-honda-crf450r-hydraulic-red\\\/\",\"name\":\"Honda CRF450R Hydraulic Clutch Lever 2021\u20132026 | Torc1\",\"isPartOf\":{\"@id\":\"https:\\\/\\\/dirtbagbrands.com\\\/#website\"},\"primaryImageOfPage\":{\"@id\":\"https:\\\/\\\/dirtbagbrands.com\\\/product\\\/torc1-clutch-lever-honda-crf450r-hydraulic-red\\\/#primaryimage\"},\"image\":{\"@id\":\"https:\\\/\\\/dirtbagbrands.com\\\/product\\\/torc1-clutch-lever-honda-crf450r-hydraulic-red\\\/#primaryimage\"},\"thumbnailUrl\":\"https:\\\/\\\/dirtbagbrands.com\\\/wp-content\\\/uploads\\\/2026\\\/04\\\/honda-crf-450-clutch-lever.webp\",\"datePublished\":\"2026-04-28T19:50:54+00:00\",\"dateModified\":\"2026-04-28T20:49:17+00:00\",\"description\":\"Upgrade your Honda CRF450R (2021\u20132026) with a Torc1 hydraulic clutch lever. Hard anodized billet construction with backup blade included.\",\"breadcrumb\":{\"@id\":\"https:\\\/\\\/dirtbagbrands.com\\\/product\\\/torc1-clutch-lever-honda-crf450r-hydraulic-red\\\/#breadcrumb\"},\"inLanguage\":\"fr-CA\",\"potentialAction\":[{\"@type\":\"ReadAction\",\"target\":[\"https:\\\/\\\/dirtbagbrands.com\\\/product\\\/torc1-clutch-lever-honda-crf450r-hydraulic-red\\\/\"]}]},{\"@type\":\"ImageObject\",\"inLanguage\":\"fr-CA\",\"@id\":\"https:\\\/\\\/dirtbagbrands.com\\\/product\\\/torc1-clutch-lever-honda-crf450r-hydraulic-red\\\/#primaryimage\",\"url\":\"https:\\\/\\\/dirtbagbrands.com\\\/wp-content\\\/uploads\\\/2026\\\/04\\\/honda-crf-450-clutch-lever.webp\",\"contentUrl\":\"https:\\\/\\\/dirtbagbrands.com\\\/wp-content\\\/uploads\\\/2026\\\/04\\\/honda-crf-450-clutch-lever.webp\",\"width\":1200,\"height\":1200,\"caption\":\"Torc1 Vengeance Flex clutch lever for Honda CRF dirt bikes red billet with backup black lever and hardware\"},{\"@type\":\"BreadcrumbList\",\"@id\":\"https:\\\/\\\/dirtbagbrands.com\\\/product\\\/torc1-clutch-lever-honda-crf450r-hydraulic-red\\\/#breadcrumb\",\"itemListElement\":[{\"@type\":\"ListItem\",\"position\":1,\"name\":\"Home\",\"item\":\"https:\\\/\\\/dirtbagbrands.com\\\/\"},{\"@type\":\"ListItem\",\"position\":2,\"name\":\"Shop\",\"item\":\"https:\\\/\\\/dirtbagbrands.com\\\/shop\\\/\"},{\"@type\":\"ListItem\",\"position\":3,\"name\":\"Torc1 Levers\",\"item\":\"https:\\\/\\\/dirtbagbrands.com\\\/product-category\\\/levers\\\/\"},{\"@type\":\"ListItem\",\"position\":4,\"name\":\"Torc1 Clutch Lever Honda CRF450R 2021\u20132026 Hydraulic Red\"}]},{\"@type\":\"WebSite\",\"@id\":\"https:\\\/\\\/dirtbagbrands.com\\\/#website\",\"url\":\"https:\\\/\\\/dirtbagbrands.com\\\/\",\"name\":\"Dirtbag Brands\",\"description\":\"Premium UTV and Dirtbike Accessories\",\"publisher\":{\"@id\":\"https:\\\/\\\/dirtbagbrands.com\\\/#organization\"},\"potentialAction\":[{\"@type\":\"SearchAction\",\"target\":{\"@type\":\"EntryPoint\",\"urlTemplate\":\"https:\\\/\\\/dirtbagbrands.com\\\/?s={search_term_string}\"},\"query-input\":{\"@type\":\"PropertyValueSpecification\",\"valueRequired\":true,\"valueName\":\"search_term_string\"}}],\"inLanguage\":\"fr-CA\"},{\"@type\":\"Organization\",\"@id\":\"https:\\\/\\\/dirtbagbrands.com\\\/#organization\",\"name\":\"Dirtbag Brands\",\"alternateName\":\"Dirtbag Brands UTV Accessories\",\"url\":\"https:\\\/\\\/dirtbagbrands.com\\\/\",\"logo\":{\"@type\":\"ImageObject\",\"inLanguage\":\"fr-CA\",\"@id\":\"https:\\\/\\\/dirtbagbrands.com\\\/#\\\/schema\\\/logo\\\/image\\\/\",\"url\":\"https:\\\/\\\/dirtbagbrands.com\\\/wp-content\\\/uploads\\\/2024\\\/07\\\/Word-Logo.webp\",\"contentUrl\":\"https:\\\/\\\/dirtbagbrands.com\\\/wp-content\\\/uploads\\\/2024\\\/07\\\/Word-Logo.webp\",\"width\":750,\"height\":750,\"caption\":\"Dirtbag Brands\"},\"image\":{\"@id\":\"https:\\\/\\\/dirtbagbrands.com\\\/#\\\/schema\\\/logo\\\/image\\\/\"},\"sameAs\":[\"https:\\\/\\\/www.facebook.com\\\/dirtbagbrands\\\/\",\"https:\\\/\\\/www.instagram.com\\\/dirtbagbrands\",\"https:\\\/\\\/www.youtube.com\\\/@dirtbagbrands\",\"https:\\\/\\\/www.pinterest.com\\\/dirtbagbrands\",\"https:\\\/\\\/www.linkedin.com\\\/company\\\/dirtbag-brands\\\/\",\"https:\\\/\\\/www.tiktok.com\\\/@dirtbagbrands\"],\"description\":\"Dirtbag Brands designs and manufactures premium billet aluminum UTV accessories engineered for performance, durability, and off-road visibility. Our IronSight mirror systems and mounting solutions are built for Polaris, Can-Am, Kawasaki, Honda, and other utility and sport side-by-side vehicles.\",\"email\":\"inquiries@dirtbagbrands.com\",\"telephone\":\"9706445566\",\"foundingDate\":\"2020-03-10\"}]}<\/script>\n<!-- \/ Yoast SEO Premium plugin. -->","yoast_head_json":{"title":"Levier d&#039;embrayage hydraulique Honda CRF450R 2021\u20132026 | Torc1","description":"Am\u00e9liorez votre Honda CRF450R (2021\u20132026) avec un levier d&#039;embrayage hydraulique Torc1. Construction en aluminium usin\u00e9 anodis\u00e9 dur, avec lame de rechange incluse.","robots":{"index":"index","follow":"follow","max-snippet":"max-snippet:-1","max-image-preview":"max-image-preview:large","max-video-preview":"max-video-preview:-1"},"canonical":"https:\/\/dirtbagbrands.com\/fr\/product\/levier-dembrayage-torc1-honda-crf450r-hydraulique-rouge\/","og_locale":"fr_CA","og_type":"article","og_title":"Torc1 Clutch Lever Honda CRF450R 2021\u20132026 Hydraulic Red | Dirtbag Brands","og_description":"Torc1 Clutch Lever Honda CRF450R 2021\u20132026 Hydraulic Red \u2013 Built for off-road durability. Perfect for and . Free shipping over $100!","og_url":"https:\/\/dirtbagbrands.com\/fr\/product\/levier-dembrayage-torc1-honda-crf450r-hydraulique-rouge\/","og_site_name":"Dirtbag Brands","article_publisher":"https:\/\/www.facebook.com\/dirtbagbrands\/","article_modified_time":"2026-04-28T20:49:17+00:00","og_image":[{"width":1200,"height":1200,"url":"https:\/\/dirtbagbrands.com\/wp-content\/uploads\/2026\/04\/honda-crf-450-clutch-lever.webp","type":"image\/png"}],"twitter_card":"summary_large_image","twitter_misc":{"Estimation du temps de lecture":"1 minute"},"schema":{"@context":"https:\/\/schema.org","@graph":[{"@type":"WebPage","@id":"https:\/\/dirtbagbrands.com\/product\/torc1-clutch-lever-honda-crf450r-hydraulic-red\/","url":"https:\/\/dirtbagbrands.com\/product\/torc1-clutch-lever-honda-crf450r-hydraulic-red\/","name":"Levier d&#039;embrayage hydraulique Honda CRF450R 2021\u20132026 | Torc1","isPartOf":{"@id":"https:\/\/dirtbagbrands.com\/#website"},"primaryImageOfPage":{"@id":"https:\/\/dirtbagbrands.com\/product\/torc1-clutch-lever-honda-crf450r-hydraulic-red\/#primaryimage"},"image":{"@id":"https:\/\/dirtbagbrands.com\/product\/torc1-clutch-lever-honda-crf450r-hydraulic-red\/#primaryimage"},"thumbnailUrl":"https:\/\/dirtbagbrands.com\/wp-content\/uploads\/2026\/04\/honda-crf-450-clutch-lever.webp","datePublished":"2026-04-28T19:50:54+00:00","dateModified":"2026-04-28T20:49:17+00:00","description":"Am\u00e9liorez votre Honda CRF450R (2021\u20132026) avec un levier d&#039;embrayage hydraulique Torc1. Construction en aluminium usin\u00e9 anodis\u00e9 dur, avec lame de rechange incluse.","breadcrumb":{"@id":"https:\/\/dirtbagbrands.com\/product\/torc1-clutch-lever-honda-crf450r-hydraulic-red\/#breadcrumb"},"inLanguage":"fr-CA","potentialAction":[{"@type":"ReadAction","target":["https:\/\/dirtbagbrands.com\/product\/torc1-clutch-lever-honda-crf450r-hydraulic-red\/"]}]},{"@type":"ImageObject","inLanguage":"fr-CA","@id":"https:\/\/dirtbagbrands.com\/product\/torc1-clutch-lever-honda-crf450r-hydraulic-red\/#primaryimage","url":"https:\/\/dirtbagbrands.com\/wp-content\/uploads\/2026\/04\/honda-crf-450-clutch-lever.webp","contentUrl":"https:\/\/dirtbagbrands.com\/wp-content\/uploads\/2026\/04\/honda-crf-450-clutch-lever.webp","width":1200,"height":1200,"caption":"Torc1 Vengeance Flex clutch lever for Honda CRF dirt bikes red billet with backup black lever and hardware"},{"@type":"BreadcrumbList","@id":"https:\/\/dirtbagbrands.com\/product\/torc1-clutch-lever-honda-crf450r-hydraulic-red\/#breadcrumb","itemListElement":[{"@type":"ListItem","position":1,"name":"Home","item":"https:\/\/dirtbagbrands.com\/"},{"@type":"ListItem","position":2,"name":"Shop","item":"https:\/\/dirtbagbrands.com\/shop\/"},{"@type":"ListItem","position":3,"name":"Torc1 Levers","item":"https:\/\/dirtbagbrands.com\/product-category\/levers\/"},{"@type":"ListItem","position":4,"name":"Torc1 Clutch Lever Honda CRF450R 2021\u20132026 Hydraulic Red"}]},{"@type":"WebSite","@id":"https:\/\/dirtbagbrands.com\/#website","url":"https:\/\/dirtbagbrands.com\/","name":"Marques Dirtbag","description":"Accessoires UTV et Dirtbike haut de gamme","publisher":{"@id":"https:\/\/dirtbagbrands.com\/#organization"},"potentialAction":[{"@type":"SearchAction","target":{"@type":"EntryPoint","urlTemplate":"https:\/\/dirtbagbrands.com\/?s={search_term_string}"},"query-input":{"@type":"PropertyValueSpecification","valueRequired":true,"valueName":"search_term_string"}}],"inLanguage":"fr-CA"},{"@type":"Organization","@id":"https:\/\/dirtbagbrands.com\/#organization","name":"Marques Dirtbag","alternateName":"Dirtbag Brands UTV Accessories","url":"https:\/\/dirtbagbrands.com\/","logo":{"@type":"ImageObject","inLanguage":"fr-CA","@id":"https:\/\/dirtbagbrands.com\/#\/schema\/logo\/image\/","url":"https:\/\/dirtbagbrands.com\/wp-content\/uploads\/2024\/07\/Word-Logo.webp","contentUrl":"https:\/\/dirtbagbrands.com\/wp-content\/uploads\/2024\/07\/Word-Logo.webp","width":750,"height":750,"caption":"Dirtbag Brands"},"image":{"@id":"https:\/\/dirtbagbrands.com\/#\/schema\/logo\/image\/"},"sameAs":["https:\/\/www.facebook.com\/dirtbagbrands\/","https:\/\/www.instagram.com\/dirtbagbrands","https:\/\/www.youtube.com\/@dirtbagbrands","https:\/\/www.pinterest.com\/dirtbagbrands","https:\/\/www.linkedin.com\/company\/dirtbag-brands\/","https:\/\/www.tiktok.com\/@dirtbagbrands"],"description":"Dirtbag Brands con\u00e7oit et fabrique des accessoires haut de gamme en aluminium usin\u00e9 pour v\u00e9hicules tout-terrain (UTV), alliant performance, durabilit\u00e9 et visibilit\u00e9 optimale en tout-terrain. Nos syst\u00e8mes de r\u00e9troviseurs et solutions de montage IronSight sont compatibles avec les v\u00e9hicules utilitaires et sportifs c\u00f4te \u00e0 c\u00f4te Polaris, Can-Am, Kawasaki, Honda et autres.","email":"inquiries@dirtbagbrands.com","telephone":"9706445566","foundingDate":"2020-03-10"}]}},"_links":{"self":[{"href":"https:\/\/dirtbagbrands.com\/fr\/wp-json\/wp\/v2\/product\/5444","targetHints":{"allow":["GET"]}}],"collection":[{"href":"https:\/\/dirtbagbrands.com\/fr\/wp-json\/wp\/v2\/product"}],"about":[{"href":"https:\/\/dirtbagbrands.com\/fr\/wp-json\/wp\/v2\/types\/product"}],"replies":[{"embeddable":true,"href":"https:\/\/dirtbagbrands.com\/fr\/wp-json\/wp\/v2\/comments?post=5444"}],"wp:featuredmedia":[{"embeddable":true,"href":"https:\/\/dirtbagbrands.com\/fr\/wp-json\/wp\/v2\/media\/5440"}],"wp:attachment":[{"href":"https:\/\/dirtbagbrands.com\/fr\/wp-json\/wp\/v2\/media?parent=5444"}],"wp:term":[{"taxonomy":"product_brand","embeddable":true,"href":"https:\/\/dirtbagbrands.com\/fr\/wp-json\/wp\/v2\/product_brand?post=5444"},{"taxonomy":"product_cat","embeddable":true,"href":"https:\/\/dirtbagbrands.com\/fr\/wp-json\/wp\/v2\/product_cat?post=5444"},{"taxonomy":"product_tag","embeddable":true,"href":"https:\/\/dirtbagbrands.com\/fr\/wp-json\/wp\/v2\/product_tag?post=5444"}],"curies":[{"name":"wp","href":"https:\/\/api.w.org\/{rel}","templated":true}]}}