{"id":5407,"date":"2026-04-28T13:56:33","date_gmt":"2026-04-28T13:56:33","guid":{"rendered":"https:\/\/dirtbagbrands.com\/?post_type=product&#038;p=5407"},"modified":"2026-04-28T21:09:22","modified_gmt":"2026-04-28T21:09:22","slug":"levier-de-frein-avant-torc1-kawasaki-kx250f-kx450f","status":"publish","type":"product","link":"https:\/\/dirtbagbrands.com\/fr\/product\/torc1-kawasaki-kx250f-kx450f-front-brake-lever\/","title":{"rendered":"Levier de frein avant Torc1 vert pour Kawasaki KX250F KX450F 2013\u20132020"},"content":{"rendered":"<p data-start=\"1169\" data-end=\"1445\">Les leviers de frein avant Torc1 Vengeance Flex sont con\u00e7us pour les pilotes de motos tout-terrain Kawasaki qui recherchent un contr\u00f4le accru et une meilleure durabilit\u00e9. Gr\u00e2ce \u00e0 leur syst\u00e8me de flexibilit\u00e9 et de rupture, ces leviers r\u00e9duisent les dommages en cas d&#039;impact tout en conservant une sensation constante au guidon.<\/p>\n<h2 data-section-id=\"1iz91iu\" data-start=\"1447\" data-end=\"1463\">Caract\u00e9ristiques principales<\/h2>\n<ul data-start=\"1464\" data-end=\"2010\">\n<li data-section-id=\"aybff1\" data-start=\"1464\" data-end=\"1524\">La conception flexible \u00e0 rupture r\u00e9duit les dommages au levier lors d&#039;un impact.<\/li>\n<li data-section-id=\"1i17cia\" data-start=\"1525\" data-end=\"1592\">Construction en aluminium 6061 usin\u00e9 CNC avec finition anodis\u00e9e dure<\/li>\n<li data-section-id=\"zx2nwe\" data-start=\"1593\" data-end=\"1636\">Comprend une lame de rechange noire.<\/li>\n<li data-section-id=\"16gw4b0\" data-start=\"1637\" data-end=\"1695\">Levier arrondi et lisse pour un meilleur contr\u00f4le et une sensation am\u00e9lior\u00e9e<\/li>\n<li data-section-id=\"84krgp\" data-start=\"1696\" data-end=\"1741\">Port\u00e9e r\u00e9glable pour diff\u00e9rentes tailles de main<\/li>\n<li data-section-id=\"1ww8x6\" data-start=\"1742\" data-end=\"1806\">Con\u00e7u pour pivoter vers l&#039;avant lors d&#039;un impact afin d&#039;\u00e9viter la casse.<\/li>\n<li data-section-id=\"1wajb6u\" data-start=\"1807\" data-end=\"1876\">M\u00e9canisme de pivot en acier inoxydable pour une robustesse et un fonctionnement fluide<\/li>\n<li data-section-id=\"ot8vlr\" data-start=\"1877\" data-end=\"1923\">Ajustement pr\u00e9cis pour les ensembles de perche OEM<\/li>\n<li data-section-id=\"ue8sd6\" data-start=\"1924\" data-end=\"1975\">La conception l\u00e9g\u00e8re am\u00e9liore les performances globales<\/li>\n<li data-section-id=\"qp1cnu\" data-start=\"1976\" data-end=\"2010\">Logo Torc1 Racing grav\u00e9 au laser<\/li>\n<\/ul>\n<hr data-start=\"2012\" data-end=\"2015\" \/>\n<h2 data-section-id=\"1wwzv67\" data-start=\"2017\" data-end=\"2028\">Ajustement<\/h2>\n<h3 data-start=\"2030\" data-end=\"2051\"><strong data-start=\"2030\" data-end=\"2051\">Compatibilit\u00e9 Kawasaki :<\/strong><\/h3>\n<ul data-start=\"2053\" data-end=\"2206\">\n<li data-section-id=\"ztfbfc\" data-start=\"1277\" data-end=\"1299\">KX250F (2013\u20132020)<\/li>\n<li data-section-id=\"152ti39\" data-start=\"1300\" data-end=\"1322\">KX450F (2013\u20132018)<\/li>\n<\/ul>\n<hr data-start=\"2208\" data-end=\"2211\" \/>\n<h2 data-section-id=\"8cl41k\" data-start=\"2213\" data-end=\"2235\">Note de compatibilit\u00e9<\/h2>\n<p data-start=\"2237\" data-end=\"2312\">Ce produit est un ensemble complet de levier de frein avant Torc1 Vengeance Flex.<\/p>\n<p data-start=\"2314\" data-end=\"2388\">Si vous avez uniquement besoin d&#039;une lame de rechange, reportez-vous \u00e0 la page relative au levier de rechange.<\/p>\n<p data-start=\"2390\" data-end=\"2469\">Ces leviers ne sont pas des pi\u00e8ces de rechange d&#039;origine et ne sont pas compatibles avec les commandes des VTT.<\/p>","protected":false},"excerpt":{"rendered":"<p>Les leviers de frein avant Torc1 Vengeance Flex sont con\u00e7us pour les pilotes de Kawasaki KX exigeants en mati\u00e8re de durabilit\u00e9 et de contr\u00f4le. Dot\u00e9 d&#039;un syst\u00e8me de flexion \u00e0 rupture contr\u00f4l\u00e9e et d&#039;une construction en aluminium 6061 anodis\u00e9 dur, ce levier r\u00e9duit les dommages en cas d&#039;impact tout en offrant un toucher constant. Chaque kit comprend une lame de rechange noire.<\/p>","protected":false},"featured_media":5406,"comment_status":"closed","ping_status":"closed","template":"","meta":{"saved_in_kubio":false,"_coblocks_attr":"","_coblocks_dimensions":"","_coblocks_responsive_height":"","_coblocks_accordion_ie_support":""},"product_brand":[],"product_cat":[383,382],"product_tag":[],"class_list":{"0":"post-5407","1":"product","2":"type-product","3":"status-publish","4":"has-post-thumbnail","6":"product_cat-front-brake-levers","7":"product_cat-levers","9":"first","10":"instock","11":"taxable","12":"shipping-taxable","13":"purchasable","14":"product-type-simple"},"yoast_head":"<!-- This site is optimized with the Yoast SEO Premium plugin v27.5 (Yoast SEO v27.5) - https:\/\/yoast.com\/product\/yoast-seo-premium-wordpress\/ -->\n<title>Kawasaki KX250F Brake Lever 2013\u20132020 | Torc1 Vengeance Flex<\/title>\n<meta name=\"description\" content=\"Upgrade your Kawasaki KX250F (2013\u20132020) with a Torc1 Vengeance Flex front brake lever. Hard anodized billet construction with backup blade.\" \/>\n<meta name=\"robots\" content=\"index, follow, max-snippet:-1, max-image-preview:large, max-video-preview:-1\" \/>\n<link rel=\"canonical\" href=\"https:\/\/dirtbagbrands.com\/fr\/product\/levier-de-frein-avant-torc1-kawasaki-kx250f-kx450f\/\" \/>\n<meta property=\"og:locale\" content=\"fr_CA\" \/>\n<meta property=\"og:type\" content=\"article\" \/>\n<meta property=\"og:title\" content=\"Torc1 Front Brake Lever Kawasaki KX250F KX450F 2013\u20132020 Green | Dirtbag Brands\" \/>\n<meta property=\"og:description\" content=\"Torc1 Front Brake Lever Kawasaki KX250F KX450F 2013\u20132020 Green \u2013 Built for off-road durability. Perfect for and . Free shipping over $100!\" \/>\n<meta property=\"og:url\" content=\"https:\/\/dirtbagbrands.com\/fr\/product\/levier-de-frein-avant-torc1-kawasaki-kx250f-kx450f\/\" \/>\n<meta property=\"og:site_name\" content=\"Dirtbag Brands\" \/>\n<meta property=\"article:publisher\" content=\"https:\/\/www.facebook.com\/dirtbagbrands\/\" \/>\n<meta property=\"article:modified_time\" content=\"2026-04-28T21:09:22+00:00\" \/>\n<meta property=\"og:image\" content=\"https:\/\/dirtbagbrands.com\/wp-content\/uploads\/2026\/04\/kawasaki-green-brake-lever.webp\" \/>\n\t<meta property=\"og:image:width\" content=\"1200\" \/>\n\t<meta property=\"og:image:height\" content=\"1200\" \/>\n\t<meta property=\"og:image:type\" content=\"image\/png\" \/>\n<meta name=\"twitter:card\" content=\"summary_large_image\" \/>\n<meta name=\"twitter:label1\" content=\"Estimation du temps de lecture\" \/>\n\t<meta name=\"twitter:data1\" content=\"1 minute\" \/>\n<script type=\"application\/ld+json\" class=\"yoast-schema-graph\">{\"@context\":\"https:\\\/\\\/schema.org\",\"@graph\":[{\"@type\":\"WebPage\",\"@id\":\"https:\\\/\\\/dirtbagbrands.com\\\/product\\\/torc1-kawasaki-kx250f-kx450f-front-brake-lever\\\/\",\"url\":\"https:\\\/\\\/dirtbagbrands.com\\\/product\\\/torc1-kawasaki-kx250f-kx450f-front-brake-lever\\\/\",\"name\":\"Kawasaki KX250F Brake Lever 2013\u20132020 | Torc1 Vengeance Flex\",\"isPartOf\":{\"@id\":\"https:\\\/\\\/dirtbagbrands.com\\\/#website\"},\"primaryImageOfPage\":{\"@id\":\"https:\\\/\\\/dirtbagbrands.com\\\/product\\\/torc1-kawasaki-kx250f-kx450f-front-brake-lever\\\/#primaryimage\"},\"image\":{\"@id\":\"https:\\\/\\\/dirtbagbrands.com\\\/product\\\/torc1-kawasaki-kx250f-kx450f-front-brake-lever\\\/#primaryimage\"},\"thumbnailUrl\":\"https:\\\/\\\/dirtbagbrands.com\\\/wp-content\\\/uploads\\\/2026\\\/04\\\/kawasaki-green-brake-lever.webp\",\"datePublished\":\"2026-04-28T13:56:33+00:00\",\"dateModified\":\"2026-04-28T21:09:22+00:00\",\"description\":\"Upgrade your Kawasaki KX250F (2013\u20132020) with a Torc1 Vengeance Flex front brake lever. Hard anodized billet construction with backup blade.\",\"breadcrumb\":{\"@id\":\"https:\\\/\\\/dirtbagbrands.com\\\/product\\\/torc1-kawasaki-kx250f-kx450f-front-brake-lever\\\/#breadcrumb\"},\"inLanguage\":\"fr-CA\",\"potentialAction\":[{\"@type\":\"ReadAction\",\"target\":[\"https:\\\/\\\/dirtbagbrands.com\\\/product\\\/torc1-kawasaki-kx250f-kx450f-front-brake-lever\\\/\"]}]},{\"@type\":\"ImageObject\",\"inLanguage\":\"fr-CA\",\"@id\":\"https:\\\/\\\/dirtbagbrands.com\\\/product\\\/torc1-kawasaki-kx250f-kx450f-front-brake-lever\\\/#primaryimage\",\"url\":\"https:\\\/\\\/dirtbagbrands.com\\\/wp-content\\\/uploads\\\/2026\\\/04\\\/kawasaki-green-brake-lever.webp\",\"contentUrl\":\"https:\\\/\\\/dirtbagbrands.com\\\/wp-content\\\/uploads\\\/2026\\\/04\\\/kawasaki-green-brake-lever.webp\",\"width\":1200,\"height\":1200,\"caption\":\"Kawasaki KX front brake lever green Torc1 Vengeance Flex with backup blade\"},{\"@type\":\"BreadcrumbList\",\"@id\":\"https:\\\/\\\/dirtbagbrands.com\\\/product\\\/torc1-kawasaki-kx250f-kx450f-front-brake-lever\\\/#breadcrumb\",\"itemListElement\":[{\"@type\":\"ListItem\",\"position\":1,\"name\":\"Home\",\"item\":\"https:\\\/\\\/dirtbagbrands.com\\\/\"},{\"@type\":\"ListItem\",\"position\":2,\"name\":\"Shop\",\"item\":\"https:\\\/\\\/dirtbagbrands.com\\\/shop\\\/\"},{\"@type\":\"ListItem\",\"position\":3,\"name\":\"Torc1 Levers\",\"item\":\"https:\\\/\\\/dirtbagbrands.com\\\/product-category\\\/levers\\\/\"},{\"@type\":\"ListItem\",\"position\":4,\"name\":\"Torc1 Front Brake Lever Kawasaki KX250F KX450F 2013\u20132020 Green\"}]},{\"@type\":\"WebSite\",\"@id\":\"https:\\\/\\\/dirtbagbrands.com\\\/#website\",\"url\":\"https:\\\/\\\/dirtbagbrands.com\\\/\",\"name\":\"Dirtbag Brands\",\"description\":\"Premium UTV and Dirtbike Accessories\",\"publisher\":{\"@id\":\"https:\\\/\\\/dirtbagbrands.com\\\/#organization\"},\"potentialAction\":[{\"@type\":\"SearchAction\",\"target\":{\"@type\":\"EntryPoint\",\"urlTemplate\":\"https:\\\/\\\/dirtbagbrands.com\\\/?s={search_term_string}\"},\"query-input\":{\"@type\":\"PropertyValueSpecification\",\"valueRequired\":true,\"valueName\":\"search_term_string\"}}],\"inLanguage\":\"fr-CA\"},{\"@type\":\"Organization\",\"@id\":\"https:\\\/\\\/dirtbagbrands.com\\\/#organization\",\"name\":\"Dirtbag Brands\",\"alternateName\":\"Dirtbag Brands UTV Accessories\",\"url\":\"https:\\\/\\\/dirtbagbrands.com\\\/\",\"logo\":{\"@type\":\"ImageObject\",\"inLanguage\":\"fr-CA\",\"@id\":\"https:\\\/\\\/dirtbagbrands.com\\\/#\\\/schema\\\/logo\\\/image\\\/\",\"url\":\"https:\\\/\\\/dirtbagbrands.com\\\/wp-content\\\/uploads\\\/2024\\\/07\\\/Word-Logo.webp\",\"contentUrl\":\"https:\\\/\\\/dirtbagbrands.com\\\/wp-content\\\/uploads\\\/2024\\\/07\\\/Word-Logo.webp\",\"width\":750,\"height\":750,\"caption\":\"Dirtbag Brands\"},\"image\":{\"@id\":\"https:\\\/\\\/dirtbagbrands.com\\\/#\\\/schema\\\/logo\\\/image\\\/\"},\"sameAs\":[\"https:\\\/\\\/www.facebook.com\\\/dirtbagbrands\\\/\",\"https:\\\/\\\/www.instagram.com\\\/dirtbagbrands\",\"https:\\\/\\\/www.youtube.com\\\/@dirtbagbrands\",\"https:\\\/\\\/www.pinterest.com\\\/dirtbagbrands\",\"https:\\\/\\\/www.linkedin.com\\\/company\\\/dirtbag-brands\\\/\",\"https:\\\/\\\/www.tiktok.com\\\/@dirtbagbrands\"],\"description\":\"Dirtbag Brands designs and manufactures premium billet aluminum UTV accessories engineered for performance, durability, and off-road visibility. Our IronSight mirror systems and mounting solutions are built for Polaris, Can-Am, Kawasaki, Honda, and other utility and sport side-by-side vehicles.\",\"email\":\"inquiries@dirtbagbrands.com\",\"telephone\":\"9706445566\",\"foundingDate\":\"2020-03-10\"}]}<\/script>\n<!-- \/ Yoast SEO Premium plugin. -->","yoast_head_json":{"title":"Levier de frein Kawasaki KX250F 2013\u20132020 | Torc1 Vengeance Flex","description":"Am\u00e9liorez votre Kawasaki KX250F (2013\u20132020) avec un levier de frein avant Torc1 Vengeance Flex. Construction en aluminium usin\u00e9 anodis\u00e9 dur avec lame de rechange.","robots":{"index":"index","follow":"follow","max-snippet":"max-snippet:-1","max-image-preview":"max-image-preview:large","max-video-preview":"max-video-preview:-1"},"canonical":"https:\/\/dirtbagbrands.com\/fr\/product\/levier-de-frein-avant-torc1-kawasaki-kx250f-kx450f\/","og_locale":"fr_CA","og_type":"article","og_title":"Torc1 Front Brake Lever Kawasaki KX250F KX450F 2013\u20132020 Green | Dirtbag Brands","og_description":"Torc1 Front Brake Lever Kawasaki KX250F KX450F 2013\u20132020 Green \u2013 Built for off-road durability. Perfect for and . Free shipping over $100!","og_url":"https:\/\/dirtbagbrands.com\/fr\/product\/levier-de-frein-avant-torc1-kawasaki-kx250f-kx450f\/","og_site_name":"Dirtbag Brands","article_publisher":"https:\/\/www.facebook.com\/dirtbagbrands\/","article_modified_time":"2026-04-28T21:09:22+00:00","og_image":[{"width":1200,"height":1200,"url":"https:\/\/dirtbagbrands.com\/wp-content\/uploads\/2026\/04\/kawasaki-green-brake-lever.webp","type":"image\/png"}],"twitter_card":"summary_large_image","twitter_misc":{"Estimation du temps de lecture":"1 minute"},"schema":{"@context":"https:\/\/schema.org","@graph":[{"@type":"WebPage","@id":"https:\/\/dirtbagbrands.com\/product\/torc1-kawasaki-kx250f-kx450f-front-brake-lever\/","url":"https:\/\/dirtbagbrands.com\/product\/torc1-kawasaki-kx250f-kx450f-front-brake-lever\/","name":"Levier de frein Kawasaki KX250F 2013\u20132020 | Torc1 Vengeance Flex","isPartOf":{"@id":"https:\/\/dirtbagbrands.com\/#website"},"primaryImageOfPage":{"@id":"https:\/\/dirtbagbrands.com\/product\/torc1-kawasaki-kx250f-kx450f-front-brake-lever\/#primaryimage"},"image":{"@id":"https:\/\/dirtbagbrands.com\/product\/torc1-kawasaki-kx250f-kx450f-front-brake-lever\/#primaryimage"},"thumbnailUrl":"https:\/\/dirtbagbrands.com\/wp-content\/uploads\/2026\/04\/kawasaki-green-brake-lever.webp","datePublished":"2026-04-28T13:56:33+00:00","dateModified":"2026-04-28T21:09:22+00:00","description":"Am\u00e9liorez votre Kawasaki KX250F (2013\u20132020) avec un levier de frein avant Torc1 Vengeance Flex. Construction en aluminium usin\u00e9 anodis\u00e9 dur avec lame de rechange.","breadcrumb":{"@id":"https:\/\/dirtbagbrands.com\/product\/torc1-kawasaki-kx250f-kx450f-front-brake-lever\/#breadcrumb"},"inLanguage":"fr-CA","potentialAction":[{"@type":"ReadAction","target":["https:\/\/dirtbagbrands.com\/product\/torc1-kawasaki-kx250f-kx450f-front-brake-lever\/"]}]},{"@type":"ImageObject","inLanguage":"fr-CA","@id":"https:\/\/dirtbagbrands.com\/product\/torc1-kawasaki-kx250f-kx450f-front-brake-lever\/#primaryimage","url":"https:\/\/dirtbagbrands.com\/wp-content\/uploads\/2026\/04\/kawasaki-green-brake-lever.webp","contentUrl":"https:\/\/dirtbagbrands.com\/wp-content\/uploads\/2026\/04\/kawasaki-green-brake-lever.webp","width":1200,"height":1200,"caption":"Kawasaki KX front brake lever green Torc1 Vengeance Flex with backup blade"},{"@type":"BreadcrumbList","@id":"https:\/\/dirtbagbrands.com\/product\/torc1-kawasaki-kx250f-kx450f-front-brake-lever\/#breadcrumb","itemListElement":[{"@type":"ListItem","position":1,"name":"Home","item":"https:\/\/dirtbagbrands.com\/"},{"@type":"ListItem","position":2,"name":"Shop","item":"https:\/\/dirtbagbrands.com\/shop\/"},{"@type":"ListItem","position":3,"name":"Torc1 Levers","item":"https:\/\/dirtbagbrands.com\/product-category\/levers\/"},{"@type":"ListItem","position":4,"name":"Torc1 Front Brake Lever Kawasaki KX250F KX450F 2013\u20132020 Green"}]},{"@type":"WebSite","@id":"https:\/\/dirtbagbrands.com\/#website","url":"https:\/\/dirtbagbrands.com\/","name":"Marques Dirtbag","description":"Accessoires UTV et Dirtbike haut de gamme","publisher":{"@id":"https:\/\/dirtbagbrands.com\/#organization"},"potentialAction":[{"@type":"SearchAction","target":{"@type":"EntryPoint","urlTemplate":"https:\/\/dirtbagbrands.com\/?s={search_term_string}"},"query-input":{"@type":"PropertyValueSpecification","valueRequired":true,"valueName":"search_term_string"}}],"inLanguage":"fr-CA"},{"@type":"Organization","@id":"https:\/\/dirtbagbrands.com\/#organization","name":"Marques Dirtbag","alternateName":"Dirtbag Brands UTV Accessories","url":"https:\/\/dirtbagbrands.com\/","logo":{"@type":"ImageObject","inLanguage":"fr-CA","@id":"https:\/\/dirtbagbrands.com\/#\/schema\/logo\/image\/","url":"https:\/\/dirtbagbrands.com\/wp-content\/uploads\/2024\/07\/Word-Logo.webp","contentUrl":"https:\/\/dirtbagbrands.com\/wp-content\/uploads\/2024\/07\/Word-Logo.webp","width":750,"height":750,"caption":"Dirtbag Brands"},"image":{"@id":"https:\/\/dirtbagbrands.com\/#\/schema\/logo\/image\/"},"sameAs":["https:\/\/www.facebook.com\/dirtbagbrands\/","https:\/\/www.instagram.com\/dirtbagbrands","https:\/\/www.youtube.com\/@dirtbagbrands","https:\/\/www.pinterest.com\/dirtbagbrands","https:\/\/www.linkedin.com\/company\/dirtbag-brands\/","https:\/\/www.tiktok.com\/@dirtbagbrands"],"description":"Dirtbag Brands con\u00e7oit et fabrique des accessoires haut de gamme en aluminium usin\u00e9 pour v\u00e9hicules tout-terrain (UTV), alliant performance, durabilit\u00e9 et visibilit\u00e9 optimale en tout-terrain. Nos syst\u00e8mes de r\u00e9troviseurs et solutions de montage IronSight sont compatibles avec les v\u00e9hicules utilitaires et sportifs c\u00f4te \u00e0 c\u00f4te Polaris, Can-Am, Kawasaki, Honda et autres.","email":"inquiries@dirtbagbrands.com","telephone":"9706445566","foundingDate":"2020-03-10"}]}},"_links":{"self":[{"href":"https:\/\/dirtbagbrands.com\/fr\/wp-json\/wp\/v2\/product\/5407","targetHints":{"allow":["GET"]}}],"collection":[{"href":"https:\/\/dirtbagbrands.com\/fr\/wp-json\/wp\/v2\/product"}],"about":[{"href":"https:\/\/dirtbagbrands.com\/fr\/wp-json\/wp\/v2\/types\/product"}],"replies":[{"embeddable":true,"href":"https:\/\/dirtbagbrands.com\/fr\/wp-json\/wp\/v2\/comments?post=5407"}],"wp:featuredmedia":[{"embeddable":true,"href":"https:\/\/dirtbagbrands.com\/fr\/wp-json\/wp\/v2\/media\/5406"}],"wp:attachment":[{"href":"https:\/\/dirtbagbrands.com\/fr\/wp-json\/wp\/v2\/media?parent=5407"}],"wp:term":[{"taxonomy":"product_brand","embeddable":true,"href":"https:\/\/dirtbagbrands.com\/fr\/wp-json\/wp\/v2\/product_brand?post=5407"},{"taxonomy":"product_cat","embeddable":true,"href":"https:\/\/dirtbagbrands.com\/fr\/wp-json\/wp\/v2\/product_cat?post=5407"},{"taxonomy":"product_tag","embeddable":true,"href":"https:\/\/dirtbagbrands.com\/fr\/wp-json\/wp\/v2\/product_tag?post=5407"}],"curies":[{"name":"wp","href":"https:\/\/api.w.org\/{rel}","templated":true}]}}