{"id":510,"date":"2024-03-18T22:02:08","date_gmt":"2024-03-18T22:02:08","guid":{"rendered":"https:\/\/dirtbagbrands.com\/?post_type=product&#038;p=510"},"modified":"2026-04-17T19:27:58","modified_gmt":"2026-04-17T19:27:58","slug":"extincteur-universel-dirtbag-brands-avec-support","status":"publish","type":"product","link":"https:\/\/dirtbagbrands.com\/fr\/product\/dirtbag-brands-universal-extinguisher-with-mount\/","title":{"rendered":"Extincteur universel Dirtbag Brands avec support Legacy"},"content":{"rendered":"<div id=\"192e8fd6-01d2-4f8b-96a8-35c87ca3e8dd\" class=\"x-el x-el-div x-el c1-1 c1-2 c1-18 c1-5i c1-4 c1-8n c1-8o c1-42 c1-8p c1-8k c1-b c1-c c1-8q c1-8r c1-d c1-e c1-f c1-g c1-1 c1-2 c1-b c1-c c1-d c1-e c1-f c1-g\" data-ux=\"ContentBasic\">\n<h1>Am\u00e9liorez votre s\u00e9curit\u00e9 avec le support universel pour extincteur UTV<\/h1>\n<p>Am\u00e9liorez votre s\u00e9curit\u00e9 hors route gr\u00e2ce \u00e0 nos pi\u00e8ces robustes en aluminium 6061. <strong>Support d&#039;extincteur pour VTT<\/strong>. Con\u00e7u avec expertise pour r\u00e9sister aux aventures les plus extr\u00eames, ce support vous assure une protection optimale. Compatible avec tous les arceaux de s\u00e9curit\u00e9 de 3,8 \u00e0 5 cm de diam\u00e8tre, il est dot\u00e9 d&#039;un syst\u00e8me de fixation rapide \u00e0 goupille unique pour un acc\u00e8s facile, ce qui en fait un accessoire de s\u00e9curit\u00e9 indispensable pour toutes vos sorties.<\/p>\n<h2>Compatibilit\u00e9 universelle avec diff\u00e9rents mod\u00e8les de VTT<\/h2>\n<p>Notre <strong>\u00a0monter<\/strong> Ce pare-chocs est compatible avec une large gamme de mod\u00e8les de SSV, notamment les Polaris RZR, Can-Am Maverick X3 et R, Honda Talon, Kawasaki KRX, et tout arceau de s\u00e9curit\u00e9 tubulaire de 3,8 \u00e0 5 cm de diam\u00e8tre. Sa conception polyvalente garantit un ajustement parfait \u00e0 la plupart des SSV, offrant ainsi une solution de s\u00e9curit\u00e9 fiable quel que soit votre v\u00e9hicule.<\/p>\n<h2>M\u00e9canisme de d\u00e9gagement rapide avec laisse \u00e0 goupille<\/h2>\n<p>Ne craignez plus jamais de perdre la goupille. Notre support d&#039;extincteur est \u00e9quip\u00e9 d&#039;un syst\u00e8me de fixation rapide avec goupille et cordon, garantissant ainsi que la goupille reste bien en place et que votre extincteur reste s\u00e9curis\u00e9 et facilement accessible en toutes circonstances.<\/p>\n<h2>Conception \u00e9l\u00e9gante et fonctionnelle du support d&#039;extincteur tout-terrain<\/h2>\n<p>Gr\u00e2ce \u00e0 sa conception \u00e9pur\u00e9e, notre support d&#039;extincteur s&#039;int\u00e8gre parfaitement \u00e0 pratiquement tous les espaces disponibles sur votre UTV. Avec son support noir et son extincteur blanc, il s&#039;harmonise avec les couleurs de votre UTV tout en assurant une s\u00e9curit\u00e9 optimale.<\/p>\n<h2>Con\u00e7u pour un ajustement parfait sur les arceaux de s\u00e9curit\u00e9 tubulaires<\/h2>\n<p>Ce support d&#039;extincteur \u00e0 fixation rapide est compatible avec tous les mod\u00e8les UTV populaires, notamment les RZR, KRX, Talon, YXZ, Maverick X3, Maverick R, ZForce et bien d&#039;autres. Sa conception universelle assure la compatibilit\u00e9 avec une large gamme de marques de UTV.<\/p>\n<\/div>\n<div id=\"d654f244-0412-409f-9024-2ace3f0b4ee5\" class=\"x-el x-el-div x-el c1-1 c1-2 c1-18 c1-5i c1-4 c1-8n c1-8o c1-42 c1-8p c1-8k c1-b c1-c c1-8q c1-8r c1-d c1-e c1-f c1-g c1-1 c1-2 c1-b c1-c c1-d c1-e c1-f c1-g\" data-ux=\"ContentBasic\">\n<div class=\"x-el c1-1 c1-2 c1-22 c1-23 c1-47 c1-1c c1-1e c1-8t c1-8u c1-8v c1-8w c1-8x c1-8y c1-8z c1-90 c1-91 c1-92 c1-93 c1-94 c1-95 c1-96 c1-97 c1-98 c1-99 c1-9a c1-9b c1-9c c1-9d c1-9e c1-9f c1-9g c1-9h c1-9i c1-9j c1-9k c1-2s c1-b c1-9l c1-c c1-3h c1-d c1-e c1-f c1-g x-rt\" data-ux=\"ContentText\" data-aid=\"CONTENT_DESCRIPTION6_RENDERED\" data-typography=\"BodyAlpha\">\n<h2>Produits suppl\u00e9mentaires<\/h2>\n<p>Pour plus de s\u00e9curit\u00e9, nous vous recommandons notre <a href=\"https:\/\/dirtbagbrands.com\/fr\/product\/support-rotopax-utv-en-aluminium-usine-6061-de-dirtbag-brands\/\">Support Rotopax<\/a> pour plus de carburant et d&#039;eau lors d&#039;aventures prolong\u00e9es, le plus r\u00e9sistant <a href=\"https:\/\/dirtbagbrands.com\/fr\/product\/support-de-phare-fouet-en-aluminium-pour-vtt\/\">support de fouet<\/a> sur le march\u00e9 pour un \u00e9clairage suppl\u00e9mentaire, et la plus fine et la plus claire <a href=\"https:\/\/dirtbagbrands.com\/fr\/product\/retroviseur-utv-avec-support-pour-phare-additionnel\/\">R\u00e9troviseurs UTV<\/a> Disponibles sur le march\u00e9 avec des supports pour phares additionnels afin d&#039;am\u00e9liorer votre visibilit\u00e9 lors de vos sorties nocturnes.<\/p>\n<\/div>\n<\/div>","protected":false},"excerpt":{"rendered":"<p>Forme et fonction s&#039;allient pour une s\u00e9curit\u00e9 accrue. La goupille de d\u00e9verrouillage rapide permet d&#039;utiliser l&#039;extincteur au moment opportun. Con\u00e7u pour une compatibilit\u00e9 universelle, il s&#039;adapte \u00e0 tous les arceaux de s\u00e9curit\u00e9 de 3,8 \u00e0 5 cm de diam\u00e8tre.<\/p>","protected":false},"featured_media":511,"comment_status":"closed","ping_status":"closed","template":"","meta":{"saved_in_kubio":false,"_coblocks_attr":"","_coblocks_dimensions":"","_coblocks_responsive_height":"","_coblocks_accordion_ie_support":""},"product_brand":[],"product_cat":[102],"product_tag":[],"class_list":{"0":"post-510","1":"product","2":"type-product","3":"status-publish","4":"has-post-thumbnail","6":"product_cat-uncategorized","7":"product_shipping_class-international-allowed","9":"first","10":"outofstock","11":"sale","12":"taxable","13":"shipping-taxable","14":"purchasable","15":"product-type-simple"},"yoast_head":"<!-- This site is optimized with the Yoast SEO Premium plugin v27.5 (Yoast SEO v27.5) - https:\/\/yoast.com\/product\/yoast-seo-premium-wordpress\/ -->\n<title>Dirtbag Brands Universal Extinguisher with Legacy Mount - Dirtbag Brands<\/title>\n<meta name=\"description\" content=\".Upgrade UTV safety with our 6061 billet extinguisher mount. Quick release, fits 1.5-2in roll bars on Polaris RZR, Can-Am Maverick, and more.\" \/>\n<meta name=\"robots\" content=\"index, follow, max-snippet:-1, max-image-preview:large, max-video-preview:-1\" \/>\n<link rel=\"canonical\" href=\"https:\/\/dirtbagbrands.com\/fr\/product\/extincteur-universel-dirtbag-brands-avec-support\/\" \/>\n<meta property=\"og:locale\" content=\"fr_CA\" \/>\n<meta property=\"og:type\" content=\"article\" \/>\n<meta property=\"og:title\" content=\"Dirtbag Brands Universal Extinguisher with Legacy Mount | Dirtbag Brands\" \/>\n<meta property=\"og:description\" content=\"Dirtbag Brands Universal Extinguisher with Legacy Mount \u2013 Built for off-road durability. Perfect for and . Free shipping over $100!\" \/>\n<meta property=\"og:url\" content=\"https:\/\/dirtbagbrands.com\/fr\/product\/extincteur-universel-dirtbag-brands-avec-support\/\" \/>\n<meta property=\"og:site_name\" content=\"Dirtbag Brands\" \/>\n<meta property=\"article:publisher\" content=\"https:\/\/www.facebook.com\/dirtbagbrands\/\" \/>\n<meta property=\"article:modified_time\" content=\"2026-04-17T19:27:58+00:00\" \/>\n<meta property=\"og:image\" content=\"https:\/\/dirtbagbrands.com\/wp-content\/uploads\/2024\/03\/PXL_20230316_190932707.PORTRAIT-scaled.webp\" \/>\n\t<meta property=\"og:image:width\" content=\"1928\" \/>\n\t<meta property=\"og:image:height\" content=\"2560\" \/>\n\t<meta property=\"og:image:type\" content=\"image\/jpeg\" \/>\n<meta name=\"twitter:card\" content=\"summary_large_image\" \/>\n<meta name=\"twitter:label1\" content=\"Estimation du temps de lecture\" \/>\n\t<meta name=\"twitter:data1\" content=\"2 minutes\" \/>\n<script type=\"application\/ld+json\" class=\"yoast-schema-graph\">{\"@context\":\"https:\\\/\\\/schema.org\",\"@graph\":[{\"@type\":\"WebPage\",\"@id\":\"https:\\\/\\\/dirtbagbrands.com\\\/product\\\/dirtbag-brands-universal-extinguisher-with-mount\\\/\",\"url\":\"https:\\\/\\\/dirtbagbrands.com\\\/product\\\/dirtbag-brands-universal-extinguisher-with-mount\\\/\",\"name\":\"Dirtbag Brands Universal Extinguisher with Legacy Mount - Dirtbag Brands\",\"isPartOf\":{\"@id\":\"https:\\\/\\\/dirtbagbrands.com\\\/#website\"},\"primaryImageOfPage\":{\"@id\":\"https:\\\/\\\/dirtbagbrands.com\\\/product\\\/dirtbag-brands-universal-extinguisher-with-mount\\\/#primaryimage\"},\"image\":{\"@id\":\"https:\\\/\\\/dirtbagbrands.com\\\/product\\\/dirtbag-brands-universal-extinguisher-with-mount\\\/#primaryimage\"},\"thumbnailUrl\":\"https:\\\/\\\/dirtbagbrands.com\\\/wp-content\\\/uploads\\\/2024\\\/03\\\/PXL_20230316_190932707.PORTRAIT-scaled.webp\",\"datePublished\":\"2024-03-18T22:02:08+00:00\",\"dateModified\":\"2026-04-17T19:27:58+00:00\",\"description\":\".Upgrade UTV safety with our 6061 billet extinguisher mount. Quick release, fits 1.5-2in roll bars on Polaris RZR, Can-Am Maverick, and more.\",\"breadcrumb\":{\"@id\":\"https:\\\/\\\/dirtbagbrands.com\\\/product\\\/dirtbag-brands-universal-extinguisher-with-mount\\\/#breadcrumb\"},\"inLanguage\":\"fr-CA\",\"potentialAction\":[{\"@type\":\"ReadAction\",\"target\":[\"https:\\\/\\\/dirtbagbrands.com\\\/product\\\/dirtbag-brands-universal-extinguisher-with-mount\\\/\"]}]},{\"@type\":\"ImageObject\",\"inLanguage\":\"fr-CA\",\"@id\":\"https:\\\/\\\/dirtbagbrands.com\\\/product\\\/dirtbag-brands-universal-extinguisher-with-mount\\\/#primaryimage\",\"url\":\"https:\\\/\\\/dirtbagbrands.com\\\/wp-content\\\/uploads\\\/2024\\\/03\\\/PXL_20230316_190932707.PORTRAIT-scaled.webp\",\"contentUrl\":\"https:\\\/\\\/dirtbagbrands.com\\\/wp-content\\\/uploads\\\/2024\\\/03\\\/PXL_20230316_190932707.PORTRAIT-scaled.webp\",\"width\":1928,\"height\":2560,\"caption\":\"utv fire extinguisher mounted on kawasaki krx\"},{\"@type\":\"BreadcrumbList\",\"@id\":\"https:\\\/\\\/dirtbagbrands.com\\\/product\\\/dirtbag-brands-universal-extinguisher-with-mount\\\/#breadcrumb\",\"itemListElement\":[{\"@type\":\"ListItem\",\"position\":1,\"name\":\"Home\",\"item\":\"https:\\\/\\\/dirtbagbrands.com\\\/\"},{\"@type\":\"ListItem\",\"position\":2,\"name\":\"Shop\",\"item\":\"https:\\\/\\\/dirtbagbrands.com\\\/shop\\\/\"},{\"@type\":\"ListItem\",\"position\":3,\"name\":\"UTV Utility Accessories\",\"item\":\"https:\\\/\\\/dirtbagbrands.com\\\/product-category\\\/uncategorized\\\/\"},{\"@type\":\"ListItem\",\"position\":4,\"name\":\"Dirtbag Brands Universal Extinguisher with Legacy Mount\"}]},{\"@type\":\"WebSite\",\"@id\":\"https:\\\/\\\/dirtbagbrands.com\\\/#website\",\"url\":\"https:\\\/\\\/dirtbagbrands.com\\\/\",\"name\":\"Dirtbag Brands\",\"description\":\"Premium UTV and Dirtbike Accessories\",\"publisher\":{\"@id\":\"https:\\\/\\\/dirtbagbrands.com\\\/#organization\"},\"potentialAction\":[{\"@type\":\"SearchAction\",\"target\":{\"@type\":\"EntryPoint\",\"urlTemplate\":\"https:\\\/\\\/dirtbagbrands.com\\\/?s={search_term_string}\"},\"query-input\":{\"@type\":\"PropertyValueSpecification\",\"valueRequired\":true,\"valueName\":\"search_term_string\"}}],\"inLanguage\":\"fr-CA\"},{\"@type\":\"Organization\",\"@id\":\"https:\\\/\\\/dirtbagbrands.com\\\/#organization\",\"name\":\"Dirtbag Brands\",\"alternateName\":\"Dirtbag Brands UTV Accessories\",\"url\":\"https:\\\/\\\/dirtbagbrands.com\\\/\",\"logo\":{\"@type\":\"ImageObject\",\"inLanguage\":\"fr-CA\",\"@id\":\"https:\\\/\\\/dirtbagbrands.com\\\/#\\\/schema\\\/logo\\\/image\\\/\",\"url\":\"https:\\\/\\\/dirtbagbrands.com\\\/wp-content\\\/uploads\\\/2024\\\/07\\\/Word-Logo.webp\",\"contentUrl\":\"https:\\\/\\\/dirtbagbrands.com\\\/wp-content\\\/uploads\\\/2024\\\/07\\\/Word-Logo.webp\",\"width\":750,\"height\":750,\"caption\":\"Dirtbag Brands\"},\"image\":{\"@id\":\"https:\\\/\\\/dirtbagbrands.com\\\/#\\\/schema\\\/logo\\\/image\\\/\"},\"sameAs\":[\"https:\\\/\\\/www.facebook.com\\\/dirtbagbrands\\\/\",\"https:\\\/\\\/www.instagram.com\\\/dirtbagbrands\",\"https:\\\/\\\/www.youtube.com\\\/@dirtbagbrands\",\"https:\\\/\\\/www.pinterest.com\\\/dirtbagbrands\",\"https:\\\/\\\/www.linkedin.com\\\/company\\\/dirtbag-brands\\\/\",\"https:\\\/\\\/www.tiktok.com\\\/@dirtbagbrands\"],\"description\":\"Dirtbag Brands designs and manufactures premium billet aluminum UTV accessories engineered for performance, durability, and off-road visibility. Our IronSight mirror systems and mounting solutions are built for Polaris, Can-Am, Kawasaki, Honda, and other utility and sport side-by-side vehicles.\",\"email\":\"inquiries@dirtbagbrands.com\",\"telephone\":\"9706445566\",\"foundingDate\":\"2020-03-10\"}]}<\/script>\n<!-- \/ Yoast SEO Premium plugin. -->","yoast_head_json":{"title":"Extincteur universel Dirtbag Brands avec support Legacy - Dirtbag Brands","description":".Am\u00e9liorez la s\u00e9curit\u00e9 de votre VTT avec notre support d&#039;extincteur en aluminium 6061. Syst\u00e8me de fixation rapide, compatible avec les arceaux de s\u00e9curit\u00e9 de 3,8 \u00e0 5 cm des Polaris RZR, Can-Am Maverick et autres.","robots":{"index":"index","follow":"follow","max-snippet":"max-snippet:-1","max-image-preview":"max-image-preview:large","max-video-preview":"max-video-preview:-1"},"canonical":"https:\/\/dirtbagbrands.com\/fr\/product\/extincteur-universel-dirtbag-brands-avec-support\/","og_locale":"fr_CA","og_type":"article","og_title":"Dirtbag Brands Universal Extinguisher with Legacy Mount | Dirtbag Brands","og_description":"Dirtbag Brands Universal Extinguisher with Legacy Mount \u2013 Built for off-road durability. Perfect for and . Free shipping over $100!","og_url":"https:\/\/dirtbagbrands.com\/fr\/product\/extincteur-universel-dirtbag-brands-avec-support\/","og_site_name":"Dirtbag Brands","article_publisher":"https:\/\/www.facebook.com\/dirtbagbrands\/","article_modified_time":"2026-04-17T19:27:58+00:00","og_image":[{"width":1928,"height":2560,"url":"https:\/\/dirtbagbrands.com\/wp-content\/uploads\/2024\/03\/PXL_20230316_190932707.PORTRAIT-scaled.webp","type":"image\/jpeg"}],"twitter_card":"summary_large_image","twitter_misc":{"Estimation du temps de lecture":"2 minutes"},"schema":{"@context":"https:\/\/schema.org","@graph":[{"@type":"WebPage","@id":"https:\/\/dirtbagbrands.com\/product\/dirtbag-brands-universal-extinguisher-with-mount\/","url":"https:\/\/dirtbagbrands.com\/product\/dirtbag-brands-universal-extinguisher-with-mount\/","name":"Extincteur universel Dirtbag Brands avec support Legacy - Dirtbag Brands","isPartOf":{"@id":"https:\/\/dirtbagbrands.com\/#website"},"primaryImageOfPage":{"@id":"https:\/\/dirtbagbrands.com\/product\/dirtbag-brands-universal-extinguisher-with-mount\/#primaryimage"},"image":{"@id":"https:\/\/dirtbagbrands.com\/product\/dirtbag-brands-universal-extinguisher-with-mount\/#primaryimage"},"thumbnailUrl":"https:\/\/dirtbagbrands.com\/wp-content\/uploads\/2024\/03\/PXL_20230316_190932707.PORTRAIT-scaled.webp","datePublished":"2024-03-18T22:02:08+00:00","dateModified":"2026-04-17T19:27:58+00:00","description":".Am\u00e9liorez la s\u00e9curit\u00e9 de votre VTT avec notre support d&#039;extincteur en aluminium 6061. Syst\u00e8me de fixation rapide, compatible avec les arceaux de s\u00e9curit\u00e9 de 3,8 \u00e0 5 cm des Polaris RZR, Can-Am Maverick et autres.","breadcrumb":{"@id":"https:\/\/dirtbagbrands.com\/product\/dirtbag-brands-universal-extinguisher-with-mount\/#breadcrumb"},"inLanguage":"fr-CA","potentialAction":[{"@type":"ReadAction","target":["https:\/\/dirtbagbrands.com\/product\/dirtbag-brands-universal-extinguisher-with-mount\/"]}]},{"@type":"ImageObject","inLanguage":"fr-CA","@id":"https:\/\/dirtbagbrands.com\/product\/dirtbag-brands-universal-extinguisher-with-mount\/#primaryimage","url":"https:\/\/dirtbagbrands.com\/wp-content\/uploads\/2024\/03\/PXL_20230316_190932707.PORTRAIT-scaled.webp","contentUrl":"https:\/\/dirtbagbrands.com\/wp-content\/uploads\/2024\/03\/PXL_20230316_190932707.PORTRAIT-scaled.webp","width":1928,"height":2560,"caption":"utv fire extinguisher mounted on kawasaki krx"},{"@type":"BreadcrumbList","@id":"https:\/\/dirtbagbrands.com\/product\/dirtbag-brands-universal-extinguisher-with-mount\/#breadcrumb","itemListElement":[{"@type":"ListItem","position":1,"name":"Home","item":"https:\/\/dirtbagbrands.com\/"},{"@type":"ListItem","position":2,"name":"Shop","item":"https:\/\/dirtbagbrands.com\/shop\/"},{"@type":"ListItem","position":3,"name":"UTV Utility Accessories","item":"https:\/\/dirtbagbrands.com\/product-category\/uncategorized\/"},{"@type":"ListItem","position":4,"name":"Dirtbag Brands Universal Extinguisher with Legacy Mount"}]},{"@type":"WebSite","@id":"https:\/\/dirtbagbrands.com\/#website","url":"https:\/\/dirtbagbrands.com\/","name":"Marques Dirtbag","description":"Accessoires UTV et Dirtbike haut de gamme","publisher":{"@id":"https:\/\/dirtbagbrands.com\/#organization"},"potentialAction":[{"@type":"SearchAction","target":{"@type":"EntryPoint","urlTemplate":"https:\/\/dirtbagbrands.com\/?s={search_term_string}"},"query-input":{"@type":"PropertyValueSpecification","valueRequired":true,"valueName":"search_term_string"}}],"inLanguage":"fr-CA"},{"@type":"Organization","@id":"https:\/\/dirtbagbrands.com\/#organization","name":"Marques Dirtbag","alternateName":"Dirtbag Brands UTV Accessories","url":"https:\/\/dirtbagbrands.com\/","logo":{"@type":"ImageObject","inLanguage":"fr-CA","@id":"https:\/\/dirtbagbrands.com\/#\/schema\/logo\/image\/","url":"https:\/\/dirtbagbrands.com\/wp-content\/uploads\/2024\/07\/Word-Logo.webp","contentUrl":"https:\/\/dirtbagbrands.com\/wp-content\/uploads\/2024\/07\/Word-Logo.webp","width":750,"height":750,"caption":"Dirtbag Brands"},"image":{"@id":"https:\/\/dirtbagbrands.com\/#\/schema\/logo\/image\/"},"sameAs":["https:\/\/www.facebook.com\/dirtbagbrands\/","https:\/\/www.instagram.com\/dirtbagbrands","https:\/\/www.youtube.com\/@dirtbagbrands","https:\/\/www.pinterest.com\/dirtbagbrands","https:\/\/www.linkedin.com\/company\/dirtbag-brands\/","https:\/\/www.tiktok.com\/@dirtbagbrands"],"description":"Dirtbag Brands con\u00e7oit et fabrique des accessoires haut de gamme en aluminium usin\u00e9 pour v\u00e9hicules tout-terrain (UTV), alliant performance, durabilit\u00e9 et visibilit\u00e9 optimale en tout-terrain. Nos syst\u00e8mes de r\u00e9troviseurs et solutions de montage IronSight sont compatibles avec les v\u00e9hicules utilitaires et sportifs c\u00f4te \u00e0 c\u00f4te Polaris, Can-Am, Kawasaki, Honda et autres.","email":"inquiries@dirtbagbrands.com","telephone":"9706445566","foundingDate":"2020-03-10"}]}},"_links":{"self":[{"href":"https:\/\/dirtbagbrands.com\/fr\/wp-json\/wp\/v2\/product\/510","targetHints":{"allow":["GET"]}}],"collection":[{"href":"https:\/\/dirtbagbrands.com\/fr\/wp-json\/wp\/v2\/product"}],"about":[{"href":"https:\/\/dirtbagbrands.com\/fr\/wp-json\/wp\/v2\/types\/product"}],"replies":[{"embeddable":true,"href":"https:\/\/dirtbagbrands.com\/fr\/wp-json\/wp\/v2\/comments?post=510"}],"wp:featuredmedia":[{"embeddable":true,"href":"https:\/\/dirtbagbrands.com\/fr\/wp-json\/wp\/v2\/media\/511"}],"wp:attachment":[{"href":"https:\/\/dirtbagbrands.com\/fr\/wp-json\/wp\/v2\/media?parent=510"}],"wp:term":[{"taxonomy":"product_brand","embeddable":true,"href":"https:\/\/dirtbagbrands.com\/fr\/wp-json\/wp\/v2\/product_brand?post=510"},{"taxonomy":"product_cat","embeddable":true,"href":"https:\/\/dirtbagbrands.com\/fr\/wp-json\/wp\/v2\/product_cat?post=510"},{"taxonomy":"product_tag","embeddable":true,"href":"https:\/\/dirtbagbrands.com\/fr\/wp-json\/wp\/v2\/product_tag?post=510"}],"curies":[{"name":"wp","href":"https:\/\/api.w.org\/{rel}","templated":true}]}}