{"id":500,"date":"2024-03-18T21:32:55","date_gmt":"2024-03-18T21:32:55","guid":{"rendered":"https:\/\/dirtbagbrands.com\/?post_type=product&#038;p=500"},"modified":"2026-04-17T18:38:47","modified_gmt":"2026-04-17T18:38:47","slug":"loquet-aller-pour-ranger-general","status":"publish","type":"product","link":"https:\/\/dirtbagbrands.com\/fr\/product\/latch-go-for-ranger-general\/","title":{"rendered":"Ancrages d&#039;arrimage Latch &amp; Go pour Ranger \/ General"},"content":{"rendered":"<h2>Points d&#039;ancrage fiables Lock &amp; Ride pour Polaris Ranger et General<\/h2>\n<p>S\u00e9curisez votre Polaris Ranger et General gr\u00e2ce \u00e0 nos points d&#039;ancrage Latch &amp; Go. Vendus par paires, ces points d&#039;ancrage offrent une solution robuste et fiable pour s\u00e9curiser votre \u00e9quipement lors de vos aventures hors route. Con\u00e7us sp\u00e9cifiquement pour les mod\u00e8les Polaris Ranger et General, ces ancrages sont compatibles avec le syst\u00e8me Polaris Lock &amp; Ride et offrent une durabilit\u00e9 exceptionnelle \u00e0 un prix abordable.<\/p>\n<h2>Compatible avec les mod\u00e8les Polaris Ranger et General \u00e9quip\u00e9s du syst\u00e8me Lock &amp; Ride<\/h2>\n<p>Nos ancrages Latch &amp; Go sont con\u00e7us pour s&#039;adapter parfaitement aux mod\u00e8les Polaris Ranger et General, et s&#039;int\u00e8grent sans probl\u00e8me au syst\u00e8me Lock &amp; Ride. Que vous transportiez du mat\u00e9riel lourd ou ayez simplement besoin d&#039;un point d&#039;ancrage fiable, ces ancrages offrent des performances exceptionnelles et une tranquillit\u00e9 d&#039;esprit absolue.<\/p>\n<h2>Solution durable et \u00e9conomique<\/h2>\n<p>Fabriqu\u00e9s \u00e0 partir de mat\u00e9riaux de haute qualit\u00e9, ces points d&#039;ancrage sont con\u00e7us pour r\u00e9sister aux conditions difficiles du tout-terrain. Malgr\u00e9 leur robustesse et leur durabilit\u00e9, ils restent une option abordable pour les propri\u00e9taires de Polaris Ranger et General qui recherchent une solution fiable sans se ruiner.<\/p>\n<h2>Caract\u00e9ristiques principales :<\/h2>\n<ul>\n<li><strong>Vendus par paires<\/strong>Chaque paquet comprend deux points d&#039;ancrage, vous offrant ainsi un ensemble complet.<\/li>\n<li><strong>Ajustement parfait<\/strong>Con\u00e7u sp\u00e9cifiquement pour les mod\u00e8les Polaris Ranger et General \u00e9quip\u00e9s du syst\u00e8me Lock &amp; Ride.<\/li>\n<li><strong>Haute durabilit\u00e9<\/strong>Fabriqu\u00e9 \u00e0 partir de mat\u00e9riaux robustes pour garantir une utilisation durable.<\/li>\n<li><strong>Rentable<\/strong>Offre un rapport qualit\u00e9-prix exceptionnel sans compromis sur la qualit\u00e9.<\/li>\n<li><strong>Installation facile<\/strong>Simple \u00e0 installer et \u00e0 utiliser, c&#039;est une solution pratique pour s\u00e9curiser votre \u00e9quipement.<\/li>\n<\/ul>\n<h2>Am\u00e9liorez votre exp\u00e9rience hors route<\/h2>\n<p>Am\u00e9liorez votre Polaris Ranger et General avec nos points d&#039;ancrage Latch &amp; Go et ayez l&#039;esprit tranquille en sachant votre \u00e9quipement bien fix\u00e9. Ces points d&#039;ancrage sont parfaits pour tous les passionn\u00e9s de tout-terrain \u00e0 la recherche d&#039;une solution durable, fiable et \u00e9conomique pour l&#039;arrimage de leur mat\u00e9riel. D\u00e9couvrez \u00e9galement nos autres accessoires con\u00e7us pour optimiser votre exp\u00e9rience avec votre Polaris Ranger et General.<\/p>\n<h2>D\u00e9couvrez certains de nos autres produits<\/h2>\n<p>Voici d&#039;autres articles qui se marient bien avec celui-ci : <a href=\"https:\/\/dirtbagbrands.com\/fr\/product\/pro-fit-whip-mount-6061-billette-full-360-rotation\/\">fouet<\/a> et les supports Rotopax.<\/p>","protected":false},"excerpt":{"rendered":"<p>Points d&#039;arrimage pour Polaris Ranger\/General. Chaque achat comprend une paire de points d&#039;arrimage pour votre Polaris ou General.<\/p>","protected":false},"featured_media":383,"comment_status":"closed","ping_status":"closed","template":"","meta":{"saved_in_kubio":false,"_coblocks_attr":"","_coblocks_dimensions":"","_coblocks_responsive_height":"","_coblocks_accordion_ie_support":""},"product_brand":[],"product_cat":[372,348,370,102],"product_tag":[],"class_list":{"0":"post-500","1":"product","2":"type-product","3":"status-publish","4":"has-post-thumbnail","6":"product_cat-polaris-ranger-500-accessories","7":"product_cat-polaris-ranger-accessories","8":"product_cat-polaris-ranger-rzr-general-tie-downs-whip-mounts","9":"product_cat-uncategorized","10":"product_shipping_class-international-allowed","12":"first","13":"instock","14":"taxable","15":"shipping-taxable","16":"purchasable","17":"product-type-simple"},"yoast_head":"<!-- This site is optimized with the Yoast SEO Premium plugin v27.5 (Yoast SEO v27.5) - https:\/\/yoast.com\/product\/yoast-seo-premium-wordpress\/ -->\n<title>Lock &amp; Ride Tie Down Anchors for Polaris Ranger &amp; General<\/title>\n<meta name=\"description\" content=\"Upgrade your Polaris Ranger and General with Latch &amp; Go tie down anchors. Fits Lock &amp; Ride system. Sold in pairs. Durable, reliable, and cost-effective.\" \/>\n<meta name=\"robots\" content=\"index, follow, max-snippet:-1, max-image-preview:large, max-video-preview:-1\" \/>\n<link rel=\"canonical\" href=\"https:\/\/dirtbagbrands.com\/fr\/product\/loquet-aller-pour-ranger-general\/\" \/>\n<meta property=\"og:locale\" content=\"fr_CA\" \/>\n<meta property=\"og:type\" content=\"article\" \/>\n<meta property=\"og:title\" content=\"Latch &amp; Go Tie Down Anchors for Ranger \/ General | Dirtbag Brands\" \/>\n<meta property=\"og:description\" content=\"Latch &amp; Go Tie Down Anchors for Ranger \/ General \u2013 Built for off-road durability. Perfect for and . Free shipping over $100!\" \/>\n<meta property=\"og:url\" content=\"https:\/\/dirtbagbrands.com\/fr\/product\/loquet-aller-pour-ranger-general\/\" \/>\n<meta property=\"og:site_name\" content=\"Dirtbag Brands\" \/>\n<meta property=\"article:publisher\" content=\"https:\/\/www.facebook.com\/dirtbagbrands\/\" \/>\n<meta property=\"article:modified_time\" content=\"2026-04-17T18:38:47+00:00\" \/>\n<meta property=\"og:image\" content=\"https:\/\/dirtbagbrands.com\/wp-content\/uploads\/2024\/03\/PXL_20221229_213424255.PORTRAIT-scaled.webp\" \/>\n\t<meta property=\"og:image:width\" content=\"1928\" \/>\n\t<meta property=\"og:image:height\" content=\"2560\" \/>\n\t<meta property=\"og:image:type\" content=\"image\/jpeg\" \/>\n<meta name=\"twitter:card\" content=\"summary_large_image\" \/>\n<meta name=\"twitter:label1\" content=\"Estimation du temps de lecture\" \/>\n\t<meta name=\"twitter:data1\" content=\"2 minutes\" \/>\n<script type=\"application\/ld+json\" class=\"yoast-schema-graph\">{\"@context\":\"https:\\\/\\\/schema.org\",\"@graph\":[{\"@type\":\"WebPage\",\"@id\":\"https:\\\/\\\/dirtbagbrands.com\\\/product\\\/latch-go-for-ranger-general\\\/\",\"url\":\"https:\\\/\\\/dirtbagbrands.com\\\/product\\\/latch-go-for-ranger-general\\\/\",\"name\":\"Lock & Ride Tie Down Anchors for Polaris Ranger & General\",\"isPartOf\":{\"@id\":\"https:\\\/\\\/dirtbagbrands.com\\\/#website\"},\"primaryImageOfPage\":{\"@id\":\"https:\\\/\\\/dirtbagbrands.com\\\/product\\\/latch-go-for-ranger-general\\\/#primaryimage\"},\"image\":{\"@id\":\"https:\\\/\\\/dirtbagbrands.com\\\/product\\\/latch-go-for-ranger-general\\\/#primaryimage\"},\"thumbnailUrl\":\"https:\\\/\\\/dirtbagbrands.com\\\/wp-content\\\/uploads\\\/2024\\\/03\\\/PXL_20221229_213424255.PORTRAIT-scaled.webp\",\"datePublished\":\"2024-03-18T21:32:55+00:00\",\"dateModified\":\"2026-04-17T18:38:47+00:00\",\"description\":\"Upgrade your Polaris Ranger and General with Latch & Go tie down anchors. Fits Lock & Ride system. Sold in pairs. Durable, reliable, and cost-effective.\",\"breadcrumb\":{\"@id\":\"https:\\\/\\\/dirtbagbrands.com\\\/product\\\/latch-go-for-ranger-general\\\/#breadcrumb\"},\"inLanguage\":\"fr-CA\",\"potentialAction\":[{\"@type\":\"ReadAction\",\"target\":[\"https:\\\/\\\/dirtbagbrands.com\\\/product\\\/latch-go-for-ranger-general\\\/\"]}]},{\"@type\":\"ImageObject\",\"inLanguage\":\"fr-CA\",\"@id\":\"https:\\\/\\\/dirtbagbrands.com\\\/product\\\/latch-go-for-ranger-general\\\/#primaryimage\",\"url\":\"https:\\\/\\\/dirtbagbrands.com\\\/wp-content\\\/uploads\\\/2024\\\/03\\\/PXL_20221229_213424255.PORTRAIT-scaled.webp\",\"contentUrl\":\"https:\\\/\\\/dirtbagbrands.com\\\/wp-content\\\/uploads\\\/2024\\\/03\\\/PXL_20221229_213424255.PORTRAIT-scaled.webp\",\"width\":1928,\"height\":2560,\"caption\":\"Latch and Go for Polaris RZR, General, Ranger\"},{\"@type\":\"BreadcrumbList\",\"@id\":\"https:\\\/\\\/dirtbagbrands.com\\\/product\\\/latch-go-for-ranger-general\\\/#breadcrumb\",\"itemListElement\":[{\"@type\":\"ListItem\",\"position\":1,\"name\":\"Home\",\"item\":\"https:\\\/\\\/dirtbagbrands.com\\\/\"},{\"@type\":\"ListItem\",\"position\":2,\"name\":\"Shop\",\"item\":\"https:\\\/\\\/dirtbagbrands.com\\\/shop\\\/\"},{\"@type\":\"ListItem\",\"position\":3,\"name\":\"UTV Utility Accessories\",\"item\":\"https:\\\/\\\/dirtbagbrands.com\\\/product-category\\\/uncategorized\\\/\"},{\"@type\":\"ListItem\",\"position\":4,\"name\":\"Latch &amp; Go Tie Down Anchors for Ranger \\\/ General\"}]},{\"@type\":\"WebSite\",\"@id\":\"https:\\\/\\\/dirtbagbrands.com\\\/#website\",\"url\":\"https:\\\/\\\/dirtbagbrands.com\\\/\",\"name\":\"Dirtbag Brands\",\"description\":\"Premium UTV and Dirtbike Accessories\",\"publisher\":{\"@id\":\"https:\\\/\\\/dirtbagbrands.com\\\/#organization\"},\"potentialAction\":[{\"@type\":\"SearchAction\",\"target\":{\"@type\":\"EntryPoint\",\"urlTemplate\":\"https:\\\/\\\/dirtbagbrands.com\\\/?s={search_term_string}\"},\"query-input\":{\"@type\":\"PropertyValueSpecification\",\"valueRequired\":true,\"valueName\":\"search_term_string\"}}],\"inLanguage\":\"fr-CA\"},{\"@type\":\"Organization\",\"@id\":\"https:\\\/\\\/dirtbagbrands.com\\\/#organization\",\"name\":\"Dirtbag Brands\",\"alternateName\":\"Dirtbag Brands UTV Accessories\",\"url\":\"https:\\\/\\\/dirtbagbrands.com\\\/\",\"logo\":{\"@type\":\"ImageObject\",\"inLanguage\":\"fr-CA\",\"@id\":\"https:\\\/\\\/dirtbagbrands.com\\\/#\\\/schema\\\/logo\\\/image\\\/\",\"url\":\"https:\\\/\\\/dirtbagbrands.com\\\/wp-content\\\/uploads\\\/2024\\\/07\\\/Word-Logo.webp\",\"contentUrl\":\"https:\\\/\\\/dirtbagbrands.com\\\/wp-content\\\/uploads\\\/2024\\\/07\\\/Word-Logo.webp\",\"width\":750,\"height\":750,\"caption\":\"Dirtbag Brands\"},\"image\":{\"@id\":\"https:\\\/\\\/dirtbagbrands.com\\\/#\\\/schema\\\/logo\\\/image\\\/\"},\"sameAs\":[\"https:\\\/\\\/www.facebook.com\\\/dirtbagbrands\\\/\",\"https:\\\/\\\/www.instagram.com\\\/dirtbagbrands\",\"https:\\\/\\\/www.youtube.com\\\/@dirtbagbrands\",\"https:\\\/\\\/www.pinterest.com\\\/dirtbagbrands\",\"https:\\\/\\\/www.linkedin.com\\\/company\\\/dirtbag-brands\\\/\",\"https:\\\/\\\/www.tiktok.com\\\/@dirtbagbrands\"],\"description\":\"Dirtbag Brands designs and manufactures premium billet aluminum UTV accessories engineered for performance, durability, and off-road visibility. Our IronSight mirror systems and mounting solutions are built for Polaris, Can-Am, Kawasaki, Honda, and other utility and sport side-by-side vehicles.\",\"email\":\"inquiries@dirtbagbrands.com\",\"telephone\":\"9706445566\",\"foundingDate\":\"2020-03-10\"}]}<\/script>\n<!-- \/ Yoast SEO Premium plugin. -->","yoast_head_json":{"title":"Ancrages d&#039;arrimage Lock &amp; Ride pour Polaris Ranger et General","description":"Am\u00e9liorez votre Polaris Ranger et General avec les ancrages Latch &amp; Go. Compatibles avec le syst\u00e8me Lock &amp; Ride. Vendus par paire. Durables, fiables et \u00e9conomiques.","robots":{"index":"index","follow":"follow","max-snippet":"max-snippet:-1","max-image-preview":"max-image-preview:large","max-video-preview":"max-video-preview:-1"},"canonical":"https:\/\/dirtbagbrands.com\/fr\/product\/loquet-aller-pour-ranger-general\/","og_locale":"fr_CA","og_type":"article","og_title":"Latch &amp; Go Tie Down Anchors for Ranger \/ General | Dirtbag Brands","og_description":"Latch &amp; Go Tie Down Anchors for Ranger \/ General \u2013 Built for off-road durability. Perfect for and . Free shipping over $100!","og_url":"https:\/\/dirtbagbrands.com\/fr\/product\/loquet-aller-pour-ranger-general\/","og_site_name":"Dirtbag Brands","article_publisher":"https:\/\/www.facebook.com\/dirtbagbrands\/","article_modified_time":"2026-04-17T18:38:47+00:00","og_image":[{"width":1928,"height":2560,"url":"https:\/\/dirtbagbrands.com\/wp-content\/uploads\/2024\/03\/PXL_20221229_213424255.PORTRAIT-scaled.webp","type":"image\/jpeg"}],"twitter_card":"summary_large_image","twitter_misc":{"Estimation du temps de lecture":"2 minutes"},"schema":{"@context":"https:\/\/schema.org","@graph":[{"@type":"WebPage","@id":"https:\/\/dirtbagbrands.com\/product\/latch-go-for-ranger-general\/","url":"https:\/\/dirtbagbrands.com\/product\/latch-go-for-ranger-general\/","name":"Ancrages d&#039;arrimage Lock &amp; Ride pour Polaris Ranger et General","isPartOf":{"@id":"https:\/\/dirtbagbrands.com\/#website"},"primaryImageOfPage":{"@id":"https:\/\/dirtbagbrands.com\/product\/latch-go-for-ranger-general\/#primaryimage"},"image":{"@id":"https:\/\/dirtbagbrands.com\/product\/latch-go-for-ranger-general\/#primaryimage"},"thumbnailUrl":"https:\/\/dirtbagbrands.com\/wp-content\/uploads\/2024\/03\/PXL_20221229_213424255.PORTRAIT-scaled.webp","datePublished":"2024-03-18T21:32:55+00:00","dateModified":"2026-04-17T18:38:47+00:00","description":"Am\u00e9liorez votre Polaris Ranger et General avec les ancrages Latch &amp; Go. Compatibles avec le syst\u00e8me Lock &amp; Ride. Vendus par paire. Durables, fiables et \u00e9conomiques.","breadcrumb":{"@id":"https:\/\/dirtbagbrands.com\/product\/latch-go-for-ranger-general\/#breadcrumb"},"inLanguage":"fr-CA","potentialAction":[{"@type":"ReadAction","target":["https:\/\/dirtbagbrands.com\/product\/latch-go-for-ranger-general\/"]}]},{"@type":"ImageObject","inLanguage":"fr-CA","@id":"https:\/\/dirtbagbrands.com\/product\/latch-go-for-ranger-general\/#primaryimage","url":"https:\/\/dirtbagbrands.com\/wp-content\/uploads\/2024\/03\/PXL_20221229_213424255.PORTRAIT-scaled.webp","contentUrl":"https:\/\/dirtbagbrands.com\/wp-content\/uploads\/2024\/03\/PXL_20221229_213424255.PORTRAIT-scaled.webp","width":1928,"height":2560,"caption":"Latch and Go for Polaris RZR, General, Ranger"},{"@type":"BreadcrumbList","@id":"https:\/\/dirtbagbrands.com\/product\/latch-go-for-ranger-general\/#breadcrumb","itemListElement":[{"@type":"ListItem","position":1,"name":"Home","item":"https:\/\/dirtbagbrands.com\/"},{"@type":"ListItem","position":2,"name":"Shop","item":"https:\/\/dirtbagbrands.com\/shop\/"},{"@type":"ListItem","position":3,"name":"UTV Utility Accessories","item":"https:\/\/dirtbagbrands.com\/product-category\/uncategorized\/"},{"@type":"ListItem","position":4,"name":"Latch &amp; Go Tie Down Anchors for Ranger \/ General"}]},{"@type":"WebSite","@id":"https:\/\/dirtbagbrands.com\/#website","url":"https:\/\/dirtbagbrands.com\/","name":"Marques Dirtbag","description":"Accessoires UTV et Dirtbike haut de gamme","publisher":{"@id":"https:\/\/dirtbagbrands.com\/#organization"},"potentialAction":[{"@type":"SearchAction","target":{"@type":"EntryPoint","urlTemplate":"https:\/\/dirtbagbrands.com\/?s={search_term_string}"},"query-input":{"@type":"PropertyValueSpecification","valueRequired":true,"valueName":"search_term_string"}}],"inLanguage":"fr-CA"},{"@type":"Organization","@id":"https:\/\/dirtbagbrands.com\/#organization","name":"Marques Dirtbag","alternateName":"Dirtbag Brands UTV Accessories","url":"https:\/\/dirtbagbrands.com\/","logo":{"@type":"ImageObject","inLanguage":"fr-CA","@id":"https:\/\/dirtbagbrands.com\/#\/schema\/logo\/image\/","url":"https:\/\/dirtbagbrands.com\/wp-content\/uploads\/2024\/07\/Word-Logo.webp","contentUrl":"https:\/\/dirtbagbrands.com\/wp-content\/uploads\/2024\/07\/Word-Logo.webp","width":750,"height":750,"caption":"Dirtbag Brands"},"image":{"@id":"https:\/\/dirtbagbrands.com\/#\/schema\/logo\/image\/"},"sameAs":["https:\/\/www.facebook.com\/dirtbagbrands\/","https:\/\/www.instagram.com\/dirtbagbrands","https:\/\/www.youtube.com\/@dirtbagbrands","https:\/\/www.pinterest.com\/dirtbagbrands","https:\/\/www.linkedin.com\/company\/dirtbag-brands\/","https:\/\/www.tiktok.com\/@dirtbagbrands"],"description":"Dirtbag Brands con\u00e7oit et fabrique des accessoires haut de gamme en aluminium usin\u00e9 pour v\u00e9hicules tout-terrain (UTV), alliant performance, durabilit\u00e9 et visibilit\u00e9 optimale en tout-terrain. Nos syst\u00e8mes de r\u00e9troviseurs et solutions de montage IronSight sont compatibles avec les v\u00e9hicules utilitaires et sportifs c\u00f4te \u00e0 c\u00f4te Polaris, Can-Am, Kawasaki, Honda et autres.","email":"inquiries@dirtbagbrands.com","telephone":"9706445566","foundingDate":"2020-03-10"}]}},"_links":{"self":[{"href":"https:\/\/dirtbagbrands.com\/fr\/wp-json\/wp\/v2\/product\/500","targetHints":{"allow":["GET"]}}],"collection":[{"href":"https:\/\/dirtbagbrands.com\/fr\/wp-json\/wp\/v2\/product"}],"about":[{"href":"https:\/\/dirtbagbrands.com\/fr\/wp-json\/wp\/v2\/types\/product"}],"replies":[{"embeddable":true,"href":"https:\/\/dirtbagbrands.com\/fr\/wp-json\/wp\/v2\/comments?post=500"}],"wp:featuredmedia":[{"embeddable":true,"href":"https:\/\/dirtbagbrands.com\/fr\/wp-json\/wp\/v2\/media\/383"}],"wp:attachment":[{"href":"https:\/\/dirtbagbrands.com\/fr\/wp-json\/wp\/v2\/media?parent=500"}],"wp:term":[{"taxonomy":"product_brand","embeddable":true,"href":"https:\/\/dirtbagbrands.com\/fr\/wp-json\/wp\/v2\/product_brand?post=500"},{"taxonomy":"product_cat","embeddable":true,"href":"https:\/\/dirtbagbrands.com\/fr\/wp-json\/wp\/v2\/product_cat?post=500"},{"taxonomy":"product_tag","embeddable":true,"href":"https:\/\/dirtbagbrands.com\/fr\/wp-json\/wp\/v2\/product_tag?post=500"}],"curies":[{"name":"wp","href":"https:\/\/api.w.org\/{rel}","templated":true}]}}