{"id":151,"date":"2024-03-13T21:02:07","date_gmt":"2024-03-13T21:02:07","guid":{"rendered":"https:\/\/dirtbagbrands.com\/?post_type=product&#038;p=151"},"modified":"2026-04-29T21:12:47","modified_gmt":"2026-04-29T21:12:47","slug":"support-rotopax-utv-en-aluminium-usine-6061-de-dirtbag-brands","status":"publish","type":"product","link":"https:\/\/dirtbagbrands.com\/fr\/product\/dirtbag-brands-6061-billet-utv-rotopax-mount\/","title":{"rendered":"Support Rotopax pour UTV de Dirtbag Brands"},"content":{"rendered":"<div id=\"9542726c-17ba-45f2-ac4b-daa24740240e\" class=\"x-el x-el-div x-el c1-1 c1-2 c1-18 c1-5i c1-4 c1-8q c1-8r c1-42 c1-8s c1-8n c1-b c1-c c1-8t c1-8u c1-d c1-e c1-f c1-g c1-1 c1-2 c1-b c1-c c1-d c1-e c1-f c1-g\" data-ux=\"ContentBasic\">\n<p data-start=\"95\" data-end=\"156\">Am\u00e9liorez votre UTV avec le seul support Rotopax enti\u00e8rement usin\u00e9 du march\u00e9. Con\u00e7u pour les v\u00e9hicules \u00e0 arceau de s\u00e9curit\u00e9 rond comme le Polaris RZR Pro R, RZR Pro XP, le Can-Am Maverick X3, Maverick R, le Honda Talon et le Kawasaki KRX, ce support facilite et s\u00e9curise le transport de carburant ou d&#039;eau. Il offre \u00e9galement une rotation compl\u00e8te \u00e0 360\u00b0 pour un positionnement optimal sur votre v\u00e9hicule.<\/p>\n<hr data-start=\"889\" data-end=\"892\" \/>\n<h2 data-start=\"894\" data-end=\"936\">Pourquoi choisir notre support Rotopax ?<\/h2>\n<ul>\n<li data-start=\"716\" data-end=\"857\">\n<p data-start=\"718\" data-end=\"857\"><strong data-start=\"718\" data-end=\"734\">Kit complet<\/strong> \u2013 Contrairement \u00e0 la concurrence, vous n&#039;avez pas besoin d&#039;assembler des pi\u00e8ces suppl\u00e9mentaires. Tout le n\u00e9cessaire pour le montage et l&#039;utilisation est inclus.<\/p>\n<\/li>\n<li data-start=\"858\" data-end=\"979\">\n<p data-start=\"860\" data-end=\"979\"><strong data-start=\"860\" data-end=\"897\">Construction en aluminium usin\u00e9 6061<\/strong> \u2013 Con\u00e7u pour r\u00e9sister aux conditions les plus difficiles, des dunes du d\u00e9sert aux sentiers les plus recul\u00e9s.<\/p>\n<\/li>\n<li data-start=\"980\" data-end=\"1096\">\n<p data-start=\"982\" data-end=\"1096\"><strong data-start=\"982\" data-end=\"1008\">Barre antiroulis ronde<\/strong> \u2013 S&#039;adapte parfaitement aux machines \u00e0 cages rondes, garantissant l&#039;absence de cliquetis et d&#039;incertitudes.<\/p>\n<\/li>\n<li data-start=\"1097\" data-end=\"1178\">\n<p data-start=\"1099\" data-end=\"1178\"><strong data-start=\"1099\" data-end=\"1115\">Test\u00e9 sur le terrain<\/strong> \u2013 Durabilit\u00e9 \u00e9prouv\u00e9e sur les mod\u00e8les RZR, Maverick, Talon et KRX.<\/p>\n<\/li>\n<\/ul>\n<hr data-start=\"1561\" data-end=\"1564\" \/>\n<h2 data-start=\"1566\" data-end=\"1606\">Ajustement pr\u00e9cis pour les mod\u00e8les haut de gamme<\/h2>\n<ul>\n<li data-start=\"1219\" data-end=\"1318\">\n<p data-start=\"1221\" data-end=\"1318\"><strong data-start=\"1221\" data-end=\"1255\">Polaris RZR Pro R et RZR Pro XP<\/strong> \u2013 Con\u00e7u pour les cages hautes performances et les terrains extr\u00eames.<\/p>\n<\/li>\n<li data-start=\"1319\" data-end=\"1412\">\n<p data-start=\"1321\" data-end=\"1412\"><strong data-start=\"1321\" data-end=\"1356\">Can-Am Maverick X3 &amp; Maverick R<\/strong> \u2013 Un montage propre et s\u00e9curis\u00e9 qui ne bouge pas et ne vibre pas.<\/p>\n<\/li>\n<li data-start=\"1413\" data-end=\"1489\">\n<p data-start=\"1415\" data-end=\"1489\"><strong data-start=\"1415\" data-end=\"1430\">Honda Talon<\/strong> \u2013 Compatibilit\u00e9 directe pour les configurations d\u00e9sertiques et de sentier.<\/p>\n<\/li>\n<li data-start=\"1490\" data-end=\"1583\">\n<p data-start=\"1492\" data-end=\"1583\"><strong data-start=\"1492\" data-end=\"1508\">Kawasaki KRX<\/strong> \u2013 Installation ultra-r\u00e9sistante pour les conducteurs exigeants qui recherchent la fiabilit\u00e9.<\/p>\n<\/li>\n<\/ul>\n<hr data-start=\"2204\" data-end=\"2207\" \/>\n<h2 data-start=\"2209\" data-end=\"2248\"><strong data-start=\"2212\" data-end=\"2246\">Installation facile et sans tracas<\/strong><\/h2>\n<h3 data-start=\"2250\" data-end=\"2282\"><strong data-start=\"2254\" data-end=\"2280\">\u00a0Aucun per\u00e7age requis<\/strong><\/h3>\n<ul data-start=\"2283\" data-end=\"2404\">\n<li data-start=\"2283\" data-end=\"2350\"><strong data-start=\"2285\" data-end=\"2309\">Installation boulonn\u00e9e<\/strong> cela signifie que vous pouvez <strong data-start=\"2324\" data-end=\"2347\">Installez-le en quelques minutes<\/strong>.<\/li>\n<li data-start=\"2351\" data-end=\"2404\">Aucune modification n\u00e9cessaire, juste <strong data-start=\"2384\" data-end=\"2401\">s\u00e9curiser et partir<\/strong>.<\/li>\n<\/ul>\n<h3 data-start=\"2406\" data-end=\"2460\"><strong data-start=\"2410\" data-end=\"2458\">\u00a0Compatible avec les bidons d&#039;eau et de carburant Rotopax<\/strong><\/h3>\n<ul data-start=\"2461\" data-end=\"2593\">\n<li data-start=\"2461\" data-end=\"2527\"><strong data-start=\"2463\" data-end=\"2524\">Peut contenir des contenants Rotopax de 1, 2 et 3 gallons<\/strong>.<\/li>\n<li data-start=\"2528\" data-end=\"2593\"><strong data-start=\"2530\" data-end=\"2576\">Con\u00e7u pour le stockage s\u00e9curis\u00e9 du carburant et de l&#039;eau<\/strong> lors de longs trajets.<\/li>\n<\/ul>\n<h3 data-start=\"2595\" data-end=\"2649\"><strong data-start=\"2599\" data-end=\"2647\">\u00a0Syst\u00e8me de verrouillage \u00e0 4 boulons pour une s\u00e9curit\u00e9 maximale<\/strong><\/h3>\n<ul data-start=\"2650\" data-end=\"2762\">\n<li data-start=\"2650\" data-end=\"2700\"><strong data-start=\"2652\" data-end=\"2697\">Des boulons robustes maintiennent tout en place.<\/strong>.<\/li>\n<li data-start=\"2701\" data-end=\"2762\">Emp\u00eache les d\u00e9placements ou les cliquetis, m\u00eame sur <strong data-start=\"2742\" data-end=\"2759\">terrain accident\u00e9<\/strong>.<\/li>\n<\/ul>\n<hr data-start=\"2764\" data-end=\"2767\" \/>\n<h2 data-start=\"2769\" data-end=\"2812\"><strong data-start=\"2772\" data-end=\"2810\">Pourquoi choisir ce support Rotopax pour UTV ?<\/strong><\/h2>\n<p data-start=\"2814\" data-end=\"3373\">\u2714 <strong data-start=\"2816\" data-end=\"2864\">Meilleur support Rotopax pour RZR et Can-Am Maverick<\/strong> \u2013 Con\u00e7u pour <strong data-start=\"2880\" data-end=\"2909\">propri\u00e9taires de Polaris et de Can-Am<\/strong> qui ont besoin d&#039;un <strong data-start=\"2921\" data-end=\"2956\">support fiable et facile \u00e0 installer<\/strong>.<br data-start=\"2957\" data-end=\"2960\" \/>\u2714 <b>Parfait pour tous les UTV sportifs avec arceau de s\u00e9curit\u00e9 polyvalent -\u00a0<\/b>Compatible avec toutes les barres de s\u00e9curit\u00e9 du march\u00e9 de 1,5 \u00e0 2 pouces.\u00a0<br data-start=\"3077\" data-end=\"3080\" \/>\u2714 <strong data-start=\"3082\" data-end=\"3112\">Con\u00e7u pour les conditions difficiles<\/strong> \u2013 Poign\u00e9es <strong data-start=\"3123\" data-end=\"3159\">chaleur du d\u00e9sert, pluie, boue et neige<\/strong> sans dommage.<br data-start=\"3175\" data-end=\"3178\" \/>\u2714 <strong data-start=\"3180\" data-end=\"3205\">L\u00e9ger mais robuste<\/strong> \u2013 Conception en aluminium 6061 <strong data-start=\"3224\" data-end=\"3244\">maintien d&#039;un poids bas<\/strong> tout en fournissant <strong data-start=\"3261\" data-end=\"3283\">durabilit\u00e9 maximale<\/strong>.<br data-start=\"3284\" data-end=\"3287\" \/>\u2714 <strong data-start=\"3289\" data-end=\"3322\">Installation rapide et sans tracas<\/strong> \u2013 <strong data-start=\"3325\" data-end=\"3370\">Aucun per\u00e7age ni installation compliqu\u00e9e requis<\/strong>.<\/p>\n<hr data-start=\"3375\" data-end=\"3378\" \/>\n<h2 data-start=\"3380\" data-end=\"3426\"><strong data-start=\"3383\" data-end=\"3424\">Comment installer votre support Rotopax pour UTV<\/strong><\/h2>\n<p data-start=\"3428\" data-end=\"3678\">1\ufe0f\u20e3 <strong data-start=\"3432\" data-end=\"3452\">Fixez le support<\/strong> \u00e0 votre <strong data-start=\"3461\" data-end=\"3478\">Arceau de s\u00e9curit\u00e9 pour UTV<\/strong> en utilisant le mat\u00e9riel inclus <strong data-start=\"3498\" data-end=\"3524\">bloc de montage tout-en-un<\/strong>.<br data-start=\"3525\" data-end=\"3528\" \/>2\ufe0f\u20e3 <strong data-start=\"3532\" data-end=\"3563\">Verrouillez votre r\u00e9cipient Rotopax<\/strong> en place et serrer pour un <strong data-start=\"3591\" data-end=\"3606\">maintien s\u00e9curis\u00e9<\/strong>.<br data-start=\"3607\" data-end=\"3610\" \/>3\ufe0f\u20e3 <strong data-start=\"3614\" data-end=\"3637\">V\u00e9rifier la stabilit\u00e9<\/strong> et prendre la piste avec <strong data-start=\"3661\" data-end=\"3676\">confiance!<\/strong><\/p>\n<p data-start=\"3680\" data-end=\"3733\"><strong data-start=\"3680\" data-end=\"3731\">\ud83d\udd27 Installation en quelques minutes \u2014 vis Allen uniquement !<\/strong><\/p>\n<hr data-start=\"3735\" data-end=\"3738\" \/>\n<h2 data-start=\"3740\" data-end=\"3789\"><strong data-start=\"3743\" data-end=\"3787\">Am\u00e9liorez votre UTV pour les aventures hors route<\/strong><\/h2>\n<p data-start=\"3791\" data-end=\"3937\">Ce <strong data-start=\"3796\" data-end=\"3817\">Support Rotopax pour UTV<\/strong> Ce n&#039;est que le d\u00e9but. Pour \u00e9quiper pleinement votre v\u00e9hicule, pensez \u00e0 l&#039;associer \u00e0 nos accessoires. <strong data-start=\"3896\" data-end=\"3934\">autres accessoires haute performance<\/strong>:<\/p>\n<p data-start=\"3939\" data-end=\"4115\">\u2705 <a href=\"https:\/\/dirtbagbrands.com\/fr\/product\/support-de-phare-fouet-en-aluminium-pour-vtt\/\"><strong data-start=\"3941\" data-end=\"3955\">Support de fouet<\/strong> <\/a>\u2013 Prot\u00e8ge votre <strong data-start=\"3969\" data-end=\"3994\">Feu de fouet UTV s\u00e9curis\u00e9<\/strong>, m\u00eame \u00e0 grande vitesse.<br data-start=\"4016\" data-end=\"4019\" \/>\u2705 <a href=\"https:\/\/dirtbagbrands.com\/fr\/product\/support-dextincteur-rond-legacy-360-pour-arceau-de-securite-avec-systeme-de-fixation-rapide\/\"><strong data-start=\"4021\" data-end=\"4048\">Support d&#039;extincteur<\/strong><\/a> - UN <strong data-start=\"4053\" data-end=\"4095\">support d&#039;extincteur \u00e0 d\u00e9gagement rapide<\/strong> Pour plus de s\u00e9curit\u00e9.<\/p>\n<p data-start=\"4117\" data-end=\"4185\">Avec le bon \u00e9quipement, votre UTV sera <strong data-start=\"4155\" data-end=\"4182\">pr\u00eat pour toute aventure<\/strong>.<\/p>\n<hr data-start=\"4187\" data-end=\"4190\" \/>\n<h2 data-start=\"4192\" data-end=\"4240\"><strong data-start=\"4195\" data-end=\"4238\">Commandez d\u00e8s aujourd&#039;hui le meilleur support Rotopax pour VTT !<\/strong><\/h2>\n<p data-start=\"4242\" data-end=\"4487\">Prenez votre <strong data-start=\"4252\" data-end=\"4315\">Le stockage de carburant et les capacit\u00e9s tout-terrain des UTV passent \u00e0 la vitesse sup\u00e9rieure.<\/strong> avec ceci <strong data-start=\"4326\" data-end=\"4360\">Support Rotopax robuste et fiable<\/strong>. Con\u00e7u pour <strong data-start=\"4372\" data-end=\"4414\">Polaris RZR, Can-Am Maverick et bien d&#039;autres<\/strong>, c&#039;est le <strong data-start=\"4425\" data-end=\"4484\">Le support Rotopax le plus robuste et le plus facile \u00e0 installer disponible<\/strong>.<\/p>\n<p data-start=\"4489\" data-end=\"4555\">\ud83d\udce6 <strong data-start=\"4492\" data-end=\"4553\">Commandez d\u00e8s maintenant et pr\u00e9parez-vous pour votre prochaine aventure hors route !<\/strong><\/p>\n<p>&nbsp;<\/p>\n<\/div>","protected":false},"excerpt":{"rendered":"<p>&nbsp;<\/p>\n<p>Notre support universel Rotopax pour UTV est con\u00e7u pour \u00eatre un atout indispensable sur les sentiers et s&#039;adapte \u00e0 tous les arceaux de s\u00e9curit\u00e9 de 3,8 \u00e0 5 cm de diam\u00e8tre. Que vous ayez besoin de transporter du carburant suppl\u00e9mentaire pour vos excursions hors des sentiers battus ou de l&#039;eau en quantit\u00e9 suffisante, nous avons la solution. Le seul syst\u00e8me complet du march\u00e9 offrant une compatibilit\u00e9 universelle. Usin\u00e9 avec pr\u00e9cision \u00e0 partir d&#039;aluminium 6061.<\/p>","protected":false},"featured_media":2949,"comment_status":"closed","ping_status":"closed","template":"","meta":{"saved_in_kubio":false,"_coblocks_attr":"","_coblocks_dimensions":"","_coblocks_responsive_height":"","_coblocks_accordion_ie_support":""},"product_brand":[],"product_cat":[354,375,376,355,356,372,349,340,366,365,357],"product_tag":[],"class_list":{"0":"post-151","1":"product","2":"type-product","3":"status-publish","4":"has-post-thumbnail","6":"product_cat-can-am-maverick-accessories","7":"product_cat-can-am-maverick-r-accessories","8":"product_cat-can-am-maverick-x3-accessories","9":"product_cat-honda-talon-pioneer-accessories","10":"product_cat-kawasaki-round-roll-bar-accessories","11":"product_cat-polaris-ranger-500-accessories","12":"product_cat-polaris-rzr-accessories","13":"product_cat-roll-bar-mounted-accessories","14":"product_cat-segway-villain-accessories","15":"product_cat-utv-rotopax-mounts","16":"product_cat-yamaha-wolverine-rmax-accessories","17":"product_shipping_class-international-allowed","19":"first","20":"instock","21":"taxable","22":"shipping-taxable","23":"purchasable","24":"product-type-simple"},"yoast_head":"<!-- This site is optimized with the Yoast SEO Premium plugin v27.5 (Yoast SEO v27.5) - https:\/\/yoast.com\/product\/yoast-seo-premium-wordpress\/ -->\n<title>UTV Rotopax Mount for Polaris, Can-Am, Honda, Kawasaki &amp; More<\/title>\n<meta name=\"description\" content=\"Shop the only complete Rotopax UTV mount on the market, designed for 1.5-2in roll bars. Fits Polaris, Can-Am, Honda, Kawasaki, and more.\" \/>\n<meta name=\"robots\" content=\"index, follow, max-snippet:-1, max-image-preview:large, max-video-preview:-1\" \/>\n<link rel=\"canonical\" href=\"https:\/\/dirtbagbrands.com\/fr\/product\/support-rotopax-utv-en-aluminium-usine-6061-de-dirtbag-brands\/\" \/>\n<meta property=\"og:locale\" content=\"fr_CA\" \/>\n<meta property=\"og:type\" content=\"article\" \/>\n<meta property=\"og:title\" content=\"Dirtbag Brands Rotopax UTV Mount | Dirtbag Brands\" \/>\n<meta property=\"og:description\" content=\"Dirtbag Brands Rotopax UTV Mount \u2013 Built for off-road durability. Perfect for and . Free shipping over $100!\" \/>\n<meta property=\"og:url\" content=\"https:\/\/dirtbagbrands.com\/fr\/product\/support-rotopax-utv-en-aluminium-usine-6061-de-dirtbag-brands\/\" \/>\n<meta property=\"og:site_name\" content=\"Dirtbag Brands\" \/>\n<meta property=\"article:publisher\" content=\"https:\/\/www.facebook.com\/dirtbagbrands\/\" \/>\n<meta property=\"article:modified_time\" content=\"2026-04-29T21:12:47+00:00\" \/>\n<meta property=\"og:image\" content=\"https:\/\/dirtbagbrands.com\/wp-content\/uploads\/2024\/03\/utv-rotopax-mount.webp\" \/>\n\t<meta property=\"og:image:width\" content=\"1728\" \/>\n\t<meta property=\"og:image:height\" content=\"1728\" \/>\n\t<meta property=\"og:image:type\" content=\"image\/png\" \/>\n<meta name=\"twitter:card\" content=\"summary_large_image\" \/>\n<meta name=\"twitter:label1\" content=\"Estimation du temps de lecture\" \/>\n\t<meta name=\"twitter:data1\" content=\"3 minutes\" \/>\n<script type=\"application\/ld+json\" class=\"yoast-schema-graph\">{\"@context\":\"https:\\\/\\\/schema.org\",\"@graph\":[{\"@type\":\"WebPage\",\"@id\":\"https:\\\/\\\/dirtbagbrands.com\\\/product\\\/dirtbag-brands-6061-billet-utv-rotopax-mount\\\/\",\"url\":\"https:\\\/\\\/dirtbagbrands.com\\\/product\\\/dirtbag-brands-6061-billet-utv-rotopax-mount\\\/\",\"name\":\"UTV Rotopax Mount for Polaris, Can-Am, Honda, Kawasaki & More\",\"isPartOf\":{\"@id\":\"https:\\\/\\\/dirtbagbrands.com\\\/#website\"},\"primaryImageOfPage\":{\"@id\":\"https:\\\/\\\/dirtbagbrands.com\\\/product\\\/dirtbag-brands-6061-billet-utv-rotopax-mount\\\/#primaryimage\"},\"image\":{\"@id\":\"https:\\\/\\\/dirtbagbrands.com\\\/product\\\/dirtbag-brands-6061-billet-utv-rotopax-mount\\\/#primaryimage\"},\"thumbnailUrl\":\"https:\\\/\\\/dirtbagbrands.com\\\/wp-content\\\/uploads\\\/2024\\\/03\\\/utv-rotopax-mount.webp\",\"datePublished\":\"2024-03-13T21:02:07+00:00\",\"dateModified\":\"2026-04-29T21:12:47+00:00\",\"description\":\"Shop the only complete Rotopax UTV mount on the market, designed for 1.5-2in roll bars. Fits Polaris, Can-Am, Honda, Kawasaki, and more.\",\"breadcrumb\":{\"@id\":\"https:\\\/\\\/dirtbagbrands.com\\\/product\\\/dirtbag-brands-6061-billet-utv-rotopax-mount\\\/#breadcrumb\"},\"inLanguage\":\"fr-CA\",\"potentialAction\":[{\"@type\":\"ReadAction\",\"target\":[\"https:\\\/\\\/dirtbagbrands.com\\\/product\\\/dirtbag-brands-6061-billet-utv-rotopax-mount\\\/\"]}]},{\"@type\":\"ImageObject\",\"inLanguage\":\"fr-CA\",\"@id\":\"https:\\\/\\\/dirtbagbrands.com\\\/product\\\/dirtbag-brands-6061-billet-utv-rotopax-mount\\\/#primaryimage\",\"url\":\"https:\\\/\\\/dirtbagbrands.com\\\/wp-content\\\/uploads\\\/2024\\\/03\\\/utv-rotopax-mount.webp\",\"contentUrl\":\"https:\\\/\\\/dirtbagbrands.com\\\/wp-content\\\/uploads\\\/2024\\\/03\\\/utv-rotopax-mount.webp\",\"width\":1728,\"height\":1728,\"caption\":\"rotopax utv mount for polaris rzr can am maverick kawasaki krx and honda talon and more\"},{\"@type\":\"BreadcrumbList\",\"@id\":\"https:\\\/\\\/dirtbagbrands.com\\\/product\\\/dirtbag-brands-6061-billet-utv-rotopax-mount\\\/#breadcrumb\",\"itemListElement\":[{\"@type\":\"ListItem\",\"position\":1,\"name\":\"Home\",\"item\":\"https:\\\/\\\/dirtbagbrands.com\\\/\"},{\"@type\":\"ListItem\",\"position\":2,\"name\":\"Shop\",\"item\":\"https:\\\/\\\/dirtbagbrands.com\\\/shop\\\/\"},{\"@type\":\"ListItem\",\"position\":3,\"name\":\"Shop UTV Accessories by Machine\",\"item\":\"https:\\\/\\\/dirtbagbrands.com\\\/product-category\\\/vehicle-specific-utv-accessories\\\/\"},{\"@type\":\"ListItem\",\"position\":4,\"name\":\"Can-Am Maverick Accessories\",\"item\":\"https:\\\/\\\/dirtbagbrands.com\\\/product-category\\\/vehicle-specific-utv-accessories\\\/can-am-maverick-accessories\\\/\"},{\"@type\":\"ListItem\",\"position\":5,\"name\":\"Dirtbag Brands Rotopax UTV Mount\"}]},{\"@type\":\"WebSite\",\"@id\":\"https:\\\/\\\/dirtbagbrands.com\\\/#website\",\"url\":\"https:\\\/\\\/dirtbagbrands.com\\\/\",\"name\":\"Dirtbag Brands\",\"description\":\"Premium UTV and Dirtbike Accessories\",\"publisher\":{\"@id\":\"https:\\\/\\\/dirtbagbrands.com\\\/#organization\"},\"potentialAction\":[{\"@type\":\"SearchAction\",\"target\":{\"@type\":\"EntryPoint\",\"urlTemplate\":\"https:\\\/\\\/dirtbagbrands.com\\\/?s={search_term_string}\"},\"query-input\":{\"@type\":\"PropertyValueSpecification\",\"valueRequired\":true,\"valueName\":\"search_term_string\"}}],\"inLanguage\":\"fr-CA\"},{\"@type\":\"Organization\",\"@id\":\"https:\\\/\\\/dirtbagbrands.com\\\/#organization\",\"name\":\"Dirtbag Brands\",\"alternateName\":\"Dirtbag Brands UTV Accessories\",\"url\":\"https:\\\/\\\/dirtbagbrands.com\\\/\",\"logo\":{\"@type\":\"ImageObject\",\"inLanguage\":\"fr-CA\",\"@id\":\"https:\\\/\\\/dirtbagbrands.com\\\/#\\\/schema\\\/logo\\\/image\\\/\",\"url\":\"https:\\\/\\\/dirtbagbrands.com\\\/wp-content\\\/uploads\\\/2024\\\/07\\\/Word-Logo.webp\",\"contentUrl\":\"https:\\\/\\\/dirtbagbrands.com\\\/wp-content\\\/uploads\\\/2024\\\/07\\\/Word-Logo.webp\",\"width\":750,\"height\":750,\"caption\":\"Dirtbag Brands\"},\"image\":{\"@id\":\"https:\\\/\\\/dirtbagbrands.com\\\/#\\\/schema\\\/logo\\\/image\\\/\"},\"sameAs\":[\"https:\\\/\\\/www.facebook.com\\\/dirtbagbrands\\\/\",\"https:\\\/\\\/www.instagram.com\\\/dirtbagbrands\",\"https:\\\/\\\/www.youtube.com\\\/@dirtbagbrands\",\"https:\\\/\\\/www.pinterest.com\\\/dirtbagbrands\",\"https:\\\/\\\/www.linkedin.com\\\/company\\\/dirtbag-brands\\\/\",\"https:\\\/\\\/www.tiktok.com\\\/@dirtbagbrands\"],\"description\":\"Dirtbag Brands designs and manufactures premium billet aluminum UTV accessories engineered for performance, durability, and off-road visibility. Our IronSight mirror systems and mounting solutions are built for Polaris, Can-Am, Kawasaki, Honda, and other utility and sport side-by-side vehicles.\",\"email\":\"inquiries@dirtbagbrands.com\",\"telephone\":\"9706445566\",\"foundingDate\":\"2020-03-10\"}]}<\/script>\n<!-- \/ Yoast SEO Premium plugin. -->","yoast_head_json":{"title":"Support Rotopax pour VTT\/SSV Polaris, Can-Am, Honda, Kawasaki et plus encore","description":"D\u00e9couvrez le seul support Rotopax UTV complet du march\u00e9, con\u00e7u pour les arceaux de s\u00e9curit\u00e9 de 3,8 \u00e0 5 cm. Compatible avec Polaris, Can-Am, Honda, Kawasaki et bien d&#039;autres.","robots":{"index":"index","follow":"follow","max-snippet":"max-snippet:-1","max-image-preview":"max-image-preview:large","max-video-preview":"max-video-preview:-1"},"canonical":"https:\/\/dirtbagbrands.com\/fr\/product\/support-rotopax-utv-en-aluminium-usine-6061-de-dirtbag-brands\/","og_locale":"fr_CA","og_type":"article","og_title":"Dirtbag Brands Rotopax UTV Mount | Dirtbag Brands","og_description":"Dirtbag Brands Rotopax UTV Mount \u2013 Built for off-road durability. Perfect for and . Free shipping over $100!","og_url":"https:\/\/dirtbagbrands.com\/fr\/product\/support-rotopax-utv-en-aluminium-usine-6061-de-dirtbag-brands\/","og_site_name":"Dirtbag Brands","article_publisher":"https:\/\/www.facebook.com\/dirtbagbrands\/","article_modified_time":"2026-04-29T21:12:47+00:00","og_image":[{"width":1728,"height":1728,"url":"https:\/\/dirtbagbrands.com\/wp-content\/uploads\/2024\/03\/utv-rotopax-mount.webp","type":"image\/png"}],"twitter_card":"summary_large_image","twitter_misc":{"Estimation du temps de lecture":"3 minutes"},"schema":{"@context":"https:\/\/schema.org","@graph":[{"@type":"WebPage","@id":"https:\/\/dirtbagbrands.com\/product\/dirtbag-brands-6061-billet-utv-rotopax-mount\/","url":"https:\/\/dirtbagbrands.com\/product\/dirtbag-brands-6061-billet-utv-rotopax-mount\/","name":"Support Rotopax pour VTT\/SSV Polaris, Can-Am, Honda, Kawasaki et plus encore","isPartOf":{"@id":"https:\/\/dirtbagbrands.com\/#website"},"primaryImageOfPage":{"@id":"https:\/\/dirtbagbrands.com\/product\/dirtbag-brands-6061-billet-utv-rotopax-mount\/#primaryimage"},"image":{"@id":"https:\/\/dirtbagbrands.com\/product\/dirtbag-brands-6061-billet-utv-rotopax-mount\/#primaryimage"},"thumbnailUrl":"https:\/\/dirtbagbrands.com\/wp-content\/uploads\/2024\/03\/utv-rotopax-mount.webp","datePublished":"2024-03-13T21:02:07+00:00","dateModified":"2026-04-29T21:12:47+00:00","description":"D\u00e9couvrez le seul support Rotopax UTV complet du march\u00e9, con\u00e7u pour les arceaux de s\u00e9curit\u00e9 de 3,8 \u00e0 5 cm. Compatible avec Polaris, Can-Am, Honda, Kawasaki et bien d&#039;autres.","breadcrumb":{"@id":"https:\/\/dirtbagbrands.com\/product\/dirtbag-brands-6061-billet-utv-rotopax-mount\/#breadcrumb"},"inLanguage":"fr-CA","potentialAction":[{"@type":"ReadAction","target":["https:\/\/dirtbagbrands.com\/product\/dirtbag-brands-6061-billet-utv-rotopax-mount\/"]}]},{"@type":"ImageObject","inLanguage":"fr-CA","@id":"https:\/\/dirtbagbrands.com\/product\/dirtbag-brands-6061-billet-utv-rotopax-mount\/#primaryimage","url":"https:\/\/dirtbagbrands.com\/wp-content\/uploads\/2024\/03\/utv-rotopax-mount.webp","contentUrl":"https:\/\/dirtbagbrands.com\/wp-content\/uploads\/2024\/03\/utv-rotopax-mount.webp","width":1728,"height":1728,"caption":"rotopax utv mount for polaris rzr can am maverick kawasaki krx and honda talon and more"},{"@type":"BreadcrumbList","@id":"https:\/\/dirtbagbrands.com\/product\/dirtbag-brands-6061-billet-utv-rotopax-mount\/#breadcrumb","itemListElement":[{"@type":"ListItem","position":1,"name":"Home","item":"https:\/\/dirtbagbrands.com\/"},{"@type":"ListItem","position":2,"name":"Shop","item":"https:\/\/dirtbagbrands.com\/shop\/"},{"@type":"ListItem","position":3,"name":"Shop UTV Accessories by Machine","item":"https:\/\/dirtbagbrands.com\/product-category\/vehicle-specific-utv-accessories\/"},{"@type":"ListItem","position":4,"name":"Can-Am Maverick Accessories","item":"https:\/\/dirtbagbrands.com\/product-category\/vehicle-specific-utv-accessories\/can-am-maverick-accessories\/"},{"@type":"ListItem","position":5,"name":"Dirtbag Brands Rotopax UTV Mount"}]},{"@type":"WebSite","@id":"https:\/\/dirtbagbrands.com\/#website","url":"https:\/\/dirtbagbrands.com\/","name":"Marques Dirtbag","description":"Accessoires UTV et Dirtbike haut de gamme","publisher":{"@id":"https:\/\/dirtbagbrands.com\/#organization"},"potentialAction":[{"@type":"SearchAction","target":{"@type":"EntryPoint","urlTemplate":"https:\/\/dirtbagbrands.com\/?s={search_term_string}"},"query-input":{"@type":"PropertyValueSpecification","valueRequired":true,"valueName":"search_term_string"}}],"inLanguage":"fr-CA"},{"@type":"Organization","@id":"https:\/\/dirtbagbrands.com\/#organization","name":"Marques Dirtbag","alternateName":"Dirtbag Brands UTV Accessories","url":"https:\/\/dirtbagbrands.com\/","logo":{"@type":"ImageObject","inLanguage":"fr-CA","@id":"https:\/\/dirtbagbrands.com\/#\/schema\/logo\/image\/","url":"https:\/\/dirtbagbrands.com\/wp-content\/uploads\/2024\/07\/Word-Logo.webp","contentUrl":"https:\/\/dirtbagbrands.com\/wp-content\/uploads\/2024\/07\/Word-Logo.webp","width":750,"height":750,"caption":"Dirtbag Brands"},"image":{"@id":"https:\/\/dirtbagbrands.com\/#\/schema\/logo\/image\/"},"sameAs":["https:\/\/www.facebook.com\/dirtbagbrands\/","https:\/\/www.instagram.com\/dirtbagbrands","https:\/\/www.youtube.com\/@dirtbagbrands","https:\/\/www.pinterest.com\/dirtbagbrands","https:\/\/www.linkedin.com\/company\/dirtbag-brands\/","https:\/\/www.tiktok.com\/@dirtbagbrands"],"description":"Dirtbag Brands con\u00e7oit et fabrique des accessoires haut de gamme en aluminium usin\u00e9 pour v\u00e9hicules tout-terrain (UTV), alliant performance, durabilit\u00e9 et visibilit\u00e9 optimale en tout-terrain. Nos syst\u00e8mes de r\u00e9troviseurs et solutions de montage IronSight sont compatibles avec les v\u00e9hicules utilitaires et sportifs c\u00f4te \u00e0 c\u00f4te Polaris, Can-Am, Kawasaki, Honda et autres.","email":"inquiries@dirtbagbrands.com","telephone":"9706445566","foundingDate":"2020-03-10"}]}},"_links":{"self":[{"href":"https:\/\/dirtbagbrands.com\/fr\/wp-json\/wp\/v2\/product\/151","targetHints":{"allow":["GET"]}}],"collection":[{"href":"https:\/\/dirtbagbrands.com\/fr\/wp-json\/wp\/v2\/product"}],"about":[{"href":"https:\/\/dirtbagbrands.com\/fr\/wp-json\/wp\/v2\/types\/product"}],"replies":[{"embeddable":true,"href":"https:\/\/dirtbagbrands.com\/fr\/wp-json\/wp\/v2\/comments?post=151"}],"wp:featuredmedia":[{"embeddable":true,"href":"https:\/\/dirtbagbrands.com\/fr\/wp-json\/wp\/v2\/media\/2949"}],"wp:attachment":[{"href":"https:\/\/dirtbagbrands.com\/fr\/wp-json\/wp\/v2\/media?parent=151"}],"wp:term":[{"taxonomy":"product_brand","embeddable":true,"href":"https:\/\/dirtbagbrands.com\/fr\/wp-json\/wp\/v2\/product_brand?post=151"},{"taxonomy":"product_cat","embeddable":true,"href":"https:\/\/dirtbagbrands.com\/fr\/wp-json\/wp\/v2\/product_cat?post=151"},{"taxonomy":"product_tag","embeddable":true,"href":"https:\/\/dirtbagbrands.com\/fr\/wp-json\/wp\/v2\/product_tag?post=151"}],"curies":[{"name":"wp","href":"https:\/\/api.w.org\/{rel}","templated":true}]}}