{"id":146,"date":"2024-03-13T20:49:48","date_gmt":"2024-03-13T20:49:48","guid":{"rendered":"https:\/\/dirtbagbrands.com\/?post_type=product&#038;p=146"},"modified":"2026-04-17T18:45:28","modified_gmt":"2026-04-17T18:45:28","slug":"support-de-phare-fouet-en-aluminium-pour-vtt","status":"publish","type":"product","link":"https:\/\/dirtbagbrands.com\/fr\/product\/billet-utv-whip-light-mount\/","title":{"rendered":"Support de fouet pour UTV en aluminium usin\u00e9 \u2013 Collier de serrage robuste en aluminium 6061"},"content":{"rendered":"<div id=\"9542726c-17ba-45f2-ac4b-daa24740240e\" class=\"x-el x-el-div x-el c1-1 c1-2 c1-18 c1-5i c1-4 c1-8m c1-8n c1-42 c1-8o c1-8j c1-b c1-c c1-8p c1-8q c1-d c1-e c1-f c1-g c1-1 c1-2 c1-b c1-c c1-d c1-e c1-f c1-g\" data-ux=\"ContentBasic\">\n<p>Passez \u00e0 la vitesse sup\u00e9rieure avec notre <strong>Support de fouet robuste pour UTV<\/strong>, Fabriqu\u00e9 avec pr\u00e9cision \u00e0 partir d&#039;aluminium 6061, ce support de fouet \u00e9lectrique est con\u00e7u pour les motards exigeants. Il offre une durabilit\u00e9, une robustesse et un style incomparables. Que vous arboriez des drapeaux, utilisiez des feux de fouet ou illuminais simplement les dunes la nuit, c&#039;est l&#039;accessoire indispensable que m\u00e9rite votre machine.<\/p>\n<h2>Con\u00e7u pour durer \u2013 Con\u00e7u pour r\u00e9sister<\/h2>\n<ul data-spread=\"false\">\n<li><strong>Le support d&#039;antenne UTV le plus robuste disponible<\/strong> \u2013 Fabriqu\u00e9 \u00e0 partir d&#039;aluminium 6061 de premi\u00e8re qualit\u00e9 pour une r\u00e9sistance et une long\u00e9vit\u00e9 maximales.<\/li>\n<li><strong>Syst\u00e8me de serrage s\u00e9curis\u00e9 \u00e0 4 boulons<\/strong> \u2013 Se fixe solidement \u00e0 votre arceau de s\u00e9curit\u00e9 et reste en place \u00e0 chaque saut, bosse et acc\u00e9l\u00e9ration.<\/li>\n<li><strong>Finition thermolaqu\u00e9e<\/strong> \u2013 Le rev\u00eatement r\u00e9sistant aux UV prot\u00e8ge contre la d\u00e9coloration tout en offrant un aspect \u00e9l\u00e9gant \u00e0 n&#039;importe quelle configuration.<\/li>\n<\/ul>\n<h2>Con\u00e7u pour les balades nocturnes<\/h2>\n<ul data-spread=\"false\">\n<li><strong>Parfait pour les gyrophares<\/strong> \u2013 Que vous illuminais Glamis ou que vous rouliez de nuit, ce support de fouet lumineux en aluminium usin\u00e9 supporte les m\u00e2ts de fouet lumineux avec une stabilit\u00e9 in\u00e9gal\u00e9e.<\/li>\n<li><strong>Visibilit\u00e9 am\u00e9lior\u00e9e<\/strong> \u2013 Maintenez votre drapeau ou votre feu flottant haut et stable, m\u00eame \u00e0 grande vitesse ou sur terrain accident\u00e9.<\/li>\n<\/ul>\n<h2>Design intelligent. Look \u00e9l\u00e9gant.<\/h2>\n<ul data-spread=\"false\">\n<li><strong>Profil noirci avec d\u00e9coupes<\/strong> \u2013 Ajoute une touche de style subtile qui laisse transpara\u00eetre la couleur de votre cage.<\/li>\n<li><strong>L&#039;alliance de la forme et de la fonction<\/strong> \u2013 Un style \u00e9pur\u00e9 alli\u00e9 \u00e0 une conception pratique pour am\u00e9liorer \u00e0 la fois l&#039;apparence et les performances de votre installation.<\/li>\n<\/ul>\n<h2>Compatibilit\u00e9<\/h2>\n<p>Compatible avec la plupart des mod\u00e8les UTV \u00e9quip\u00e9s d&#039;arceaux de s\u00e9curit\u00e9 ronds standard\u00a0:<\/p>\n<ul data-spread=\"false\">\n<li><strong>Polaris<\/strong> \u2013 RZR, RZR Pro R<\/li>\n<li><strong>Can-Am<\/strong> \u2013 Maverick, Maverick R<\/li>\n<li><strong>Honda<\/strong> \u2013 Talon<\/li>\n<li><strong>Kawasaki<\/strong> \u2013 KRX<\/li>\n<li><strong>Segway<\/strong> \u2013 M\u00e9chant, Super-m\u00e9chant (mod\u00e8les \u00e0 venir)<\/li>\n<\/ul>\n<h2>Pourquoi ce support d&#039;antenne fouet pour UTV est le meilleur\u00a0:<\/h2>\n<ul data-spread=\"false\">\n<li><strong>Con\u00e7u pour les gyrophares et les drapeaux<\/strong><\/li>\n<li><strong>La monture la plus puissante de sa cat\u00e9gorie<\/strong><\/li>\n<li><strong>Compatible avec les mod\u00e8les UTV les plus populaires<\/strong><\/li>\n<\/ul>\n<p>Optez pour le support de drapeau auquel font confiance les amateurs de tout-terrain. Que vous partiez en vir\u00e9e nocturne dans les dunes ou que vous repr\u00e9sentiez votre \u00e9quipe avec un drapeau sur les sentiers, notre <strong>Support de fouet UTV en aluminium usin\u00e9<\/strong> Il est con\u00e7u pour le maintenir bien en place et lui donner un aspect propre.<\/p>\n<p>N&#039;oubliez pas de consulter notre <a href=\"https:\/\/dirtbagbrands.com\/fr\/product\/support-rotopax-utv-en-aluminium-usine-6061-de-dirtbag-brands\/\"><strong>Support Rotopax<\/strong><\/a> pour faire le plein de carburant et d&#039;eau lors de vos aventures.<\/p>\n<\/div>","protected":false},"excerpt":{"rendered":"<p>Notre support d&#039;antenne fouet pour UTV en aluminium 6061 usin\u00e9 avec pr\u00e9cision est universel et compatible avec tous les arceaux de s\u00e9curit\u00e9 de 3,8 \u00e0 5 cm (1,5 \u00e0 2 pouces). C&#039;est l&#039;un des plus robustes du march\u00e9. Son rev\u00eatement en poudre, plus durable qu&#039;une anodisation, lui permet de supporter les antennes fouet les plus grandes et les plus lourdes disponibles actuellement.<\/p>","protected":false},"featured_media":2831,"comment_status":"closed","ping_status":"closed","template":"","meta":{"saved_in_kubio":false,"_coblocks_attr":"","_coblocks_dimensions":"","_coblocks_responsive_height":"","_coblocks_accordion_ie_support":""},"product_brand":[],"product_cat":[354,375,376,355,356,372,349,366,340,364,357],"product_tag":[],"class_list":{"0":"post-146","1":"product","2":"type-product","3":"status-publish","4":"has-post-thumbnail","6":"product_cat-can-am-maverick-accessories","7":"product_cat-can-am-maverick-r-accessories","8":"product_cat-can-am-maverick-x3-accessories","9":"product_cat-honda-talon-pioneer-accessories","10":"product_cat-kawasaki-round-roll-bar-accessories","11":"product_cat-polaris-ranger-500-accessories","12":"product_cat-polaris-rzr-accessories","13":"product_cat-segway-villain-accessories","14":"product_cat-roll-bar-mounted-accessories","15":"product_cat-utv-whip-mounts","16":"product_cat-yamaha-wolverine-rmax-accessories","17":"product_shipping_class-international-allowed","19":"first","20":"instock","21":"taxable","22":"shipping-taxable","23":"purchasable","24":"product-type-simple"},"yoast_head":"<!-- This site is optimized with the Yoast SEO Premium plugin v27.5 (Yoast SEO v27.5) - https:\/\/yoast.com\/product\/yoast-seo-premium-wordpress\/ -->\n<title>Heavy Duty 6061 Billet UTV Whip Mount | Strong &amp; Secure<\/title>\n<meta name=\"description\" content=\"Upgrade your ride with our 6061 Billet UTV Whip Mount. Durable, secure 4-bolt clamp for max stability. Fits Polaris RZR, Can-Am, Kawasaki, Honda &amp; more.\" \/>\n<meta name=\"robots\" content=\"index, follow, max-snippet:-1, max-image-preview:large, max-video-preview:-1\" \/>\n<link rel=\"canonical\" href=\"https:\/\/dirtbagbrands.com\/fr\/product\/support-de-phare-fouet-en-aluminium-pour-vtt\/\" \/>\n<meta property=\"og:locale\" content=\"fr_CA\" \/>\n<meta property=\"og:type\" content=\"article\" \/>\n<meta property=\"og:title\" content=\"Billet UTV Whip Mount \u2013 Heavy Duty 6061 Aluminum Clamp | Dirtbag Brands\" \/>\n<meta property=\"og:description\" content=\"Billet UTV Whip Mount \u2013 Heavy Duty 6061 Aluminum Clamp \u2013 Built for off-road durability. Perfect for and . Free shipping over $100!\" \/>\n<meta property=\"og:url\" content=\"https:\/\/dirtbagbrands.com\/fr\/product\/support-de-phare-fouet-en-aluminium-pour-vtt\/\" \/>\n<meta property=\"og:site_name\" content=\"Dirtbag Brands\" \/>\n<meta property=\"article:publisher\" content=\"https:\/\/www.facebook.com\/dirtbagbrands\/\" \/>\n<meta property=\"article:modified_time\" content=\"2026-04-17T18:45:28+00:00\" \/>\n<meta property=\"og:image\" content=\"https:\/\/dirtbagbrands.com\/wp-content\/uploads\/2024\/03\/legacy-whip-mount-edited.webp\" \/>\n\t<meta property=\"og:image:width\" content=\"1327\" \/>\n\t<meta property=\"og:image:height\" content=\"1327\" \/>\n\t<meta property=\"og:image:type\" content=\"image\/png\" \/>\n<meta name=\"twitter:card\" content=\"summary_large_image\" \/>\n<meta name=\"twitter:label1\" content=\"Estimation du temps de lecture\" \/>\n\t<meta name=\"twitter:data1\" content=\"2 minutes\" \/>\n<script type=\"application\/ld+json\" class=\"yoast-schema-graph\">{\"@context\":\"https:\\\/\\\/schema.org\",\"@graph\":[{\"@type\":\"WebPage\",\"@id\":\"https:\\\/\\\/dirtbagbrands.com\\\/product\\\/billet-utv-whip-light-mount\\\/\",\"url\":\"https:\\\/\\\/dirtbagbrands.com\\\/product\\\/billet-utv-whip-light-mount\\\/\",\"name\":\"Heavy Duty 6061 Billet UTV Whip Mount | Strong & Secure\",\"isPartOf\":{\"@id\":\"https:\\\/\\\/dirtbagbrands.com\\\/#website\"},\"primaryImageOfPage\":{\"@id\":\"https:\\\/\\\/dirtbagbrands.com\\\/product\\\/billet-utv-whip-light-mount\\\/#primaryimage\"},\"image\":{\"@id\":\"https:\\\/\\\/dirtbagbrands.com\\\/product\\\/billet-utv-whip-light-mount\\\/#primaryimage\"},\"thumbnailUrl\":\"https:\\\/\\\/dirtbagbrands.com\\\/wp-content\\\/uploads\\\/2024\\\/03\\\/legacy-whip-mount-edited.webp\",\"datePublished\":\"2024-03-13T20:49:48+00:00\",\"dateModified\":\"2026-04-17T18:45:28+00:00\",\"description\":\"Upgrade your ride with our 6061 Billet UTV Whip Mount. Durable, secure 4-bolt clamp for max stability. Fits Polaris RZR, Can-Am, Kawasaki, Honda & more.\",\"breadcrumb\":{\"@id\":\"https:\\\/\\\/dirtbagbrands.com\\\/product\\\/billet-utv-whip-light-mount\\\/#breadcrumb\"},\"inLanguage\":\"fr-CA\",\"potentialAction\":[{\"@type\":\"ReadAction\",\"target\":[\"https:\\\/\\\/dirtbagbrands.com\\\/product\\\/billet-utv-whip-light-mount\\\/\"]}]},{\"@type\":\"ImageObject\",\"inLanguage\":\"fr-CA\",\"@id\":\"https:\\\/\\\/dirtbagbrands.com\\\/product\\\/billet-utv-whip-light-mount\\\/#primaryimage\",\"url\":\"https:\\\/\\\/dirtbagbrands.com\\\/wp-content\\\/uploads\\\/2024\\\/03\\\/legacy-whip-mount-edited.webp\",\"contentUrl\":\"https:\\\/\\\/dirtbagbrands.com\\\/wp-content\\\/uploads\\\/2024\\\/03\\\/legacy-whip-mount-edited.webp\",\"width\":1327,\"height\":1327,\"caption\":\"Legacy whip mount with adjustable base and billet aluminum clamp for 1.5\\\"-2\\\" round roll bars\"},{\"@type\":\"BreadcrumbList\",\"@id\":\"https:\\\/\\\/dirtbagbrands.com\\\/product\\\/billet-utv-whip-light-mount\\\/#breadcrumb\",\"itemListElement\":[{\"@type\":\"ListItem\",\"position\":1,\"name\":\"Home\",\"item\":\"https:\\\/\\\/dirtbagbrands.com\\\/\"},{\"@type\":\"ListItem\",\"position\":2,\"name\":\"Shop\",\"item\":\"https:\\\/\\\/dirtbagbrands.com\\\/shop\\\/\"},{\"@type\":\"ListItem\",\"position\":3,\"name\":\"UTV Accessories by Machine\",\"item\":\"https:\\\/\\\/dirtbagbrands.com\\\/product-category\\\/vehicle-specific-utv-accessories\\\/\"},{\"@type\":\"ListItem\",\"position\":4,\"name\":\"Can-Am Maverick Accessories\",\"item\":\"https:\\\/\\\/dirtbagbrands.com\\\/product-category\\\/vehicle-specific-utv-accessories\\\/can-am-maverick-accessories\\\/\"},{\"@type\":\"ListItem\",\"position\":5,\"name\":\"Billet UTV Whip Mount \u2013 Heavy Duty 6061 Aluminum Clamp\"}]},{\"@type\":\"WebSite\",\"@id\":\"https:\\\/\\\/dirtbagbrands.com\\\/#website\",\"url\":\"https:\\\/\\\/dirtbagbrands.com\\\/\",\"name\":\"Dirtbag Brands\",\"description\":\"Premium UTV and Dirtbike Accessories\",\"publisher\":{\"@id\":\"https:\\\/\\\/dirtbagbrands.com\\\/#organization\"},\"potentialAction\":[{\"@type\":\"SearchAction\",\"target\":{\"@type\":\"EntryPoint\",\"urlTemplate\":\"https:\\\/\\\/dirtbagbrands.com\\\/?s={search_term_string}\"},\"query-input\":{\"@type\":\"PropertyValueSpecification\",\"valueRequired\":true,\"valueName\":\"search_term_string\"}}],\"inLanguage\":\"fr-CA\"},{\"@type\":\"Organization\",\"@id\":\"https:\\\/\\\/dirtbagbrands.com\\\/#organization\",\"name\":\"Dirtbag Brands\",\"alternateName\":\"Dirtbag Brands UTV Accessories\",\"url\":\"https:\\\/\\\/dirtbagbrands.com\\\/\",\"logo\":{\"@type\":\"ImageObject\",\"inLanguage\":\"fr-CA\",\"@id\":\"https:\\\/\\\/dirtbagbrands.com\\\/#\\\/schema\\\/logo\\\/image\\\/\",\"url\":\"https:\\\/\\\/dirtbagbrands.com\\\/wp-content\\\/uploads\\\/2024\\\/07\\\/Word-Logo.webp\",\"contentUrl\":\"https:\\\/\\\/dirtbagbrands.com\\\/wp-content\\\/uploads\\\/2024\\\/07\\\/Word-Logo.webp\",\"width\":750,\"height\":750,\"caption\":\"Dirtbag Brands\"},\"image\":{\"@id\":\"https:\\\/\\\/dirtbagbrands.com\\\/#\\\/schema\\\/logo\\\/image\\\/\"},\"sameAs\":[\"https:\\\/\\\/www.facebook.com\\\/dirtbagbrands\\\/\",\"https:\\\/\\\/www.instagram.com\\\/dirtbagbrands\",\"https:\\\/\\\/www.youtube.com\\\/@dirtbagbrands\",\"https:\\\/\\\/www.pinterest.com\\\/dirtbagbrands\",\"https:\\\/\\\/www.linkedin.com\\\/company\\\/dirtbag-brands\\\/\",\"https:\\\/\\\/www.tiktok.com\\\/@dirtbagbrands\"],\"description\":\"Dirtbag Brands designs and manufactures premium billet aluminum UTV accessories engineered for performance, durability, and off-road visibility. Our IronSight mirror systems and mounting solutions are built for Polaris, Can-Am, Kawasaki, Honda, and other utility and sport side-by-side vehicles.\",\"email\":\"inquiries@dirtbagbrands.com\",\"telephone\":\"9706445566\",\"foundingDate\":\"2020-03-10\"}]}<\/script>\n<!-- \/ Yoast SEO Premium plugin. -->","yoast_head_json":{"title":"Support de fouet UTV en aluminium 6061 usin\u00e9 haute r\u00e9sistance | Solide et s\u00e9curis\u00e9","description":"Am\u00e9liorez votre v\u00e9hicule avec notre support d&#039;antenne UTV en aluminium 6061. Fixation robuste et s\u00e9curis\u00e9e par 4 boulons pour une stabilit\u00e9 maximale. Compatible avec Polaris RZR, Can-Am, Kawasaki, Honda et plus encore.","robots":{"index":"index","follow":"follow","max-snippet":"max-snippet:-1","max-image-preview":"max-image-preview:large","max-video-preview":"max-video-preview:-1"},"canonical":"https:\/\/dirtbagbrands.com\/fr\/product\/support-de-phare-fouet-en-aluminium-pour-vtt\/","og_locale":"fr_CA","og_type":"article","og_title":"Billet UTV Whip Mount \u2013 Heavy Duty 6061 Aluminum Clamp | Dirtbag Brands","og_description":"Billet UTV Whip Mount \u2013 Heavy Duty 6061 Aluminum Clamp \u2013 Built for off-road durability. Perfect for and . Free shipping over $100!","og_url":"https:\/\/dirtbagbrands.com\/fr\/product\/support-de-phare-fouet-en-aluminium-pour-vtt\/","og_site_name":"Dirtbag Brands","article_publisher":"https:\/\/www.facebook.com\/dirtbagbrands\/","article_modified_time":"2026-04-17T18:45:28+00:00","og_image":[{"width":1327,"height":1327,"url":"https:\/\/dirtbagbrands.com\/wp-content\/uploads\/2024\/03\/legacy-whip-mount-edited.webp","type":"image\/png"}],"twitter_card":"summary_large_image","twitter_misc":{"Estimation du temps de lecture":"2 minutes"},"schema":{"@context":"https:\/\/schema.org","@graph":[{"@type":"WebPage","@id":"https:\/\/dirtbagbrands.com\/product\/billet-utv-whip-light-mount\/","url":"https:\/\/dirtbagbrands.com\/product\/billet-utv-whip-light-mount\/","name":"Support de fouet UTV en aluminium 6061 usin\u00e9 haute r\u00e9sistance | Solide et s\u00e9curis\u00e9","isPartOf":{"@id":"https:\/\/dirtbagbrands.com\/#website"},"primaryImageOfPage":{"@id":"https:\/\/dirtbagbrands.com\/product\/billet-utv-whip-light-mount\/#primaryimage"},"image":{"@id":"https:\/\/dirtbagbrands.com\/product\/billet-utv-whip-light-mount\/#primaryimage"},"thumbnailUrl":"https:\/\/dirtbagbrands.com\/wp-content\/uploads\/2024\/03\/legacy-whip-mount-edited.webp","datePublished":"2024-03-13T20:49:48+00:00","dateModified":"2026-04-17T18:45:28+00:00","description":"Am\u00e9liorez votre v\u00e9hicule avec notre support d&#039;antenne UTV en aluminium 6061. Fixation robuste et s\u00e9curis\u00e9e par 4 boulons pour une stabilit\u00e9 maximale. Compatible avec Polaris RZR, Can-Am, Kawasaki, Honda et plus encore.","breadcrumb":{"@id":"https:\/\/dirtbagbrands.com\/product\/billet-utv-whip-light-mount\/#breadcrumb"},"inLanguage":"fr-CA","potentialAction":[{"@type":"ReadAction","target":["https:\/\/dirtbagbrands.com\/product\/billet-utv-whip-light-mount\/"]}]},{"@type":"ImageObject","inLanguage":"fr-CA","@id":"https:\/\/dirtbagbrands.com\/product\/billet-utv-whip-light-mount\/#primaryimage","url":"https:\/\/dirtbagbrands.com\/wp-content\/uploads\/2024\/03\/legacy-whip-mount-edited.webp","contentUrl":"https:\/\/dirtbagbrands.com\/wp-content\/uploads\/2024\/03\/legacy-whip-mount-edited.webp","width":1327,"height":1327,"caption":"Legacy whip mount with adjustable base and billet aluminum clamp for 1.5\"-2\" round roll bars"},{"@type":"BreadcrumbList","@id":"https:\/\/dirtbagbrands.com\/product\/billet-utv-whip-light-mount\/#breadcrumb","itemListElement":[{"@type":"ListItem","position":1,"name":"Home","item":"https:\/\/dirtbagbrands.com\/"},{"@type":"ListItem","position":2,"name":"Shop","item":"https:\/\/dirtbagbrands.com\/shop\/"},{"@type":"ListItem","position":3,"name":"UTV Accessories by Machine","item":"https:\/\/dirtbagbrands.com\/product-category\/vehicle-specific-utv-accessories\/"},{"@type":"ListItem","position":4,"name":"Can-Am Maverick Accessories","item":"https:\/\/dirtbagbrands.com\/product-category\/vehicle-specific-utv-accessories\/can-am-maverick-accessories\/"},{"@type":"ListItem","position":5,"name":"Billet UTV Whip Mount \u2013 Heavy Duty 6061 Aluminum Clamp"}]},{"@type":"WebSite","@id":"https:\/\/dirtbagbrands.com\/#website","url":"https:\/\/dirtbagbrands.com\/","name":"Marques Dirtbag","description":"Accessoires UTV et Dirtbike haut de gamme","publisher":{"@id":"https:\/\/dirtbagbrands.com\/#organization"},"potentialAction":[{"@type":"SearchAction","target":{"@type":"EntryPoint","urlTemplate":"https:\/\/dirtbagbrands.com\/?s={search_term_string}"},"query-input":{"@type":"PropertyValueSpecification","valueRequired":true,"valueName":"search_term_string"}}],"inLanguage":"fr-CA"},{"@type":"Organization","@id":"https:\/\/dirtbagbrands.com\/#organization","name":"Marques Dirtbag","alternateName":"Dirtbag Brands UTV Accessories","url":"https:\/\/dirtbagbrands.com\/","logo":{"@type":"ImageObject","inLanguage":"fr-CA","@id":"https:\/\/dirtbagbrands.com\/#\/schema\/logo\/image\/","url":"https:\/\/dirtbagbrands.com\/wp-content\/uploads\/2024\/07\/Word-Logo.webp","contentUrl":"https:\/\/dirtbagbrands.com\/wp-content\/uploads\/2024\/07\/Word-Logo.webp","width":750,"height":750,"caption":"Dirtbag Brands"},"image":{"@id":"https:\/\/dirtbagbrands.com\/#\/schema\/logo\/image\/"},"sameAs":["https:\/\/www.facebook.com\/dirtbagbrands\/","https:\/\/www.instagram.com\/dirtbagbrands","https:\/\/www.youtube.com\/@dirtbagbrands","https:\/\/www.pinterest.com\/dirtbagbrands","https:\/\/www.linkedin.com\/company\/dirtbag-brands\/","https:\/\/www.tiktok.com\/@dirtbagbrands"],"description":"Dirtbag Brands con\u00e7oit et fabrique des accessoires haut de gamme en aluminium usin\u00e9 pour v\u00e9hicules tout-terrain (UTV), alliant performance, durabilit\u00e9 et visibilit\u00e9 optimale en tout-terrain. Nos syst\u00e8mes de r\u00e9troviseurs et solutions de montage IronSight sont compatibles avec les v\u00e9hicules utilitaires et sportifs c\u00f4te \u00e0 c\u00f4te Polaris, Can-Am, Kawasaki, Honda et autres.","email":"inquiries@dirtbagbrands.com","telephone":"9706445566","foundingDate":"2020-03-10"}]}},"_links":{"self":[{"href":"https:\/\/dirtbagbrands.com\/fr\/wp-json\/wp\/v2\/product\/146","targetHints":{"allow":["GET"]}}],"collection":[{"href":"https:\/\/dirtbagbrands.com\/fr\/wp-json\/wp\/v2\/product"}],"about":[{"href":"https:\/\/dirtbagbrands.com\/fr\/wp-json\/wp\/v2\/types\/product"}],"replies":[{"embeddable":true,"href":"https:\/\/dirtbagbrands.com\/fr\/wp-json\/wp\/v2\/comments?post=146"}],"wp:featuredmedia":[{"embeddable":true,"href":"https:\/\/dirtbagbrands.com\/fr\/wp-json\/wp\/v2\/media\/2831"}],"wp:attachment":[{"href":"https:\/\/dirtbagbrands.com\/fr\/wp-json\/wp\/v2\/media?parent=146"}],"wp:term":[{"taxonomy":"product_brand","embeddable":true,"href":"https:\/\/dirtbagbrands.com\/fr\/wp-json\/wp\/v2\/product_brand?post=146"},{"taxonomy":"product_cat","embeddable":true,"href":"https:\/\/dirtbagbrands.com\/fr\/wp-json\/wp\/v2\/product_cat?post=146"},{"taxonomy":"product_tag","embeddable":true,"href":"https:\/\/dirtbagbrands.com\/fr\/wp-json\/wp\/v2\/product_tag?post=146"}],"curies":[{"name":"wp","href":"https:\/\/api.w.org\/{rel}","templated":true}]}}