{"id":5021,"date":"2026-04-14T15:20:58","date_gmt":"2026-04-14T15:20:58","guid":{"rendered":"https:\/\/dirtbagbrands.com\/?page_id=5021"},"modified":"2026-04-26T21:02:23","modified_gmt":"2026-04-26T21:02:23","slug":"course-torc1","status":"publish","type":"page","link":"https:\/\/dirtbagbrands.com\/fr\/torc1-racing\/","title":{"rendered":"Poign\u00e9es, leviers et commandes Torc1 Racing"},"content":{"rendered":"<h2 class=\"wp-block-heading has-text-align-center\" id=\"h-shop-torc1-grips-by-style\">D\u00e9couvrez les poign\u00e9es Torc1 par style<\/h2>\n\n\n\n<p>Tous les mod\u00e8les de poign\u00e9es Torc1 sont disponibles en versions \u00e0 verrouillage et \u00e0 coller, permettant aux cyclistes de choisir leur m\u00e9thode d&#039;installation pr\u00e9f\u00e9r\u00e9e.<\/p>","protected":false},"excerpt":{"rendered":"<p>Shop Torc1 Grips by Style All Torc1 grip styles are available in both lock-on and glue-on configurations, allowing riders to choose their preferred installation method.<\/p>","protected":false},"author":1,"featured_media":0,"parent":0,"menu_order":0,"comment_status":"closed","ping_status":"closed","template":"full-width","meta":{"saved_in_kubio":true,"_coblocks_attr":"","_coblocks_dimensions":"","_coblocks_responsive_height":"","_coblocks_accordion_ie_support":"","two_page_speed":[],"footnotes":""},"class_list":["post-5021","page","type-page","status-publish","hentry"],"kubio_ai_page_context":{"short_desc":"","purpose":"general"},"yoast_head":"<!-- This site is optimized with the Yoast SEO Premium plugin v27.4 (Yoast SEO v27.4) - https:\/\/yoast.com\/product\/yoast-seo-premium-wordpress\/ -->\n<title>Torc1 Racing Grips &amp; Controls | Now at Dirtbag Brands<\/title>\n<meta name=\"description\" content=\"Shop Torc1 Racing grips and controls now at Dirtbag Brands. Same performance designs with improved availability for dirt bikes and ATVs.\" \/>\n<meta name=\"robots\" content=\"index, follow, max-snippet:-1, max-image-preview:large, max-video-preview:-1\" \/>\n<link rel=\"canonical\" href=\"https:\/\/dirtbagbrands.com\/fr\/course-torc1\/\" \/>\n<meta property=\"og:locale\" content=\"fr_CA\" \/>\n<meta property=\"og:type\" content=\"article\" \/>\n<meta property=\"og:title\" content=\"Torc1 Racing Grips, Levers &amp; Controls | Dirtbag Brands\" \/>\n<meta property=\"og:description\" content=\"Torc1 Racing Grips, Lock-On Grips, Levers &amp; Controls | Now Part of Dirtbag Brands Torc1 Racing grips, including both lock-on and glue-on options, \u2013 Learn more about Dirtbag Brands, your trusted source for off-road gear. Shop now with free shipping over $100!\" \/>\n<meta property=\"og:url\" content=\"https:\/\/dirtbagbrands.com\/fr\/course-torc1\/\" \/>\n<meta property=\"og:site_name\" content=\"Dirtbag Brands\" \/>\n<meta property=\"article:publisher\" content=\"https:\/\/www.facebook.com\/dirtbagbrands\/\" \/>\n<meta property=\"article:modified_time\" content=\"2026-04-26T21:02:23+00:00\" \/>\n<meta property=\"og:image\" content=\"https:\/\/dirtbagbrands.com\/wp-content\/uploads\/2024\/09\/dirtbagbrands.webp\" \/>\n\t<meta property=\"og:image:width\" content=\"750\" \/>\n\t<meta property=\"og:image:height\" content=\"750\" \/>\n\t<meta property=\"og:image:type\" content=\"image\/jpeg\" \/>\n<meta name=\"twitter:card\" content=\"summary_large_image\" \/>\n<script type=\"application\/ld+json\" class=\"yoast-schema-graph\">{\"@context\":\"https:\\\/\\\/schema.org\",\"@graph\":[{\"@type\":[\"WebPage\",\"FAQPage\"],\"@id\":\"https:\\\/\\\/dirtbagbrands.com\\\/torc1-racing\\\/\",\"url\":\"https:\\\/\\\/dirtbagbrands.com\\\/torc1-racing\\\/\",\"name\":\"Torc1 Racing Grips & Controls | Now at Dirtbag Brands\",\"isPartOf\":{\"@id\":\"https:\\\/\\\/dirtbagbrands.com\\\/#website\"},\"datePublished\":\"2026-04-14T15:20:58+00:00\",\"dateModified\":\"2026-04-26T21:02:23+00:00\",\"description\":\"Shop Torc1 Racing grips and controls now at Dirtbag Brands. Same performance designs with improved availability for dirt bikes and ATVs.\",\"breadcrumb\":{\"@id\":\"https:\\\/\\\/dirtbagbrands.com\\\/torc1-racing\\\/#breadcrumb\"},\"mainEntity\":[{\"@id\":\"https:\\\/\\\/dirtbagbrands.com\\\/torc1-racing\\\/#faq-question-1776181941047\"},{\"@id\":\"https:\\\/\\\/dirtbagbrands.com\\\/torc1-racing\\\/#faq-question-1776181954383\"},{\"@id\":\"https:\\\/\\\/dirtbagbrands.com\\\/torc1-racing\\\/#faq-question-1776181970095\"},{\"@id\":\"https:\\\/\\\/dirtbagbrands.com\\\/torc1-racing\\\/#faq-question-1776181986893\"},{\"@id\":\"https:\\\/\\\/dirtbagbrands.com\\\/torc1-racing\\\/#faq-question-1776182006364\"}],\"inLanguage\":\"fr-CA\",\"potentialAction\":[{\"@type\":\"ReadAction\",\"target\":[\"https:\\\/\\\/dirtbagbrands.com\\\/torc1-racing\\\/\"]}]},{\"@type\":\"BreadcrumbList\",\"@id\":\"https:\\\/\\\/dirtbagbrands.com\\\/torc1-racing\\\/#breadcrumb\",\"itemListElement\":[{\"@type\":\"ListItem\",\"position\":1,\"name\":\"Home\",\"item\":\"https:\\\/\\\/dirtbagbrands.com\\\/\"},{\"@type\":\"ListItem\",\"position\":2,\"name\":\"Torc1 Racing Grips, Levers &#038; Controls\"}]},{\"@type\":\"WebSite\",\"@id\":\"https:\\\/\\\/dirtbagbrands.com\\\/#website\",\"url\":\"https:\\\/\\\/dirtbagbrands.com\\\/\",\"name\":\"Dirtbag Brands\",\"description\":\"Premium UTV and Dirtbike Accessories\",\"publisher\":{\"@id\":\"https:\\\/\\\/dirtbagbrands.com\\\/#organization\"},\"potentialAction\":[{\"@type\":\"SearchAction\",\"target\":{\"@type\":\"EntryPoint\",\"urlTemplate\":\"https:\\\/\\\/dirtbagbrands.com\\\/?s={search_term_string}\"},\"query-input\":{\"@type\":\"PropertyValueSpecification\",\"valueRequired\":true,\"valueName\":\"search_term_string\"}}],\"inLanguage\":\"fr-CA\"},{\"@type\":\"Organization\",\"@id\":\"https:\\\/\\\/dirtbagbrands.com\\\/#organization\",\"name\":\"Dirtbag Brands\",\"alternateName\":\"Dirtbag Brands UTV Accessories\",\"url\":\"https:\\\/\\\/dirtbagbrands.com\\\/\",\"logo\":{\"@type\":\"ImageObject\",\"inLanguage\":\"fr-CA\",\"@id\":\"https:\\\/\\\/dirtbagbrands.com\\\/#\\\/schema\\\/logo\\\/image\\\/\",\"url\":\"https:\\\/\\\/dirtbagbrands.com\\\/wp-content\\\/uploads\\\/2024\\\/07\\\/Word-Logo.webp\",\"contentUrl\":\"https:\\\/\\\/dirtbagbrands.com\\\/wp-content\\\/uploads\\\/2024\\\/07\\\/Word-Logo.webp\",\"width\":750,\"height\":750,\"caption\":\"Dirtbag Brands\"},\"image\":{\"@id\":\"https:\\\/\\\/dirtbagbrands.com\\\/#\\\/schema\\\/logo\\\/image\\\/\"},\"sameAs\":[\"https:\\\/\\\/www.facebook.com\\\/dirtbagbrands\\\/\",\"https:\\\/\\\/www.instagram.com\\\/dirtbagbrands\",\"https:\\\/\\\/www.youtube.com\\\/@dirtbagbrands\",\"https:\\\/\\\/www.pinterest.com\\\/dirtbagbrands\",\"https:\\\/\\\/www.linkedin.com\\\/company\\\/dirtbag-brands\\\/\",\"https:\\\/\\\/www.tiktok.com\\\/@dirtbagbrands\"],\"description\":\"Dirtbag Brands designs and manufactures premium billet aluminum UTV accessories engineered for performance, durability, and off-road visibility. Our IronSight mirror systems and mounting solutions are built for Polaris, Can-Am, Kawasaki, Honda, and other utility and sport side-by-side vehicles.\",\"email\":\"inquiries@dirtbagbrands.com\",\"telephone\":\"9706445566\",\"foundingDate\":\"2020-03-10\"},{\"@type\":\"Question\",\"@id\":\"https:\\\/\\\/dirtbagbrands.com\\\/torc1-racing\\\/#faq-question-1776181941047\",\"position\":1,\"url\":\"https:\\\/\\\/dirtbagbrands.com\\\/torc1-racing\\\/#faq-question-1776181941047\",\"name\":\"Are Torc1 Racing grips still available today?\",\"answerCount\":1,\"acceptedAnswer\":{\"@type\":\"Answer\",\"text\":\"Yes. Torc1 grip designs are now available through Dirtbag Brands with expanded availability and continued support.\",\"inLanguage\":\"fr-CA\"},\"inLanguage\":\"fr-CA\"},{\"@type\":\"Question\",\"@id\":\"https:\\\/\\\/dirtbagbrands.com\\\/torc1-racing\\\/#faq-question-1776181954383\",\"position\":2,\"url\":\"https:\\\/\\\/dirtbagbrands.com\\\/torc1-racing\\\/#faq-question-1776181954383\",\"name\":\"Do all Torc1 grips come with grip glue included?\",\"answerCount\":1,\"acceptedAnswer\":{\"@type\":\"Answer\",\"text\":\"All Torc1 glue-on grip sets include a tube of grip glue for a complete installation. Lock-on grips do not require glue and are ready to install as-is.\",\"inLanguage\":\"fr-CA\"},\"inLanguage\":\"fr-CA\"},{\"@type\":\"Question\",\"@id\":\"https:\\\/\\\/dirtbagbrands.com\\\/torc1-racing\\\/#faq-question-1776181970095\",\"position\":3,\"url\":\"https:\\\/\\\/dirtbagbrands.com\\\/torc1-racing\\\/#faq-question-1776181970095\",\"name\":\"What\u2019s the difference between pillow top, half waffle, and diamond dirt bike grips?\",\"answerCount\":1,\"acceptedAnswer\":{\"@type\":\"Answer\",\"text\":\"Pillow top grips prioritize comfort and reduce vibration for long rides. Half waffle grips balance traction and comfort for all-around use. Diamond pattern grips provide maximum traction and feedback for aggressive riding conditions.\",\"inLanguage\":\"fr-CA\"},\"inLanguage\":\"fr-CA\"},{\"@type\":\"Question\",\"@id\":\"https:\\\/\\\/dirtbagbrands.com\\\/torc1-racing\\\/#faq-question-1776181986893\",\"position\":4,\"url\":\"https:\\\/\\\/dirtbagbrands.com\\\/torc1-racing\\\/#faq-question-1776181986893\",\"name\":\"Do Torc1 lock-on grips require a throttle cam?\",\"answerCount\":1,\"acceptedAnswer\":{\"@type\":\"Answer\",\"text\":\"Some lock-on applications require specific throttle cams depending on the bike. These cams are sold separately and should be selected based on your machine\u2019s fitment.\",\"inLanguage\":\"fr-CA\"},\"inLanguage\":\"fr-CA\"},{\"@type\":\"Question\",\"@id\":\"https:\\\/\\\/dirtbagbrands.com\\\/torc1-racing\\\/#faq-question-1776182006364\",\"position\":5,\"url\":\"https:\\\/\\\/dirtbagbrands.com\\\/torc1-racing\\\/#faq-question-1776182006364\",\"name\":\"Are Torc1 grips good for motocross, trail riding, and ATV use?\",\"answerCount\":1,\"acceptedAnswer\":{\"@type\":\"Answer\",\"text\":\"Yes. Torc1 offers grip styles designed for different riding conditions across dirt bikes and ATVs, allowing riders to choose the feel that best matches their riding style.\",\"inLanguage\":\"fr-CA\"},\"inLanguage\":\"fr-CA\"}]}<\/script>\n<!-- \/ Yoast SEO Premium plugin. -->","yoast_head_json":{"title":"Poign\u00e9es et commandes Torc1 Racing | Maintenant chez Dirtbag Brands","description":"D\u00e9couvrez d\u00e8s maintenant les poign\u00e9es et commandes Torc1 Racing chez Dirtbag Brands. Des performances identiques, avec une disponibilit\u00e9 accrue pour les motos tout-terrain et les quads.","robots":{"index":"index","follow":"follow","max-snippet":"max-snippet:-1","max-image-preview":"max-image-preview:large","max-video-preview":"max-video-preview:-1"},"canonical":"https:\/\/dirtbagbrands.com\/fr\/course-torc1\/","og_locale":"fr_CA","og_type":"article","og_title":"Torc1 Racing Grips, Levers & Controls | Dirtbag Brands","og_description":"Torc1 Racing Grips, Lock-On Grips, Levers &amp; Controls | Now Part of Dirtbag Brands Torc1 Racing grips, including both lock-on and glue-on options, \u2013 Learn more about Dirtbag Brands, your trusted source for off-road gear. Shop now with free shipping over $100!","og_url":"https:\/\/dirtbagbrands.com\/fr\/course-torc1\/","og_site_name":"Dirtbag Brands","article_publisher":"https:\/\/www.facebook.com\/dirtbagbrands\/","article_modified_time":"2026-04-26T21:02:23+00:00","og_image":[{"width":750,"height":750,"url":"https:\/\/dirtbagbrands.com\/wp-content\/uploads\/2024\/09\/dirtbagbrands.webp","type":"image\/jpeg"}],"twitter_card":"summary_large_image","schema":{"@context":"https:\/\/schema.org","@graph":[{"@type":["WebPage","FAQPage"],"@id":"https:\/\/dirtbagbrands.com\/torc1-racing\/","url":"https:\/\/dirtbagbrands.com\/torc1-racing\/","name":"Poign\u00e9es et commandes Torc1 Racing | Maintenant chez Dirtbag Brands","isPartOf":{"@id":"https:\/\/dirtbagbrands.com\/#website"},"datePublished":"2026-04-14T15:20:58+00:00","dateModified":"2026-04-26T21:02:23+00:00","description":"D\u00e9couvrez d\u00e8s maintenant les poign\u00e9es et commandes Torc1 Racing chez Dirtbag Brands. Des performances identiques, avec une disponibilit\u00e9 accrue pour les motos tout-terrain et les quads.","breadcrumb":{"@id":"https:\/\/dirtbagbrands.com\/torc1-racing\/#breadcrumb"},"mainEntity":[{"@id":"https:\/\/dirtbagbrands.com\/torc1-racing\/#faq-question-1776181941047"},{"@id":"https:\/\/dirtbagbrands.com\/torc1-racing\/#faq-question-1776181954383"},{"@id":"https:\/\/dirtbagbrands.com\/torc1-racing\/#faq-question-1776181970095"},{"@id":"https:\/\/dirtbagbrands.com\/torc1-racing\/#faq-question-1776181986893"},{"@id":"https:\/\/dirtbagbrands.com\/torc1-racing\/#faq-question-1776182006364"}],"inLanguage":"fr-CA","potentialAction":[{"@type":"ReadAction","target":["https:\/\/dirtbagbrands.com\/torc1-racing\/"]}]},{"@type":"BreadcrumbList","@id":"https:\/\/dirtbagbrands.com\/torc1-racing\/#breadcrumb","itemListElement":[{"@type":"ListItem","position":1,"name":"Home","item":"https:\/\/dirtbagbrands.com\/"},{"@type":"ListItem","position":2,"name":"Torc1 Racing Grips, Levers &#038; Controls"}]},{"@type":"WebSite","@id":"https:\/\/dirtbagbrands.com\/#website","url":"https:\/\/dirtbagbrands.com\/","name":"Marques Dirtbag","description":"Accessoires UTV et Dirtbike haut de gamme","publisher":{"@id":"https:\/\/dirtbagbrands.com\/#organization"},"potentialAction":[{"@type":"SearchAction","target":{"@type":"EntryPoint","urlTemplate":"https:\/\/dirtbagbrands.com\/?s={search_term_string}"},"query-input":{"@type":"PropertyValueSpecification","valueRequired":true,"valueName":"search_term_string"}}],"inLanguage":"fr-CA"},{"@type":"Organization","@id":"https:\/\/dirtbagbrands.com\/#organization","name":"Marques Dirtbag","alternateName":"Dirtbag Brands UTV Accessories","url":"https:\/\/dirtbagbrands.com\/","logo":{"@type":"ImageObject","inLanguage":"fr-CA","@id":"https:\/\/dirtbagbrands.com\/#\/schema\/logo\/image\/","url":"https:\/\/dirtbagbrands.com\/wp-content\/uploads\/2024\/07\/Word-Logo.webp","contentUrl":"https:\/\/dirtbagbrands.com\/wp-content\/uploads\/2024\/07\/Word-Logo.webp","width":750,"height":750,"caption":"Dirtbag Brands"},"image":{"@id":"https:\/\/dirtbagbrands.com\/#\/schema\/logo\/image\/"},"sameAs":["https:\/\/www.facebook.com\/dirtbagbrands\/","https:\/\/www.instagram.com\/dirtbagbrands","https:\/\/www.youtube.com\/@dirtbagbrands","https:\/\/www.pinterest.com\/dirtbagbrands","https:\/\/www.linkedin.com\/company\/dirtbag-brands\/","https:\/\/www.tiktok.com\/@dirtbagbrands"],"description":"Dirtbag Brands con\u00e7oit et fabrique des accessoires haut de gamme en aluminium usin\u00e9 pour v\u00e9hicules tout-terrain (UTV), alliant performance, durabilit\u00e9 et visibilit\u00e9 optimale en tout-terrain. Nos syst\u00e8mes de r\u00e9troviseurs et solutions de montage IronSight sont compatibles avec les v\u00e9hicules utilitaires et sportifs c\u00f4te \u00e0 c\u00f4te Polaris, Can-Am, Kawasaki, Honda et autres.","email":"inquiries@dirtbagbrands.com","telephone":"9706445566","foundingDate":"2020-03-10"},{"@type":"Question","@id":"https:\/\/dirtbagbrands.com\/torc1-racing\/#faq-question-1776181941047","position":1,"url":"https:\/\/dirtbagbrands.com\/torc1-racing\/#faq-question-1776181941047","name":"Les poign\u00e9es Torc1 Racing sont-elles toujours disponibles aujourd&#039;hui\u00a0?","answerCount":1,"acceptedAnswer":{"@type":"Answer","text":"Yes. Torc1 grip designs are now available through Dirtbag Brands with expanded availability and continued support.","inLanguage":"fr-CA"},"inLanguage":"fr-CA"},{"@type":"Question","@id":"https:\/\/dirtbagbrands.com\/torc1-racing\/#faq-question-1776181954383","position":2,"url":"https:\/\/dirtbagbrands.com\/torc1-racing\/#faq-question-1776181954383","name":"Est-ce que toutes les poign\u00e9es Torc1 sont livr\u00e9es avec de la colle pour poign\u00e9es ?","answerCount":1,"acceptedAnswer":{"@type":"Answer","text":"All Torc1 glue-on grip sets include a tube of grip glue for a complete installation. Lock-on grips do not require glue and are ready to install as-is.","inLanguage":"fr-CA"},"inLanguage":"fr-CA"},{"@type":"Question","@id":"https:\/\/dirtbagbrands.com\/torc1-racing\/#faq-question-1776181970095","position":3,"url":"https:\/\/dirtbagbrands.com\/torc1-racing\/#faq-question-1776181970095","name":"Quelle est la diff\u00e9rence entre les poign\u00e9es de motocross de type pillow top, half waffle et diamond ?","answerCount":1,"acceptedAnswer":{"@type":"Answer","text":"Pillow top grips prioritize comfort and reduce vibration for long rides. Half waffle grips balance traction and comfort for all-around use. Diamond pattern grips provide maximum traction and feedback for aggressive riding conditions.","inLanguage":"fr-CA"},"inLanguage":"fr-CA"},{"@type":"Question","@id":"https:\/\/dirtbagbrands.com\/torc1-racing\/#faq-question-1776181986893","position":4,"url":"https:\/\/dirtbagbrands.com\/torc1-racing\/#faq-question-1776181986893","name":"Les poign\u00e9es de verrouillage Torc1 n\u00e9cessitent-elles une came d&#039;acc\u00e9l\u00e9rateur\u00a0?","answerCount":1,"acceptedAnswer":{"@type":"Answer","text":"Some lock-on applications require specific throttle cams depending on the bike. These cams are sold separately and should be selected based on your machine\u2019s fitment.","inLanguage":"fr-CA"},"inLanguage":"fr-CA"},{"@type":"Question","@id":"https:\/\/dirtbagbrands.com\/torc1-racing\/#faq-question-1776182006364","position":5,"url":"https:\/\/dirtbagbrands.com\/torc1-racing\/#faq-question-1776182006364","name":"Les poign\u00e9es Torc1 sont-elles adapt\u00e9es \u00e0 la motocross, au trail et \u00e0 l&#039;utilisation en quad ?","answerCount":1,"acceptedAnswer":{"@type":"Answer","text":"Yes. Torc1 offers grip styles designed for different riding conditions across dirt bikes and ATVs, allowing riders to choose the feel that best matches their riding style.","inLanguage":"fr-CA"},"inLanguage":"fr-CA"}]}},"_links":{"self":[{"href":"https:\/\/dirtbagbrands.com\/fr\/wp-json\/wp\/v2\/pages\/5021","targetHints":{"allow":["GET"]}}],"collection":[{"href":"https:\/\/dirtbagbrands.com\/fr\/wp-json\/wp\/v2\/pages"}],"about":[{"href":"https:\/\/dirtbagbrands.com\/fr\/wp-json\/wp\/v2\/types\/page"}],"author":[{"embeddable":true,"href":"https:\/\/dirtbagbrands.com\/fr\/wp-json\/wp\/v2\/users\/1"}],"replies":[{"embeddable":true,"href":"https:\/\/dirtbagbrands.com\/fr\/wp-json\/wp\/v2\/comments?post=5021"}],"version-history":[{"count":13,"href":"https:\/\/dirtbagbrands.com\/fr\/wp-json\/wp\/v2\/pages\/5021\/revisions"}],"predecessor-version":[{"id":5365,"href":"https:\/\/dirtbagbrands.com\/fr\/wp-json\/wp\/v2\/pages\/5021\/revisions\/5365"}],"wp:attachment":[{"href":"https:\/\/dirtbagbrands.com\/fr\/wp-json\/wp\/v2\/media?parent=5021"}],"curies":[{"name":"wp","href":"https:\/\/api.w.org\/{rel}","templated":true}]}}