{"id":308,"date":"2024-03-15T20:20:42","date_gmt":"2024-03-15T20:20:42","guid":{"rendered":"https:\/\/dirtbagbrands.com\/become-a-dealer\/"},"modified":"2026-02-06T21:14:22","modified_gmt":"2026-02-06T21:14:22","slug":"devenir-distributeur-1","status":"publish","type":"page","link":"https:\/\/dirtbagbrands.com\/fr\/become-a-dealer-1\/","title":{"rendered":"Devenez partenaire distributeur"},"content":{"rendered":"","protected":false},"excerpt":{"rendered":"","protected":false},"author":1,"featured_media":0,"parent":0,"menu_order":0,"comment_status":"closed","ping_status":"closed","template":"page-dealer-partner-template","meta":{"saved_in_kubio":true,"_coblocks_attr":"","_coblocks_dimensions":"","_coblocks_responsive_height":"","_coblocks_accordion_ie_support":"","two_page_speed":{"current_score":{"desktop_score":99,"desktop_tti":"1.4\u00a0","mobile_score":61,"mobile_tti":"7.9\u00a0","date":"29.01.2026 07:54:16 pm","status":"completed"}},"footnotes":""},"class_list":["post-308","page","type-page","status-publish","hentry"],"kubio_ai_page_context":{"short_desc":"","purpose":"general"},"yoast_head":"<!-- This site is optimized with the Yoast SEO Premium plugin v27.5 (Yoast SEO v27.5) - https:\/\/yoast.com\/product\/yoast-seo-premium-wordpress\/ -->\n<title>Become a Dealer Partner For Dirtbag Brancs<\/title>\n<meta name=\"description\" content=\"Join Dirtbag Brands Dealer Network and become a dealer with our products. Premium side by side and off-road products\" \/>\n<meta name=\"robots\" content=\"index, follow, max-snippet:-1, max-image-preview:large, max-video-preview:-1\" \/>\n<link rel=\"canonical\" href=\"https:\/\/dirtbagbrands.com\/fr\/devenir-distributeur-1\/\" \/>\n<meta property=\"og:locale\" content=\"fr_CA\" \/>\n<meta property=\"og:type\" content=\"article\" \/>\n<meta property=\"og:title\" content=\"Become a Dealer Partner | Dirtbag Brands\" \/>\n<meta property=\"og:description\" content=\"Become a Dealer For Dirtbag Brands Dealerships are the backbone of the powersports industry, and we treat them that way.If you\u2019re looking to become a \u2013 Learn more about Dirtbag Brands, your trusted source for off-road gear. Shop now with free shipping over $100!\" \/>\n<meta property=\"og:url\" content=\"https:\/\/dirtbagbrands.com\/fr\/devenir-distributeur-1\/\" \/>\n<meta property=\"og:site_name\" content=\"Dirtbag Brands\" \/>\n<meta property=\"article:publisher\" content=\"https:\/\/www.facebook.com\/dirtbagbrands\/\" \/>\n<meta property=\"article:modified_time\" content=\"2026-02-06T21:14:22+00:00\" \/>\n<meta property=\"og:image\" content=\"https:\/\/dirtbagbrands.com\/wp-content\/uploads\/2024\/03\/dealer-collage-1-1024x683.jpg\" \/>\n<meta name=\"twitter:card\" content=\"summary_large_image\" \/>\n<script type=\"application\/ld+json\" class=\"yoast-schema-graph\">{\"@context\":\"https:\\\/\\\/schema.org\",\"@graph\":[{\"@type\":\"WebPage\",\"@id\":\"https:\\\/\\\/dirtbagbrands.com\\\/become-a-dealer-1\\\/\",\"url\":\"https:\\\/\\\/dirtbagbrands.com\\\/become-a-dealer-1\\\/\",\"name\":\"Become a Dealer Partner For Dirtbag Brancs\",\"isPartOf\":{\"@id\":\"https:\\\/\\\/dirtbagbrands.com\\\/#website\"},\"primaryImageOfPage\":{\"@id\":\"https:\\\/\\\/dirtbagbrands.com\\\/become-a-dealer-1\\\/#primaryimage\"},\"image\":{\"@id\":\"https:\\\/\\\/dirtbagbrands.com\\\/become-a-dealer-1\\\/#primaryimage\"},\"thumbnailUrl\":\"https:\\\/\\\/dirtbagbrands.com\\\/wp-content\\\/uploads\\\/2024\\\/03\\\/dealer-collage-1-1024x683.jpg\",\"datePublished\":\"2024-03-15T20:20:42+00:00\",\"dateModified\":\"2026-02-06T21:14:22+00:00\",\"description\":\"Join Dirtbag Brands Dealer Network and become a dealer with our products. Premium side by side and off-road products\",\"breadcrumb\":{\"@id\":\"https:\\\/\\\/dirtbagbrands.com\\\/become-a-dealer-1\\\/#breadcrumb\"},\"inLanguage\":\"fr-CA\",\"potentialAction\":[{\"@type\":\"ReadAction\",\"target\":[\"https:\\\/\\\/dirtbagbrands.com\\\/become-a-dealer-1\\\/\"]}]},{\"@type\":\"ImageObject\",\"inLanguage\":\"fr-CA\",\"@id\":\"https:\\\/\\\/dirtbagbrands.com\\\/become-a-dealer-1\\\/#primaryimage\",\"url\":\"https:\\\/\\\/dirtbagbrands.com\\\/wp-content\\\/uploads\\\/2024\\\/03\\\/dealer-collage-1-1024x683.jpg\",\"contentUrl\":\"https:\\\/\\\/dirtbagbrands.com\\\/wp-content\\\/uploads\\\/2024\\\/03\\\/dealer-collage-1-1024x683.jpg\"},{\"@type\":\"BreadcrumbList\",\"@id\":\"https:\\\/\\\/dirtbagbrands.com\\\/become-a-dealer-1\\\/#breadcrumb\",\"itemListElement\":[{\"@type\":\"ListItem\",\"position\":1,\"name\":\"Home\",\"item\":\"https:\\\/\\\/dirtbagbrands.com\\\/\"},{\"@type\":\"ListItem\",\"position\":2,\"name\":\"Become a Dealer Partner\"}]},{\"@type\":\"WebSite\",\"@id\":\"https:\\\/\\\/dirtbagbrands.com\\\/#website\",\"url\":\"https:\\\/\\\/dirtbagbrands.com\\\/\",\"name\":\"Dirtbag Brands\",\"description\":\"Premium UTV and Dirtbike Accessories\",\"publisher\":{\"@id\":\"https:\\\/\\\/dirtbagbrands.com\\\/#organization\"},\"potentialAction\":[{\"@type\":\"SearchAction\",\"target\":{\"@type\":\"EntryPoint\",\"urlTemplate\":\"https:\\\/\\\/dirtbagbrands.com\\\/?s={search_term_string}\"},\"query-input\":{\"@type\":\"PropertyValueSpecification\",\"valueRequired\":true,\"valueName\":\"search_term_string\"}}],\"inLanguage\":\"fr-CA\"},{\"@type\":\"Organization\",\"@id\":\"https:\\\/\\\/dirtbagbrands.com\\\/#organization\",\"name\":\"Dirtbag Brands\",\"alternateName\":\"Dirtbag Brands UTV Accessories\",\"url\":\"https:\\\/\\\/dirtbagbrands.com\\\/\",\"logo\":{\"@type\":\"ImageObject\",\"inLanguage\":\"fr-CA\",\"@id\":\"https:\\\/\\\/dirtbagbrands.com\\\/#\\\/schema\\\/logo\\\/image\\\/\",\"url\":\"https:\\\/\\\/dirtbagbrands.com\\\/wp-content\\\/uploads\\\/2024\\\/07\\\/Word-Logo.webp\",\"contentUrl\":\"https:\\\/\\\/dirtbagbrands.com\\\/wp-content\\\/uploads\\\/2024\\\/07\\\/Word-Logo.webp\",\"width\":750,\"height\":750,\"caption\":\"Dirtbag Brands\"},\"image\":{\"@id\":\"https:\\\/\\\/dirtbagbrands.com\\\/#\\\/schema\\\/logo\\\/image\\\/\"},\"sameAs\":[\"https:\\\/\\\/www.facebook.com\\\/dirtbagbrands\\\/\",\"https:\\\/\\\/www.instagram.com\\\/dirtbagbrands\",\"https:\\\/\\\/www.youtube.com\\\/@dirtbagbrands\",\"https:\\\/\\\/www.pinterest.com\\\/dirtbagbrands\",\"https:\\\/\\\/www.linkedin.com\\\/company\\\/dirtbag-brands\\\/\",\"https:\\\/\\\/www.tiktok.com\\\/@dirtbagbrands\"],\"description\":\"Dirtbag Brands designs and manufactures premium billet aluminum UTV accessories engineered for performance, durability, and off-road visibility. Our IronSight mirror systems and mounting solutions are built for Polaris, Can-Am, Kawasaki, Honda, and other utility and sport side-by-side vehicles.\",\"email\":\"inquiries@dirtbagbrands.com\",\"telephone\":\"9706445566\",\"foundingDate\":\"2020-03-10\"}]}<\/script>\n<!-- \/ Yoast SEO Premium plugin. -->","yoast_head_json":{"title":"Devenez partenaire distributeur pour Dirtbag Branchs","description":"Rejoignez le r\u00e9seau de revendeurs Dirtbag Brands et devenez distributeur de nos produits. V\u00e9hicules tout-terrain et c\u00f4te \u00e0 c\u00f4te haut de gamme.","robots":{"index":"index","follow":"follow","max-snippet":"max-snippet:-1","max-image-preview":"max-image-preview:large","max-video-preview":"max-video-preview:-1"},"canonical":"https:\/\/dirtbagbrands.com\/fr\/devenir-distributeur-1\/","og_locale":"fr_CA","og_type":"article","og_title":"Become a Dealer Partner | Dirtbag Brands","og_description":"Become a Dealer For Dirtbag Brands Dealerships are the backbone of the powersports industry, and we treat them that way.If you\u2019re looking to become a \u2013 Learn more about Dirtbag Brands, your trusted source for off-road gear. Shop now with free shipping over $100!","og_url":"https:\/\/dirtbagbrands.com\/fr\/devenir-distributeur-1\/","og_site_name":"Dirtbag Brands","article_publisher":"https:\/\/www.facebook.com\/dirtbagbrands\/","article_modified_time":"2026-02-06T21:14:22+00:00","og_image":[{"url":"https:\/\/dirtbagbrands.com\/wp-content\/uploads\/2024\/03\/dealer-collage-1-1024x683.jpg","type":"","width":"","height":""}],"twitter_card":"summary_large_image","schema":{"@context":"https:\/\/schema.org","@graph":[{"@type":"WebPage","@id":"https:\/\/dirtbagbrands.com\/become-a-dealer-1\/","url":"https:\/\/dirtbagbrands.com\/become-a-dealer-1\/","name":"Devenez partenaire distributeur pour Dirtbag Branchs","isPartOf":{"@id":"https:\/\/dirtbagbrands.com\/#website"},"primaryImageOfPage":{"@id":"https:\/\/dirtbagbrands.com\/become-a-dealer-1\/#primaryimage"},"image":{"@id":"https:\/\/dirtbagbrands.com\/become-a-dealer-1\/#primaryimage"},"thumbnailUrl":"https:\/\/dirtbagbrands.com\/wp-content\/uploads\/2024\/03\/dealer-collage-1-1024x683.jpg","datePublished":"2024-03-15T20:20:42+00:00","dateModified":"2026-02-06T21:14:22+00:00","description":"Rejoignez le r\u00e9seau de revendeurs Dirtbag Brands et devenez distributeur de nos produits. V\u00e9hicules tout-terrain et c\u00f4te \u00e0 c\u00f4te haut de gamme.","breadcrumb":{"@id":"https:\/\/dirtbagbrands.com\/become-a-dealer-1\/#breadcrumb"},"inLanguage":"fr-CA","potentialAction":[{"@type":"ReadAction","target":["https:\/\/dirtbagbrands.com\/become-a-dealer-1\/"]}]},{"@type":"ImageObject","inLanguage":"fr-CA","@id":"https:\/\/dirtbagbrands.com\/become-a-dealer-1\/#primaryimage","url":"https:\/\/dirtbagbrands.com\/wp-content\/uploads\/2024\/03\/dealer-collage-1-1024x683.jpg","contentUrl":"https:\/\/dirtbagbrands.com\/wp-content\/uploads\/2024\/03\/dealer-collage-1-1024x683.jpg"},{"@type":"BreadcrumbList","@id":"https:\/\/dirtbagbrands.com\/become-a-dealer-1\/#breadcrumb","itemListElement":[{"@type":"ListItem","position":1,"name":"Home","item":"https:\/\/dirtbagbrands.com\/"},{"@type":"ListItem","position":2,"name":"Become a Dealer Partner"}]},{"@type":"WebSite","@id":"https:\/\/dirtbagbrands.com\/#website","url":"https:\/\/dirtbagbrands.com\/","name":"Marques Dirtbag","description":"Accessoires UTV et Dirtbike haut de gamme","publisher":{"@id":"https:\/\/dirtbagbrands.com\/#organization"},"potentialAction":[{"@type":"SearchAction","target":{"@type":"EntryPoint","urlTemplate":"https:\/\/dirtbagbrands.com\/?s={search_term_string}"},"query-input":{"@type":"PropertyValueSpecification","valueRequired":true,"valueName":"search_term_string"}}],"inLanguage":"fr-CA"},{"@type":"Organization","@id":"https:\/\/dirtbagbrands.com\/#organization","name":"Marques Dirtbag","alternateName":"Dirtbag Brands UTV Accessories","url":"https:\/\/dirtbagbrands.com\/","logo":{"@type":"ImageObject","inLanguage":"fr-CA","@id":"https:\/\/dirtbagbrands.com\/#\/schema\/logo\/image\/","url":"https:\/\/dirtbagbrands.com\/wp-content\/uploads\/2024\/07\/Word-Logo.webp","contentUrl":"https:\/\/dirtbagbrands.com\/wp-content\/uploads\/2024\/07\/Word-Logo.webp","width":750,"height":750,"caption":"Dirtbag Brands"},"image":{"@id":"https:\/\/dirtbagbrands.com\/#\/schema\/logo\/image\/"},"sameAs":["https:\/\/www.facebook.com\/dirtbagbrands\/","https:\/\/www.instagram.com\/dirtbagbrands","https:\/\/www.youtube.com\/@dirtbagbrands","https:\/\/www.pinterest.com\/dirtbagbrands","https:\/\/www.linkedin.com\/company\/dirtbag-brands\/","https:\/\/www.tiktok.com\/@dirtbagbrands"],"description":"Dirtbag Brands con\u00e7oit et fabrique des accessoires haut de gamme en aluminium usin\u00e9 pour v\u00e9hicules tout-terrain (UTV), alliant performance, durabilit\u00e9 et visibilit\u00e9 optimale en tout-terrain. Nos syst\u00e8mes de r\u00e9troviseurs et solutions de montage IronSight sont compatibles avec les v\u00e9hicules utilitaires et sportifs c\u00f4te \u00e0 c\u00f4te Polaris, Can-Am, Kawasaki, Honda et autres.","email":"inquiries@dirtbagbrands.com","telephone":"9706445566","foundingDate":"2020-03-10"}]}},"_links":{"self":[{"href":"https:\/\/dirtbagbrands.com\/fr\/wp-json\/wp\/v2\/pages\/308","targetHints":{"allow":["GET"]}}],"collection":[{"href":"https:\/\/dirtbagbrands.com\/fr\/wp-json\/wp\/v2\/pages"}],"about":[{"href":"https:\/\/dirtbagbrands.com\/fr\/wp-json\/wp\/v2\/types\/page"}],"author":[{"embeddable":true,"href":"https:\/\/dirtbagbrands.com\/fr\/wp-json\/wp\/v2\/users\/1"}],"replies":[{"embeddable":true,"href":"https:\/\/dirtbagbrands.com\/fr\/wp-json\/wp\/v2\/comments?post=308"}],"version-history":[{"count":5,"href":"https:\/\/dirtbagbrands.com\/fr\/wp-json\/wp\/v2\/pages\/308\/revisions"}],"predecessor-version":[{"id":4058,"href":"https:\/\/dirtbagbrands.com\/fr\/wp-json\/wp\/v2\/pages\/308\/revisions\/4058"}],"wp:attachment":[{"href":"https:\/\/dirtbagbrands.com\/fr\/wp-json\/wp\/v2\/media?parent=308"}],"curies":[{"name":"wp","href":"https:\/\/api.w.org\/{rel}","templated":true}]}}