{"id":5591,"date":"2026-04-30T20:58:43","date_gmt":"2026-04-30T20:58:43","guid":{"rendered":"https:\/\/dirtbagbrands.com\/?post_type=product&#038;p=5591"},"modified":"2026-04-30T21:46:09","modified_gmt":"2026-04-30T21:46:09","slug":"kevlar-pillow-top-lock-on-dirt-bike-grips","status":"publish","type":"product","link":"https:\/\/dirtbagbrands.com\/es\/product\/kevlar-pillow-top-lock-on-dirt-bike-grips\/","title":{"rendered":"Torc1 DEFY KEV-TEC Lock-On Enduro (MX) (Black)"},"content":{"rendered":"<h2>Rendimiento excepcional para pilotos de motocross.<\/h2>\n<p>Los pu\u00f1os Torc1 DEFY Enduro para motos de cross, con sistema de fijaci\u00f3n mediante bloqueo, est\u00e1n dise\u00f1ados para pilotos que buscan una instalaci\u00f3n r\u00e1pida y un rendimiento constante. Su sistema de bloqueo elimina la necesidad de pegamento y proporciona un ajuste seguro, mientras que su dise\u00f1o acolchado reduce las vibraciones y mejora la comodidad.<\/p>\n<h2>Incluye todas las levas de aceleraci\u00f3n.<\/h2>\n<p>Este sistema de fijaci\u00f3n de la empu\u00f1adura incluye todas las levas del acelerador necesarias, lo que permite la compatibilidad con la mayor\u00eda de los modelos de motos de cross sin necesidad de piezas adicionales.<\/p>\n<h2>Kev-Tec Difference<\/h2>\n<ul>\n<li data-section-id=\"slt07k\" data-start=\"2344\" data-end=\"2399\">Kevlar-reinforced compound for increased durability<\/li>\n<li data-section-id=\"t0msnc\" data-start=\"2400\" data-end=\"2460\">Designed for longer wear in aggressive riding conditions<\/li>\n<li data-section-id=\"1ue911g\" data-start=\"2461\" data-end=\"2502\">Maintains consistent feel and control<\/li>\n<li data-section-id=\"6s62f6\" data-start=\"2503\" data-end=\"2532\">Available in black finish<\/li>\n<li data-section-id=\"13mv889\" data-start=\"2533\" data-end=\"2591\">Includes grip glue or throttle cams depending on model<\/li>\n<\/ul>\n<h2 data-start=\"1189\" data-end=\"1219\">Ajuste espec\u00edfico para motos de cross<\/h2>\n<p data-start=\"1221\" data-end=\"1302\">Dise\u00f1ados espec\u00edficamente para motos de motocross. Estos pu\u00f1os con sistema de bloqueo no son compatibles con quads. Dise\u00f1ados para manillares de 7\/8 pulgadas.<\/p>","protected":false},"excerpt":{"rendered":"<p>Kev-tec technology, kevlar fibers infused into an MX lock-on grip system with pillow top comfort. Includes all throttle cams. No glue required.<\/p>","protected":false},"featured_media":5592,"comment_status":"closed","ping_status":"closed","template":"","meta":{"saved_in_kubio":false,"_coblocks_attr":"","_coblocks_dimensions":"","_coblocks_responsive_height":"","_coblocks_accordion_ie_support":""},"product_brand":[],"product_cat":[378,381],"product_tag":[],"class_list":{"0":"post-5591","1":"product","2":"type-product","3":"status-publish","4":"has-post-thumbnail","6":"product_cat-pillow-top-grips","7":"product_cat-grips","9":"first","10":"instock","11":"taxable","12":"shipping-taxable","13":"purchasable","14":"product-type-simple"},"yoast_head":"<!-- This site is optimized with the Yoast SEO Premium plugin v27.5 (Yoast SEO v27.5) - https:\/\/yoast.com\/product\/yoast-seo-premium-wordpress\/ -->\n<title>Kevlar Dirt Bike Grips | Pillow Top Lock-On<\/title>\n<meta name=\"description\" content=\"Kevlar-reinforced pillow top dirt bike grips with lock-on design. Built for comfort, durability, and long rides.\" \/>\n<meta name=\"robots\" content=\"index, follow, max-snippet:-1, max-image-preview:large, max-video-preview:-1\" \/>\n<link rel=\"canonical\" href=\"https:\/\/dirtbagbrands.com\/es\/product\/kevlar-pillow-top-lock-on-dirt-bike-grips\/\" \/>\n<meta property=\"og:locale\" content=\"es_MX\" \/>\n<meta property=\"og:type\" content=\"article\" \/>\n<meta property=\"og:title\" content=\"Torc1 DEFY KEV-TEC Lock-On Enduro (MX) (Black) | Dirtbag Brands\" \/>\n<meta property=\"og:description\" content=\"Torc1 DEFY KEV-TEC Lock-On Enduro (MX) (Black) \u2013 Built for off-road durability. Perfect for and . Free shipping over $100!\" \/>\n<meta property=\"og:url\" content=\"https:\/\/dirtbagbrands.com\/es\/product\/kevlar-pillow-top-lock-on-dirt-bike-grips\/\" \/>\n<meta property=\"og:site_name\" content=\"Dirtbag Brands\" \/>\n<meta property=\"article:publisher\" content=\"https:\/\/www.facebook.com\/dirtbagbrands\/\" \/>\n<meta property=\"article:modified_time\" content=\"2026-04-30T21:46:09+00:00\" \/>\n<meta property=\"og:image\" content=\"https:\/\/dirtbagbrands.com\/wp-content\/uploads\/2026\/04\/Defy-MX_Enduro-Black.webp\" \/>\n\t<meta property=\"og:image:width\" content=\"1060\" \/>\n\t<meta property=\"og:image:height\" content=\"1009\" \/>\n\t<meta property=\"og:image:type\" content=\"image\/jpeg\" \/>\n<meta name=\"twitter:card\" content=\"summary_large_image\" \/>\n<meta name=\"twitter:label1\" content=\"Tiempo de lectura\" \/>\n\t<meta name=\"twitter:data1\" content=\"1 minuto\" \/>\n<script type=\"application\/ld+json\" class=\"yoast-schema-graph\">{\"@context\":\"https:\\\/\\\/schema.org\",\"@graph\":[{\"@type\":\"WebPage\",\"@id\":\"https:\\\/\\\/dirtbagbrands.com\\\/product\\\/kevlar-pillow-top-lock-on-dirt-bike-grips\\\/\",\"url\":\"https:\\\/\\\/dirtbagbrands.com\\\/product\\\/kevlar-pillow-top-lock-on-dirt-bike-grips\\\/\",\"name\":\"Kevlar Dirt Bike Grips | Pillow Top Lock-On\",\"isPartOf\":{\"@id\":\"https:\\\/\\\/dirtbagbrands.com\\\/#website\"},\"primaryImageOfPage\":{\"@id\":\"https:\\\/\\\/dirtbagbrands.com\\\/product\\\/kevlar-pillow-top-lock-on-dirt-bike-grips\\\/#primaryimage\"},\"image\":{\"@id\":\"https:\\\/\\\/dirtbagbrands.com\\\/product\\\/kevlar-pillow-top-lock-on-dirt-bike-grips\\\/#primaryimage\"},\"thumbnailUrl\":\"https:\\\/\\\/dirtbagbrands.com\\\/wp-content\\\/uploads\\\/2026\\\/04\\\/Defy-MX_Enduro-Black.webp\",\"datePublished\":\"2026-04-30T20:58:43+00:00\",\"dateModified\":\"2026-04-30T21:46:09+00:00\",\"description\":\"Kevlar-reinforced pillow top dirt bike grips with lock-on design. Built for comfort, durability, and long rides.\",\"breadcrumb\":{\"@id\":\"https:\\\/\\\/dirtbagbrands.com\\\/product\\\/kevlar-pillow-top-lock-on-dirt-bike-grips\\\/#breadcrumb\"},\"inLanguage\":\"es\",\"potentialAction\":[{\"@type\":\"ReadAction\",\"target\":[\"https:\\\/\\\/dirtbagbrands.com\\\/product\\\/kevlar-pillow-top-lock-on-dirt-bike-grips\\\/\"]}]},{\"@type\":\"ImageObject\",\"inLanguage\":\"es\",\"@id\":\"https:\\\/\\\/dirtbagbrands.com\\\/product\\\/kevlar-pillow-top-lock-on-dirt-bike-grips\\\/#primaryimage\",\"url\":\"https:\\\/\\\/dirtbagbrands.com\\\/wp-content\\\/uploads\\\/2026\\\/04\\\/Defy-MX_Enduro-Black.webp\",\"contentUrl\":\"https:\\\/\\\/dirtbagbrands.com\\\/wp-content\\\/uploads\\\/2026\\\/04\\\/Defy-MX_Enduro-Black.webp\",\"width\":1060,\"height\":1009,\"caption\":\"Torc1 Racing Kev-Tec lock on MX grip with ballistic technology\"},{\"@type\":\"BreadcrumbList\",\"@id\":\"https:\\\/\\\/dirtbagbrands.com\\\/product\\\/kevlar-pillow-top-lock-on-dirt-bike-grips\\\/#breadcrumb\",\"itemListElement\":[{\"@type\":\"ListItem\",\"position\":1,\"name\":\"Home\",\"item\":\"https:\\\/\\\/dirtbagbrands.com\\\/\"},{\"@type\":\"ListItem\",\"position\":2,\"name\":\"Shop\",\"item\":\"https:\\\/\\\/dirtbagbrands.com\\\/shop\\\/\"},{\"@type\":\"ListItem\",\"position\":3,\"name\":\"Torc1 Grips\",\"item\":\"https:\\\/\\\/dirtbagbrands.com\\\/product-category\\\/grips\\\/\"},{\"@type\":\"ListItem\",\"position\":4,\"name\":\"Torc1 DEFY KEV-TEC Lock-On Enduro (MX) (Black)\"}]},{\"@type\":\"WebSite\",\"@id\":\"https:\\\/\\\/dirtbagbrands.com\\\/#website\",\"url\":\"https:\\\/\\\/dirtbagbrands.com\\\/\",\"name\":\"Dirtbag Brands\",\"description\":\"Premium UTV and Dirtbike Accessories\",\"publisher\":{\"@id\":\"https:\\\/\\\/dirtbagbrands.com\\\/#organization\"},\"potentialAction\":[{\"@type\":\"SearchAction\",\"target\":{\"@type\":\"EntryPoint\",\"urlTemplate\":\"https:\\\/\\\/dirtbagbrands.com\\\/?s={search_term_string}\"},\"query-input\":{\"@type\":\"PropertyValueSpecification\",\"valueRequired\":true,\"valueName\":\"search_term_string\"}}],\"inLanguage\":\"es\"},{\"@type\":\"Organization\",\"@id\":\"https:\\\/\\\/dirtbagbrands.com\\\/#organization\",\"name\":\"Dirtbag Brands\",\"alternateName\":\"Dirtbag Brands UTV Accessories\",\"url\":\"https:\\\/\\\/dirtbagbrands.com\\\/\",\"logo\":{\"@type\":\"ImageObject\",\"inLanguage\":\"es\",\"@id\":\"https:\\\/\\\/dirtbagbrands.com\\\/#\\\/schema\\\/logo\\\/image\\\/\",\"url\":\"https:\\\/\\\/dirtbagbrands.com\\\/wp-content\\\/uploads\\\/2024\\\/07\\\/Word-Logo.webp\",\"contentUrl\":\"https:\\\/\\\/dirtbagbrands.com\\\/wp-content\\\/uploads\\\/2024\\\/07\\\/Word-Logo.webp\",\"width\":750,\"height\":750,\"caption\":\"Dirtbag Brands\"},\"image\":{\"@id\":\"https:\\\/\\\/dirtbagbrands.com\\\/#\\\/schema\\\/logo\\\/image\\\/\"},\"sameAs\":[\"https:\\\/\\\/www.facebook.com\\\/dirtbagbrands\\\/\",\"https:\\\/\\\/www.instagram.com\\\/dirtbagbrands\",\"https:\\\/\\\/www.youtube.com\\\/@dirtbagbrands\",\"https:\\\/\\\/www.pinterest.com\\\/dirtbagbrands\",\"https:\\\/\\\/www.linkedin.com\\\/company\\\/dirtbag-brands\\\/\",\"https:\\\/\\\/www.tiktok.com\\\/@dirtbagbrands\"],\"description\":\"Dirtbag Brands designs and manufactures premium billet aluminum UTV accessories engineered for performance, durability, and off-road visibility. Our IronSight mirror systems and mounting solutions are built for Polaris, Can-Am, Kawasaki, Honda, and other utility and sport side-by-side vehicles.\",\"email\":\"inquiries@dirtbagbrands.com\",\"telephone\":\"9706445566\",\"foundingDate\":\"2020-03-10\"}]}<\/script>\n<!-- \/ Yoast SEO Premium plugin. -->","yoast_head_json":{"title":"Kevlar Dirt Bike Grips | Pillow Top Lock-On","description":"Kevlar-reinforced pillow top dirt bike grips with lock-on design. Built for comfort, durability, and long rides.","robots":{"index":"index","follow":"follow","max-snippet":"max-snippet:-1","max-image-preview":"max-image-preview:large","max-video-preview":"max-video-preview:-1"},"canonical":"https:\/\/dirtbagbrands.com\/es\/product\/kevlar-pillow-top-lock-on-dirt-bike-grips\/","og_locale":"es_MX","og_type":"article","og_title":"Torc1 DEFY KEV-TEC Lock-On Enduro (MX) (Black) | Dirtbag Brands","og_description":"Torc1 DEFY KEV-TEC Lock-On Enduro (MX) (Black) \u2013 Built for off-road durability. Perfect for and . Free shipping over $100!","og_url":"https:\/\/dirtbagbrands.com\/es\/product\/kevlar-pillow-top-lock-on-dirt-bike-grips\/","og_site_name":"Dirtbag Brands","article_publisher":"https:\/\/www.facebook.com\/dirtbagbrands\/","article_modified_time":"2026-04-30T21:46:09+00:00","og_image":[{"width":1060,"height":1009,"url":"https:\/\/dirtbagbrands.com\/wp-content\/uploads\/2026\/04\/Defy-MX_Enduro-Black.webp","type":"image\/jpeg"}],"twitter_card":"summary_large_image","twitter_misc":{"Tiempo de lectura":"1 minuto"},"schema":{"@context":"https:\/\/schema.org","@graph":[{"@type":"WebPage","@id":"https:\/\/dirtbagbrands.com\/product\/kevlar-pillow-top-lock-on-dirt-bike-grips\/","url":"https:\/\/dirtbagbrands.com\/product\/kevlar-pillow-top-lock-on-dirt-bike-grips\/","name":"Kevlar Dirt Bike Grips | Pillow Top Lock-On","isPartOf":{"@id":"https:\/\/dirtbagbrands.com\/#website"},"primaryImageOfPage":{"@id":"https:\/\/dirtbagbrands.com\/product\/kevlar-pillow-top-lock-on-dirt-bike-grips\/#primaryimage"},"image":{"@id":"https:\/\/dirtbagbrands.com\/product\/kevlar-pillow-top-lock-on-dirt-bike-grips\/#primaryimage"},"thumbnailUrl":"https:\/\/dirtbagbrands.com\/wp-content\/uploads\/2026\/04\/Defy-MX_Enduro-Black.webp","datePublished":"2026-04-30T20:58:43+00:00","dateModified":"2026-04-30T21:46:09+00:00","description":"Kevlar-reinforced pillow top dirt bike grips with lock-on design. Built for comfort, durability, and long rides.","breadcrumb":{"@id":"https:\/\/dirtbagbrands.com\/product\/kevlar-pillow-top-lock-on-dirt-bike-grips\/#breadcrumb"},"inLanguage":"es","potentialAction":[{"@type":"ReadAction","target":["https:\/\/dirtbagbrands.com\/product\/kevlar-pillow-top-lock-on-dirt-bike-grips\/"]}]},{"@type":"ImageObject","inLanguage":"es","@id":"https:\/\/dirtbagbrands.com\/product\/kevlar-pillow-top-lock-on-dirt-bike-grips\/#primaryimage","url":"https:\/\/dirtbagbrands.com\/wp-content\/uploads\/2026\/04\/Defy-MX_Enduro-Black.webp","contentUrl":"https:\/\/dirtbagbrands.com\/wp-content\/uploads\/2026\/04\/Defy-MX_Enduro-Black.webp","width":1060,"height":1009,"caption":"Torc1 Racing Kev-Tec lock on MX grip with ballistic technology"},{"@type":"BreadcrumbList","@id":"https:\/\/dirtbagbrands.com\/product\/kevlar-pillow-top-lock-on-dirt-bike-grips\/#breadcrumb","itemListElement":[{"@type":"ListItem","position":1,"name":"Home","item":"https:\/\/dirtbagbrands.com\/"},{"@type":"ListItem","position":2,"name":"Shop","item":"https:\/\/dirtbagbrands.com\/shop\/"},{"@type":"ListItem","position":3,"name":"Torc1 Grips","item":"https:\/\/dirtbagbrands.com\/product-category\/grips\/"},{"@type":"ListItem","position":4,"name":"Torc1 DEFY KEV-TEC Lock-On Enduro (MX) (Black)"}]},{"@type":"WebSite","@id":"https:\/\/dirtbagbrands.com\/#website","url":"https:\/\/dirtbagbrands.com\/","name":"Marcas Dirtbag","description":"Accesorios premium para UTV y Dirtbike","publisher":{"@id":"https:\/\/dirtbagbrands.com\/#organization"},"potentialAction":[{"@type":"SearchAction","target":{"@type":"EntryPoint","urlTemplate":"https:\/\/dirtbagbrands.com\/?s={search_term_string}"},"query-input":{"@type":"PropertyValueSpecification","valueRequired":true,"valueName":"search_term_string"}}],"inLanguage":"es"},{"@type":"Organization","@id":"https:\/\/dirtbagbrands.com\/#organization","name":"Marcas Dirtbag","alternateName":"Dirtbag Brands UTV Accessories","url":"https:\/\/dirtbagbrands.com\/","logo":{"@type":"ImageObject","inLanguage":"es","@id":"https:\/\/dirtbagbrands.com\/#\/schema\/logo\/image\/","url":"https:\/\/dirtbagbrands.com\/wp-content\/uploads\/2024\/07\/Word-Logo.webp","contentUrl":"https:\/\/dirtbagbrands.com\/wp-content\/uploads\/2024\/07\/Word-Logo.webp","width":750,"height":750,"caption":"Dirtbag Brands"},"image":{"@id":"https:\/\/dirtbagbrands.com\/#\/schema\/logo\/image\/"},"sameAs":["https:\/\/www.facebook.com\/dirtbagbrands\/","https:\/\/www.instagram.com\/dirtbagbrands","https:\/\/www.youtube.com\/@dirtbagbrands","https:\/\/www.pinterest.com\/dirtbagbrands","https:\/\/www.linkedin.com\/company\/dirtbag-brands\/","https:\/\/www.tiktok.com\/@dirtbagbrands"],"description":"Dirtbag Brands dise\u00f1a y fabrica accesorios premium de aluminio macizo para UTV, dise\u00f1ados para ofrecer rendimiento, durabilidad y visibilidad todoterreno. Nuestros sistemas de espejos y soluciones de montaje IronSight est\u00e1n dise\u00f1ados para Polaris, Can-Am, Kawasaki, Honda y otros veh\u00edculos utilitarios y deportivos side-by-side.","email":"inquiries@dirtbagbrands.com","telephone":"9706445566","foundingDate":"2020-03-10"}]}},"_links":{"self":[{"href":"https:\/\/dirtbagbrands.com\/es\/wp-json\/wp\/v2\/product\/5591","targetHints":{"allow":["GET"]}}],"collection":[{"href":"https:\/\/dirtbagbrands.com\/es\/wp-json\/wp\/v2\/product"}],"about":[{"href":"https:\/\/dirtbagbrands.com\/es\/wp-json\/wp\/v2\/types\/product"}],"replies":[{"embeddable":true,"href":"https:\/\/dirtbagbrands.com\/es\/wp-json\/wp\/v2\/comments?post=5591"}],"wp:featuredmedia":[{"embeddable":true,"href":"https:\/\/dirtbagbrands.com\/es\/wp-json\/wp\/v2\/media\/5592"}],"wp:attachment":[{"href":"https:\/\/dirtbagbrands.com\/es\/wp-json\/wp\/v2\/media?parent=5591"}],"wp:term":[{"taxonomy":"product_brand","embeddable":true,"href":"https:\/\/dirtbagbrands.com\/es\/wp-json\/wp\/v2\/product_brand?post=5591"},{"taxonomy":"product_cat","embeddable":true,"href":"https:\/\/dirtbagbrands.com\/es\/wp-json\/wp\/v2\/product_cat?post=5591"},{"taxonomy":"product_tag","embeddable":true,"href":"https:\/\/dirtbagbrands.com\/es\/wp-json\/wp\/v2\/product_tag?post=5591"}],"curies":[{"name":"wp","href":"https:\/\/api.w.org\/{rel}","templated":true}]}}