{"id":5501,"date":"2026-04-29T21:34:45","date_gmt":"2026-04-29T21:34:45","guid":{"rendered":"https:\/\/dirtbagbrands.com\/?post_type=product&#038;p=5501"},"modified":"2026-04-29T21:44:46","modified_gmt":"2026-04-29T21:44:46","slug":"pegamento-de-agarre-torc1","status":"publish","type":"product","link":"https:\/\/dirtbagbrands.com\/es\/product\/torc1-grip-glue\/","title":{"rendered":"Pegamento Torc1 Grip"},"content":{"rendered":"<p data-start=\"514\" data-end=\"766\">El pegamento Torc1 Grip Glue est\u00e1 dise\u00f1ado para mantener tus pu\u00f1os firmemente sujetos incluso en las condiciones de conducci\u00f3n m\u00e1s exigentes. Ya sea que instales pu\u00f1os nuevos o reemplaces los desgastados, este adhesivo de secado r\u00e1pido proporciona una fijaci\u00f3n segura que no se deslizar\u00e1 durante la conducci\u00f3n agresiva.<\/p>\n<hr data-start=\"768\" data-end=\"771\" \/>\n<h2 data-section-id=\"5ixuvj\" data-start=\"773\" data-end=\"789\">Caracter\u00edsticas principales:<\/h2>\n<ul data-start=\"791\" data-end=\"1051\">\n<li data-section-id=\"f3u9bk\" data-start=\"791\" data-end=\"825\">Adhesi\u00f3n de agarre fuerte y fiable<\/li>\n<li data-section-id=\"8uzd69\" data-start=\"826\" data-end=\"869\">F\u00f3rmula de fraguado r\u00e1pido para instalaciones r\u00e1pidas.<\/li>\n<li data-section-id=\"4lgb2p\" data-start=\"870\" data-end=\"902\">Dise\u00f1ado para pu\u00f1os de motos de cross.<\/li>\n<li data-section-id=\"u6u418\" data-start=\"903\" data-end=\"946\">Funciona con sistemas de agarre adhesivos est\u00e1ndar.<\/li>\n<li data-section-id=\"1sezalo\" data-start=\"947\" data-end=\"1006\">El tubo de 28 gramos (1 onza) proporciona suficiente adhesivo para m\u00faltiples instalaciones.<\/li>\n<li data-section-id=\"5zgmv\" data-start=\"1007\" data-end=\"1051\">F\u00e1cil de aplicar con dosificaci\u00f3n controlada.<\/li>\n<\/ul>\n<hr data-start=\"1053\" data-end=\"1056\" \/>\n<h2 data-section-id=\"mxsom\" data-start=\"1058\" data-end=\"1069\">Mueble:<\/h2>\n<p data-start=\"1071\" data-end=\"1140\">Compatible con la mayor\u00eda de los pu\u00f1os de motos de cross que requieren instalaci\u00f3n adhesiva.<\/p>\n<hr data-start=\"1142\" data-end=\"1145\" \/>\n<h2 data-section-id=\"12uqttt\" data-start=\"1147\" data-end=\"1169\">Nota de compatibilidad:<\/h2>\n<p data-start=\"1171\" data-end=\"1251\">Dise\u00f1ado para usarse \u00fanicamente con empu\u00f1aduras adhesivas. No es necesario para sistemas de empu\u00f1aduras con sistema de bloqueo.<\/p>","protected":false},"excerpt":{"rendered":"<p>El pegamento Torc1 para pu\u00f1os proporciona una uni\u00f3n fuerte y fiable para los pu\u00f1os de motos de cross. Tubo de 28 g (1 oz) de secado r\u00e1pido, dise\u00f1ado para una f\u00e1cil instalaci\u00f3n y una fijaci\u00f3n duradera.<\/p>","protected":false},"featured_media":5502,"comment_status":"closed","ping_status":"closed","template":"","meta":{"saved_in_kubio":false,"_coblocks_attr":"","_coblocks_dimensions":"","_coblocks_responsive_height":"","_coblocks_accordion_ie_support":""},"product_brand":[],"product_cat":[387,386],"product_tag":[],"class_list":{"0":"post-5501","1":"product","2":"type-product","3":"status-publish","4":"has-post-thumbnail","6":"product_cat-grip-accessories","7":"product_cat-torc1-accessories","9":"first","10":"instock","11":"taxable","12":"shipping-taxable","13":"purchasable","14":"product-type-simple"},"yoast_head":"<!-- This site is optimized with the Yoast SEO Premium plugin v27.5 (Yoast SEO v27.5) - https:\/\/yoast.com\/product\/yoast-seo-premium-wordpress\/ -->\n<title>Dirt Bike Grip Glue Single Use | Torc1 Racing<\/title>\n<meta name=\"description\" content=\"Secure your grips with Torc1 grip glue. Fast-setting single use tube designed for dirt bike grips with a strong, reliable hold.\" \/>\n<meta name=\"robots\" content=\"index, follow, max-snippet:-1, max-image-preview:large, max-video-preview:-1\" \/>\n<link rel=\"canonical\" href=\"https:\/\/dirtbagbrands.com\/es\/product\/pegamento-de-agarre-torc1\/\" \/>\n<meta property=\"og:locale\" content=\"es_MX\" \/>\n<meta property=\"og:type\" content=\"article\" \/>\n<meta property=\"og:title\" content=\"Torc1 Grip Glue | Dirtbag Brands\" \/>\n<meta property=\"og:description\" content=\"Torc1 Grip Glue \u2013 Built for off-road durability. Perfect for and . Free shipping over $100!\" \/>\n<meta property=\"og:url\" content=\"https:\/\/dirtbagbrands.com\/es\/product\/pegamento-de-agarre-torc1\/\" \/>\n<meta property=\"og:site_name\" content=\"Dirtbag Brands\" \/>\n<meta property=\"article:publisher\" content=\"https:\/\/www.facebook.com\/dirtbagbrands\/\" \/>\n<meta property=\"article:modified_time\" content=\"2026-04-29T21:44:46+00:00\" \/>\n<meta property=\"og:image\" content=\"https:\/\/dirtbagbrands.com\/wp-content\/uploads\/2026\/04\/GripGlue2.webp\" \/>\n\t<meta property=\"og:image:width\" content=\"1200\" \/>\n\t<meta property=\"og:image:height\" content=\"799\" \/>\n\t<meta property=\"og:image:type\" content=\"image\/jpeg\" \/>\n<meta name=\"twitter:card\" content=\"summary_large_image\" \/>\n<meta name=\"twitter:label1\" content=\"Tiempo de lectura\" \/>\n\t<meta name=\"twitter:data1\" content=\"1 minuto\" \/>\n<script type=\"application\/ld+json\" class=\"yoast-schema-graph\">{\"@context\":\"https:\\\/\\\/schema.org\",\"@graph\":[{\"@type\":\"WebPage\",\"@id\":\"https:\\\/\\\/dirtbagbrands.com\\\/product\\\/torc1-grip-glue\\\/\",\"url\":\"https:\\\/\\\/dirtbagbrands.com\\\/product\\\/torc1-grip-glue\\\/\",\"name\":\"Dirt Bike Grip Glue Single Use | Torc1 Racing\",\"isPartOf\":{\"@id\":\"https:\\\/\\\/dirtbagbrands.com\\\/#website\"},\"primaryImageOfPage\":{\"@id\":\"https:\\\/\\\/dirtbagbrands.com\\\/product\\\/torc1-grip-glue\\\/#primaryimage\"},\"image\":{\"@id\":\"https:\\\/\\\/dirtbagbrands.com\\\/product\\\/torc1-grip-glue\\\/#primaryimage\"},\"thumbnailUrl\":\"https:\\\/\\\/dirtbagbrands.com\\\/wp-content\\\/uploads\\\/2026\\\/04\\\/GripGlue2.webp\",\"datePublished\":\"2026-04-29T21:34:45+00:00\",\"dateModified\":\"2026-04-29T21:44:46+00:00\",\"description\":\"Secure your grips with Torc1 grip glue. Fast-setting single use tube designed for dirt bike grips with a strong, reliable hold.\",\"breadcrumb\":{\"@id\":\"https:\\\/\\\/dirtbagbrands.com\\\/product\\\/torc1-grip-glue\\\/#breadcrumb\"},\"inLanguage\":\"es\",\"potentialAction\":[{\"@type\":\"ReadAction\",\"target\":[\"https:\\\/\\\/dirtbagbrands.com\\\/product\\\/torc1-grip-glue\\\/\"]}]},{\"@type\":\"ImageObject\",\"inLanguage\":\"es\",\"@id\":\"https:\\\/\\\/dirtbagbrands.com\\\/product\\\/torc1-grip-glue\\\/#primaryimage\",\"url\":\"https:\\\/\\\/dirtbagbrands.com\\\/wp-content\\\/uploads\\\/2026\\\/04\\\/GripGlue2.webp\",\"contentUrl\":\"https:\\\/\\\/dirtbagbrands.com\\\/wp-content\\\/uploads\\\/2026\\\/04\\\/GripGlue2.webp\",\"width\":1200,\"height\":799,\"caption\":\"Torc1 single use grip glue\"},{\"@type\":\"BreadcrumbList\",\"@id\":\"https:\\\/\\\/dirtbagbrands.com\\\/product\\\/torc1-grip-glue\\\/#breadcrumb\",\"itemListElement\":[{\"@type\":\"ListItem\",\"position\":1,\"name\":\"Home\",\"item\":\"https:\\\/\\\/dirtbagbrands.com\\\/\"},{\"@type\":\"ListItem\",\"position\":2,\"name\":\"Shop\",\"item\":\"https:\\\/\\\/dirtbagbrands.com\\\/shop\\\/\"},{\"@type\":\"ListItem\",\"position\":3,\"name\":\"Torc1 Accessories\",\"item\":\"https:\\\/\\\/dirtbagbrands.com\\\/product-category\\\/torc1-accessories\\\/\"},{\"@type\":\"ListItem\",\"position\":4,\"name\":\"Torc1 Grip Glue\"}]},{\"@type\":\"WebSite\",\"@id\":\"https:\\\/\\\/dirtbagbrands.com\\\/#website\",\"url\":\"https:\\\/\\\/dirtbagbrands.com\\\/\",\"name\":\"Dirtbag Brands\",\"description\":\"Premium UTV and Dirtbike Accessories\",\"publisher\":{\"@id\":\"https:\\\/\\\/dirtbagbrands.com\\\/#organization\"},\"potentialAction\":[{\"@type\":\"SearchAction\",\"target\":{\"@type\":\"EntryPoint\",\"urlTemplate\":\"https:\\\/\\\/dirtbagbrands.com\\\/?s={search_term_string}\"},\"query-input\":{\"@type\":\"PropertyValueSpecification\",\"valueRequired\":true,\"valueName\":\"search_term_string\"}}],\"inLanguage\":\"es\"},{\"@type\":\"Organization\",\"@id\":\"https:\\\/\\\/dirtbagbrands.com\\\/#organization\",\"name\":\"Dirtbag Brands\",\"alternateName\":\"Dirtbag Brands UTV Accessories\",\"url\":\"https:\\\/\\\/dirtbagbrands.com\\\/\",\"logo\":{\"@type\":\"ImageObject\",\"inLanguage\":\"es\",\"@id\":\"https:\\\/\\\/dirtbagbrands.com\\\/#\\\/schema\\\/logo\\\/image\\\/\",\"url\":\"https:\\\/\\\/dirtbagbrands.com\\\/wp-content\\\/uploads\\\/2024\\\/07\\\/Word-Logo.webp\",\"contentUrl\":\"https:\\\/\\\/dirtbagbrands.com\\\/wp-content\\\/uploads\\\/2024\\\/07\\\/Word-Logo.webp\",\"width\":750,\"height\":750,\"caption\":\"Dirtbag Brands\"},\"image\":{\"@id\":\"https:\\\/\\\/dirtbagbrands.com\\\/#\\\/schema\\\/logo\\\/image\\\/\"},\"sameAs\":[\"https:\\\/\\\/www.facebook.com\\\/dirtbagbrands\\\/\",\"https:\\\/\\\/www.instagram.com\\\/dirtbagbrands\",\"https:\\\/\\\/www.youtube.com\\\/@dirtbagbrands\",\"https:\\\/\\\/www.pinterest.com\\\/dirtbagbrands\",\"https:\\\/\\\/www.linkedin.com\\\/company\\\/dirtbag-brands\\\/\",\"https:\\\/\\\/www.tiktok.com\\\/@dirtbagbrands\"],\"description\":\"Dirtbag Brands designs and manufactures premium billet aluminum UTV accessories engineered for performance, durability, and off-road visibility. Our IronSight mirror systems and mounting solutions are built for Polaris, Can-Am, Kawasaki, Honda, and other utility and sport side-by-side vehicles.\",\"email\":\"inquiries@dirtbagbrands.com\",\"telephone\":\"9706445566\",\"foundingDate\":\"2020-03-10\"}]}<\/script>\n<!-- \/ Yoast SEO Premium plugin. -->","yoast_head_json":{"title":"Pegamento para pu\u00f1os de motos de cross de un solo uso | Torc1 Racing","description":"Fija tus pu\u00f1os con el pegamento Torc1. Tubo monodosis de secado r\u00e1pido dise\u00f1ado para pu\u00f1os de motos de cross, con una sujeci\u00f3n fuerte y fiable.","robots":{"index":"index","follow":"follow","max-snippet":"max-snippet:-1","max-image-preview":"max-image-preview:large","max-video-preview":"max-video-preview:-1"},"canonical":"https:\/\/dirtbagbrands.com\/es\/product\/pegamento-de-agarre-torc1\/","og_locale":"es_MX","og_type":"article","og_title":"Torc1 Grip Glue | Dirtbag Brands","og_description":"Torc1 Grip Glue \u2013 Built for off-road durability. Perfect for and . Free shipping over $100!","og_url":"https:\/\/dirtbagbrands.com\/es\/product\/pegamento-de-agarre-torc1\/","og_site_name":"Dirtbag Brands","article_publisher":"https:\/\/www.facebook.com\/dirtbagbrands\/","article_modified_time":"2026-04-29T21:44:46+00:00","og_image":[{"width":1200,"height":799,"url":"https:\/\/dirtbagbrands.com\/wp-content\/uploads\/2026\/04\/GripGlue2.webp","type":"image\/jpeg"}],"twitter_card":"summary_large_image","twitter_misc":{"Tiempo de lectura":"1 minuto"},"schema":{"@context":"https:\/\/schema.org","@graph":[{"@type":"WebPage","@id":"https:\/\/dirtbagbrands.com\/product\/torc1-grip-glue\/","url":"https:\/\/dirtbagbrands.com\/product\/torc1-grip-glue\/","name":"Pegamento para pu\u00f1os de motos de cross de un solo uso | Torc1 Racing","isPartOf":{"@id":"https:\/\/dirtbagbrands.com\/#website"},"primaryImageOfPage":{"@id":"https:\/\/dirtbagbrands.com\/product\/torc1-grip-glue\/#primaryimage"},"image":{"@id":"https:\/\/dirtbagbrands.com\/product\/torc1-grip-glue\/#primaryimage"},"thumbnailUrl":"https:\/\/dirtbagbrands.com\/wp-content\/uploads\/2026\/04\/GripGlue2.webp","datePublished":"2026-04-29T21:34:45+00:00","dateModified":"2026-04-29T21:44:46+00:00","description":"Fija tus pu\u00f1os con el pegamento Torc1. Tubo monodosis de secado r\u00e1pido dise\u00f1ado para pu\u00f1os de motos de cross, con una sujeci\u00f3n fuerte y fiable.","breadcrumb":{"@id":"https:\/\/dirtbagbrands.com\/product\/torc1-grip-glue\/#breadcrumb"},"inLanguage":"es","potentialAction":[{"@type":"ReadAction","target":["https:\/\/dirtbagbrands.com\/product\/torc1-grip-glue\/"]}]},{"@type":"ImageObject","inLanguage":"es","@id":"https:\/\/dirtbagbrands.com\/product\/torc1-grip-glue\/#primaryimage","url":"https:\/\/dirtbagbrands.com\/wp-content\/uploads\/2026\/04\/GripGlue2.webp","contentUrl":"https:\/\/dirtbagbrands.com\/wp-content\/uploads\/2026\/04\/GripGlue2.webp","width":1200,"height":799,"caption":"Torc1 single use grip glue"},{"@type":"BreadcrumbList","@id":"https:\/\/dirtbagbrands.com\/product\/torc1-grip-glue\/#breadcrumb","itemListElement":[{"@type":"ListItem","position":1,"name":"Home","item":"https:\/\/dirtbagbrands.com\/"},{"@type":"ListItem","position":2,"name":"Shop","item":"https:\/\/dirtbagbrands.com\/shop\/"},{"@type":"ListItem","position":3,"name":"Torc1 Accessories","item":"https:\/\/dirtbagbrands.com\/product-category\/torc1-accessories\/"},{"@type":"ListItem","position":4,"name":"Torc1 Grip Glue"}]},{"@type":"WebSite","@id":"https:\/\/dirtbagbrands.com\/#website","url":"https:\/\/dirtbagbrands.com\/","name":"Marcas Dirtbag","description":"Accesorios premium para UTV y Dirtbike","publisher":{"@id":"https:\/\/dirtbagbrands.com\/#organization"},"potentialAction":[{"@type":"SearchAction","target":{"@type":"EntryPoint","urlTemplate":"https:\/\/dirtbagbrands.com\/?s={search_term_string}"},"query-input":{"@type":"PropertyValueSpecification","valueRequired":true,"valueName":"search_term_string"}}],"inLanguage":"es"},{"@type":"Organization","@id":"https:\/\/dirtbagbrands.com\/#organization","name":"Marcas Dirtbag","alternateName":"Dirtbag Brands UTV Accessories","url":"https:\/\/dirtbagbrands.com\/","logo":{"@type":"ImageObject","inLanguage":"es","@id":"https:\/\/dirtbagbrands.com\/#\/schema\/logo\/image\/","url":"https:\/\/dirtbagbrands.com\/wp-content\/uploads\/2024\/07\/Word-Logo.webp","contentUrl":"https:\/\/dirtbagbrands.com\/wp-content\/uploads\/2024\/07\/Word-Logo.webp","width":750,"height":750,"caption":"Dirtbag Brands"},"image":{"@id":"https:\/\/dirtbagbrands.com\/#\/schema\/logo\/image\/"},"sameAs":["https:\/\/www.facebook.com\/dirtbagbrands\/","https:\/\/www.instagram.com\/dirtbagbrands","https:\/\/www.youtube.com\/@dirtbagbrands","https:\/\/www.pinterest.com\/dirtbagbrands","https:\/\/www.linkedin.com\/company\/dirtbag-brands\/","https:\/\/www.tiktok.com\/@dirtbagbrands"],"description":"Dirtbag Brands dise\u00f1a y fabrica accesorios premium de aluminio macizo para UTV, dise\u00f1ados para ofrecer rendimiento, durabilidad y visibilidad todoterreno. Nuestros sistemas de espejos y soluciones de montaje IronSight est\u00e1n dise\u00f1ados para Polaris, Can-Am, Kawasaki, Honda y otros veh\u00edculos utilitarios y deportivos side-by-side.","email":"inquiries@dirtbagbrands.com","telephone":"9706445566","foundingDate":"2020-03-10"}]}},"_links":{"self":[{"href":"https:\/\/dirtbagbrands.com\/es\/wp-json\/wp\/v2\/product\/5501","targetHints":{"allow":["GET"]}}],"collection":[{"href":"https:\/\/dirtbagbrands.com\/es\/wp-json\/wp\/v2\/product"}],"about":[{"href":"https:\/\/dirtbagbrands.com\/es\/wp-json\/wp\/v2\/types\/product"}],"replies":[{"embeddable":true,"href":"https:\/\/dirtbagbrands.com\/es\/wp-json\/wp\/v2\/comments?post=5501"}],"wp:featuredmedia":[{"embeddable":true,"href":"https:\/\/dirtbagbrands.com\/es\/wp-json\/wp\/v2\/media\/5502"}],"wp:attachment":[{"href":"https:\/\/dirtbagbrands.com\/es\/wp-json\/wp\/v2\/media?parent=5501"}],"wp:term":[{"taxonomy":"product_brand","embeddable":true,"href":"https:\/\/dirtbagbrands.com\/es\/wp-json\/wp\/v2\/product_brand?post=5501"},{"taxonomy":"product_cat","embeddable":true,"href":"https:\/\/dirtbagbrands.com\/es\/wp-json\/wp\/v2\/product_cat?post=5501"},{"taxonomy":"product_tag","embeddable":true,"href":"https:\/\/dirtbagbrands.com\/es\/wp-json\/wp\/v2\/product_tag?post=5501"}],"curies":[{"name":"wp","href":"https:\/\/api.w.org\/{rel}","templated":true}]}}