{"id":5453,"date":"2026-04-28T21:18:23","date_gmt":"2026-04-28T21:18:23","guid":{"rendered":"https:\/\/dirtbagbrands.com\/?post_type=product&#038;p=5453"},"modified":"2026-04-28T21:41:51","modified_gmt":"2026-04-28T21:41:51","slug":"torc1-yamaha-yz-clutch-lever","status":"publish","type":"product","link":"https:\/\/dirtbagbrands.com\/es\/product\/torc1-yamaha-yz-clutch-lever\/","title":{"rendered":"Maneta de embrague Torc1 para Yamaha YZ250F, YZ450F, YZ125, YZ250, YZ65 y YZ85 (azul)"},"content":{"rendered":"<p>Torc1 Vengeance Flex Clutch Levers are designed for modern dirt bikes that use clutch systems. Built from hard anodized 6061 billet aluminum with a breakaway flex design, this lever provides smooth engagement while helping reduce damage during impacts.<\/p>\n<h2>Caracter\u00edsticas principales<\/h2>\n<ul>\n<li data-section-id=\"1vrkkxo\" data-start=\"996\" data-end=\"1061\">El dise\u00f1o flexible de ruptura ayuda a reducir el da\u00f1o a la palanca durante el impacto.<\/li>\n<li data-section-id=\"1okrm2k\" data-start=\"1062\" data-end=\"1125\">Fabricado en aluminio billet 6061 con acabado anodizado duro.<\/li>\n<li data-section-id=\"ues47y\" data-start=\"1126\" data-end=\"1169\">Incluye cuchilla de repuesto negra<\/li>\n<li data-section-id=\"3e4nvo\" data-start=\"1170\" data-end=\"1224\">Maniobra suave para un acoplamiento constante del embrague<\/li>\n<li data-section-id=\"17lx8de\" data-start=\"1225\" data-end=\"1276\">Dise\u00f1o espec\u00edfico para cada modelo para una sensaci\u00f3n de control adecuada.<\/li>\n<li data-section-id=\"czz66r\" data-start=\"1277\" data-end=\"1321\">Dise\u00f1ado exclusivamente para motos de cross.<\/li>\n<\/ul>\n<h2>Mueble<\/h2>\n<h3>Compatibilidad con Yamaha:<\/h3>\n<ul>\n<li data-section-id=\"wzhmxx\" data-start=\"3522\" data-end=\"3544\">YZ250F (2009\u20132026)<\/li>\n<li data-section-id=\"19m0oir\" data-start=\"3545\" data-end=\"3567\">YZ450F (2009\u20132026)<\/li>\n<li data-section-id=\"3k2grz\" data-start=\"3568\" data-end=\"3589\">YZ125 (2015\u20132026)<\/li>\n<li data-section-id=\"4bae32\" data-start=\"3590\" data-end=\"3611\">YZ250 (2015\u20132026)<\/li>\n<li data-section-id=\"fwv88q\" data-start=\"3612\" data-end=\"3632\">YZ65 (2015\u20132026)<\/li>\n<li data-section-id=\"v26ss4\" data-start=\"3633\" data-end=\"3653\">YZ85 (2015\u20132026)<\/li>\n<\/ul>\n<h2>Nota de compatibilidad<\/h2>\n<p data-start=\"1770\" data-end=\"1852\">Este producto es un conjunto completo de palanca de embrague flexible Torc1 Vengeance.<\/p>\n<p data-start=\"1950\" data-end=\"2010\">No es un repuesto original y no es compatible con los controles de los veh\u00edculos todo terreno.<\/p>","protected":false},"excerpt":{"rendered":"<p>Torc1 Vengeance Flex clutch lever for Yamaha YZ models delivers smooth engagement and durability with hard anodized billet construction and a breakaway design. Includes a backup replacement blade.<\/p>","protected":false},"featured_media":5454,"comment_status":"closed","ping_status":"closed","template":"","meta":{"saved_in_kubio":false,"_coblocks_attr":"","_coblocks_dimensions":"","_coblocks_responsive_height":"","_coblocks_accordion_ie_support":""},"product_brand":[],"product_cat":[384,382],"product_tag":[],"class_list":{"0":"post-5453","1":"product","2":"type-product","3":"status-publish","4":"has-post-thumbnail","6":"product_cat-clutch-levers","7":"product_cat-levers","9":"first","10":"outofstock","11":"taxable","12":"shipping-taxable","13":"purchasable","14":"product-type-simple"},"yoast_head":"<!-- This site is optimized with the Yoast SEO Premium plugin v27.5 (Yoast SEO v27.5) - https:\/\/yoast.com\/product\/yoast-seo-premium-wordpress\/ -->\n<title>Yamaha YZ250F Clutch Lever | Torc1<\/title>\n<meta name=\"description\" content=\"Upgrade your Yamaha YZ models with a Torc1 Vengeance Flex clutch lever. Hard anodized billet with backup black blade included.\" \/>\n<meta name=\"robots\" content=\"index, follow, max-snippet:-1, max-image-preview:large, max-video-preview:-1\" \/>\n<link rel=\"canonical\" href=\"https:\/\/dirtbagbrands.com\/es\/product\/torc1-yamaha-yz-clutch-lever\/\" \/>\n<meta property=\"og:locale\" content=\"es_MX\" \/>\n<meta property=\"og:type\" content=\"article\" \/>\n<meta property=\"og:title\" content=\"Torc1 Clutch Lever Yamaha YZ250F YZ450F YZ125 YZ250 YZ65 YZ85 Blue | Dirtbag Brands\" \/>\n<meta property=\"og:description\" content=\"Torc1 Clutch Lever Yamaha YZ250F YZ450F YZ125 YZ250 YZ65 YZ85 Blue \u2013 Built for off-road durability. Perfect for and . Free shipping over $100!\" \/>\n<meta property=\"og:url\" content=\"https:\/\/dirtbagbrands.com\/es\/product\/torc1-yamaha-yz-clutch-lever\/\" \/>\n<meta property=\"og:site_name\" content=\"Dirtbag Brands\" \/>\n<meta property=\"article:publisher\" content=\"https:\/\/www.facebook.com\/dirtbagbrands\/\" \/>\n<meta property=\"article:modified_time\" content=\"2026-04-28T21:41:51+00:00\" \/>\n<meta property=\"og:image\" content=\"https:\/\/dirtbagbrands.com\/wp-content\/uploads\/2026\/04\/yamaha-yz-250-450-clutch-lever-blue.webp\" \/>\n\t<meta property=\"og:image:width\" content=\"1200\" \/>\n\t<meta property=\"og:image:height\" content=\"1200\" \/>\n\t<meta property=\"og:image:type\" content=\"image\/png\" \/>\n<meta name=\"twitter:card\" content=\"summary_large_image\" \/>\n<meta name=\"twitter:label1\" content=\"Tiempo de lectura\" \/>\n\t<meta name=\"twitter:data1\" content=\"1 minuto\" \/>\n<script type=\"application\/ld+json\" class=\"yoast-schema-graph\">{\"@context\":\"https:\\\/\\\/schema.org\",\"@graph\":[{\"@type\":\"WebPage\",\"@id\":\"https:\\\/\\\/dirtbagbrands.com\\\/product\\\/torc1-yamaha-yz-clutch-lever\\\/\",\"url\":\"https:\\\/\\\/dirtbagbrands.com\\\/product\\\/torc1-yamaha-yz-clutch-lever\\\/\",\"name\":\"Yamaha YZ250F Clutch Lever | Torc1\",\"isPartOf\":{\"@id\":\"https:\\\/\\\/dirtbagbrands.com\\\/#website\"},\"primaryImageOfPage\":{\"@id\":\"https:\\\/\\\/dirtbagbrands.com\\\/product\\\/torc1-yamaha-yz-clutch-lever\\\/#primaryimage\"},\"image\":{\"@id\":\"https:\\\/\\\/dirtbagbrands.com\\\/product\\\/torc1-yamaha-yz-clutch-lever\\\/#primaryimage\"},\"thumbnailUrl\":\"https:\\\/\\\/dirtbagbrands.com\\\/wp-content\\\/uploads\\\/2026\\\/04\\\/yamaha-yz-250-450-clutch-lever-blue.webp\",\"datePublished\":\"2026-04-28T21:18:23+00:00\",\"dateModified\":\"2026-04-28T21:41:51+00:00\",\"description\":\"Upgrade your Yamaha YZ models with a Torc1 Vengeance Flex clutch lever. Hard anodized billet with backup black blade included.\",\"breadcrumb\":{\"@id\":\"https:\\\/\\\/dirtbagbrands.com\\\/product\\\/torc1-yamaha-yz-clutch-lever\\\/#breadcrumb\"},\"inLanguage\":\"es\",\"potentialAction\":[{\"@type\":\"ReadAction\",\"target\":[\"https:\\\/\\\/dirtbagbrands.com\\\/product\\\/torc1-yamaha-yz-clutch-lever\\\/\"]}]},{\"@type\":\"ImageObject\",\"inLanguage\":\"es\",\"@id\":\"https:\\\/\\\/dirtbagbrands.com\\\/product\\\/torc1-yamaha-yz-clutch-lever\\\/#primaryimage\",\"url\":\"https:\\\/\\\/dirtbagbrands.com\\\/wp-content\\\/uploads\\\/2026\\\/04\\\/yamaha-yz-250-450-clutch-lever-blue.webp\",\"contentUrl\":\"https:\\\/\\\/dirtbagbrands.com\\\/wp-content\\\/uploads\\\/2026\\\/04\\\/yamaha-yz-250-450-clutch-lever-blue.webp\",\"width\":1200,\"height\":1200,\"caption\":\"Torc1 Vengeance Flex clutch lever for Yamaha dirt bikes blue billet with backup black lever and hardware\"},{\"@type\":\"BreadcrumbList\",\"@id\":\"https:\\\/\\\/dirtbagbrands.com\\\/product\\\/torc1-yamaha-yz-clutch-lever\\\/#breadcrumb\",\"itemListElement\":[{\"@type\":\"ListItem\",\"position\":1,\"name\":\"Home\",\"item\":\"https:\\\/\\\/dirtbagbrands.com\\\/\"},{\"@type\":\"ListItem\",\"position\":2,\"name\":\"Shop\",\"item\":\"https:\\\/\\\/dirtbagbrands.com\\\/shop\\\/\"},{\"@type\":\"ListItem\",\"position\":3,\"name\":\"Torc1 Levers\",\"item\":\"https:\\\/\\\/dirtbagbrands.com\\\/product-category\\\/levers\\\/\"},{\"@type\":\"ListItem\",\"position\":4,\"name\":\"Torc1 Clutch Lever Yamaha YZ250F YZ450F YZ125 YZ250 YZ65 YZ85 Blue\"}]},{\"@type\":\"WebSite\",\"@id\":\"https:\\\/\\\/dirtbagbrands.com\\\/#website\",\"url\":\"https:\\\/\\\/dirtbagbrands.com\\\/\",\"name\":\"Dirtbag Brands\",\"description\":\"Premium UTV and Dirtbike Accessories\",\"publisher\":{\"@id\":\"https:\\\/\\\/dirtbagbrands.com\\\/#organization\"},\"potentialAction\":[{\"@type\":\"SearchAction\",\"target\":{\"@type\":\"EntryPoint\",\"urlTemplate\":\"https:\\\/\\\/dirtbagbrands.com\\\/?s={search_term_string}\"},\"query-input\":{\"@type\":\"PropertyValueSpecification\",\"valueRequired\":true,\"valueName\":\"search_term_string\"}}],\"inLanguage\":\"es\"},{\"@type\":\"Organization\",\"@id\":\"https:\\\/\\\/dirtbagbrands.com\\\/#organization\",\"name\":\"Dirtbag Brands\",\"alternateName\":\"Dirtbag Brands UTV Accessories\",\"url\":\"https:\\\/\\\/dirtbagbrands.com\\\/\",\"logo\":{\"@type\":\"ImageObject\",\"inLanguage\":\"es\",\"@id\":\"https:\\\/\\\/dirtbagbrands.com\\\/#\\\/schema\\\/logo\\\/image\\\/\",\"url\":\"https:\\\/\\\/dirtbagbrands.com\\\/wp-content\\\/uploads\\\/2024\\\/07\\\/Word-Logo.webp\",\"contentUrl\":\"https:\\\/\\\/dirtbagbrands.com\\\/wp-content\\\/uploads\\\/2024\\\/07\\\/Word-Logo.webp\",\"width\":750,\"height\":750,\"caption\":\"Dirtbag Brands\"},\"image\":{\"@id\":\"https:\\\/\\\/dirtbagbrands.com\\\/#\\\/schema\\\/logo\\\/image\\\/\"},\"sameAs\":[\"https:\\\/\\\/www.facebook.com\\\/dirtbagbrands\\\/\",\"https:\\\/\\\/www.instagram.com\\\/dirtbagbrands\",\"https:\\\/\\\/www.youtube.com\\\/@dirtbagbrands\",\"https:\\\/\\\/www.pinterest.com\\\/dirtbagbrands\",\"https:\\\/\\\/www.linkedin.com\\\/company\\\/dirtbag-brands\\\/\",\"https:\\\/\\\/www.tiktok.com\\\/@dirtbagbrands\"],\"description\":\"Dirtbag Brands designs and manufactures premium billet aluminum UTV accessories engineered for performance, durability, and off-road visibility. Our IronSight mirror systems and mounting solutions are built for Polaris, Can-Am, Kawasaki, Honda, and other utility and sport side-by-side vehicles.\",\"email\":\"inquiries@dirtbagbrands.com\",\"telephone\":\"9706445566\",\"foundingDate\":\"2020-03-10\"}]}<\/script>\n<!-- \/ Yoast SEO Premium plugin. -->","yoast_head_json":{"title":"Yamaha YZ250F Clutch Lever | Torc1","description":"Upgrade your Yamaha YZ models with a Torc1 Vengeance Flex clutch lever. Hard anodized billet with backup black blade included.","robots":{"index":"index","follow":"follow","max-snippet":"max-snippet:-1","max-image-preview":"max-image-preview:large","max-video-preview":"max-video-preview:-1"},"canonical":"https:\/\/dirtbagbrands.com\/es\/product\/torc1-yamaha-yz-clutch-lever\/","og_locale":"es_MX","og_type":"article","og_title":"Torc1 Clutch Lever Yamaha YZ250F YZ450F YZ125 YZ250 YZ65 YZ85 Blue | Dirtbag Brands","og_description":"Torc1 Clutch Lever Yamaha YZ250F YZ450F YZ125 YZ250 YZ65 YZ85 Blue \u2013 Built for off-road durability. Perfect for and . Free shipping over $100!","og_url":"https:\/\/dirtbagbrands.com\/es\/product\/torc1-yamaha-yz-clutch-lever\/","og_site_name":"Dirtbag Brands","article_publisher":"https:\/\/www.facebook.com\/dirtbagbrands\/","article_modified_time":"2026-04-28T21:41:51+00:00","og_image":[{"width":1200,"height":1200,"url":"https:\/\/dirtbagbrands.com\/wp-content\/uploads\/2026\/04\/yamaha-yz-250-450-clutch-lever-blue.webp","type":"image\/png"}],"twitter_card":"summary_large_image","twitter_misc":{"Tiempo de lectura":"1 minuto"},"schema":{"@context":"https:\/\/schema.org","@graph":[{"@type":"WebPage","@id":"https:\/\/dirtbagbrands.com\/product\/torc1-yamaha-yz-clutch-lever\/","url":"https:\/\/dirtbagbrands.com\/product\/torc1-yamaha-yz-clutch-lever\/","name":"Yamaha YZ250F Clutch Lever | Torc1","isPartOf":{"@id":"https:\/\/dirtbagbrands.com\/#website"},"primaryImageOfPage":{"@id":"https:\/\/dirtbagbrands.com\/product\/torc1-yamaha-yz-clutch-lever\/#primaryimage"},"image":{"@id":"https:\/\/dirtbagbrands.com\/product\/torc1-yamaha-yz-clutch-lever\/#primaryimage"},"thumbnailUrl":"https:\/\/dirtbagbrands.com\/wp-content\/uploads\/2026\/04\/yamaha-yz-250-450-clutch-lever-blue.webp","datePublished":"2026-04-28T21:18:23+00:00","dateModified":"2026-04-28T21:41:51+00:00","description":"Upgrade your Yamaha YZ models with a Torc1 Vengeance Flex clutch lever. Hard anodized billet with backup black blade included.","breadcrumb":{"@id":"https:\/\/dirtbagbrands.com\/product\/torc1-yamaha-yz-clutch-lever\/#breadcrumb"},"inLanguage":"es","potentialAction":[{"@type":"ReadAction","target":["https:\/\/dirtbagbrands.com\/product\/torc1-yamaha-yz-clutch-lever\/"]}]},{"@type":"ImageObject","inLanguage":"es","@id":"https:\/\/dirtbagbrands.com\/product\/torc1-yamaha-yz-clutch-lever\/#primaryimage","url":"https:\/\/dirtbagbrands.com\/wp-content\/uploads\/2026\/04\/yamaha-yz-250-450-clutch-lever-blue.webp","contentUrl":"https:\/\/dirtbagbrands.com\/wp-content\/uploads\/2026\/04\/yamaha-yz-250-450-clutch-lever-blue.webp","width":1200,"height":1200,"caption":"Torc1 Vengeance Flex clutch lever for Yamaha dirt bikes blue billet with backup black lever and hardware"},{"@type":"BreadcrumbList","@id":"https:\/\/dirtbagbrands.com\/product\/torc1-yamaha-yz-clutch-lever\/#breadcrumb","itemListElement":[{"@type":"ListItem","position":1,"name":"Home","item":"https:\/\/dirtbagbrands.com\/"},{"@type":"ListItem","position":2,"name":"Shop","item":"https:\/\/dirtbagbrands.com\/shop\/"},{"@type":"ListItem","position":3,"name":"Torc1 Levers","item":"https:\/\/dirtbagbrands.com\/product-category\/levers\/"},{"@type":"ListItem","position":4,"name":"Torc1 Clutch Lever Yamaha YZ250F YZ450F YZ125 YZ250 YZ65 YZ85 Blue"}]},{"@type":"WebSite","@id":"https:\/\/dirtbagbrands.com\/#website","url":"https:\/\/dirtbagbrands.com\/","name":"Marcas Dirtbag","description":"Accesorios premium para UTV y Dirtbike","publisher":{"@id":"https:\/\/dirtbagbrands.com\/#organization"},"potentialAction":[{"@type":"SearchAction","target":{"@type":"EntryPoint","urlTemplate":"https:\/\/dirtbagbrands.com\/?s={search_term_string}"},"query-input":{"@type":"PropertyValueSpecification","valueRequired":true,"valueName":"search_term_string"}}],"inLanguage":"es"},{"@type":"Organization","@id":"https:\/\/dirtbagbrands.com\/#organization","name":"Marcas Dirtbag","alternateName":"Dirtbag Brands UTV Accessories","url":"https:\/\/dirtbagbrands.com\/","logo":{"@type":"ImageObject","inLanguage":"es","@id":"https:\/\/dirtbagbrands.com\/#\/schema\/logo\/image\/","url":"https:\/\/dirtbagbrands.com\/wp-content\/uploads\/2024\/07\/Word-Logo.webp","contentUrl":"https:\/\/dirtbagbrands.com\/wp-content\/uploads\/2024\/07\/Word-Logo.webp","width":750,"height":750,"caption":"Dirtbag Brands"},"image":{"@id":"https:\/\/dirtbagbrands.com\/#\/schema\/logo\/image\/"},"sameAs":["https:\/\/www.facebook.com\/dirtbagbrands\/","https:\/\/www.instagram.com\/dirtbagbrands","https:\/\/www.youtube.com\/@dirtbagbrands","https:\/\/www.pinterest.com\/dirtbagbrands","https:\/\/www.linkedin.com\/company\/dirtbag-brands\/","https:\/\/www.tiktok.com\/@dirtbagbrands"],"description":"Dirtbag Brands dise\u00f1a y fabrica accesorios premium de aluminio macizo para UTV, dise\u00f1ados para ofrecer rendimiento, durabilidad y visibilidad todoterreno. Nuestros sistemas de espejos y soluciones de montaje IronSight est\u00e1n dise\u00f1ados para Polaris, Can-Am, Kawasaki, Honda y otros veh\u00edculos utilitarios y deportivos side-by-side.","email":"inquiries@dirtbagbrands.com","telephone":"9706445566","foundingDate":"2020-03-10"}]}},"_links":{"self":[{"href":"https:\/\/dirtbagbrands.com\/es\/wp-json\/wp\/v2\/product\/5453","targetHints":{"allow":["GET"]}}],"collection":[{"href":"https:\/\/dirtbagbrands.com\/es\/wp-json\/wp\/v2\/product"}],"about":[{"href":"https:\/\/dirtbagbrands.com\/es\/wp-json\/wp\/v2\/types\/product"}],"replies":[{"embeddable":true,"href":"https:\/\/dirtbagbrands.com\/es\/wp-json\/wp\/v2\/comments?post=5453"}],"wp:featuredmedia":[{"embeddable":true,"href":"https:\/\/dirtbagbrands.com\/es\/wp-json\/wp\/v2\/media\/5454"}],"wp:attachment":[{"href":"https:\/\/dirtbagbrands.com\/es\/wp-json\/wp\/v2\/media?parent=5453"}],"wp:term":[{"taxonomy":"product_brand","embeddable":true,"href":"https:\/\/dirtbagbrands.com\/es\/wp-json\/wp\/v2\/product_brand?post=5453"},{"taxonomy":"product_cat","embeddable":true,"href":"https:\/\/dirtbagbrands.com\/es\/wp-json\/wp\/v2\/product_cat?post=5453"},{"taxonomy":"product_tag","embeddable":true,"href":"https:\/\/dirtbagbrands.com\/es\/wp-json\/wp\/v2\/product_tag?post=5453"}],"curies":[{"name":"wp","href":"https:\/\/api.w.org\/{rel}","templated":true}]}}