{"id":5439,"date":"2026-04-28T19:41:25","date_gmt":"2026-04-28T19:41:25","guid":{"rendered":"https:\/\/dirtbagbrands.com\/?post_type=product&#038;p=5439"},"modified":"2026-04-28T20:50:18","modified_gmt":"2026-04-28T20:50:18","slug":"palanca-de-embrague-torc1-para-honda-crf","status":"publish","type":"product","link":"https:\/\/dirtbagbrands.com\/es\/product\/torc1-honda-crf-clutch-lever\/","title":{"rendered":"Maneta de embrague Torc1 para Honda CRF250R CRF450R CRF450X CRF250X CR125R CR250R 2004\u20132026, color rojo."},"content":{"rendered":"<p>Las manetas de embrague Torc1 Vengeance Flex est\u00e1n dise\u00f1adas para motociclistas todoterreno que exigen un acoplamiento suave y una gran durabilidad. Gracias a su sistema de flexi\u00f3n con sistema de liberaci\u00f3n r\u00e1pida y su construcci\u00f3n en aluminio 6061 anodizado duro, esta maneta ayuda a reducir los da\u00f1os durante los impactos, manteniendo una sensaci\u00f3n de embrague constante.<\/p>\n<h2>Caracter\u00edsticas principales<\/h2>\n<ul>\n<li data-section-id=\"1vrkkxo\" data-start=\"996\" data-end=\"1061\">El dise\u00f1o flexible de ruptura ayuda a reducir el da\u00f1o a la palanca durante el impacto.<\/li>\n<li data-section-id=\"1okrm2k\" data-start=\"1062\" data-end=\"1125\">Fabricado en aluminio billet 6061 con acabado anodizado duro.<\/li>\n<li data-section-id=\"ues47y\" data-start=\"1126\" data-end=\"1169\">Incluye cuchilla de repuesto negra<\/li>\n<li data-section-id=\"3e4nvo\" data-start=\"1170\" data-end=\"1224\">Maniobra suave para un acoplamiento constante del embrague<\/li>\n<li data-section-id=\"17lx8de\" data-start=\"1225\" data-end=\"1276\">Dise\u00f1o espec\u00edfico para cada modelo para una sensaci\u00f3n de control adecuada.<\/li>\n<li data-section-id=\"czz66r\" data-start=\"1277\" data-end=\"1321\">Dise\u00f1ado exclusivamente para motos de cross.<\/li>\n<\/ul>\n<h2>Mueble<\/h2>\n<h3>Compatibilidad con Honda:<\/h3>\n<ul>\n<li data-section-id=\"1hupoi6\" data-start=\"1361\" data-end=\"1384\">CRF250R (2004\u20132020)<\/li>\n<li data-section-id=\"1u5e45k\" data-start=\"1385\" data-end=\"1408\">CRF450R (2004\u20132020)<\/li>\n<li data-section-id=\"11b13ut\" data-start=\"1409\" data-end=\"1432\">CRF450X (2005\u20132026)<\/li>\n<li data-section-id=\"b7okwx\" data-start=\"1433\" data-end=\"1456\">CRF250X (2004\u20132025)<\/li>\n<li data-section-id=\"13zj58s\" data-start=\"1457\" data-end=\"1479\">CR125R (2004\u20132007)<\/li>\n<li data-section-id=\"f8gde5\" data-start=\"1480\" data-end=\"1502\">CR250R (2004\u20132007)<\/li>\n<\/ul>\n<h2>Nota de compatibilidad<\/h2>\n<p data-start=\"2416\" data-end=\"2491\">Este producto es un conjunto completo de palanca de freno delantero Torc1 Vengeance Flex.<\/p>\n<p data-start=\"2493\" data-end=\"2594\">Si solo necesita una cuchilla de repuesto para una palanca Vengeance existente, utilice la p\u00e1gina de palancas de repuesto.<\/p>\n<p data-start=\"2596\" data-end=\"2675\">Estas palancas no son repuestos originales y no son compatibles con los controles de los veh\u00edculos todo terreno.<\/p>","protected":false},"excerpt":{"rendered":"<p>La maneta de embrague Torc1 Vengeance Flex para modelos Honda CRF ofrece un acoplamiento suave y una mayor durabilidad gracias a su construcci\u00f3n en aluminio anodizado duro y su dise\u00f1o desmontable. Incluye una hoja de repuesto para mayor fiabilidad en pista o sendero.<\/p>","protected":false},"featured_media":5440,"comment_status":"closed","ping_status":"closed","template":"","meta":{"saved_in_kubio":false,"_coblocks_attr":"","_coblocks_dimensions":"","_coblocks_responsive_height":"","_coblocks_accordion_ie_support":""},"product_brand":[],"product_cat":[384,382],"product_tag":[],"class_list":{"0":"post-5439","1":"product","2":"type-product","3":"status-publish","4":"has-post-thumbnail","6":"product_cat-clutch-levers","7":"product_cat-levers","9":"first","10":"outofstock","11":"taxable","12":"shipping-taxable","13":"purchasable","14":"product-type-simple"},"yoast_head":"<!-- This site is optimized with the Yoast SEO Premium plugin v27.5 (Yoast SEO v27.5) - https:\/\/yoast.com\/product\/yoast-seo-premium-wordpress\/ -->\n<title>Honda CRF450R Clutch Lever 2004\u20132026 | Torc1<\/title>\n<meta name=\"description\" content=\"Upgrade your Honda CRF with a Torc1 Vengeance Flex clutch lever. Hard anodized billet construction with backup blade included.\" \/>\n<meta name=\"robots\" content=\"index, follow, max-snippet:-1, max-image-preview:large, max-video-preview:-1\" \/>\n<link rel=\"canonical\" href=\"https:\/\/dirtbagbrands.com\/es\/product\/palanca-de-embrague-torc1-para-honda-crf\/\" \/>\n<meta property=\"og:locale\" content=\"es_MX\" \/>\n<meta property=\"og:type\" content=\"article\" \/>\n<meta property=\"og:title\" content=\"Torc1 Clutch Lever Honda CRF250R CRF450R CRF450X CRF250X CR125R CR250R 2004\u20132026 Red | Dirtbag Brands\" \/>\n<meta property=\"og:description\" content=\"Torc1 Clutch Lever Honda CRF250R CRF450R CRF450X CRF250X CR125R CR250R 2004\u20132026 Red \u2013 Built for off-road durability. Perfect for and . Free shipping over $100!\" \/>\n<meta property=\"og:url\" content=\"https:\/\/dirtbagbrands.com\/es\/product\/palanca-de-embrague-torc1-para-honda-crf\/\" \/>\n<meta property=\"og:site_name\" content=\"Dirtbag Brands\" \/>\n<meta property=\"article:publisher\" content=\"https:\/\/www.facebook.com\/dirtbagbrands\/\" \/>\n<meta property=\"article:modified_time\" content=\"2026-04-28T20:50:18+00:00\" \/>\n<meta property=\"og:image\" content=\"https:\/\/dirtbagbrands.com\/wp-content\/uploads\/2026\/04\/honda-crf-450-clutch-lever.webp\" \/>\n\t<meta property=\"og:image:width\" content=\"1200\" \/>\n\t<meta property=\"og:image:height\" content=\"1200\" \/>\n\t<meta property=\"og:image:type\" content=\"image\/png\" \/>\n<meta name=\"twitter:card\" content=\"summary_large_image\" \/>\n<meta name=\"twitter:label1\" content=\"Tiempo de lectura\" \/>\n\t<meta name=\"twitter:data1\" content=\"1 minuto\" \/>\n<script type=\"application\/ld+json\" class=\"yoast-schema-graph\">{\"@context\":\"https:\\\/\\\/schema.org\",\"@graph\":[{\"@type\":\"WebPage\",\"@id\":\"https:\\\/\\\/dirtbagbrands.com\\\/product\\\/torc1-honda-crf-clutch-lever\\\/\",\"url\":\"https:\\\/\\\/dirtbagbrands.com\\\/product\\\/torc1-honda-crf-clutch-lever\\\/\",\"name\":\"Honda CRF450R Clutch Lever 2004\u20132026 | Torc1\",\"isPartOf\":{\"@id\":\"https:\\\/\\\/dirtbagbrands.com\\\/#website\"},\"primaryImageOfPage\":{\"@id\":\"https:\\\/\\\/dirtbagbrands.com\\\/product\\\/torc1-honda-crf-clutch-lever\\\/#primaryimage\"},\"image\":{\"@id\":\"https:\\\/\\\/dirtbagbrands.com\\\/product\\\/torc1-honda-crf-clutch-lever\\\/#primaryimage\"},\"thumbnailUrl\":\"https:\\\/\\\/dirtbagbrands.com\\\/wp-content\\\/uploads\\\/2026\\\/04\\\/honda-crf-450-clutch-lever.webp\",\"datePublished\":\"2026-04-28T19:41:25+00:00\",\"dateModified\":\"2026-04-28T20:50:18+00:00\",\"description\":\"Upgrade your Honda CRF with a Torc1 Vengeance Flex clutch lever. Hard anodized billet construction with backup blade included.\",\"breadcrumb\":{\"@id\":\"https:\\\/\\\/dirtbagbrands.com\\\/product\\\/torc1-honda-crf-clutch-lever\\\/#breadcrumb\"},\"inLanguage\":\"es\",\"potentialAction\":[{\"@type\":\"ReadAction\",\"target\":[\"https:\\\/\\\/dirtbagbrands.com\\\/product\\\/torc1-honda-crf-clutch-lever\\\/\"]}]},{\"@type\":\"ImageObject\",\"inLanguage\":\"es\",\"@id\":\"https:\\\/\\\/dirtbagbrands.com\\\/product\\\/torc1-honda-crf-clutch-lever\\\/#primaryimage\",\"url\":\"https:\\\/\\\/dirtbagbrands.com\\\/wp-content\\\/uploads\\\/2026\\\/04\\\/honda-crf-450-clutch-lever.webp\",\"contentUrl\":\"https:\\\/\\\/dirtbagbrands.com\\\/wp-content\\\/uploads\\\/2026\\\/04\\\/honda-crf-450-clutch-lever.webp\",\"width\":1200,\"height\":1200,\"caption\":\"Torc1 Vengeance Flex clutch lever for Honda CRF dirt bikes red billet with backup black lever and hardware\"},{\"@type\":\"BreadcrumbList\",\"@id\":\"https:\\\/\\\/dirtbagbrands.com\\\/product\\\/torc1-honda-crf-clutch-lever\\\/#breadcrumb\",\"itemListElement\":[{\"@type\":\"ListItem\",\"position\":1,\"name\":\"Home\",\"item\":\"https:\\\/\\\/dirtbagbrands.com\\\/\"},{\"@type\":\"ListItem\",\"position\":2,\"name\":\"Shop\",\"item\":\"https:\\\/\\\/dirtbagbrands.com\\\/shop\\\/\"},{\"@type\":\"ListItem\",\"position\":3,\"name\":\"Torc1 Levers\",\"item\":\"https:\\\/\\\/dirtbagbrands.com\\\/product-category\\\/levers\\\/\"},{\"@type\":\"ListItem\",\"position\":4,\"name\":\"Torc1 Clutch Lever Honda CRF250R CRF450R CRF450X CRF250X CR125R CR250R 2004\u20132026 Red\"}]},{\"@type\":\"WebSite\",\"@id\":\"https:\\\/\\\/dirtbagbrands.com\\\/#website\",\"url\":\"https:\\\/\\\/dirtbagbrands.com\\\/\",\"name\":\"Dirtbag Brands\",\"description\":\"Premium UTV and Dirtbike Accessories\",\"publisher\":{\"@id\":\"https:\\\/\\\/dirtbagbrands.com\\\/#organization\"},\"potentialAction\":[{\"@type\":\"SearchAction\",\"target\":{\"@type\":\"EntryPoint\",\"urlTemplate\":\"https:\\\/\\\/dirtbagbrands.com\\\/?s={search_term_string}\"},\"query-input\":{\"@type\":\"PropertyValueSpecification\",\"valueRequired\":true,\"valueName\":\"search_term_string\"}}],\"inLanguage\":\"es\"},{\"@type\":\"Organization\",\"@id\":\"https:\\\/\\\/dirtbagbrands.com\\\/#organization\",\"name\":\"Dirtbag Brands\",\"alternateName\":\"Dirtbag Brands UTV Accessories\",\"url\":\"https:\\\/\\\/dirtbagbrands.com\\\/\",\"logo\":{\"@type\":\"ImageObject\",\"inLanguage\":\"es\",\"@id\":\"https:\\\/\\\/dirtbagbrands.com\\\/#\\\/schema\\\/logo\\\/image\\\/\",\"url\":\"https:\\\/\\\/dirtbagbrands.com\\\/wp-content\\\/uploads\\\/2024\\\/07\\\/Word-Logo.webp\",\"contentUrl\":\"https:\\\/\\\/dirtbagbrands.com\\\/wp-content\\\/uploads\\\/2024\\\/07\\\/Word-Logo.webp\",\"width\":750,\"height\":750,\"caption\":\"Dirtbag Brands\"},\"image\":{\"@id\":\"https:\\\/\\\/dirtbagbrands.com\\\/#\\\/schema\\\/logo\\\/image\\\/\"},\"sameAs\":[\"https:\\\/\\\/www.facebook.com\\\/dirtbagbrands\\\/\",\"https:\\\/\\\/www.instagram.com\\\/dirtbagbrands\",\"https:\\\/\\\/www.youtube.com\\\/@dirtbagbrands\",\"https:\\\/\\\/www.pinterest.com\\\/dirtbagbrands\",\"https:\\\/\\\/www.linkedin.com\\\/company\\\/dirtbag-brands\\\/\",\"https:\\\/\\\/www.tiktok.com\\\/@dirtbagbrands\"],\"description\":\"Dirtbag Brands designs and manufactures premium billet aluminum UTV accessories engineered for performance, durability, and off-road visibility. Our IronSight mirror systems and mounting solutions are built for Polaris, Can-Am, Kawasaki, Honda, and other utility and sport side-by-side vehicles.\",\"email\":\"inquiries@dirtbagbrands.com\",\"telephone\":\"9706445566\",\"foundingDate\":\"2020-03-10\"}]}<\/script>\n<!-- \/ Yoast SEO Premium plugin. -->","yoast_head_json":{"title":"Maneta de embrague para Honda CRF450R 2004\u20132026 | Torc1","description":"Mejora tu Honda CRF con una maneta de embrague Torc1 Vengeance Flex. Fabricada en aluminio mecanizado anodizado duro e incluye una hoja de repuesto.","robots":{"index":"index","follow":"follow","max-snippet":"max-snippet:-1","max-image-preview":"max-image-preview:large","max-video-preview":"max-video-preview:-1"},"canonical":"https:\/\/dirtbagbrands.com\/es\/product\/palanca-de-embrague-torc1-para-honda-crf\/","og_locale":"es_MX","og_type":"article","og_title":"Torc1 Clutch Lever Honda CRF250R CRF450R CRF450X CRF250X CR125R CR250R 2004\u20132026 Red | Dirtbag Brands","og_description":"Torc1 Clutch Lever Honda CRF250R CRF450R CRF450X CRF250X CR125R CR250R 2004\u20132026 Red \u2013 Built for off-road durability. Perfect for and . Free shipping over $100!","og_url":"https:\/\/dirtbagbrands.com\/es\/product\/palanca-de-embrague-torc1-para-honda-crf\/","og_site_name":"Dirtbag Brands","article_publisher":"https:\/\/www.facebook.com\/dirtbagbrands\/","article_modified_time":"2026-04-28T20:50:18+00:00","og_image":[{"width":1200,"height":1200,"url":"https:\/\/dirtbagbrands.com\/wp-content\/uploads\/2026\/04\/honda-crf-450-clutch-lever.webp","type":"image\/png"}],"twitter_card":"summary_large_image","twitter_misc":{"Tiempo de lectura":"1 minuto"},"schema":{"@context":"https:\/\/schema.org","@graph":[{"@type":"WebPage","@id":"https:\/\/dirtbagbrands.com\/product\/torc1-honda-crf-clutch-lever\/","url":"https:\/\/dirtbagbrands.com\/product\/torc1-honda-crf-clutch-lever\/","name":"Maneta de embrague para Honda CRF450R 2004\u20132026 | Torc1","isPartOf":{"@id":"https:\/\/dirtbagbrands.com\/#website"},"primaryImageOfPage":{"@id":"https:\/\/dirtbagbrands.com\/product\/torc1-honda-crf-clutch-lever\/#primaryimage"},"image":{"@id":"https:\/\/dirtbagbrands.com\/product\/torc1-honda-crf-clutch-lever\/#primaryimage"},"thumbnailUrl":"https:\/\/dirtbagbrands.com\/wp-content\/uploads\/2026\/04\/honda-crf-450-clutch-lever.webp","datePublished":"2026-04-28T19:41:25+00:00","dateModified":"2026-04-28T20:50:18+00:00","description":"Mejora tu Honda CRF con una maneta de embrague Torc1 Vengeance Flex. Fabricada en aluminio mecanizado anodizado duro e incluye una hoja de repuesto.","breadcrumb":{"@id":"https:\/\/dirtbagbrands.com\/product\/torc1-honda-crf-clutch-lever\/#breadcrumb"},"inLanguage":"es","potentialAction":[{"@type":"ReadAction","target":["https:\/\/dirtbagbrands.com\/product\/torc1-honda-crf-clutch-lever\/"]}]},{"@type":"ImageObject","inLanguage":"es","@id":"https:\/\/dirtbagbrands.com\/product\/torc1-honda-crf-clutch-lever\/#primaryimage","url":"https:\/\/dirtbagbrands.com\/wp-content\/uploads\/2026\/04\/honda-crf-450-clutch-lever.webp","contentUrl":"https:\/\/dirtbagbrands.com\/wp-content\/uploads\/2026\/04\/honda-crf-450-clutch-lever.webp","width":1200,"height":1200,"caption":"Torc1 Vengeance Flex clutch lever for Honda CRF dirt bikes red billet with backup black lever and hardware"},{"@type":"BreadcrumbList","@id":"https:\/\/dirtbagbrands.com\/product\/torc1-honda-crf-clutch-lever\/#breadcrumb","itemListElement":[{"@type":"ListItem","position":1,"name":"Home","item":"https:\/\/dirtbagbrands.com\/"},{"@type":"ListItem","position":2,"name":"Shop","item":"https:\/\/dirtbagbrands.com\/shop\/"},{"@type":"ListItem","position":3,"name":"Torc1 Levers","item":"https:\/\/dirtbagbrands.com\/product-category\/levers\/"},{"@type":"ListItem","position":4,"name":"Torc1 Clutch Lever Honda CRF250R CRF450R CRF450X CRF250X CR125R CR250R 2004\u20132026 Red"}]},{"@type":"WebSite","@id":"https:\/\/dirtbagbrands.com\/#website","url":"https:\/\/dirtbagbrands.com\/","name":"Marcas Dirtbag","description":"Accesorios premium para UTV y Dirtbike","publisher":{"@id":"https:\/\/dirtbagbrands.com\/#organization"},"potentialAction":[{"@type":"SearchAction","target":{"@type":"EntryPoint","urlTemplate":"https:\/\/dirtbagbrands.com\/?s={search_term_string}"},"query-input":{"@type":"PropertyValueSpecification","valueRequired":true,"valueName":"search_term_string"}}],"inLanguage":"es"},{"@type":"Organization","@id":"https:\/\/dirtbagbrands.com\/#organization","name":"Marcas Dirtbag","alternateName":"Dirtbag Brands UTV Accessories","url":"https:\/\/dirtbagbrands.com\/","logo":{"@type":"ImageObject","inLanguage":"es","@id":"https:\/\/dirtbagbrands.com\/#\/schema\/logo\/image\/","url":"https:\/\/dirtbagbrands.com\/wp-content\/uploads\/2024\/07\/Word-Logo.webp","contentUrl":"https:\/\/dirtbagbrands.com\/wp-content\/uploads\/2024\/07\/Word-Logo.webp","width":750,"height":750,"caption":"Dirtbag Brands"},"image":{"@id":"https:\/\/dirtbagbrands.com\/#\/schema\/logo\/image\/"},"sameAs":["https:\/\/www.facebook.com\/dirtbagbrands\/","https:\/\/www.instagram.com\/dirtbagbrands","https:\/\/www.youtube.com\/@dirtbagbrands","https:\/\/www.pinterest.com\/dirtbagbrands","https:\/\/www.linkedin.com\/company\/dirtbag-brands\/","https:\/\/www.tiktok.com\/@dirtbagbrands"],"description":"Dirtbag Brands dise\u00f1a y fabrica accesorios premium de aluminio macizo para UTV, dise\u00f1ados para ofrecer rendimiento, durabilidad y visibilidad todoterreno. Nuestros sistemas de espejos y soluciones de montaje IronSight est\u00e1n dise\u00f1ados para Polaris, Can-Am, Kawasaki, Honda y otros veh\u00edculos utilitarios y deportivos side-by-side.","email":"inquiries@dirtbagbrands.com","telephone":"9706445566","foundingDate":"2020-03-10"}]}},"_links":{"self":[{"href":"https:\/\/dirtbagbrands.com\/es\/wp-json\/wp\/v2\/product\/5439","targetHints":{"allow":["GET"]}}],"collection":[{"href":"https:\/\/dirtbagbrands.com\/es\/wp-json\/wp\/v2\/product"}],"about":[{"href":"https:\/\/dirtbagbrands.com\/es\/wp-json\/wp\/v2\/types\/product"}],"replies":[{"embeddable":true,"href":"https:\/\/dirtbagbrands.com\/es\/wp-json\/wp\/v2\/comments?post=5439"}],"wp:featuredmedia":[{"embeddable":true,"href":"https:\/\/dirtbagbrands.com\/es\/wp-json\/wp\/v2\/media\/5440"}],"wp:attachment":[{"href":"https:\/\/dirtbagbrands.com\/es\/wp-json\/wp\/v2\/media?parent=5439"}],"wp:term":[{"taxonomy":"product_brand","embeddable":true,"href":"https:\/\/dirtbagbrands.com\/es\/wp-json\/wp\/v2\/product_brand?post=5439"},{"taxonomy":"product_cat","embeddable":true,"href":"https:\/\/dirtbagbrands.com\/es\/wp-json\/wp\/v2\/product_cat?post=5439"},{"taxonomy":"product_tag","embeddable":true,"href":"https:\/\/dirtbagbrands.com\/es\/wp-json\/wp\/v2\/product_tag?post=5439"}],"curies":[{"name":"wp","href":"https:\/\/api.w.org\/{rel}","templated":true}]}}