{"id":5377,"date":"2026-04-27T21:21:39","date_gmt":"2026-04-27T21:21:39","guid":{"rendered":"https:\/\/dirtbagbrands.com\/?post_type=product&#038;p=5377"},"modified":"2026-04-29T19:26:40","modified_gmt":"2026-04-29T19:26:40","slug":"torc1-vengeance-flex-front-brake-lever-honda-crf450r-black-red","status":"publish","type":"product","link":"https:\/\/dirtbagbrands.com\/es\/product\/torc1-vengeance-flex-front-brake-lever-honda-crf450r-black-red\/","title":{"rendered":"Maneta de freno delantero Torc1 Vengeance Flex \u2013 Honda CRF450R (02\u201306) Negro\/Rojo"},"content":{"rendered":"<p>Las manetas de freno delanteras Torc1 Vengeance Flex est\u00e1n dise\u00f1adas para motociclistas de motocross que buscan un mayor control y una mayor durabilidad. Gracias a su sistema flexible y de liberaci\u00f3n r\u00e1pida, estas manetas ayudan a reducir los da\u00f1os durante los impactos, manteniendo una sensaci\u00f3n constante en el manillar.<\/p>\n<h2>Caracter\u00edsticas principales<\/h2>\n<ul>\n<li data-section-id=\"11284hm\" data-start=\"1834\" data-end=\"1891\">El dise\u00f1o flexible ayuda a reducir la rotura de la palanca durante el impacto.<\/li>\n<li data-section-id=\"qo1z3v\" data-start=\"1892\" data-end=\"1943\">Construcci\u00f3n a partir de bloques macizos para mayor resistencia y durabilidad.<\/li>\n<li data-section-id=\"ues47y\" data-start=\"1944\" data-end=\"1987\">Incluye cuchilla de repuesto negra<\/li>\n<li data-section-id=\"17lx8de\" data-start=\"1988\" data-end=\"2039\">Dise\u00f1o espec\u00edfico para cada modelo para una sensaci\u00f3n de control adecuada.<\/li>\n<li data-section-id=\"czz66r\" data-start=\"2040\" data-end=\"2084\">Dise\u00f1ado exclusivamente para motos de cross.<\/li>\n<\/ul>\n<h2>Mueble<\/h2>\n<h3>Compatibilidad con Honda:<\/h3>\n<ul>\n<li data-section-id=\"nhem2y\" data-start=\"2153\" data-end=\"2176\">CRF450R (2002\u20132006)<\/li>\n<li data-section-id=\"14paukg\" data-start=\"2177\" data-end=\"2200\">CRF450X (2002\u20132006)<\/li>\n<li data-section-id=\"1ht9ax6\" data-start=\"2201\" data-end=\"2224\">CRF250R (2004\u20132006)<\/li>\n<li data-section-id=\"b913sw\" data-start=\"2225\" data-end=\"2248\">CRF250X (2004\u20132006)<\/li>\n<li data-section-id=\"1b5q7vs\" data-start=\"2249\" data-end=\"2272\">CRF150R (2007\u20132026)<\/li>\n<\/ul>\n<p data-start=\"2416\" data-end=\"2491\">Este producto es un conjunto completo de palanca de freno delantero Torc1 Vengeance Flex.<\/p>\n<p data-start=\"2493\" data-end=\"2594\">Si solo necesita una cuchilla de repuesto para una palanca Vengeance existente, utilice la p\u00e1gina de palancas de repuesto.<\/p>\n<p data-start=\"2596\" data-end=\"2675\">Estas palancas no son repuestos originales y no son compatibles con los controles de los veh\u00edculos todo terreno.<\/p>","protected":false},"excerpt":{"rendered":"<p>Compatible con algunos modelos Honda CRF (2002\u20132006) y Beta RR Enduro (2013\u20132026). La maneta de freno delantero Torc1 Vengeance Flex cuenta con un dise\u00f1o desmontable, acabado anodizado duro e incluye una hoja de repuesto negra. Consulte la lista completa de compatibilidad a continuaci\u00f3n antes de realizar su pedido.<\/p>","protected":false},"featured_media":5378,"comment_status":"closed","ping_status":"closed","template":"","meta":{"saved_in_kubio":false,"_coblocks_attr":"","_coblocks_dimensions":"","_coblocks_responsive_height":"","_coblocks_accordion_ie_support":""},"product_brand":[],"product_cat":[383,382],"product_tag":[],"class_list":{"0":"post-5377","1":"product","2":"type-product","3":"status-publish","4":"has-post-thumbnail","6":"product_cat-front-brake-levers","7":"product_cat-levers","9":"first","10":"instock","11":"taxable","12":"shipping-taxable","13":"purchasable","14":"product-type-simple"},"yoast_head":"<!-- This site is optimized with the Yoast SEO Premium plugin v27.5 (Yoast SEO v27.5) - https:\/\/yoast.com\/product\/yoast-seo-premium-wordpress\/ -->\n<title>Front Brake Lever Honda CRF450R 2002\u20132006 | Torc1 Vengeance<\/title>\n<meta name=\"description\" content=\"Upgrade your Honda CRF450R (2002\u20132006) with a Torc1 Vengeance Flex front brake lever. Includes backup blade and hard anodized billet construction.\" \/>\n<meta name=\"robots\" content=\"index, follow, max-snippet:-1, max-image-preview:large, max-video-preview:-1\" \/>\n<link rel=\"canonical\" href=\"https:\/\/dirtbagbrands.com\/es\/product\/torc1-vengeance-flex-front-brake-lever-honda-crf450r-black-red\/\" \/>\n<meta property=\"og:locale\" content=\"es_MX\" \/>\n<meta property=\"og:type\" content=\"article\" \/>\n<meta property=\"og:title\" content=\"Torc1 Vengeance Flex Front Brake Lever \u2013 Honda CRF450R (02\u201306) Black\/Red | Dirtbag Brands\" \/>\n<meta property=\"og:description\" content=\"Torc1 Vengeance Flex Front Brake Lever \u2013 Honda CRF450R (02\u201306) Black\/Red \u2013 Built for off-road durability. Perfect for and . Free shipping over $100!\" \/>\n<meta property=\"og:url\" content=\"https:\/\/dirtbagbrands.com\/es\/product\/torc1-vengeance-flex-front-brake-lever-honda-crf450r-black-red\/\" \/>\n<meta property=\"og:site_name\" content=\"Dirtbag Brands\" \/>\n<meta property=\"article:publisher\" content=\"https:\/\/www.facebook.com\/dirtbagbrands\/\" \/>\n<meta property=\"article:modified_time\" content=\"2026-04-29T19:26:40+00:00\" \/>\n<meta property=\"og:image\" content=\"https:\/\/dirtbagbrands.com\/wp-content\/uploads\/2026\/04\/6816-0204.webp\" \/>\n\t<meta property=\"og:image:width\" content=\"1200\" \/>\n\t<meta property=\"og:image:height\" content=\"1200\" \/>\n\t<meta property=\"og:image:type\" content=\"image\/png\" \/>\n<meta name=\"twitter:card\" content=\"summary_large_image\" \/>\n<meta name=\"twitter:label1\" content=\"Tiempo de lectura\" \/>\n\t<meta name=\"twitter:data1\" content=\"1 minuto\" \/>\n<script type=\"application\/ld+json\" class=\"yoast-schema-graph\">{\"@context\":\"https:\\\/\\\/schema.org\",\"@graph\":[{\"@type\":\"WebPage\",\"@id\":\"https:\\\/\\\/dirtbagbrands.com\\\/product\\\/torc1-vengeance-flex-front-brake-lever-honda-crf450r-black-red\\\/\",\"url\":\"https:\\\/\\\/dirtbagbrands.com\\\/product\\\/torc1-vengeance-flex-front-brake-lever-honda-crf450r-black-red\\\/\",\"name\":\"Front Brake Lever Honda CRF450R 2002\u20132006 | Torc1 Vengeance\",\"isPartOf\":{\"@id\":\"https:\\\/\\\/dirtbagbrands.com\\\/#website\"},\"primaryImageOfPage\":{\"@id\":\"https:\\\/\\\/dirtbagbrands.com\\\/product\\\/torc1-vengeance-flex-front-brake-lever-honda-crf450r-black-red\\\/#primaryimage\"},\"image\":{\"@id\":\"https:\\\/\\\/dirtbagbrands.com\\\/product\\\/torc1-vengeance-flex-front-brake-lever-honda-crf450r-black-red\\\/#primaryimage\"},\"thumbnailUrl\":\"https:\\\/\\\/dirtbagbrands.com\\\/wp-content\\\/uploads\\\/2026\\\/04\\\/6816-0204.webp\",\"datePublished\":\"2026-04-27T21:21:39+00:00\",\"dateModified\":\"2026-04-29T19:26:40+00:00\",\"description\":\"Upgrade your Honda CRF450R (2002\u20132006) with a Torc1 Vengeance Flex front brake lever. Includes backup blade and hard anodized billet construction.\",\"breadcrumb\":{\"@id\":\"https:\\\/\\\/dirtbagbrands.com\\\/product\\\/torc1-vengeance-flex-front-brake-lever-honda-crf450r-black-red\\\/#breadcrumb\"},\"inLanguage\":\"es\",\"potentialAction\":[{\"@type\":\"ReadAction\",\"target\":[\"https:\\\/\\\/dirtbagbrands.com\\\/product\\\/torc1-vengeance-flex-front-brake-lever-honda-crf450r-black-red\\\/\"]}]},{\"@type\":\"ImageObject\",\"inLanguage\":\"es\",\"@id\":\"https:\\\/\\\/dirtbagbrands.com\\\/product\\\/torc1-vengeance-flex-front-brake-lever-honda-crf450r-black-red\\\/#primaryimage\",\"url\":\"https:\\\/\\\/dirtbagbrands.com\\\/wp-content\\\/uploads\\\/2026\\\/04\\\/6816-0204.webp\",\"contentUrl\":\"https:\\\/\\\/dirtbagbrands.com\\\/wp-content\\\/uploads\\\/2026\\\/04\\\/6816-0204.webp\",\"width\":1200,\"height\":1200,\"caption\":\"Torc1 Vengeance Flex front brake lever black red with backup replacement blade and hardware\"},{\"@type\":\"BreadcrumbList\",\"@id\":\"https:\\\/\\\/dirtbagbrands.com\\\/product\\\/torc1-vengeance-flex-front-brake-lever-honda-crf450r-black-red\\\/#breadcrumb\",\"itemListElement\":[{\"@type\":\"ListItem\",\"position\":1,\"name\":\"Home\",\"item\":\"https:\\\/\\\/dirtbagbrands.com\\\/\"},{\"@type\":\"ListItem\",\"position\":2,\"name\":\"Shop\",\"item\":\"https:\\\/\\\/dirtbagbrands.com\\\/shop\\\/\"},{\"@type\":\"ListItem\",\"position\":3,\"name\":\"Torc1 Levers\",\"item\":\"https:\\\/\\\/dirtbagbrands.com\\\/product-category\\\/levers\\\/\"},{\"@type\":\"ListItem\",\"position\":4,\"name\":\"Front Brake Levers\",\"item\":\"https:\\\/\\\/dirtbagbrands.com\\\/product-category\\\/levers\\\/front-brake-levers\\\/\"},{\"@type\":\"ListItem\",\"position\":5,\"name\":\"Torc1 Vengeance Flex Front Brake Lever \u2013 Honda CRF450R (02\u201306) Black\\\/Red\"}]},{\"@type\":\"WebSite\",\"@id\":\"https:\\\/\\\/dirtbagbrands.com\\\/#website\",\"url\":\"https:\\\/\\\/dirtbagbrands.com\\\/\",\"name\":\"Dirtbag Brands\",\"description\":\"Premium UTV and Dirtbike Accessories\",\"publisher\":{\"@id\":\"https:\\\/\\\/dirtbagbrands.com\\\/#organization\"},\"potentialAction\":[{\"@type\":\"SearchAction\",\"target\":{\"@type\":\"EntryPoint\",\"urlTemplate\":\"https:\\\/\\\/dirtbagbrands.com\\\/?s={search_term_string}\"},\"query-input\":{\"@type\":\"PropertyValueSpecification\",\"valueRequired\":true,\"valueName\":\"search_term_string\"}}],\"inLanguage\":\"es\"},{\"@type\":\"Organization\",\"@id\":\"https:\\\/\\\/dirtbagbrands.com\\\/#organization\",\"name\":\"Dirtbag Brands\",\"alternateName\":\"Dirtbag Brands UTV Accessories\",\"url\":\"https:\\\/\\\/dirtbagbrands.com\\\/\",\"logo\":{\"@type\":\"ImageObject\",\"inLanguage\":\"es\",\"@id\":\"https:\\\/\\\/dirtbagbrands.com\\\/#\\\/schema\\\/logo\\\/image\\\/\",\"url\":\"https:\\\/\\\/dirtbagbrands.com\\\/wp-content\\\/uploads\\\/2024\\\/07\\\/Word-Logo.webp\",\"contentUrl\":\"https:\\\/\\\/dirtbagbrands.com\\\/wp-content\\\/uploads\\\/2024\\\/07\\\/Word-Logo.webp\",\"width\":750,\"height\":750,\"caption\":\"Dirtbag Brands\"},\"image\":{\"@id\":\"https:\\\/\\\/dirtbagbrands.com\\\/#\\\/schema\\\/logo\\\/image\\\/\"},\"sameAs\":[\"https:\\\/\\\/www.facebook.com\\\/dirtbagbrands\\\/\",\"https:\\\/\\\/www.instagram.com\\\/dirtbagbrands\",\"https:\\\/\\\/www.youtube.com\\\/@dirtbagbrands\",\"https:\\\/\\\/www.pinterest.com\\\/dirtbagbrands\",\"https:\\\/\\\/www.linkedin.com\\\/company\\\/dirtbag-brands\\\/\",\"https:\\\/\\\/www.tiktok.com\\\/@dirtbagbrands\"],\"description\":\"Dirtbag Brands designs and manufactures premium billet aluminum UTV accessories engineered for performance, durability, and off-road visibility. Our IronSight mirror systems and mounting solutions are built for Polaris, Can-Am, Kawasaki, Honda, and other utility and sport side-by-side vehicles.\",\"email\":\"inquiries@dirtbagbrands.com\",\"telephone\":\"9706445566\",\"foundingDate\":\"2020-03-10\"}]}<\/script>\n<!-- \/ Yoast SEO Premium plugin. -->","yoast_head_json":{"title":"Maneta de freno delantero Honda CRF450R 2002\u20132006 | Torc1 Vengeance","description":"Mejora tu Honda CRF450R (2002\u20132006) con una maneta de freno delantero Torc1 Vengeance Flex. Incluye maneta de repuesto y est\u00e1 fabricada en aluminio anodizado duro.","robots":{"index":"index","follow":"follow","max-snippet":"max-snippet:-1","max-image-preview":"max-image-preview:large","max-video-preview":"max-video-preview:-1"},"canonical":"https:\/\/dirtbagbrands.com\/es\/product\/torc1-vengeance-flex-front-brake-lever-honda-crf450r-black-red\/","og_locale":"es_MX","og_type":"article","og_title":"Torc1 Vengeance Flex Front Brake Lever \u2013 Honda CRF450R (02\u201306) Black\/Red | Dirtbag Brands","og_description":"Torc1 Vengeance Flex Front Brake Lever \u2013 Honda CRF450R (02\u201306) Black\/Red \u2013 Built for off-road durability. Perfect for and . Free shipping over $100!","og_url":"https:\/\/dirtbagbrands.com\/es\/product\/torc1-vengeance-flex-front-brake-lever-honda-crf450r-black-red\/","og_site_name":"Dirtbag Brands","article_publisher":"https:\/\/www.facebook.com\/dirtbagbrands\/","article_modified_time":"2026-04-29T19:26:40+00:00","og_image":[{"width":1200,"height":1200,"url":"https:\/\/dirtbagbrands.com\/wp-content\/uploads\/2026\/04\/6816-0204.webp","type":"image\/png"}],"twitter_card":"summary_large_image","twitter_misc":{"Tiempo de lectura":"1 minuto"},"schema":{"@context":"https:\/\/schema.org","@graph":[{"@type":"WebPage","@id":"https:\/\/dirtbagbrands.com\/product\/torc1-vengeance-flex-front-brake-lever-honda-crf450r-black-red\/","url":"https:\/\/dirtbagbrands.com\/product\/torc1-vengeance-flex-front-brake-lever-honda-crf450r-black-red\/","name":"Maneta de freno delantero Honda CRF450R 2002\u20132006 | Torc1 Vengeance","isPartOf":{"@id":"https:\/\/dirtbagbrands.com\/#website"},"primaryImageOfPage":{"@id":"https:\/\/dirtbagbrands.com\/product\/torc1-vengeance-flex-front-brake-lever-honda-crf450r-black-red\/#primaryimage"},"image":{"@id":"https:\/\/dirtbagbrands.com\/product\/torc1-vengeance-flex-front-brake-lever-honda-crf450r-black-red\/#primaryimage"},"thumbnailUrl":"https:\/\/dirtbagbrands.com\/wp-content\/uploads\/2026\/04\/6816-0204.webp","datePublished":"2026-04-27T21:21:39+00:00","dateModified":"2026-04-29T19:26:40+00:00","description":"Mejora tu Honda CRF450R (2002\u20132006) con una maneta de freno delantero Torc1 Vengeance Flex. Incluye maneta de repuesto y est\u00e1 fabricada en aluminio anodizado duro.","breadcrumb":{"@id":"https:\/\/dirtbagbrands.com\/product\/torc1-vengeance-flex-front-brake-lever-honda-crf450r-black-red\/#breadcrumb"},"inLanguage":"es","potentialAction":[{"@type":"ReadAction","target":["https:\/\/dirtbagbrands.com\/product\/torc1-vengeance-flex-front-brake-lever-honda-crf450r-black-red\/"]}]},{"@type":"ImageObject","inLanguage":"es","@id":"https:\/\/dirtbagbrands.com\/product\/torc1-vengeance-flex-front-brake-lever-honda-crf450r-black-red\/#primaryimage","url":"https:\/\/dirtbagbrands.com\/wp-content\/uploads\/2026\/04\/6816-0204.webp","contentUrl":"https:\/\/dirtbagbrands.com\/wp-content\/uploads\/2026\/04\/6816-0204.webp","width":1200,"height":1200,"caption":"Torc1 Vengeance Flex front brake lever black red with backup replacement blade and hardware"},{"@type":"BreadcrumbList","@id":"https:\/\/dirtbagbrands.com\/product\/torc1-vengeance-flex-front-brake-lever-honda-crf450r-black-red\/#breadcrumb","itemListElement":[{"@type":"ListItem","position":1,"name":"Home","item":"https:\/\/dirtbagbrands.com\/"},{"@type":"ListItem","position":2,"name":"Shop","item":"https:\/\/dirtbagbrands.com\/shop\/"},{"@type":"ListItem","position":3,"name":"Torc1 Levers","item":"https:\/\/dirtbagbrands.com\/product-category\/levers\/"},{"@type":"ListItem","position":4,"name":"Front Brake Levers","item":"https:\/\/dirtbagbrands.com\/product-category\/levers\/front-brake-levers\/"},{"@type":"ListItem","position":5,"name":"Torc1 Vengeance Flex Front Brake Lever \u2013 Honda CRF450R (02\u201306) Black\/Red"}]},{"@type":"WebSite","@id":"https:\/\/dirtbagbrands.com\/#website","url":"https:\/\/dirtbagbrands.com\/","name":"Marcas Dirtbag","description":"Accesorios premium para UTV y Dirtbike","publisher":{"@id":"https:\/\/dirtbagbrands.com\/#organization"},"potentialAction":[{"@type":"SearchAction","target":{"@type":"EntryPoint","urlTemplate":"https:\/\/dirtbagbrands.com\/?s={search_term_string}"},"query-input":{"@type":"PropertyValueSpecification","valueRequired":true,"valueName":"search_term_string"}}],"inLanguage":"es"},{"@type":"Organization","@id":"https:\/\/dirtbagbrands.com\/#organization","name":"Marcas Dirtbag","alternateName":"Dirtbag Brands UTV Accessories","url":"https:\/\/dirtbagbrands.com\/","logo":{"@type":"ImageObject","inLanguage":"es","@id":"https:\/\/dirtbagbrands.com\/#\/schema\/logo\/image\/","url":"https:\/\/dirtbagbrands.com\/wp-content\/uploads\/2024\/07\/Word-Logo.webp","contentUrl":"https:\/\/dirtbagbrands.com\/wp-content\/uploads\/2024\/07\/Word-Logo.webp","width":750,"height":750,"caption":"Dirtbag Brands"},"image":{"@id":"https:\/\/dirtbagbrands.com\/#\/schema\/logo\/image\/"},"sameAs":["https:\/\/www.facebook.com\/dirtbagbrands\/","https:\/\/www.instagram.com\/dirtbagbrands","https:\/\/www.youtube.com\/@dirtbagbrands","https:\/\/www.pinterest.com\/dirtbagbrands","https:\/\/www.linkedin.com\/company\/dirtbag-brands\/","https:\/\/www.tiktok.com\/@dirtbagbrands"],"description":"Dirtbag Brands dise\u00f1a y fabrica accesorios premium de aluminio macizo para UTV, dise\u00f1ados para ofrecer rendimiento, durabilidad y visibilidad todoterreno. Nuestros sistemas de espejos y soluciones de montaje IronSight est\u00e1n dise\u00f1ados para Polaris, Can-Am, Kawasaki, Honda y otros veh\u00edculos utilitarios y deportivos side-by-side.","email":"inquiries@dirtbagbrands.com","telephone":"9706445566","foundingDate":"2020-03-10"}]}},"_links":{"self":[{"href":"https:\/\/dirtbagbrands.com\/es\/wp-json\/wp\/v2\/product\/5377","targetHints":{"allow":["GET"]}}],"collection":[{"href":"https:\/\/dirtbagbrands.com\/es\/wp-json\/wp\/v2\/product"}],"about":[{"href":"https:\/\/dirtbagbrands.com\/es\/wp-json\/wp\/v2\/types\/product"}],"replies":[{"embeddable":true,"href":"https:\/\/dirtbagbrands.com\/es\/wp-json\/wp\/v2\/comments?post=5377"}],"wp:featuredmedia":[{"embeddable":true,"href":"https:\/\/dirtbagbrands.com\/es\/wp-json\/wp\/v2\/media\/5378"}],"wp:attachment":[{"href":"https:\/\/dirtbagbrands.com\/es\/wp-json\/wp\/v2\/media?parent=5377"}],"wp:term":[{"taxonomy":"product_brand","embeddable":true,"href":"https:\/\/dirtbagbrands.com\/es\/wp-json\/wp\/v2\/product_brand?post=5377"},{"taxonomy":"product_cat","embeddable":true,"href":"https:\/\/dirtbagbrands.com\/es\/wp-json\/wp\/v2\/product_cat?post=5377"},{"taxonomy":"product_tag","embeddable":true,"href":"https:\/\/dirtbagbrands.com\/es\/wp-json\/wp\/v2\/product_tag?post=5377"}],"curies":[{"name":"wp","href":"https:\/\/api.w.org\/{rel}","templated":true}]}}