{"id":1982,"date":"2025-04-11T02:55:42","date_gmt":"2025-04-11T02:55:42","guid":{"rendered":"https:\/\/dirtbagbrands.com\/?post_type=product&#038;p=1982"},"modified":"2026-04-17T17:46:26","modified_gmt":"2026-04-17T17:46:26","slug":"soporte-bandera-polaris-ranger","status":"publish","type":"product","link":"https:\/\/dirtbagbrands.com\/es\/product\/polaris-ranger-flag-mount\/","title":{"rendered":"Polaris Ranger &amp; General Flag Mount - Lock &amp; Ride Whip Mount | Dirtbag Brands"},"content":{"rendered":"<h2 data-start=\"1160\" data-end=\"1505\">Soporte para bandera Polaris Ranger y General<\/h2>\n<p data-start=\"1160\" data-end=\"1505\">\u00bfNecesita un soporte de bandera fiable para su Polaris Ranger o General? Nuestro <strong data-start=\"1227\" data-end=\"1256\">Soporte para bandera Polaris Ranger<\/strong> est\u00e1 dise\u00f1ado espec\u00edficamente para 1-7\/16 \"Lock &amp; Ride agujeros que se encuentran en estos UTV caballo de batalla. Si usted est\u00e1 montando el rastro, trabajando en el rancho, o salir con su equipo, este montaje ofrece una soluci\u00f3n duradera, sin problemas bandera sin necesidad de herramientas.<\/p>\n<p data-start=\"1507\" data-end=\"1746\">A diferencia de los soportes de bandera b\u00e1sicos, este dise\u00f1o incluye un <strong data-start=\"1556\" data-end=\"1575\">Curva de 90<\/strong> que aleja la bandera de la pared de la cama. Esto evita que el perno de la bandera roce, golpee o da\u00f1e la superficie de la cama, lo que resulta ideal para un uso frecuente o en terrenos irregulares.<\/p>\n<p data-start=\"1748\" data-end=\"1967\">El pomo de n\u00facleo macizo permite un fuerte apriete manual, mientras que <strong data-start=\"1809\" data-end=\"1826\">roscas de lat\u00f3n<\/strong> proporcionan durabilidad y resistencia al desgaste a largo plazo. Basta con colocarlo en cualquier orificio Lock &amp; Ride compatible y apretarlo, sin herramientas ni complicaciones.<\/p>\n<blockquote data-start=\"1969\" data-end=\"2240\">\n<p data-start=\"1971\" data-end=\"2240\">\u26a0\ufe0f <strong data-start=\"1974\" data-end=\"1991\">Nota de ajuste:<\/strong> Este soporte est\u00e1 dise\u00f1ado espec\u00edficamente para <strong data-start=\"2032\" data-end=\"2070\">Polaris Ranger y Polaris General<\/strong> modelos con <strong data-start=\"2083\" data-end=\"2104\">Agujeros de cama de 1-7\/16<\/strong>. Lo hace <strong data-start=\"2114\" data-end=\"2163\">no se ajusta a los modelos Polaris RZR, Sportsman o ACE<\/strong>que utilizan agujeros de 1\u2033. Para esas unidades, echa un vistazo a nuestro soporte de l\u00e1tigo espec\u00edfico para RZR.<\/p>\n<\/blockquote>\n<hr class=\"\" data-start=\"2242\" data-end=\"2245\" \/>\n<h3 data-start=\"2247\" data-end=\"2266\">Caracter\u00edsticas principales<\/h3>\n<ul data-start=\"2268\" data-end=\"2854\">\n<li data-start=\"2268\" data-end=\"2432\">\n<p data-start=\"2270\" data-end=\"2432\">\u2705 <strong data-start=\"2272\" data-end=\"2305\">Para Polaris Ranger y General<\/strong><br data-start=\"2305\" data-end=\"2308\" \/>Compatible con modelos que utilizan orificios Lock &amp; Ride de 1-7\/16\u2033, incluidos XP, Crew, EV, HD, 1000, 900, 800, 700, 570, 500 y m\u00e1s.<\/p>\n<\/li>\n<li data-start=\"2434\" data-end=\"2535\">\n<p data-start=\"2436\" data-end=\"2535\">\ud83d\udd29 <strong data-start=\"2439\" data-end=\"2460\">Dise\u00f1o desplazado 90<\/strong><br data-start=\"2460\" data-end=\"2463\" \/>Protege la cama del contacto con el perno de la bandera: perfecto para uso rudo o diario.<\/p>\n<\/li>\n<li data-start=\"2537\" data-end=\"2634\">\n<p data-start=\"2539\" data-end=\"2634\">\ud83d\udd12 <strong data-start=\"2542\" data-end=\"2568\">Instalaci\u00f3n sin herramientas<\/strong><br data-start=\"2568\" data-end=\"2571\" \/>El pomo de n\u00facleo macizo ofrece un agarre firme sin necesidad de llaves ni alicates.<\/p>\n<\/li>\n<li data-start=\"2636\" data-end=\"2747\">\n<p data-start=\"2638\" data-end=\"2747\">\ud83d\udee1\ufe0f <strong data-start=\"2642\" data-end=\"2677\">Roscas de lat\u00f3n para uso prolongado<\/strong><br data-start=\"2677\" data-end=\"2680\" \/>Soporta mejor las vibraciones y el desgaste que los insertos de pl\u00e1stico o acero.<\/p>\n<\/li>\n<li data-start=\"2749\" data-end=\"2854\">\n<p data-start=\"2751\" data-end=\"2854\">\ud83c\uddfa\ud83c\uddf8 <strong data-start=\"2756\" data-end=\"2774\">Dise\u00f1ado en EE.UU.<\/strong><br data-start=\"2774\" data-end=\"2777\" \/>Dise\u00f1ado y probado en los EE.UU. para los propietarios de UTV que necesitan durabilidad en el mundo real.<\/p>\n<\/li>\n<\/ul>\n<hr class=\"\" data-start=\"2856\" data-end=\"2859\" \/>\n<h2 data-start=\"2861\" data-end=\"2910\">\ud83d\udccb Compatible Polaris Ranger y General Modelos<\/h2>\n<ul data-start=\"2912\" data-end=\"3168\">\n<li data-start=\"2912\" data-end=\"2938\">\n<p data-start=\"2914\" data-end=\"2938\">Polaris Ranger XP 1000<\/p>\n<\/li>\n<li data-start=\"2939\" data-end=\"2962\">\n<p data-start=\"2941\" data-end=\"2962\">Polaris Ranger 1000<\/p>\n<\/li>\n<li data-start=\"2963\" data-end=\"2989\">\n<p data-start=\"2965\" data-end=\"2989\">Polaris Ranger Crew XP<\/p>\n<\/li>\n<li data-start=\"2990\" data-end=\"3024\">\n<p data-start=\"2992\" data-end=\"3024\">Polaris Ranger 900 \/ 800 \/ 700<\/p>\n<\/li>\n<li data-start=\"3025\" data-end=\"3053\">\n<p data-start=\"3027\" data-end=\"3053\">Polaris Ranger 570 \/ 500<\/p>\n<\/li>\n<li data-start=\"3054\" data-end=\"3081\">\n<p data-start=\"3056\" data-end=\"3081\">Polaris Ranger EV \/ ETX<\/p>\n<\/li>\n<li data-start=\"3082\" data-end=\"3106\">\n<p data-start=\"3084\" data-end=\"3106\">Polaris General 1000<\/p>\n<\/li>\n<li data-start=\"3107\" data-end=\"3134\">\n<p data-start=\"3109\" data-end=\"3134\">Polaris General XP 1000<\/p>\n<\/li>\n<li data-start=\"3135\" data-end=\"3168\">\n<p data-start=\"3137\" data-end=\"3168\">Modelos Polaris General de 4 plazas<\/p>\n<\/li>\n<\/ul>\n<blockquote data-start=\"3170\" data-end=\"3257\">\n<p data-start=\"3172\" data-end=\"3257\">\ud83d\udeab No apto para modelos RZR, Sportsman o ACE con orificios Lock &amp; Ride m\u00e1s peque\u00f1os.<\/p>\n<\/blockquote>\n<hr class=\"\" data-start=\"3259\" data-end=\"3262\" \/>\n<h2 data-start=\"3264\" data-end=\"3319\">\ud83d\udd17 Accesorios relacionados para Polaris Ranger y General<\/h2>\n<p data-start=\"3321\" data-end=\"3364\">Enlaza con ellas una vez que tu sitio las tenga activas:<\/p>\n<ul data-start=\"3366\" data-end=\"3593\">\n<li data-start=\"3366\" data-end=\"3402\">\n<p data-start=\"3368\" data-end=\"3402\"><a class=\"\" href=\"https:\/\/dirtbagbrands.com\/es\/product\/espejos-utv-para-jaulas-antivuelco-perfiladas\/\" rel=\"noopener\" data-start=\"3368\" data-end=\"3400\">Retrovisores laterales Polaris Ranger<\/a><\/p>\n<\/li>\n<li data-start=\"3403\" data-end=\"3450\">\n<p data-start=\"3405\" data-end=\"3450\"><a class=\"\" href=\"https:\/\/dirtbagbrands.com\/es\/product\/soporte-para-extintor-utv-pro-fit-de-liberacion-rapida\/\" rel=\"noopener\" data-start=\"3405\" data-end=\"3448\">Soportes de extintor para Ranger XP<\/a><\/p>\n<\/li>\n<li data-start=\"3498\" data-end=\"3541\">\n<p data-start=\"3500\" data-end=\"3541\"><a class=\"\" href=\"https:\/\/dirtbagbrands.com\/es\/product\/pro-fit-rotopax-utv-mount-6061-billet-giro-completo-360\/\" rel=\"noopener\" data-start=\"3500\" data-end=\"3539\">Kits de montaje Rotopax para camas Ranger<\/a><\/p>\n<\/li>\n<\/ul>","protected":false},"excerpt":{"rendered":"<p>Instale una bandera f\u00e1cilmente en su Polaris Ranger o General utilizando 1-7\/16\u2033 Lock &amp; Ride agujeros. El dise\u00f1o de 90 \u00b0 evita da\u00f1os perno a la cama. No se necesitan herramientas, se aprieta a mano para un ajuste seguro.<\/p>","protected":false},"featured_media":1983,"comment_status":"closed","ping_status":"closed","template":"","meta":{"saved_in_kubio":false,"_coblocks_attr":"","_coblocks_dimensions":"","_coblocks_responsive_height":"","_coblocks_accordion_ie_support":""},"product_brand":[],"product_cat":[102,372,348,370],"product_tag":[],"class_list":{"0":"post-1982","1":"product","2":"type-product","3":"status-publish","4":"has-post-thumbnail","6":"product_cat-uncategorized","7":"product_cat-polaris-ranger-500-accessories","8":"product_cat-polaris-ranger-accessories","9":"product_cat-polaris-ranger-rzr-general-tie-downs-whip-mounts","10":"product_shipping_class-international-allowed","12":"first","13":"instock","14":"taxable","15":"shipping-taxable","16":"purchasable","17":"product-type-simple"},"yoast_head":"<!-- This site is optimized with the Yoast SEO Premium plugin v27.5 (Yoast SEO v27.5) - https:\/\/yoast.com\/product\/yoast-seo-premium-wordpress\/ -->\n<title>Polaris Ranger Basic Flag Mount | Lock &amp; Ride | Dirtbag Brands<\/title>\n<meta name=\"description\" content=\"Polaris Ranger &amp; General flag mount with 90\u00b0 offset for 1-7\/16&quot; Lock &amp; Ride holes. Tool-free install with brass threads. Not for RZR, Sportsman, or ACE.\" \/>\n<meta name=\"robots\" content=\"index, follow, max-snippet:-1, max-image-preview:large, max-video-preview:-1\" \/>\n<link rel=\"canonical\" href=\"https:\/\/dirtbagbrands.com\/es\/product\/soporte-bandera-polaris-ranger\/\" \/>\n<meta property=\"og:locale\" content=\"es_MX\" \/>\n<meta property=\"og:type\" content=\"article\" \/>\n<meta property=\"og:title\" content=\"Polaris Ranger &amp; General Flag Mount \u2013 Lock &amp; Ride Whip Mount | Dirtbag Brands | Dirtbag Brands\" \/>\n<meta property=\"og:description\" content=\"Polaris Ranger &amp; General Flag Mount \u2013 Lock &amp; Ride Whip Mount | Dirtbag Brands \u2013 Built for off-road durability. Perfect for and . Free shipping over $100!\" \/>\n<meta property=\"og:url\" content=\"https:\/\/dirtbagbrands.com\/es\/product\/soporte-bandera-polaris-ranger\/\" \/>\n<meta property=\"og:site_name\" content=\"Dirtbag Brands\" \/>\n<meta property=\"article:publisher\" content=\"https:\/\/www.facebook.com\/dirtbagbrands\/\" \/>\n<meta property=\"article:modified_time\" content=\"2026-04-17T17:46:26+00:00\" \/>\n<meta property=\"og:image\" content=\"https:\/\/dirtbagbrands.com\/wp-content\/uploads\/2025\/04\/PXL_20211223_203128413-scaled.webp\" \/>\n\t<meta property=\"og:image:width\" content=\"1920\" \/>\n\t<meta property=\"og:image:height\" content=\"2560\" \/>\n\t<meta property=\"og:image:type\" content=\"image\/jpeg\" \/>\n<meta name=\"twitter:card\" content=\"summary_large_image\" \/>\n<meta name=\"twitter:label1\" content=\"Tiempo de lectura\" \/>\n\t<meta name=\"twitter:data1\" content=\"2 minutos\" \/>\n<script type=\"application\/ld+json\" class=\"yoast-schema-graph\">{\"@context\":\"https:\\\/\\\/schema.org\",\"@graph\":[{\"@type\":\"WebPage\",\"@id\":\"https:\\\/\\\/dirtbagbrands.com\\\/product\\\/polaris-ranger-flag-mount\\\/\",\"url\":\"https:\\\/\\\/dirtbagbrands.com\\\/product\\\/polaris-ranger-flag-mount\\\/\",\"name\":\"Polaris Ranger Basic Flag Mount | Lock & Ride | Dirtbag Brands\",\"isPartOf\":{\"@id\":\"https:\\\/\\\/dirtbagbrands.com\\\/#website\"},\"primaryImageOfPage\":{\"@id\":\"https:\\\/\\\/dirtbagbrands.com\\\/product\\\/polaris-ranger-flag-mount\\\/#primaryimage\"},\"image\":{\"@id\":\"https:\\\/\\\/dirtbagbrands.com\\\/product\\\/polaris-ranger-flag-mount\\\/#primaryimage\"},\"thumbnailUrl\":\"https:\\\/\\\/dirtbagbrands.com\\\/wp-content\\\/uploads\\\/2025\\\/04\\\/PXL_20211223_203128413-scaled.webp\",\"datePublished\":\"2025-04-11T02:55:42+00:00\",\"dateModified\":\"2026-04-17T17:46:26+00:00\",\"description\":\"Polaris Ranger & General flag mount with 90\u00b0 offset for 1-7\\\/16\\\" Lock & Ride holes. Tool-free install with brass threads. Not for RZR, Sportsman, or ACE.\",\"breadcrumb\":{\"@id\":\"https:\\\/\\\/dirtbagbrands.com\\\/product\\\/polaris-ranger-flag-mount\\\/#breadcrumb\"},\"inLanguage\":\"es\",\"potentialAction\":[{\"@type\":\"ReadAction\",\"target\":[\"https:\\\/\\\/dirtbagbrands.com\\\/product\\\/polaris-ranger-flag-mount\\\/\"]}]},{\"@type\":\"ImageObject\",\"inLanguage\":\"es\",\"@id\":\"https:\\\/\\\/dirtbagbrands.com\\\/product\\\/polaris-ranger-flag-mount\\\/#primaryimage\",\"url\":\"https:\\\/\\\/dirtbagbrands.com\\\/wp-content\\\/uploads\\\/2025\\\/04\\\/PXL_20211223_203128413-scaled.webp\",\"contentUrl\":\"https:\\\/\\\/dirtbagbrands.com\\\/wp-content\\\/uploads\\\/2025\\\/04\\\/PXL_20211223_203128413-scaled.webp\",\"width\":1920,\"height\":2560,\"caption\":\"basic whip mount in polaris ranger lock & ride hole\"},{\"@type\":\"BreadcrumbList\",\"@id\":\"https:\\\/\\\/dirtbagbrands.com\\\/product\\\/polaris-ranger-flag-mount\\\/#breadcrumb\",\"itemListElement\":[{\"@type\":\"ListItem\",\"position\":1,\"name\":\"Home\",\"item\":\"https:\\\/\\\/dirtbagbrands.com\\\/\"},{\"@type\":\"ListItem\",\"position\":2,\"name\":\"Shop\",\"item\":\"https:\\\/\\\/dirtbagbrands.com\\\/shop\\\/\"},{\"@type\":\"ListItem\",\"position\":3,\"name\":\"Shop UTV Accessories by Machine\",\"item\":\"https:\\\/\\\/dirtbagbrands.com\\\/product-category\\\/vehicle-specific-utv-accessories\\\/\"},{\"@type\":\"ListItem\",\"position\":4,\"name\":\"Polaris Ranger Accessories for XP 1000 &amp; XD 1500\",\"item\":\"https:\\\/\\\/dirtbagbrands.com\\\/product-category\\\/vehicle-specific-utv-accessories\\\/polaris-ranger-accessories\\\/\"},{\"@type\":\"ListItem\",\"position\":5,\"name\":\"Polaris Ranger &#038; General Flag Mount \u2013 Lock &#038; Ride Whip Mount | Dirtbag Brands\"}]},{\"@type\":\"WebSite\",\"@id\":\"https:\\\/\\\/dirtbagbrands.com\\\/#website\",\"url\":\"https:\\\/\\\/dirtbagbrands.com\\\/\",\"name\":\"Dirtbag Brands\",\"description\":\"Premium UTV and Dirtbike Accessories\",\"publisher\":{\"@id\":\"https:\\\/\\\/dirtbagbrands.com\\\/#organization\"},\"potentialAction\":[{\"@type\":\"SearchAction\",\"target\":{\"@type\":\"EntryPoint\",\"urlTemplate\":\"https:\\\/\\\/dirtbagbrands.com\\\/?s={search_term_string}\"},\"query-input\":{\"@type\":\"PropertyValueSpecification\",\"valueRequired\":true,\"valueName\":\"search_term_string\"}}],\"inLanguage\":\"es\"},{\"@type\":\"Organization\",\"@id\":\"https:\\\/\\\/dirtbagbrands.com\\\/#organization\",\"name\":\"Dirtbag Brands\",\"alternateName\":\"Dirtbag Brands UTV Accessories\",\"url\":\"https:\\\/\\\/dirtbagbrands.com\\\/\",\"logo\":{\"@type\":\"ImageObject\",\"inLanguage\":\"es\",\"@id\":\"https:\\\/\\\/dirtbagbrands.com\\\/#\\\/schema\\\/logo\\\/image\\\/\",\"url\":\"https:\\\/\\\/dirtbagbrands.com\\\/wp-content\\\/uploads\\\/2024\\\/07\\\/Word-Logo.webp\",\"contentUrl\":\"https:\\\/\\\/dirtbagbrands.com\\\/wp-content\\\/uploads\\\/2024\\\/07\\\/Word-Logo.webp\",\"width\":750,\"height\":750,\"caption\":\"Dirtbag Brands\"},\"image\":{\"@id\":\"https:\\\/\\\/dirtbagbrands.com\\\/#\\\/schema\\\/logo\\\/image\\\/\"},\"sameAs\":[\"https:\\\/\\\/www.facebook.com\\\/dirtbagbrands\\\/\",\"https:\\\/\\\/www.instagram.com\\\/dirtbagbrands\",\"https:\\\/\\\/www.youtube.com\\\/@dirtbagbrands\",\"https:\\\/\\\/www.pinterest.com\\\/dirtbagbrands\",\"https:\\\/\\\/www.linkedin.com\\\/company\\\/dirtbag-brands\\\/\",\"https:\\\/\\\/www.tiktok.com\\\/@dirtbagbrands\"],\"description\":\"Dirtbag Brands designs and manufactures premium billet aluminum UTV accessories engineered for performance, durability, and off-road visibility. Our IronSight mirror systems and mounting solutions are built for Polaris, Can-Am, Kawasaki, Honda, and other utility and sport side-by-side vehicles.\",\"email\":\"inquiries@dirtbagbrands.com\",\"telephone\":\"9706445566\",\"foundingDate\":\"2020-03-10\"}]}<\/script>\n<!-- \/ Yoast SEO Premium plugin. -->","yoast_head_json":{"title":"Polaris Ranger Basic Flag Mount | Lock &amp; Ride | Dirtbag Brands","description":"Soporte para banderas Polaris Ranger y General con desplazamiento de 90\u00b0 para orificios Lock &amp; Ride de 1-7\/16\". Instalaci\u00f3n sin herramientas con roscas de lat\u00f3n. No para RZR, Sportsman o ACE.","robots":{"index":"index","follow":"follow","max-snippet":"max-snippet:-1","max-image-preview":"max-image-preview:large","max-video-preview":"max-video-preview:-1"},"canonical":"https:\/\/dirtbagbrands.com\/es\/product\/soporte-bandera-polaris-ranger\/","og_locale":"es_MX","og_type":"article","og_title":"Polaris Ranger & General Flag Mount \u2013 Lock & Ride Whip Mount | Dirtbag Brands | Dirtbag Brands","og_description":"Polaris Ranger & General Flag Mount \u2013 Lock & Ride Whip Mount | Dirtbag Brands \u2013 Built for off-road durability. Perfect for and . Free shipping over $100!","og_url":"https:\/\/dirtbagbrands.com\/es\/product\/soporte-bandera-polaris-ranger\/","og_site_name":"Dirtbag Brands","article_publisher":"https:\/\/www.facebook.com\/dirtbagbrands\/","article_modified_time":"2026-04-17T17:46:26+00:00","og_image":[{"width":1920,"height":2560,"url":"https:\/\/dirtbagbrands.com\/wp-content\/uploads\/2025\/04\/PXL_20211223_203128413-scaled.webp","type":"image\/jpeg"}],"twitter_card":"summary_large_image","twitter_misc":{"Tiempo de lectura":"2 minutos"},"schema":{"@context":"https:\/\/schema.org","@graph":[{"@type":"WebPage","@id":"https:\/\/dirtbagbrands.com\/product\/polaris-ranger-flag-mount\/","url":"https:\/\/dirtbagbrands.com\/product\/polaris-ranger-flag-mount\/","name":"Polaris Ranger Basic Flag Mount | Lock &amp; Ride | Dirtbag Brands","isPartOf":{"@id":"https:\/\/dirtbagbrands.com\/#website"},"primaryImageOfPage":{"@id":"https:\/\/dirtbagbrands.com\/product\/polaris-ranger-flag-mount\/#primaryimage"},"image":{"@id":"https:\/\/dirtbagbrands.com\/product\/polaris-ranger-flag-mount\/#primaryimage"},"thumbnailUrl":"https:\/\/dirtbagbrands.com\/wp-content\/uploads\/2025\/04\/PXL_20211223_203128413-scaled.webp","datePublished":"2025-04-11T02:55:42+00:00","dateModified":"2026-04-17T17:46:26+00:00","description":"Soporte para banderas Polaris Ranger y General con desplazamiento de 90\u00b0 para orificios Lock &amp; Ride de 1-7\/16\". Instalaci\u00f3n sin herramientas con roscas de lat\u00f3n. No para RZR, Sportsman o ACE.","breadcrumb":{"@id":"https:\/\/dirtbagbrands.com\/product\/polaris-ranger-flag-mount\/#breadcrumb"},"inLanguage":"es","potentialAction":[{"@type":"ReadAction","target":["https:\/\/dirtbagbrands.com\/product\/polaris-ranger-flag-mount\/"]}]},{"@type":"ImageObject","inLanguage":"es","@id":"https:\/\/dirtbagbrands.com\/product\/polaris-ranger-flag-mount\/#primaryimage","url":"https:\/\/dirtbagbrands.com\/wp-content\/uploads\/2025\/04\/PXL_20211223_203128413-scaled.webp","contentUrl":"https:\/\/dirtbagbrands.com\/wp-content\/uploads\/2025\/04\/PXL_20211223_203128413-scaled.webp","width":1920,"height":2560,"caption":"basic whip mount in polaris ranger lock & ride hole"},{"@type":"BreadcrumbList","@id":"https:\/\/dirtbagbrands.com\/product\/polaris-ranger-flag-mount\/#breadcrumb","itemListElement":[{"@type":"ListItem","position":1,"name":"Home","item":"https:\/\/dirtbagbrands.com\/"},{"@type":"ListItem","position":2,"name":"Shop","item":"https:\/\/dirtbagbrands.com\/shop\/"},{"@type":"ListItem","position":3,"name":"Shop UTV Accessories by Machine","item":"https:\/\/dirtbagbrands.com\/product-category\/vehicle-specific-utv-accessories\/"},{"@type":"ListItem","position":4,"name":"Polaris Ranger Accessories for XP 1000 &amp; XD 1500","item":"https:\/\/dirtbagbrands.com\/product-category\/vehicle-specific-utv-accessories\/polaris-ranger-accessories\/"},{"@type":"ListItem","position":5,"name":"Polaris Ranger &#038; General Flag Mount \u2013 Lock &#038; Ride Whip Mount | Dirtbag Brands"}]},{"@type":"WebSite","@id":"https:\/\/dirtbagbrands.com\/#website","url":"https:\/\/dirtbagbrands.com\/","name":"Marcas Dirtbag","description":"Accesorios premium para UTV y Dirtbike","publisher":{"@id":"https:\/\/dirtbagbrands.com\/#organization"},"potentialAction":[{"@type":"SearchAction","target":{"@type":"EntryPoint","urlTemplate":"https:\/\/dirtbagbrands.com\/?s={search_term_string}"},"query-input":{"@type":"PropertyValueSpecification","valueRequired":true,"valueName":"search_term_string"}}],"inLanguage":"es"},{"@type":"Organization","@id":"https:\/\/dirtbagbrands.com\/#organization","name":"Marcas Dirtbag","alternateName":"Dirtbag Brands UTV Accessories","url":"https:\/\/dirtbagbrands.com\/","logo":{"@type":"ImageObject","inLanguage":"es","@id":"https:\/\/dirtbagbrands.com\/#\/schema\/logo\/image\/","url":"https:\/\/dirtbagbrands.com\/wp-content\/uploads\/2024\/07\/Word-Logo.webp","contentUrl":"https:\/\/dirtbagbrands.com\/wp-content\/uploads\/2024\/07\/Word-Logo.webp","width":750,"height":750,"caption":"Dirtbag Brands"},"image":{"@id":"https:\/\/dirtbagbrands.com\/#\/schema\/logo\/image\/"},"sameAs":["https:\/\/www.facebook.com\/dirtbagbrands\/","https:\/\/www.instagram.com\/dirtbagbrands","https:\/\/www.youtube.com\/@dirtbagbrands","https:\/\/www.pinterest.com\/dirtbagbrands","https:\/\/www.linkedin.com\/company\/dirtbag-brands\/","https:\/\/www.tiktok.com\/@dirtbagbrands"],"description":"Dirtbag Brands dise\u00f1a y fabrica accesorios premium de aluminio macizo para UTV, dise\u00f1ados para ofrecer rendimiento, durabilidad y visibilidad todoterreno. Nuestros sistemas de espejos y soluciones de montaje IronSight est\u00e1n dise\u00f1ados para Polaris, Can-Am, Kawasaki, Honda y otros veh\u00edculos utilitarios y deportivos side-by-side.","email":"inquiries@dirtbagbrands.com","telephone":"9706445566","foundingDate":"2020-03-10"}]}},"_links":{"self":[{"href":"https:\/\/dirtbagbrands.com\/es\/wp-json\/wp\/v2\/product\/1982","targetHints":{"allow":["GET"]}}],"collection":[{"href":"https:\/\/dirtbagbrands.com\/es\/wp-json\/wp\/v2\/product"}],"about":[{"href":"https:\/\/dirtbagbrands.com\/es\/wp-json\/wp\/v2\/types\/product"}],"replies":[{"embeddable":true,"href":"https:\/\/dirtbagbrands.com\/es\/wp-json\/wp\/v2\/comments?post=1982"}],"wp:featuredmedia":[{"embeddable":true,"href":"https:\/\/dirtbagbrands.com\/es\/wp-json\/wp\/v2\/media\/1983"}],"wp:attachment":[{"href":"https:\/\/dirtbagbrands.com\/es\/wp-json\/wp\/v2\/media?parent=1982"}],"wp:term":[{"taxonomy":"product_brand","embeddable":true,"href":"https:\/\/dirtbagbrands.com\/es\/wp-json\/wp\/v2\/product_brand?post=1982"},{"taxonomy":"product_cat","embeddable":true,"href":"https:\/\/dirtbagbrands.com\/es\/wp-json\/wp\/v2\/product_cat?post=1982"},{"taxonomy":"product_tag","embeddable":true,"href":"https:\/\/dirtbagbrands.com\/es\/wp-json\/wp\/v2\/product_tag?post=1982"}],"curies":[{"name":"wp","href":"https:\/\/api.w.org\/{rel}","templated":true}]}}