{"id":151,"date":"2024-03-13T21:02:07","date_gmt":"2024-03-13T21:02:07","guid":{"rendered":"https:\/\/dirtbagbrands.com\/?post_type=product&#038;p=151"},"modified":"2026-04-29T21:12:47","modified_gmt":"2026-04-29T21:12:47","slug":"dirtbag-brands-6061-billet-utv-rotopax-mount","status":"publish","type":"product","link":"https:\/\/dirtbagbrands.com\/es\/product\/dirtbag-brands-6061-billet-utv-rotopax-mount\/","title":{"rendered":"Soporte para UTV Rotopax de Dirtbag Brands"},"content":{"rendered":"<div id=\"9542726c-17ba-45f2-ac4b-daa24740240e\" class=\"x-el x-el-div x-el c1-1 c1-2 c1-18 c1-5i c1-4 c1-8q c1-8r c1-42 c1-8s c1-8n c1-b c1-c c1-8t c1-8u c1-d c1-e c1-f c1-g c1-1 c1-2 c1-b c1-c c1-d c1-e c1-f c1-g\" data-ux=\"ContentBasic\">\n<p data-start=\"95\" data-end=\"156\">Actualice su UTV con el \u00fanico soporte Rotopax completo del mercado. Dise\u00f1ado para adaptarse a m\u00e1quinas con barra antivuelco redonda como el Polaris RZR Pro R, RZR Pro XP, Can-Am Maverick X3, Maverick R, Honda Talon y Kawasaki KRX, este soporte permite transportar combustible o agua sin esfuerzo y de forma segura. Tambi\u00e9n incluye una rotaci\u00f3n completa de 360\u00ba para una colocaci\u00f3n \u00f3ptima en su veh\u00edculo.<\/p>\n<hr data-start=\"889\" data-end=\"892\" \/>\n<h2 data-start=\"894\" data-end=\"936\">\u00bfPor qu\u00e9 elegir nuestro soporte Rotopax?<\/h2>\n<ul>\n<li data-start=\"716\" data-end=\"857\">\n<p data-start=\"718\" data-end=\"857\"><strong data-start=\"718\" data-end=\"734\">Kit completo<\/strong> - A diferencia de la competencia, no tendr\u00e1s que montar piezas adicionales. Todo lo que necesita para atornillar y montar est\u00e1 incluido.<\/p>\n<\/li>\n<li data-start=\"858\" data-end=\"979\">\n<p data-start=\"860\" data-end=\"979\"><strong data-start=\"860\" data-end=\"897\">Construcci\u00f3n en aluminio billet 6061<\/strong> - Dise\u00f1ados para resistir los recorridos m\u00e1s duros, desde las dunas del desierto hasta los senderos de monta\u00f1a.<\/p>\n<\/li>\n<li data-start=\"980\" data-end=\"1096\">\n<p data-start=\"982\" data-end=\"1096\"><strong data-start=\"982\" data-end=\"1008\">Barra antivuelco redonda<\/strong> - Ajuste perfecto para m\u00e1quinas con jaulas redondas, garantizando que no haya traqueteos ni adivinanzas.<\/p>\n<\/li>\n<li data-start=\"1097\" data-end=\"1178\">\n<p data-start=\"1099\" data-end=\"1178\"><strong data-start=\"1099\" data-end=\"1115\">A prueba de senderos<\/strong> - Durabilidad probada en configuraciones RZR, Maverick, Talon y KRX.<\/p>\n<\/li>\n<\/ul>\n<hr data-start=\"1561\" data-end=\"1564\" \/>\n<h2 data-start=\"1566\" data-end=\"1606\">Ajuste de precisi\u00f3n para los mejores modelos<\/h2>\n<ul>\n<li data-start=\"1219\" data-end=\"1318\">\n<p data-start=\"1221\" data-end=\"1318\"><strong data-start=\"1221\" data-end=\"1255\">Polaris RZR Pro R y RZR Pro XP<\/strong> - Dise\u00f1ado para jaulas de alto rendimiento y terrenos extremos.<\/p>\n<\/li>\n<li data-start=\"1319\" data-end=\"1412\">\n<p data-start=\"1321\" data-end=\"1412\"><strong data-start=\"1321\" data-end=\"1356\">Can-Am Maverick X3 y Maverick R<\/strong> - Montaje limpio y seguro que no se desplaza ni vibra.<\/p>\n<\/li>\n<li data-start=\"1413\" data-end=\"1489\">\n<p data-start=\"1415\" data-end=\"1489\"><strong data-start=\"1415\" data-end=\"1430\">Honda Talon<\/strong> - Compatibilidad directa para construcciones de desierto y senderos.<\/p>\n<\/li>\n<li data-start=\"1490\" data-end=\"1583\">\n<p data-start=\"1492\" data-end=\"1583\"><strong data-start=\"1492\" data-end=\"1508\">Kawasaki KRX<\/strong> - Instalaci\u00f3n s\u00f3lida como una roca para conductores agresivos que exigen fiabilidad.<\/p>\n<\/li>\n<\/ul>\n<hr data-start=\"2204\" data-end=\"2207\" \/>\n<h2 data-start=\"2209\" data-end=\"2248\"><strong data-start=\"2212\" data-end=\"2246\">Instalaci\u00f3n sencilla y sin complicaciones<\/strong><\/h2>\n<h3 data-start=\"2250\" data-end=\"2282\"><strong data-start=\"2254\" data-end=\"2280\">\u00a0No es necesario taladrar<\/strong><\/h3>\n<ul data-start=\"2283\" data-end=\"2404\">\n<li data-start=\"2283\" data-end=\"2350\"><strong data-start=\"2285\" data-end=\"2309\">Instalaci\u00f3n atornillada<\/strong> significa que puede <strong data-start=\"2324\" data-end=\"2347\">m\u00f3ntelo en minutos<\/strong>.<\/li>\n<li data-start=\"2351\" data-end=\"2404\">No necesita modificaciones, s\u00f3lo <strong data-start=\"2384\" data-end=\"2401\">asegurar y listo<\/strong>.<\/li>\n<\/ul>\n<h3 data-start=\"2406\" data-end=\"2460\"><strong data-start=\"2410\" data-end=\"2458\">\u00a0Funciona con los contenedores de combustible y agua Rotopax<\/strong><\/h3>\n<ul data-start=\"2461\" data-end=\"2593\">\n<li data-start=\"2461\" data-end=\"2527\"><strong data-start=\"2463\" data-end=\"2524\">Capacidad para envases Rotopax de 1, 2 y 3 galones<\/strong>.<\/li>\n<li data-start=\"2528\" data-end=\"2593\"><strong data-start=\"2530\" data-end=\"2576\">Dise\u00f1ado para el almacenamiento seguro de combustible y agua<\/strong> en viajes largos.<\/li>\n<\/ul>\n<h3 data-start=\"2595\" data-end=\"2649\"><strong data-start=\"2599\" data-end=\"2647\">\u00a0Sistema de cierre de 4 pernos para m\u00e1xima seguridad<\/strong><\/h3>\n<ul data-start=\"2650\" data-end=\"2762\">\n<li data-start=\"2650\" data-end=\"2700\"><strong data-start=\"2652\" data-end=\"2697\">Los pernos de alta resistencia mantienen todo en su sitio<\/strong>.<\/li>\n<li data-start=\"2701\" data-end=\"2762\">Evita el desplazamiento o el traqueteo, incluso en <strong data-start=\"2742\" data-end=\"2759\">terreno abrupto<\/strong>.<\/li>\n<\/ul>\n<hr data-start=\"2764\" data-end=\"2767\" \/>\n<h2 data-start=\"2769\" data-end=\"2812\"><strong data-start=\"2772\" data-end=\"2810\">\u00bfPor qu\u00e9 elegir este soporte para UTV Rotopax?<\/strong><\/h2>\n<p data-start=\"2814\" data-end=\"3373\">\u2714 <strong data-start=\"2816\" data-end=\"2864\">Mejor soporte Rotopax para RZR y Can-Am Maverick<\/strong> - Dise\u00f1ado para <strong data-start=\"2880\" data-end=\"2909\">Propietarios de Polaris y Can-Am<\/strong> que necesitan un <strong data-start=\"2921\" data-end=\"2956\">soporte fiable y f\u00e1cil de instalar<\/strong>.<br data-start=\"2957\" data-end=\"2960\" \/>\u2714 <b>Perfecto para TODO redondo barra antivuelco deporte utv's-\u00a0<\/b>Se adapta a todas las barras antivuelco del mercado 1.5-2in.\u00a0<br data-start=\"3077\" data-end=\"3080\" \/>\u2714 <strong data-start=\"3082\" data-end=\"3112\">Dise\u00f1ado para condiciones duras<\/strong> - Asas <strong data-start=\"3123\" data-end=\"3159\">calor del desierto, lluvia, barro y nieve<\/strong> sin da\u00f1os.<br data-start=\"3175\" data-end=\"3178\" \/>\u2714 <strong data-start=\"3180\" data-end=\"3205\">Ligero pero resistente<\/strong> - Dise\u00f1o en aluminio 6061 <strong data-start=\"3224\" data-end=\"3244\">mantiene el peso bajo<\/strong> al tiempo que proporciona <strong data-start=\"3261\" data-end=\"3283\">m\u00e1xima durabilidad<\/strong>.<br data-start=\"3284\" data-end=\"3287\" \/>\u2714 <strong data-start=\"3289\" data-end=\"3322\">Instalaci\u00f3n r\u00e1pida y sencilla<\/strong> - <strong data-start=\"3325\" data-end=\"3370\">No es necesario taladrar ni realizar complicados ajustes<\/strong>.<\/p>\n<hr data-start=\"3375\" data-end=\"3378\" \/>\n<h2 data-start=\"3380\" data-end=\"3426\"><strong data-start=\"3383\" data-end=\"3424\">C\u00f3mo instalar el soporte para UTV Rotopax<\/strong><\/h2>\n<p data-start=\"3428\" data-end=\"3678\">1\ufe0f\u20e3 <strong data-start=\"3432\" data-end=\"3452\">Fijar el soporte<\/strong> a su <strong data-start=\"3461\" data-end=\"3478\">Jaula antivuelco UTV<\/strong> utilizando el <strong data-start=\"3498\" data-end=\"3524\">bloque de montaje todo en uno<\/strong>.<br data-start=\"3525\" data-end=\"3528\" \/>2\ufe0f\u20e3 <strong data-start=\"3532\" data-end=\"3563\">Bloquee su contenedor Rotopax<\/strong> en su sitio y apri\u00e9telo para <strong data-start=\"3591\" data-end=\"3606\">sujeci\u00f3n segura<\/strong>.<br data-start=\"3607\" data-end=\"3610\" \/>3\ufe0f\u20e3 <strong data-start=\"3614\" data-end=\"3637\">Comprobar la estabilidad<\/strong> y salir a la carretera con <strong data-start=\"3661\" data-end=\"3676\">\u00a1Confianza!<\/strong><\/p>\n<p data-start=\"3680\" data-end=\"3733\"><strong data-start=\"3680\" data-end=\"3731\">\ud83d\udd27 Se instala en minutos: \u00a1s\u00f3lo cabezas Allen!<\/strong><\/p>\n<hr data-start=\"3735\" data-end=\"3738\" \/>\n<h2 data-start=\"3740\" data-end=\"3789\"><strong data-start=\"3743\" data-end=\"3787\">Mejora tu UTV para aventuras todoterreno<\/strong><\/h2>\n<p data-start=\"3791\" data-end=\"3937\">Este <strong data-start=\"3796\" data-end=\"3817\">Soporte Rotopax UTV<\/strong> es s\u00f3lo el principio. Para equipar por completo su veh\u00edculo, considere la posibilidad de combinarlo con nuestro <strong data-start=\"3896\" data-end=\"3934\">otros accesorios de alto rendimiento<\/strong>:<\/p>\n<p data-start=\"3939\" data-end=\"4115\">\u2705 <a href=\"https:\/\/dirtbagbrands.com\/es\/product\/soporte-para-faro-utv-billet\/\"><strong data-start=\"3941\" data-end=\"3955\">Montaje del l\u00e1tigo<\/strong> <\/a>- Mantiene su <strong data-start=\"3969\" data-end=\"3994\">Luz l\u00e1tigo UTV segura<\/strong>incluso a altas velocidades.<br data-start=\"4016\" data-end=\"4019\" \/>\u2705 <a href=\"https:\/\/dirtbagbrands.com\/es\/product\/soporte-de-extintor-para-barra-antivuelco-legacy-360-redondo-con-liberacion-rapida\/\"><strong data-start=\"4021\" data-end=\"4048\">Soporte para extintor<\/strong><\/a> - A <strong data-start=\"4053\" data-end=\"4095\">soporte r\u00e1pido para extintores<\/strong> para mayor seguridad.<\/p>\n<p data-start=\"4117\" data-end=\"4185\">Con el equipo adecuado, tu UTV ser\u00e1 <strong data-start=\"4155\" data-end=\"4182\">listo para cualquier aventura<\/strong>.<\/p>\n<hr data-start=\"4187\" data-end=\"4190\" \/>\n<h2 data-start=\"4192\" data-end=\"4240\"><strong data-start=\"4195\" data-end=\"4238\">\u00a1Pida el mejor soporte para UTV Rotopax hoy mismo!<\/strong><\/h2>\n<p data-start=\"4242\" data-end=\"4487\">Tome su <strong data-start=\"4252\" data-end=\"4315\">El almacenamiento de combustible y la preparaci\u00f3n todoterreno de los UTV, al siguiente nivel<\/strong> con este <strong data-start=\"4326\" data-end=\"4360\">soporte Rotopax resistente y fiable<\/strong>. Construido para <strong data-start=\"4372\" data-end=\"4414\">Polaris RZR, Can-Am Maverick y m\u00e1s<\/strong>, es el <strong data-start=\"4425\" data-end=\"4484\">El soporte Rotopax m\u00e1s resistente y f\u00e1cil de instalar del mercado<\/strong>.<\/p>\n<p data-start=\"4489\" data-end=\"4555\">\ud83d\udce6 <strong data-start=\"4492\" data-end=\"4553\">Haz tu pedido ahora y prep\u00e1rate para tu pr\u00f3xima aventura todoterreno.<\/strong><\/p>\n<p>&nbsp;<\/p>\n<\/div>","protected":false},"excerpt":{"rendered":"<p>&nbsp;<\/p>\n<p>Nuestro soporte universal compatible con UTV Rotopax est\u00e1 forjado para ser un activo absoluto en los senderos y se adapta a todas las barras antivuelco de 1,5-2 pulgadas de di\u00e1metro. Si usted necesita llevar combustible extra para esas excursiones en lo desconocido o llevar agua extra, tenemos cubierto. La \u00fanica configuraci\u00f3n completa en el mercado con un ajuste universal. Mecanizado con precisi\u00f3n a partir de aluminio billet 6061.<\/p>","protected":false},"featured_media":2949,"comment_status":"closed","ping_status":"closed","template":"","meta":{"saved_in_kubio":false,"_coblocks_attr":"","_coblocks_dimensions":"","_coblocks_responsive_height":"","_coblocks_accordion_ie_support":""},"product_brand":[],"product_cat":[354,375,376,355,356,372,349,340,366,365,357],"product_tag":[],"class_list":{"0":"post-151","1":"product","2":"type-product","3":"status-publish","4":"has-post-thumbnail","6":"product_cat-can-am-maverick-accessories","7":"product_cat-can-am-maverick-r-accessories","8":"product_cat-can-am-maverick-x3-accessories","9":"product_cat-honda-talon-pioneer-accessories","10":"product_cat-kawasaki-round-roll-bar-accessories","11":"product_cat-polaris-ranger-500-accessories","12":"product_cat-polaris-rzr-accessories","13":"product_cat-roll-bar-mounted-accessories","14":"product_cat-segway-villain-accessories","15":"product_cat-utv-rotopax-mounts","16":"product_cat-yamaha-wolverine-rmax-accessories","17":"product_shipping_class-international-allowed","19":"first","20":"instock","21":"taxable","22":"shipping-taxable","23":"purchasable","24":"product-type-simple"},"yoast_head":"<!-- This site is optimized with the Yoast SEO Premium plugin v27.5 (Yoast SEO v27.5) - https:\/\/yoast.com\/product\/yoast-seo-premium-wordpress\/ -->\n<title>UTV Rotopax Mount for Polaris, Can-Am, Honda, Kawasaki &amp; More<\/title>\n<meta name=\"description\" content=\"Shop the only complete Rotopax UTV mount on the market, designed for 1.5-2in roll bars. Fits Polaris, Can-Am, Honda, Kawasaki, and more.\" \/>\n<meta name=\"robots\" content=\"index, follow, max-snippet:-1, max-image-preview:large, max-video-preview:-1\" \/>\n<link rel=\"canonical\" href=\"https:\/\/dirtbagbrands.com\/es\/product\/dirtbag-brands-6061-billet-utv-rotopax-mount\/\" \/>\n<meta property=\"og:locale\" content=\"es_MX\" \/>\n<meta property=\"og:type\" content=\"article\" \/>\n<meta property=\"og:title\" content=\"Dirtbag Brands Rotopax UTV Mount | Dirtbag Brands\" \/>\n<meta property=\"og:description\" content=\"Dirtbag Brands Rotopax UTV Mount \u2013 Built for off-road durability. Perfect for and . Free shipping over $100!\" \/>\n<meta property=\"og:url\" content=\"https:\/\/dirtbagbrands.com\/es\/product\/dirtbag-brands-6061-billet-utv-rotopax-mount\/\" \/>\n<meta property=\"og:site_name\" content=\"Dirtbag Brands\" \/>\n<meta property=\"article:publisher\" content=\"https:\/\/www.facebook.com\/dirtbagbrands\/\" \/>\n<meta property=\"article:modified_time\" content=\"2026-04-29T21:12:47+00:00\" \/>\n<meta property=\"og:image\" content=\"https:\/\/dirtbagbrands.com\/wp-content\/uploads\/2024\/03\/utv-rotopax-mount.webp\" \/>\n\t<meta property=\"og:image:width\" content=\"1728\" \/>\n\t<meta property=\"og:image:height\" content=\"1728\" \/>\n\t<meta property=\"og:image:type\" content=\"image\/png\" \/>\n<meta name=\"twitter:card\" content=\"summary_large_image\" \/>\n<meta name=\"twitter:label1\" content=\"Tiempo de lectura\" \/>\n\t<meta name=\"twitter:data1\" content=\"3 minutos\" \/>\n<script type=\"application\/ld+json\" class=\"yoast-schema-graph\">{\"@context\":\"https:\\\/\\\/schema.org\",\"@graph\":[{\"@type\":\"WebPage\",\"@id\":\"https:\\\/\\\/dirtbagbrands.com\\\/product\\\/dirtbag-brands-6061-billet-utv-rotopax-mount\\\/\",\"url\":\"https:\\\/\\\/dirtbagbrands.com\\\/product\\\/dirtbag-brands-6061-billet-utv-rotopax-mount\\\/\",\"name\":\"UTV Rotopax Mount for Polaris, Can-Am, Honda, Kawasaki & More\",\"isPartOf\":{\"@id\":\"https:\\\/\\\/dirtbagbrands.com\\\/#website\"},\"primaryImageOfPage\":{\"@id\":\"https:\\\/\\\/dirtbagbrands.com\\\/product\\\/dirtbag-brands-6061-billet-utv-rotopax-mount\\\/#primaryimage\"},\"image\":{\"@id\":\"https:\\\/\\\/dirtbagbrands.com\\\/product\\\/dirtbag-brands-6061-billet-utv-rotopax-mount\\\/#primaryimage\"},\"thumbnailUrl\":\"https:\\\/\\\/dirtbagbrands.com\\\/wp-content\\\/uploads\\\/2024\\\/03\\\/utv-rotopax-mount.webp\",\"datePublished\":\"2024-03-13T21:02:07+00:00\",\"dateModified\":\"2026-04-29T21:12:47+00:00\",\"description\":\"Shop the only complete Rotopax UTV mount on the market, designed for 1.5-2in roll bars. Fits Polaris, Can-Am, Honda, Kawasaki, and more.\",\"breadcrumb\":{\"@id\":\"https:\\\/\\\/dirtbagbrands.com\\\/product\\\/dirtbag-brands-6061-billet-utv-rotopax-mount\\\/#breadcrumb\"},\"inLanguage\":\"es\",\"potentialAction\":[{\"@type\":\"ReadAction\",\"target\":[\"https:\\\/\\\/dirtbagbrands.com\\\/product\\\/dirtbag-brands-6061-billet-utv-rotopax-mount\\\/\"]}]},{\"@type\":\"ImageObject\",\"inLanguage\":\"es\",\"@id\":\"https:\\\/\\\/dirtbagbrands.com\\\/product\\\/dirtbag-brands-6061-billet-utv-rotopax-mount\\\/#primaryimage\",\"url\":\"https:\\\/\\\/dirtbagbrands.com\\\/wp-content\\\/uploads\\\/2024\\\/03\\\/utv-rotopax-mount.webp\",\"contentUrl\":\"https:\\\/\\\/dirtbagbrands.com\\\/wp-content\\\/uploads\\\/2024\\\/03\\\/utv-rotopax-mount.webp\",\"width\":1728,\"height\":1728,\"caption\":\"rotopax utv mount for polaris rzr can am maverick kawasaki krx and honda talon and more\"},{\"@type\":\"BreadcrumbList\",\"@id\":\"https:\\\/\\\/dirtbagbrands.com\\\/product\\\/dirtbag-brands-6061-billet-utv-rotopax-mount\\\/#breadcrumb\",\"itemListElement\":[{\"@type\":\"ListItem\",\"position\":1,\"name\":\"Home\",\"item\":\"https:\\\/\\\/dirtbagbrands.com\\\/\"},{\"@type\":\"ListItem\",\"position\":2,\"name\":\"Shop\",\"item\":\"https:\\\/\\\/dirtbagbrands.com\\\/shop\\\/\"},{\"@type\":\"ListItem\",\"position\":3,\"name\":\"Shop UTV Accessories by Machine\",\"item\":\"https:\\\/\\\/dirtbagbrands.com\\\/product-category\\\/vehicle-specific-utv-accessories\\\/\"},{\"@type\":\"ListItem\",\"position\":4,\"name\":\"Can-Am Maverick Accessories\",\"item\":\"https:\\\/\\\/dirtbagbrands.com\\\/product-category\\\/vehicle-specific-utv-accessories\\\/can-am-maverick-accessories\\\/\"},{\"@type\":\"ListItem\",\"position\":5,\"name\":\"Dirtbag Brands Rotopax UTV Mount\"}]},{\"@type\":\"WebSite\",\"@id\":\"https:\\\/\\\/dirtbagbrands.com\\\/#website\",\"url\":\"https:\\\/\\\/dirtbagbrands.com\\\/\",\"name\":\"Dirtbag Brands\",\"description\":\"Premium UTV and Dirtbike Accessories\",\"publisher\":{\"@id\":\"https:\\\/\\\/dirtbagbrands.com\\\/#organization\"},\"potentialAction\":[{\"@type\":\"SearchAction\",\"target\":{\"@type\":\"EntryPoint\",\"urlTemplate\":\"https:\\\/\\\/dirtbagbrands.com\\\/?s={search_term_string}\"},\"query-input\":{\"@type\":\"PropertyValueSpecification\",\"valueRequired\":true,\"valueName\":\"search_term_string\"}}],\"inLanguage\":\"es\"},{\"@type\":\"Organization\",\"@id\":\"https:\\\/\\\/dirtbagbrands.com\\\/#organization\",\"name\":\"Dirtbag Brands\",\"alternateName\":\"Dirtbag Brands UTV Accessories\",\"url\":\"https:\\\/\\\/dirtbagbrands.com\\\/\",\"logo\":{\"@type\":\"ImageObject\",\"inLanguage\":\"es\",\"@id\":\"https:\\\/\\\/dirtbagbrands.com\\\/#\\\/schema\\\/logo\\\/image\\\/\",\"url\":\"https:\\\/\\\/dirtbagbrands.com\\\/wp-content\\\/uploads\\\/2024\\\/07\\\/Word-Logo.webp\",\"contentUrl\":\"https:\\\/\\\/dirtbagbrands.com\\\/wp-content\\\/uploads\\\/2024\\\/07\\\/Word-Logo.webp\",\"width\":750,\"height\":750,\"caption\":\"Dirtbag Brands\"},\"image\":{\"@id\":\"https:\\\/\\\/dirtbagbrands.com\\\/#\\\/schema\\\/logo\\\/image\\\/\"},\"sameAs\":[\"https:\\\/\\\/www.facebook.com\\\/dirtbagbrands\\\/\",\"https:\\\/\\\/www.instagram.com\\\/dirtbagbrands\",\"https:\\\/\\\/www.youtube.com\\\/@dirtbagbrands\",\"https:\\\/\\\/www.pinterest.com\\\/dirtbagbrands\",\"https:\\\/\\\/www.linkedin.com\\\/company\\\/dirtbag-brands\\\/\",\"https:\\\/\\\/www.tiktok.com\\\/@dirtbagbrands\"],\"description\":\"Dirtbag Brands designs and manufactures premium billet aluminum UTV accessories engineered for performance, durability, and off-road visibility. Our IronSight mirror systems and mounting solutions are built for Polaris, Can-Am, Kawasaki, Honda, and other utility and sport side-by-side vehicles.\",\"email\":\"inquiries@dirtbagbrands.com\",\"telephone\":\"9706445566\",\"foundingDate\":\"2020-03-10\"}]}<\/script>\n<!-- \/ Yoast SEO Premium plugin. -->","yoast_head_json":{"title":"Soporte UTV Rotopax para Polaris, Can-Am, Honda, Kawasaki y m\u00e1s","description":"Compre el \u00fanico soporte completo para UTV Rotopax del mercado, dise\u00f1ado para barras antivuelco de 1,5-2 pulgadas. Se adapta a Polaris, Can-Am, Honda, Kawasaki, y m\u00e1s.","robots":{"index":"index","follow":"follow","max-snippet":"max-snippet:-1","max-image-preview":"max-image-preview:large","max-video-preview":"max-video-preview:-1"},"canonical":"https:\/\/dirtbagbrands.com\/es\/product\/dirtbag-brands-6061-billet-utv-rotopax-mount\/","og_locale":"es_MX","og_type":"article","og_title":"Dirtbag Brands Rotopax UTV Mount | Dirtbag Brands","og_description":"Dirtbag Brands Rotopax UTV Mount \u2013 Built for off-road durability. Perfect for and . Free shipping over $100!","og_url":"https:\/\/dirtbagbrands.com\/es\/product\/dirtbag-brands-6061-billet-utv-rotopax-mount\/","og_site_name":"Dirtbag Brands","article_publisher":"https:\/\/www.facebook.com\/dirtbagbrands\/","article_modified_time":"2026-04-29T21:12:47+00:00","og_image":[{"width":1728,"height":1728,"url":"https:\/\/dirtbagbrands.com\/wp-content\/uploads\/2024\/03\/utv-rotopax-mount.webp","type":"image\/png"}],"twitter_card":"summary_large_image","twitter_misc":{"Tiempo de lectura":"3 minutos"},"schema":{"@context":"https:\/\/schema.org","@graph":[{"@type":"WebPage","@id":"https:\/\/dirtbagbrands.com\/product\/dirtbag-brands-6061-billet-utv-rotopax-mount\/","url":"https:\/\/dirtbagbrands.com\/product\/dirtbag-brands-6061-billet-utv-rotopax-mount\/","name":"Soporte UTV Rotopax para Polaris, Can-Am, Honda, Kawasaki y m\u00e1s","isPartOf":{"@id":"https:\/\/dirtbagbrands.com\/#website"},"primaryImageOfPage":{"@id":"https:\/\/dirtbagbrands.com\/product\/dirtbag-brands-6061-billet-utv-rotopax-mount\/#primaryimage"},"image":{"@id":"https:\/\/dirtbagbrands.com\/product\/dirtbag-brands-6061-billet-utv-rotopax-mount\/#primaryimage"},"thumbnailUrl":"https:\/\/dirtbagbrands.com\/wp-content\/uploads\/2024\/03\/utv-rotopax-mount.webp","datePublished":"2024-03-13T21:02:07+00:00","dateModified":"2026-04-29T21:12:47+00:00","description":"Compre el \u00fanico soporte completo para UTV Rotopax del mercado, dise\u00f1ado para barras antivuelco de 1,5-2 pulgadas. Se adapta a Polaris, Can-Am, Honda, Kawasaki, y m\u00e1s.","breadcrumb":{"@id":"https:\/\/dirtbagbrands.com\/product\/dirtbag-brands-6061-billet-utv-rotopax-mount\/#breadcrumb"},"inLanguage":"es","potentialAction":[{"@type":"ReadAction","target":["https:\/\/dirtbagbrands.com\/product\/dirtbag-brands-6061-billet-utv-rotopax-mount\/"]}]},{"@type":"ImageObject","inLanguage":"es","@id":"https:\/\/dirtbagbrands.com\/product\/dirtbag-brands-6061-billet-utv-rotopax-mount\/#primaryimage","url":"https:\/\/dirtbagbrands.com\/wp-content\/uploads\/2024\/03\/utv-rotopax-mount.webp","contentUrl":"https:\/\/dirtbagbrands.com\/wp-content\/uploads\/2024\/03\/utv-rotopax-mount.webp","width":1728,"height":1728,"caption":"rotopax utv mount for polaris rzr can am maverick kawasaki krx and honda talon and more"},{"@type":"BreadcrumbList","@id":"https:\/\/dirtbagbrands.com\/product\/dirtbag-brands-6061-billet-utv-rotopax-mount\/#breadcrumb","itemListElement":[{"@type":"ListItem","position":1,"name":"Home","item":"https:\/\/dirtbagbrands.com\/"},{"@type":"ListItem","position":2,"name":"Shop","item":"https:\/\/dirtbagbrands.com\/shop\/"},{"@type":"ListItem","position":3,"name":"Shop UTV Accessories by Machine","item":"https:\/\/dirtbagbrands.com\/product-category\/vehicle-specific-utv-accessories\/"},{"@type":"ListItem","position":4,"name":"Can-Am Maverick Accessories","item":"https:\/\/dirtbagbrands.com\/product-category\/vehicle-specific-utv-accessories\/can-am-maverick-accessories\/"},{"@type":"ListItem","position":5,"name":"Dirtbag Brands Rotopax UTV Mount"}]},{"@type":"WebSite","@id":"https:\/\/dirtbagbrands.com\/#website","url":"https:\/\/dirtbagbrands.com\/","name":"Marcas Dirtbag","description":"Accesorios premium para UTV y Dirtbike","publisher":{"@id":"https:\/\/dirtbagbrands.com\/#organization"},"potentialAction":[{"@type":"SearchAction","target":{"@type":"EntryPoint","urlTemplate":"https:\/\/dirtbagbrands.com\/?s={search_term_string}"},"query-input":{"@type":"PropertyValueSpecification","valueRequired":true,"valueName":"search_term_string"}}],"inLanguage":"es"},{"@type":"Organization","@id":"https:\/\/dirtbagbrands.com\/#organization","name":"Marcas Dirtbag","alternateName":"Dirtbag Brands UTV Accessories","url":"https:\/\/dirtbagbrands.com\/","logo":{"@type":"ImageObject","inLanguage":"es","@id":"https:\/\/dirtbagbrands.com\/#\/schema\/logo\/image\/","url":"https:\/\/dirtbagbrands.com\/wp-content\/uploads\/2024\/07\/Word-Logo.webp","contentUrl":"https:\/\/dirtbagbrands.com\/wp-content\/uploads\/2024\/07\/Word-Logo.webp","width":750,"height":750,"caption":"Dirtbag Brands"},"image":{"@id":"https:\/\/dirtbagbrands.com\/#\/schema\/logo\/image\/"},"sameAs":["https:\/\/www.facebook.com\/dirtbagbrands\/","https:\/\/www.instagram.com\/dirtbagbrands","https:\/\/www.youtube.com\/@dirtbagbrands","https:\/\/www.pinterest.com\/dirtbagbrands","https:\/\/www.linkedin.com\/company\/dirtbag-brands\/","https:\/\/www.tiktok.com\/@dirtbagbrands"],"description":"Dirtbag Brands dise\u00f1a y fabrica accesorios premium de aluminio macizo para UTV, dise\u00f1ados para ofrecer rendimiento, durabilidad y visibilidad todoterreno. Nuestros sistemas de espejos y soluciones de montaje IronSight est\u00e1n dise\u00f1ados para Polaris, Can-Am, Kawasaki, Honda y otros veh\u00edculos utilitarios y deportivos side-by-side.","email":"inquiries@dirtbagbrands.com","telephone":"9706445566","foundingDate":"2020-03-10"}]}},"_links":{"self":[{"href":"https:\/\/dirtbagbrands.com\/es\/wp-json\/wp\/v2\/product\/151","targetHints":{"allow":["GET"]}}],"collection":[{"href":"https:\/\/dirtbagbrands.com\/es\/wp-json\/wp\/v2\/product"}],"about":[{"href":"https:\/\/dirtbagbrands.com\/es\/wp-json\/wp\/v2\/types\/product"}],"replies":[{"embeddable":true,"href":"https:\/\/dirtbagbrands.com\/es\/wp-json\/wp\/v2\/comments?post=151"}],"wp:featuredmedia":[{"embeddable":true,"href":"https:\/\/dirtbagbrands.com\/es\/wp-json\/wp\/v2\/media\/2949"}],"wp:attachment":[{"href":"https:\/\/dirtbagbrands.com\/es\/wp-json\/wp\/v2\/media?parent=151"}],"wp:term":[{"taxonomy":"product_brand","embeddable":true,"href":"https:\/\/dirtbagbrands.com\/es\/wp-json\/wp\/v2\/product_brand?post=151"},{"taxonomy":"product_cat","embeddable":true,"href":"https:\/\/dirtbagbrands.com\/es\/wp-json\/wp\/v2\/product_cat?post=151"},{"taxonomy":"product_tag","embeddable":true,"href":"https:\/\/dirtbagbrands.com\/es\/wp-json\/wp\/v2\/product_tag?post=151"}],"curies":[{"name":"wp","href":"https:\/\/api.w.org\/{rel}","templated":true}]}}