{"id":146,"date":"2024-03-13T20:49:48","date_gmt":"2024-03-13T20:49:48","guid":{"rendered":"https:\/\/dirtbagbrands.com\/?post_type=product&#038;p=146"},"modified":"2026-04-17T18:45:28","modified_gmt":"2026-04-17T18:45:28","slug":"soporte-para-faro-utv-billet","status":"publish","type":"product","link":"https:\/\/dirtbagbrands.com\/es\/product\/billet-utv-whip-light-mount\/","title":{"rendered":"Billet UTV Whip Mount - Heavy Duty 6061 Aluminum Clamp"},"content":{"rendered":"<div id=\"9542726c-17ba-45f2-ac4b-daa24740240e\" class=\"x-el x-el-div x-el c1-1 c1-2 c1-18 c1-5i c1-4 c1-8m c1-8n c1-42 c1-8o c1-8j c1-b c1-c c1-8p c1-8q c1-d c1-e c1-f c1-g c1-1 c1-2 c1-b c1-c c1-d c1-e c1-f c1-g\" data-ux=\"ContentBasic\">\n<p>Lleve su equipo al siguiente nivel con nuestro <strong>soporte de l\u00e1tigo para UTV de alta resistencia<\/strong>Mecanizado con precisi\u00f3n a partir de aluminio billet 6061. Dise\u00f1ado para pilotos serios, este soporte de l\u00e1tigo ofrece lo \u00faltimo en durabilidad, resistencia y estilo. Si usted est\u00e1 volando banderas, corriendo luces l\u00e1tigo, o simplemente iluminar las dunas por la noche, esta es la actualizaci\u00f3n de su viaje merece.<\/p>\n<h2>Construido para resistir, construido para durar<\/h2>\n<ul data-spread=\"false\">\n<li><strong>El soporte de l\u00e1tigo para UTV m\u00e1s resistente del mercado<\/strong> - Fabricado en aluminio billet 6061 de primera calidad para una m\u00e1xima resistencia y longevidad.<\/li>\n<li><strong>Sistema de sujeci\u00f3n seguro de 4 pernos<\/strong> - Se ajusta firmemente a la jaula antivuelco y se mantiene en su sitio en cada salto, bache o salida en G.<\/li>\n<li><strong>Acabado en polvo<\/strong> - El revestimiento resistente a los rayos UV protege contra la decoloraci\u00f3n y luce elegante en cualquier tipo de piel.<\/li>\n<\/ul>\n<h2>Dise\u00f1ado para trayectos nocturnos<\/h2>\n<ul data-spread=\"false\">\n<li><strong>Perfecto para luces l\u00e1tigo<\/strong> - Tanto si est\u00e1 iluminando Glamis como si se arrastra por la noche, este soporte de l\u00e1tigo billet soporta postes de luz de l\u00e1tigo con una estabilidad inigualable.<\/li>\n<li><strong>Mayor visibilidad<\/strong> - Mantenga su bandera o luz ondeando alta y estable, incluso a gran velocidad o en terreno accidentado.<\/li>\n<\/ul>\n<h2>Dise\u00f1o inteligente. Aspecto elegante.<\/h2>\n<ul data-spread=\"false\">\n<li><strong>Perfil ennegrecido con recortes<\/strong> - A\u00f1ade un estilo sutil que deja ver el color de tu jaula.<\/li>\n<li><strong>La forma se une a la funci\u00f3n<\/strong> - El estilo limpio se combina con un dise\u00f1o pr\u00e1ctico para mejorar tanto el aspecto como el rendimiento de su instalaci\u00f3n.<\/li>\n<\/ul>\n<h2>Compatibilidad<\/h2>\n<p>Funciona con la mayor\u00eda de los modelos de UTV con barras antivuelco redondas est\u00e1ndar:<\/p>\n<ul data-spread=\"false\">\n<li><strong>Polaris<\/strong> - RZR, RZR Pro R<\/li>\n<li><strong>Can-Am<\/strong> - Maverick, Maverick R<\/li>\n<li><strong>Honda<\/strong> - Talon<\/li>\n<li><strong>Kawasaki<\/strong> - KRX<\/li>\n<li><strong>Segway<\/strong> - Villano, Supervillano (pr\u00f3ximos modelos)<\/li>\n<\/ul>\n<h2>\u00bfPor qu\u00e9 este es el mejor UTV Whip Mount:<\/h2>\n<ul data-spread=\"false\">\n<li><strong>Dise\u00f1ado para luces de l\u00e1tigo y banderas<\/strong><\/li>\n<li><strong>La montura m\u00e1s resistente de su clase<\/strong><\/li>\n<li><strong>Compatible con modelos UTV populares<\/strong><\/li>\n<\/ul>\n<p>Actual\u00edzate con el soporte para l\u00e1tigo en el que conf\u00edan los todoterreno. Tanto si vas a dar paseos nocturnos por las dunas como si vas a llevar una bandera con tu equipo por el sendero, nuestra <strong>soporte para l\u00e1tigo UTV<\/strong> est\u00e1 construido para mantenerlo cerrado y con un aspecto limpio.<\/p>\n<p>No olvide consultar nuestra <a href=\"https:\/\/dirtbagbrands.com\/es\/product\/dirtbag-brands-6061-billet-utv-rotopax-mount\/\"><strong>Soporte Rotopax<\/strong><\/a> para combustible adicional y agua en tus aventuras.<\/p>\n<\/div>","protected":false},"excerpt":{"rendered":"<p>Nuestro 6061 billet UTV l\u00e1tigo de montaje es de precisi\u00f3n hecha a mano de aluminio. Es un dise\u00f1o universal que se adapta a todas las barras antivuelco 1.5-2in y es uno de los m\u00e1s fuertes en el mercado hoy en d\u00eda. Powdercoated en lugar de anodizado para un acabado m\u00e1s duradero, que est\u00e1 construido para manejar los tama\u00f1os de l\u00e1tigos m\u00e1s grandes y m\u00e1s pesados en el mercado hoy en d\u00eda.<\/p>","protected":false},"featured_media":2831,"comment_status":"closed","ping_status":"closed","template":"","meta":{"saved_in_kubio":false,"_coblocks_attr":"","_coblocks_dimensions":"","_coblocks_responsive_height":"","_coblocks_accordion_ie_support":""},"product_brand":[],"product_cat":[354,375,376,355,356,372,349,366,340,364,357],"product_tag":[],"class_list":{"0":"post-146","1":"product","2":"type-product","3":"status-publish","4":"has-post-thumbnail","6":"product_cat-can-am-maverick-accessories","7":"product_cat-can-am-maverick-r-accessories","8":"product_cat-can-am-maverick-x3-accessories","9":"product_cat-honda-talon-pioneer-accessories","10":"product_cat-kawasaki-round-roll-bar-accessories","11":"product_cat-polaris-ranger-500-accessories","12":"product_cat-polaris-rzr-accessories","13":"product_cat-segway-villain-accessories","14":"product_cat-roll-bar-mounted-accessories","15":"product_cat-utv-whip-mounts","16":"product_cat-yamaha-wolverine-rmax-accessories","17":"product_shipping_class-international-allowed","19":"first","20":"instock","21":"taxable","22":"shipping-taxable","23":"purchasable","24":"product-type-simple"},"yoast_head":"<!-- This site is optimized with the Yoast SEO Premium plugin v27.5 (Yoast SEO v27.5) - https:\/\/yoast.com\/product\/yoast-seo-premium-wordpress\/ -->\n<title>Heavy Duty 6061 Billet UTV Whip Mount | Strong &amp; Secure<\/title>\n<meta name=\"description\" content=\"Upgrade your ride with our 6061 Billet UTV Whip Mount. Durable, secure 4-bolt clamp for max stability. Fits Polaris RZR, Can-Am, Kawasaki, Honda &amp; more.\" \/>\n<meta name=\"robots\" content=\"index, follow, max-snippet:-1, max-image-preview:large, max-video-preview:-1\" \/>\n<link rel=\"canonical\" href=\"https:\/\/dirtbagbrands.com\/es\/product\/soporte-para-faro-utv-billet\/\" \/>\n<meta property=\"og:locale\" content=\"es_MX\" \/>\n<meta property=\"og:type\" content=\"article\" \/>\n<meta property=\"og:title\" content=\"Billet UTV Whip Mount \u2013 Heavy Duty 6061 Aluminum Clamp | Dirtbag Brands\" \/>\n<meta property=\"og:description\" content=\"Billet UTV Whip Mount \u2013 Heavy Duty 6061 Aluminum Clamp \u2013 Built for off-road durability. Perfect for and . Free shipping over $100!\" \/>\n<meta property=\"og:url\" content=\"https:\/\/dirtbagbrands.com\/es\/product\/soporte-para-faro-utv-billet\/\" \/>\n<meta property=\"og:site_name\" content=\"Dirtbag Brands\" \/>\n<meta property=\"article:publisher\" content=\"https:\/\/www.facebook.com\/dirtbagbrands\/\" \/>\n<meta property=\"article:modified_time\" content=\"2026-04-17T18:45:28+00:00\" \/>\n<meta property=\"og:image\" content=\"https:\/\/dirtbagbrands.com\/wp-content\/uploads\/2024\/03\/legacy-whip-mount-edited.webp\" \/>\n\t<meta property=\"og:image:width\" content=\"1327\" \/>\n\t<meta property=\"og:image:height\" content=\"1327\" \/>\n\t<meta property=\"og:image:type\" content=\"image\/png\" \/>\n<meta name=\"twitter:card\" content=\"summary_large_image\" \/>\n<meta name=\"twitter:label1\" content=\"Tiempo de lectura\" \/>\n\t<meta name=\"twitter:data1\" content=\"2 minutos\" \/>\n<script type=\"application\/ld+json\" class=\"yoast-schema-graph\">{\"@context\":\"https:\\\/\\\/schema.org\",\"@graph\":[{\"@type\":\"WebPage\",\"@id\":\"https:\\\/\\\/dirtbagbrands.com\\\/product\\\/billet-utv-whip-light-mount\\\/\",\"url\":\"https:\\\/\\\/dirtbagbrands.com\\\/product\\\/billet-utv-whip-light-mount\\\/\",\"name\":\"Heavy Duty 6061 Billet UTV Whip Mount | Strong & Secure\",\"isPartOf\":{\"@id\":\"https:\\\/\\\/dirtbagbrands.com\\\/#website\"},\"primaryImageOfPage\":{\"@id\":\"https:\\\/\\\/dirtbagbrands.com\\\/product\\\/billet-utv-whip-light-mount\\\/#primaryimage\"},\"image\":{\"@id\":\"https:\\\/\\\/dirtbagbrands.com\\\/product\\\/billet-utv-whip-light-mount\\\/#primaryimage\"},\"thumbnailUrl\":\"https:\\\/\\\/dirtbagbrands.com\\\/wp-content\\\/uploads\\\/2024\\\/03\\\/legacy-whip-mount-edited.webp\",\"datePublished\":\"2024-03-13T20:49:48+00:00\",\"dateModified\":\"2026-04-17T18:45:28+00:00\",\"description\":\"Upgrade your ride with our 6061 Billet UTV Whip Mount. Durable, secure 4-bolt clamp for max stability. Fits Polaris RZR, Can-Am, Kawasaki, Honda & more.\",\"breadcrumb\":{\"@id\":\"https:\\\/\\\/dirtbagbrands.com\\\/product\\\/billet-utv-whip-light-mount\\\/#breadcrumb\"},\"inLanguage\":\"es\",\"potentialAction\":[{\"@type\":\"ReadAction\",\"target\":[\"https:\\\/\\\/dirtbagbrands.com\\\/product\\\/billet-utv-whip-light-mount\\\/\"]}]},{\"@type\":\"ImageObject\",\"inLanguage\":\"es\",\"@id\":\"https:\\\/\\\/dirtbagbrands.com\\\/product\\\/billet-utv-whip-light-mount\\\/#primaryimage\",\"url\":\"https:\\\/\\\/dirtbagbrands.com\\\/wp-content\\\/uploads\\\/2024\\\/03\\\/legacy-whip-mount-edited.webp\",\"contentUrl\":\"https:\\\/\\\/dirtbagbrands.com\\\/wp-content\\\/uploads\\\/2024\\\/03\\\/legacy-whip-mount-edited.webp\",\"width\":1327,\"height\":1327,\"caption\":\"Legacy whip mount with adjustable base and billet aluminum clamp for 1.5\\\"-2\\\" round roll bars\"},{\"@type\":\"BreadcrumbList\",\"@id\":\"https:\\\/\\\/dirtbagbrands.com\\\/product\\\/billet-utv-whip-light-mount\\\/#breadcrumb\",\"itemListElement\":[{\"@type\":\"ListItem\",\"position\":1,\"name\":\"Home\",\"item\":\"https:\\\/\\\/dirtbagbrands.com\\\/\"},{\"@type\":\"ListItem\",\"position\":2,\"name\":\"Shop\",\"item\":\"https:\\\/\\\/dirtbagbrands.com\\\/shop\\\/\"},{\"@type\":\"ListItem\",\"position\":3,\"name\":\"UTV Accessories by Machine\",\"item\":\"https:\\\/\\\/dirtbagbrands.com\\\/product-category\\\/vehicle-specific-utv-accessories\\\/\"},{\"@type\":\"ListItem\",\"position\":4,\"name\":\"Can-Am Maverick Accessories\",\"item\":\"https:\\\/\\\/dirtbagbrands.com\\\/product-category\\\/vehicle-specific-utv-accessories\\\/can-am-maverick-accessories\\\/\"},{\"@type\":\"ListItem\",\"position\":5,\"name\":\"Billet UTV Whip Mount \u2013 Heavy Duty 6061 Aluminum Clamp\"}]},{\"@type\":\"WebSite\",\"@id\":\"https:\\\/\\\/dirtbagbrands.com\\\/#website\",\"url\":\"https:\\\/\\\/dirtbagbrands.com\\\/\",\"name\":\"Dirtbag Brands\",\"description\":\"Premium UTV and Dirtbike Accessories\",\"publisher\":{\"@id\":\"https:\\\/\\\/dirtbagbrands.com\\\/#organization\"},\"potentialAction\":[{\"@type\":\"SearchAction\",\"target\":{\"@type\":\"EntryPoint\",\"urlTemplate\":\"https:\\\/\\\/dirtbagbrands.com\\\/?s={search_term_string}\"},\"query-input\":{\"@type\":\"PropertyValueSpecification\",\"valueRequired\":true,\"valueName\":\"search_term_string\"}}],\"inLanguage\":\"es\"},{\"@type\":\"Organization\",\"@id\":\"https:\\\/\\\/dirtbagbrands.com\\\/#organization\",\"name\":\"Dirtbag Brands\",\"alternateName\":\"Dirtbag Brands UTV Accessories\",\"url\":\"https:\\\/\\\/dirtbagbrands.com\\\/\",\"logo\":{\"@type\":\"ImageObject\",\"inLanguage\":\"es\",\"@id\":\"https:\\\/\\\/dirtbagbrands.com\\\/#\\\/schema\\\/logo\\\/image\\\/\",\"url\":\"https:\\\/\\\/dirtbagbrands.com\\\/wp-content\\\/uploads\\\/2024\\\/07\\\/Word-Logo.webp\",\"contentUrl\":\"https:\\\/\\\/dirtbagbrands.com\\\/wp-content\\\/uploads\\\/2024\\\/07\\\/Word-Logo.webp\",\"width\":750,\"height\":750,\"caption\":\"Dirtbag Brands\"},\"image\":{\"@id\":\"https:\\\/\\\/dirtbagbrands.com\\\/#\\\/schema\\\/logo\\\/image\\\/\"},\"sameAs\":[\"https:\\\/\\\/www.facebook.com\\\/dirtbagbrands\\\/\",\"https:\\\/\\\/www.instagram.com\\\/dirtbagbrands\",\"https:\\\/\\\/www.youtube.com\\\/@dirtbagbrands\",\"https:\\\/\\\/www.pinterest.com\\\/dirtbagbrands\",\"https:\\\/\\\/www.linkedin.com\\\/company\\\/dirtbag-brands\\\/\",\"https:\\\/\\\/www.tiktok.com\\\/@dirtbagbrands\"],\"description\":\"Dirtbag Brands designs and manufactures premium billet aluminum UTV accessories engineered for performance, durability, and off-road visibility. Our IronSight mirror systems and mounting solutions are built for Polaris, Can-Am, Kawasaki, Honda, and other utility and sport side-by-side vehicles.\",\"email\":\"inquiries@dirtbagbrands.com\",\"telephone\":\"9706445566\",\"foundingDate\":\"2020-03-10\"}]}<\/script>\n<!-- \/ Yoast SEO Premium plugin. -->","yoast_head_json":{"title":"Heavy Duty 6061 Billet UTV Whip Mount | Fuerte y Seguro","description":"Actualice su viaje con nuestro 6061 Billet UTV Whip Mount. Duradero, seguro abrazadera de 4 tornillos para una m\u00e1xima estabilidad. Se adapta a Polaris RZR, Can-Am, Kawasaki, Honda y m\u00e1s.","robots":{"index":"index","follow":"follow","max-snippet":"max-snippet:-1","max-image-preview":"max-image-preview:large","max-video-preview":"max-video-preview:-1"},"canonical":"https:\/\/dirtbagbrands.com\/es\/product\/soporte-para-faro-utv-billet\/","og_locale":"es_MX","og_type":"article","og_title":"Billet UTV Whip Mount \u2013 Heavy Duty 6061 Aluminum Clamp | Dirtbag Brands","og_description":"Billet UTV Whip Mount \u2013 Heavy Duty 6061 Aluminum Clamp \u2013 Built for off-road durability. Perfect for and . Free shipping over $100!","og_url":"https:\/\/dirtbagbrands.com\/es\/product\/soporte-para-faro-utv-billet\/","og_site_name":"Dirtbag Brands","article_publisher":"https:\/\/www.facebook.com\/dirtbagbrands\/","article_modified_time":"2026-04-17T18:45:28+00:00","og_image":[{"width":1327,"height":1327,"url":"https:\/\/dirtbagbrands.com\/wp-content\/uploads\/2024\/03\/legacy-whip-mount-edited.webp","type":"image\/png"}],"twitter_card":"summary_large_image","twitter_misc":{"Tiempo de lectura":"2 minutos"},"schema":{"@context":"https:\/\/schema.org","@graph":[{"@type":"WebPage","@id":"https:\/\/dirtbagbrands.com\/product\/billet-utv-whip-light-mount\/","url":"https:\/\/dirtbagbrands.com\/product\/billet-utv-whip-light-mount\/","name":"Heavy Duty 6061 Billet UTV Whip Mount | Fuerte y Seguro","isPartOf":{"@id":"https:\/\/dirtbagbrands.com\/#website"},"primaryImageOfPage":{"@id":"https:\/\/dirtbagbrands.com\/product\/billet-utv-whip-light-mount\/#primaryimage"},"image":{"@id":"https:\/\/dirtbagbrands.com\/product\/billet-utv-whip-light-mount\/#primaryimage"},"thumbnailUrl":"https:\/\/dirtbagbrands.com\/wp-content\/uploads\/2024\/03\/legacy-whip-mount-edited.webp","datePublished":"2024-03-13T20:49:48+00:00","dateModified":"2026-04-17T18:45:28+00:00","description":"Actualice su viaje con nuestro 6061 Billet UTV Whip Mount. Duradero, seguro abrazadera de 4 tornillos para una m\u00e1xima estabilidad. Se adapta a Polaris RZR, Can-Am, Kawasaki, Honda y m\u00e1s.","breadcrumb":{"@id":"https:\/\/dirtbagbrands.com\/product\/billet-utv-whip-light-mount\/#breadcrumb"},"inLanguage":"es","potentialAction":[{"@type":"ReadAction","target":["https:\/\/dirtbagbrands.com\/product\/billet-utv-whip-light-mount\/"]}]},{"@type":"ImageObject","inLanguage":"es","@id":"https:\/\/dirtbagbrands.com\/product\/billet-utv-whip-light-mount\/#primaryimage","url":"https:\/\/dirtbagbrands.com\/wp-content\/uploads\/2024\/03\/legacy-whip-mount-edited.webp","contentUrl":"https:\/\/dirtbagbrands.com\/wp-content\/uploads\/2024\/03\/legacy-whip-mount-edited.webp","width":1327,"height":1327,"caption":"Legacy whip mount with adjustable base and billet aluminum clamp for 1.5\"-2\" round roll bars"},{"@type":"BreadcrumbList","@id":"https:\/\/dirtbagbrands.com\/product\/billet-utv-whip-light-mount\/#breadcrumb","itemListElement":[{"@type":"ListItem","position":1,"name":"Home","item":"https:\/\/dirtbagbrands.com\/"},{"@type":"ListItem","position":2,"name":"Shop","item":"https:\/\/dirtbagbrands.com\/shop\/"},{"@type":"ListItem","position":3,"name":"UTV Accessories by Machine","item":"https:\/\/dirtbagbrands.com\/product-category\/vehicle-specific-utv-accessories\/"},{"@type":"ListItem","position":4,"name":"Can-Am Maverick Accessories","item":"https:\/\/dirtbagbrands.com\/product-category\/vehicle-specific-utv-accessories\/can-am-maverick-accessories\/"},{"@type":"ListItem","position":5,"name":"Billet UTV Whip Mount \u2013 Heavy Duty 6061 Aluminum Clamp"}]},{"@type":"WebSite","@id":"https:\/\/dirtbagbrands.com\/#website","url":"https:\/\/dirtbagbrands.com\/","name":"Marcas Dirtbag","description":"Accesorios premium para UTV y Dirtbike","publisher":{"@id":"https:\/\/dirtbagbrands.com\/#organization"},"potentialAction":[{"@type":"SearchAction","target":{"@type":"EntryPoint","urlTemplate":"https:\/\/dirtbagbrands.com\/?s={search_term_string}"},"query-input":{"@type":"PropertyValueSpecification","valueRequired":true,"valueName":"search_term_string"}}],"inLanguage":"es"},{"@type":"Organization","@id":"https:\/\/dirtbagbrands.com\/#organization","name":"Marcas Dirtbag","alternateName":"Dirtbag Brands UTV Accessories","url":"https:\/\/dirtbagbrands.com\/","logo":{"@type":"ImageObject","inLanguage":"es","@id":"https:\/\/dirtbagbrands.com\/#\/schema\/logo\/image\/","url":"https:\/\/dirtbagbrands.com\/wp-content\/uploads\/2024\/07\/Word-Logo.webp","contentUrl":"https:\/\/dirtbagbrands.com\/wp-content\/uploads\/2024\/07\/Word-Logo.webp","width":750,"height":750,"caption":"Dirtbag Brands"},"image":{"@id":"https:\/\/dirtbagbrands.com\/#\/schema\/logo\/image\/"},"sameAs":["https:\/\/www.facebook.com\/dirtbagbrands\/","https:\/\/www.instagram.com\/dirtbagbrands","https:\/\/www.youtube.com\/@dirtbagbrands","https:\/\/www.pinterest.com\/dirtbagbrands","https:\/\/www.linkedin.com\/company\/dirtbag-brands\/","https:\/\/www.tiktok.com\/@dirtbagbrands"],"description":"Dirtbag Brands dise\u00f1a y fabrica accesorios premium de aluminio macizo para UTV, dise\u00f1ados para ofrecer rendimiento, durabilidad y visibilidad todoterreno. Nuestros sistemas de espejos y soluciones de montaje IronSight est\u00e1n dise\u00f1ados para Polaris, Can-Am, Kawasaki, Honda y otros veh\u00edculos utilitarios y deportivos side-by-side.","email":"inquiries@dirtbagbrands.com","telephone":"9706445566","foundingDate":"2020-03-10"}]}},"_links":{"self":[{"href":"https:\/\/dirtbagbrands.com\/es\/wp-json\/wp\/v2\/product\/146","targetHints":{"allow":["GET"]}}],"collection":[{"href":"https:\/\/dirtbagbrands.com\/es\/wp-json\/wp\/v2\/product"}],"about":[{"href":"https:\/\/dirtbagbrands.com\/es\/wp-json\/wp\/v2\/types\/product"}],"replies":[{"embeddable":true,"href":"https:\/\/dirtbagbrands.com\/es\/wp-json\/wp\/v2\/comments?post=146"}],"wp:featuredmedia":[{"embeddable":true,"href":"https:\/\/dirtbagbrands.com\/es\/wp-json\/wp\/v2\/media\/2831"}],"wp:attachment":[{"href":"https:\/\/dirtbagbrands.com\/es\/wp-json\/wp\/v2\/media?parent=146"}],"wp:term":[{"taxonomy":"product_brand","embeddable":true,"href":"https:\/\/dirtbagbrands.com\/es\/wp-json\/wp\/v2\/product_brand?post=146"},{"taxonomy":"product_cat","embeddable":true,"href":"https:\/\/dirtbagbrands.com\/es\/wp-json\/wp\/v2\/product_cat?post=146"},{"taxonomy":"product_tag","embeddable":true,"href":"https:\/\/dirtbagbrands.com\/es\/wp-json\/wp\/v2\/product_tag?post=146"}],"curies":[{"name":"wp","href":"https:\/\/api.w.org\/{rel}","templated":true}]}}